{"id":16089,"date":"2022-04-25T22:47:48","date_gmt":"2022-04-25T22:47:48","guid":{"rendered":"https:\/\/atypique.brunotarhan.fr\/index.php\/produit\/le-loup-en-slip-tome-6-albumcache-noisetteswilfrid-lupano-mayana-itoizpaul-cauuet-contributeurdargaud\/"},"modified":"2022-04-25T22:47:48","modified_gmt":"2022-04-25T22:47:48","slug":"le-loup-en-slip-tome-6-albumcache-noisetteswilfrid-lupano-mayana-itoizpaul-cauuet-contributeurdargaud","status":"publish","type":"product","link":"https:\/\/atypique.brunotarhan.fr\/index.php\/produit\/le-loup-en-slip-tome-6-albumcache-noisetteswilfrid-lupano-mayana-itoizpaul-cauuet-contributeurdargaud\/","title":{"rendered":"Le loup en slip Tome 6 &#8211; Album\nCache-Noisettes\nWilfrid Lupano, Mayana Ito\u00efz\nPaul Cauuet (Contributeur)\nDargaud"},"content":{"rendered":"<p>Dans la for\u00eat du Loup en slip, l&#8217;heure est aux festins et aux emplettes. C&#8217;est qu&#8217;\u00e0 la fin de l&#8217;ann\u00e9e, plus que jamais, la noisette est \u00e0 la f\u00eate ! Tandis que tout le monde p\u00e2tisse \u00e0 qui mieux mieux, Madame la chouette fait sa tourn\u00e9e de cadeaux. Elle offre au loup en slip un superbe hibou casse-noisette rouge p\u00e9tard ! Ce soir-l\u00e0, le loup s&#8217;endort ravi. Mais dans la nuit, un \u00e9trange bruit le r\u00e9veille.<br \/>\nSon hibou a pris vie ! Est-ce un r\u00eave ? Est-ce un cauchemar ? Le myst\u00e9rieux hibou entraine le loup vers la for\u00eat interdite, un lieu des plus effrayants ! Le loup va devoir affronter mille dangers, parmi lesquels ses propres chocottes ! Car oui, les loups aussi ont des chocottes ! Wilfrid Lupano et Mayana Ito\u00efz nous plongent, avec l&#8217;humour et la po\u00e9sie propres \u00e0 la for\u00eat du Loup en slip, dans les travers de la consommation et de la surproduction (de noisettes).<br \/>\nUn album savoureux en forme de clin d&#8217;oeil au conte d&#8217;Hoffman, qui permet d&#8217;aborder, avec les plus petits, des questions sensibles telles que la culture intensive, les OGM, les conditions de travail des agriculteurs ou encore le prix des aliments.<\/p>\n","protected":false},"excerpt":{"rendered":"<p>Dans la for\u00eat du Loup en slip, l&#8217;heure est aux festins et aux emplettes. C&#8217;est qu&#8217;\u00e0 la fin de l&#8217;ann\u00e9e, plus que jamais, la noisette est \u00e0 la f\u00eate\u2026<\/p>\n","protected":false},"featured_media":15841,"comment_status":"open","ping_status":"closed","template":"","meta":[],"product_cat":[212,93],"product_tag":[214,510,514,509,512,513,511],"class_list":["post-16089","product","type-product","status-publish","has-post-thumbnail","hentry","product_cat-bandes-dessinees","product_cat-librairie","product_tag-bandes-dessinees","product_tag-cache-noisettes","product_tag-delcourt","product_tag-le-loup-en-slip-tome-6","product_tag-mayana-itoiz","product_tag-paul-cauuet","product_tag-wilfrid-lupano"],"yoast_head":"<!-- This site is optimized with the Yoast SEO plugin v18.0 - https:\/\/yoast.com\/wordpress\/plugins\/seo\/ -->\n<title>Le loup en slip Tome 6 - Album Cache-Noisettes Wilfrid Lupano, Mayana Ito\u00efz Paul Cauuet (Contributeur) Dargaud - Atypique Concept Store<\/title>\n<meta name=\"robots\" content=\"index, follow, max-snippet:-1, max-image-preview:large, max-video-preview:-1\" \/>\n<link rel=\"canonical\" href=\"https:\/\/atypique.brunotarhan.fr\/index.php\/produit\/le-loup-en-slip-tome-6-albumcache-noisetteswilfrid-lupano-mayana-itoizpaul-cauuet-contributeurdargaud\/\" \/>\n<meta property=\"og:locale\" content=\"fr_FR\" \/>\n<meta property=\"og:type\" content=\"article\" \/>\n<meta property=\"og:title\" content=\"Le loup en slip Tome 6 - Album Cache-Noisettes Wilfrid Lupano, Mayana Ito\u00efz Paul Cauuet (Contributeur) Dargaud - Atypique Concept Store\" \/>\n<meta property=\"og:description\" content=\"Dans la for\u00eat du Loup en slip, l&#039;heure est aux festins et aux emplettes. C&#039;est qu&#039;\u00e0 la fin de l&#039;ann\u00e9e, plus que jamais, la noisette est \u00e0 la f\u00eate\u2026\" \/>\n<meta property=\"og:url\" content=\"https:\/\/atypique.brunotarhan.fr\/index.php\/produit\/le-loup-en-slip-tome-6-albumcache-noisetteswilfrid-lupano-mayana-itoizpaul-cauuet-contributeurdargaud\/\" \/>\n<meta property=\"og:site_name\" content=\"Atypique Concept Store\" \/>\n<meta name=\"twitter:card\" content=\"summary_large_image\" \/>\n<meta name=\"twitter:label1\" content=\"Dur\u00e9e de lecture estim\u00e9e\" \/>\n\t<meta name=\"twitter:data1\" content=\"1 minute\" \/>\n<script type=\"application\/ld+json\" class=\"yoast-schema-graph\">{\"@context\":\"https:\/\/schema.org\",\"@graph\":[{\"@type\":\"WebSite\",\"@id\":\"https:\/\/atypique.brunotarhan.fr\/#website\",\"url\":\"https:\/\/atypique.brunotarhan.fr\/\",\"name\":\"Atypique Concept Store\",\"description\":\"Just another WordPress site\",\"potentialAction\":[{\"@type\":\"SearchAction\",\"target\":{\"@type\":\"EntryPoint\",\"urlTemplate\":\"https:\/\/atypique.brunotarhan.fr\/?s={search_term_string}\"},\"query-input\":\"required name=search_term_string\"}],\"inLanguage\":\"fr-FR\"},{\"@type\":\"ImageObject\",\"@id\":\"https:\/\/atypique.brunotarhan.fr\/index.php\/produit\/le-loup-en-slip-tome-6-albumcache-noisetteswilfrid-lupano-mayana-itoizpaul-cauuet-contributeurdargaud\/#primaryimage\",\"inLanguage\":\"fr-FR\",\"url\":\"https:\/\/atypique.brunotarhan.fr\/wp-content\/uploads\/2022\/04\/le-loup-en-slip-t6.webp\",\"contentUrl\":\"https:\/\/atypique.brunotarhan.fr\/wp-content\/uploads\/2022\/04\/le-loup-en-slip-t6.webp\",\"width\":378,\"height\":500},{\"@type\":\"WebPage\",\"@id\":\"https:\/\/atypique.brunotarhan.fr\/index.php\/produit\/le-loup-en-slip-tome-6-albumcache-noisetteswilfrid-lupano-mayana-itoizpaul-cauuet-contributeurdargaud\/#webpage\",\"url\":\"https:\/\/atypique.brunotarhan.fr\/index.php\/produit\/le-loup-en-slip-tome-6-albumcache-noisetteswilfrid-lupano-mayana-itoizpaul-cauuet-contributeurdargaud\/\",\"name\":\"Le loup en slip Tome 6 - Album Cache-Noisettes Wilfrid Lupano, Mayana Ito\u00efz Paul Cauuet (Contributeur) Dargaud - Atypique Concept Store\",\"isPartOf\":{\"@id\":\"https:\/\/atypique.brunotarhan.fr\/#website\"},\"primaryImageOfPage\":{\"@id\":\"https:\/\/atypique.brunotarhan.fr\/index.php\/produit\/le-loup-en-slip-tome-6-albumcache-noisetteswilfrid-lupano-mayana-itoizpaul-cauuet-contributeurdargaud\/#primaryimage\"},\"datePublished\":\"2022-04-25T22:47:48+00:00\",\"dateModified\":\"2022-04-25T22:47:48+00:00\",\"breadcrumb\":{\"@id\":\"https:\/\/atypique.brunotarhan.fr\/index.php\/produit\/le-loup-en-slip-tome-6-albumcache-noisetteswilfrid-lupano-mayana-itoizpaul-cauuet-contributeurdargaud\/#breadcrumb\"},\"inLanguage\":\"fr-FR\",\"potentialAction\":[{\"@type\":\"ReadAction\",\"target\":[\"https:\/\/atypique.brunotarhan.fr\/index.php\/produit\/le-loup-en-slip-tome-6-albumcache-noisetteswilfrid-lupano-mayana-itoizpaul-cauuet-contributeurdargaud\/\"]}]},{\"@type\":\"BreadcrumbList\",\"@id\":\"https:\/\/atypique.brunotarhan.fr\/index.php\/produit\/le-loup-en-slip-tome-6-albumcache-noisetteswilfrid-lupano-mayana-itoizpaul-cauuet-contributeurdargaud\/#breadcrumb\",\"itemListElement\":[{\"@type\":\"ListItem\",\"position\":1,\"name\":\"Accueil\",\"item\":\"https:\/\/atypique.brunotarhan.fr\/\"},{\"@type\":\"ListItem\",\"position\":2,\"name\":\"\"},{\"@type\":\"ListItem\",\"position\":3,\"name\":\"Le loup en slip Tome 6 &#8211; Album Cache-Noisettes Wilfrid Lupano, Mayana Ito\u00efz Paul Cauuet (Contributeur) Dargaud\"}]}]}<\/script>\n<!-- \/ Yoast SEO plugin. -->","yoast_head_json":{"title":"Le loup en slip Tome 6 - Album Cache-Noisettes Wilfrid Lupano, Mayana Ito\u00efz Paul Cauuet (Contributeur) Dargaud - Atypique Concept Store","robots":{"index":"index","follow":"follow","max-snippet":"max-snippet:-1","max-image-preview":"max-image-preview:large","max-video-preview":"max-video-preview:-1"},"canonical":"https:\/\/atypique.brunotarhan.fr\/index.php\/produit\/le-loup-en-slip-tome-6-albumcache-noisetteswilfrid-lupano-mayana-itoizpaul-cauuet-contributeurdargaud\/","og_locale":"fr_FR","og_type":"article","og_title":"Le loup en slip Tome 6 - Album Cache-Noisettes Wilfrid Lupano, Mayana Ito\u00efz Paul Cauuet (Contributeur) Dargaud - Atypique Concept Store","og_description":"Dans la for\u00eat du Loup en slip, l'heure est aux festins et aux emplettes. C'est qu'\u00e0 la fin de l'ann\u00e9e, plus que jamais, la noisette est \u00e0 la f\u00eate\u2026","og_url":"https:\/\/atypique.brunotarhan.fr\/index.php\/produit\/le-loup-en-slip-tome-6-albumcache-noisetteswilfrid-lupano-mayana-itoizpaul-cauuet-contributeurdargaud\/","og_site_name":"Atypique Concept Store","twitter_card":"summary_large_image","twitter_misc":{"Dur\u00e9e de lecture estim\u00e9e":"1 minute"},"schema":{"@context":"https:\/\/schema.org","@graph":[{"@type":"WebSite","@id":"https:\/\/atypique.brunotarhan.fr\/#website","url":"https:\/\/atypique.brunotarhan.fr\/","name":"Atypique Concept Store","description":"Just another WordPress site","potentialAction":[{"@type":"SearchAction","target":{"@type":"EntryPoint","urlTemplate":"https:\/\/atypique.brunotarhan.fr\/?s={search_term_string}"},"query-input":"required name=search_term_string"}],"inLanguage":"fr-FR"},{"@type":"ImageObject","@id":"https:\/\/atypique.brunotarhan.fr\/index.php\/produit\/le-loup-en-slip-tome-6-albumcache-noisetteswilfrid-lupano-mayana-itoizpaul-cauuet-contributeurdargaud\/#primaryimage","inLanguage":"fr-FR","url":"https:\/\/atypique.brunotarhan.fr\/wp-content\/uploads\/2022\/04\/le-loup-en-slip-t6.webp","contentUrl":"https:\/\/atypique.brunotarhan.fr\/wp-content\/uploads\/2022\/04\/le-loup-en-slip-t6.webp","width":378,"height":500},{"@type":"WebPage","@id":"https:\/\/atypique.brunotarhan.fr\/index.php\/produit\/le-loup-en-slip-tome-6-albumcache-noisetteswilfrid-lupano-mayana-itoizpaul-cauuet-contributeurdargaud\/#webpage","url":"https:\/\/atypique.brunotarhan.fr\/index.php\/produit\/le-loup-en-slip-tome-6-albumcache-noisetteswilfrid-lupano-mayana-itoizpaul-cauuet-contributeurdargaud\/","name":"Le loup en slip Tome 6 - Album Cache-Noisettes Wilfrid Lupano, Mayana Ito\u00efz Paul Cauuet (Contributeur) Dargaud - Atypique Concept Store","isPartOf":{"@id":"https:\/\/atypique.brunotarhan.fr\/#website"},"primaryImageOfPage":{"@id":"https:\/\/atypique.brunotarhan.fr\/index.php\/produit\/le-loup-en-slip-tome-6-albumcache-noisetteswilfrid-lupano-mayana-itoizpaul-cauuet-contributeurdargaud\/#primaryimage"},"datePublished":"2022-04-25T22:47:48+00:00","dateModified":"2022-04-25T22:47:48+00:00","breadcrumb":{"@id":"https:\/\/atypique.brunotarhan.fr\/index.php\/produit\/le-loup-en-slip-tome-6-albumcache-noisetteswilfrid-lupano-mayana-itoizpaul-cauuet-contributeurdargaud\/#breadcrumb"},"inLanguage":"fr-FR","potentialAction":[{"@type":"ReadAction","target":["https:\/\/atypique.brunotarhan.fr\/index.php\/produit\/le-loup-en-slip-tome-6-albumcache-noisetteswilfrid-lupano-mayana-itoizpaul-cauuet-contributeurdargaud\/"]}]},{"@type":"BreadcrumbList","@id":"https:\/\/atypique.brunotarhan.fr\/index.php\/produit\/le-loup-en-slip-tome-6-albumcache-noisetteswilfrid-lupano-mayana-itoizpaul-cauuet-contributeurdargaud\/#breadcrumb","itemListElement":[{"@type":"ListItem","position":1,"name":"Accueil","item":"https:\/\/atypique.brunotarhan.fr\/"},{"@type":"ListItem","position":2,"name":""},{"@type":"ListItem","position":3,"name":"Le loup en slip Tome 6 &#8211; Album Cache-Noisettes Wilfrid Lupano, Mayana Ito\u00efz Paul Cauuet (Contributeur) Dargaud"}]}]}},"_links":{"self":[{"href":"https:\/\/atypique.brunotarhan.fr\/index.php\/wp-json\/wp\/v2\/product\/16089","targetHints":{"allow":["GET"]}}],"collection":[{"href":"https:\/\/atypique.brunotarhan.fr\/index.php\/wp-json\/wp\/v2\/product"}],"about":[{"href":"https:\/\/atypique.brunotarhan.fr\/index.php\/wp-json\/wp\/v2\/types\/product"}],"replies":[{"embeddable":true,"href":"https:\/\/atypique.brunotarhan.fr\/index.php\/wp-json\/wp\/v2\/comments?post=16089"}],"wp:featuredmedia":[{"embeddable":true,"href":"https:\/\/atypique.brunotarhan.fr\/index.php\/wp-json\/wp\/v2\/media\/15841"}],"wp:attachment":[{"href":"https:\/\/atypique.brunotarhan.fr\/index.php\/wp-json\/wp\/v2\/media?parent=16089"}],"wp:term":[{"taxonomy":"product_cat","embeddable":true,"href":"https:\/\/atypique.brunotarhan.fr\/index.php\/wp-json\/wp\/v2\/product_cat?post=16089"},{"taxonomy":"product_tag","embeddable":true,"href":"https:\/\/atypique.brunotarhan.fr\/index.php\/wp-json\/wp\/v2\/product_tag?post=16089"}],"curies":[{"name":"wp","href":"https:\/\/api.w.org\/{rel}","templated":true}]}}