{"id":16087,"date":"2022-04-25T22:47:47","date_gmt":"2022-04-25T22:47:47","guid":{"rendered":"https:\/\/atypique.brunotarhan.fr\/index.php\/produit\/le-jeu-des-regions-jean-pierre-pernaud-vous-met-au-defi-240-questionsjean-pierre-pernautmichel-lafon\/"},"modified":"2022-04-25T22:47:47","modified_gmt":"2022-04-25T22:47:47","slug":"le-jeu-des-regions-jean-pierre-pernaud-vous-met-au-defi-240-questionsjean-pierre-pernautmichel-lafon","status":"publish","type":"product","link":"https:\/\/atypique.brunotarhan.fr\/index.php\/produit\/le-jeu-des-regions-jean-pierre-pernaud-vous-met-au-defi-240-questionsjean-pierre-pernautmichel-lafon\/","title":{"rendered":"Le jeu des r\u00e9gions &#8211; Jean-Pierre Pernaud vous met au d\u00e9fi ! 240 questions\nJean-Pierre Pernaut\nMichel Lafon"},"content":{"rendered":"<p>Le jeu des r\u00e9gions : l&#8217;occasion id\u00e9ale de tester vos connaissances sur la France et ses sp\u00e9cificit\u00e9s r\u00e9gionales avec Jean-Pierre Pernaut. Qui, mieux que Jean-Pierre Pernaut, pour tester vos connaissances sur la France et ses sp\u00e9cificit\u00e9s r\u00e9gionales ? >>> 120 cartes &#8221; R\u00e9gions &#8221; r\u00e9parties par couleurs, pour couvrir la France m\u00e9tropolitaine et d&#8217;outre-mer >>> 240 questions-r\u00e9ponses pour d\u00e9couvrir ou red\u00e9couvrir les r\u00e9gions de France en s&#8217;amusant : devinettes sous diff\u00e9rentes formes : devinettes &#8221; classiques &#8221; \/ r\u00e9bus \/ \u00e9nigmes \/ charades pour trouver des produits r\u00e9gionaux, des lieux de naissance de c\u00e9l\u00e9brit\u00e9s, des monuments, etc.<br \/>\n; dictons \u00e0 trous ; une liste d&#8217;ingr\u00e9dients est fournie : vous devez d\u00e9couvrir la recette correspondante (sans indice pour doubler vos points, avec indices si vous flanchez&#8230; mais moins de points ! ) ; des d\u00e9fis &#8221; d\u00e9fense de nos villages et traditions &#8221; : tous les joueurs peuvent r\u00e9pondre aux cartes &#8221; D\u00e9fi &#8221; et celui qui gagne remporte 3 points. Mais attention, le niveau est plus \u00e9lev\u00e9 et chaque question-d\u00e9fi appelle 3 r\u00e9ponses ! Sur les routes de France avec Jean-Pierre Pernaut<\/p>\n","protected":false},"excerpt":{"rendered":"<p>Le jeu des r\u00e9gions : l&#8217;occasion id\u00e9ale de tester vos connaissances sur la France et ses sp\u00e9cificit\u00e9s r\u00e9gionales avec Jean-Pierre Pernaut. Qui, mieux\u2026<\/p>\n","protected":false},"featured_media":15838,"comment_status":"open","ping_status":"closed","template":"","meta":[],"product_cat":[93,294],"product_tag":[503,502,504,505,501,506],"class_list":["post-16087","product","type-product","status-publish","has-post-thumbnail","hentry","product_cat-librairie","product_cat-vie-pratique","product_tag-240-questions","product_tag-jean-pierre-pernaud-vous-met-au-defi","product_tag-jean-pierre-pernaut","product_tag-jeu","product_tag-le-jeu-des-regions","product_tag-michel-lafon"],"yoast_head":"<!-- This site is optimized with the Yoast SEO plugin v18.0 - https:\/\/yoast.com\/wordpress\/plugins\/seo\/ -->\n<title>Le jeu des r\u00e9gions - Jean-Pierre Pernaud vous met au d\u00e9fi ! 240 questions Jean-Pierre Pernaut Michel Lafon - Atypique Concept Store<\/title>\n<meta name=\"robots\" content=\"index, follow, max-snippet:-1, max-image-preview:large, max-video-preview:-1\" \/>\n<link rel=\"canonical\" href=\"https:\/\/atypique.brunotarhan.fr\/index.php\/produit\/le-jeu-des-regions-jean-pierre-pernaud-vous-met-au-defi-240-questionsjean-pierre-pernautmichel-lafon\/\" \/>\n<meta property=\"og:locale\" content=\"fr_FR\" \/>\n<meta property=\"og:type\" content=\"article\" \/>\n<meta property=\"og:title\" content=\"Le jeu des r\u00e9gions - Jean-Pierre Pernaud vous met au d\u00e9fi ! 240 questions Jean-Pierre Pernaut Michel Lafon - Atypique Concept Store\" \/>\n<meta property=\"og:description\" content=\"Le jeu des r\u00e9gions : l&#039;occasion id\u00e9ale de tester vos connaissances sur la France et ses sp\u00e9cificit\u00e9s r\u00e9gionales avec Jean-Pierre Pernaut. Qui, mieux\u2026\" \/>\n<meta property=\"og:url\" content=\"https:\/\/atypique.brunotarhan.fr\/index.php\/produit\/le-jeu-des-regions-jean-pierre-pernaud-vous-met-au-defi-240-questionsjean-pierre-pernautmichel-lafon\/\" \/>\n<meta property=\"og:site_name\" content=\"Atypique Concept Store\" \/>\n<meta name=\"twitter:card\" content=\"summary_large_image\" \/>\n<meta name=\"twitter:label1\" content=\"Dur\u00e9e de lecture estim\u00e9e\" \/>\n\t<meta name=\"twitter:data1\" content=\"1 minute\" \/>\n<script type=\"application\/ld+json\" class=\"yoast-schema-graph\">{\"@context\":\"https:\/\/schema.org\",\"@graph\":[{\"@type\":\"WebSite\",\"@id\":\"https:\/\/atypique.brunotarhan.fr\/#website\",\"url\":\"https:\/\/atypique.brunotarhan.fr\/\",\"name\":\"Atypique Concept Store\",\"description\":\"Just another WordPress site\",\"potentialAction\":[{\"@type\":\"SearchAction\",\"target\":{\"@type\":\"EntryPoint\",\"urlTemplate\":\"https:\/\/atypique.brunotarhan.fr\/?s={search_term_string}\"},\"query-input\":\"required name=search_term_string\"}],\"inLanguage\":\"fr-FR\"},{\"@type\":\"ImageObject\",\"@id\":\"https:\/\/atypique.brunotarhan.fr\/index.php\/produit\/le-jeu-des-regions-jean-pierre-pernaud-vous-met-au-defi-240-questionsjean-pierre-pernautmichel-lafon\/#primaryimage\",\"inLanguage\":\"fr-FR\",\"url\":\"https:\/\/atypique.brunotarhan.fr\/wp-content\/uploads\/2022\/04\/le-jeu-des-regions.webp\",\"contentUrl\":\"https:\/\/atypique.brunotarhan.fr\/wp-content\/uploads\/2022\/04\/le-jeu-des-regions.webp\",\"width\":475,\"height\":477},{\"@type\":\"WebPage\",\"@id\":\"https:\/\/atypique.brunotarhan.fr\/index.php\/produit\/le-jeu-des-regions-jean-pierre-pernaud-vous-met-au-defi-240-questionsjean-pierre-pernautmichel-lafon\/#webpage\",\"url\":\"https:\/\/atypique.brunotarhan.fr\/index.php\/produit\/le-jeu-des-regions-jean-pierre-pernaud-vous-met-au-defi-240-questionsjean-pierre-pernautmichel-lafon\/\",\"name\":\"Le jeu des r\u00e9gions - Jean-Pierre Pernaud vous met au d\u00e9fi ! 240 questions Jean-Pierre Pernaut Michel Lafon - Atypique Concept Store\",\"isPartOf\":{\"@id\":\"https:\/\/atypique.brunotarhan.fr\/#website\"},\"primaryImageOfPage\":{\"@id\":\"https:\/\/atypique.brunotarhan.fr\/index.php\/produit\/le-jeu-des-regions-jean-pierre-pernaud-vous-met-au-defi-240-questionsjean-pierre-pernautmichel-lafon\/#primaryimage\"},\"datePublished\":\"2022-04-25T22:47:47+00:00\",\"dateModified\":\"2022-04-25T22:47:47+00:00\",\"breadcrumb\":{\"@id\":\"https:\/\/atypique.brunotarhan.fr\/index.php\/produit\/le-jeu-des-regions-jean-pierre-pernaud-vous-met-au-defi-240-questionsjean-pierre-pernautmichel-lafon\/#breadcrumb\"},\"inLanguage\":\"fr-FR\",\"potentialAction\":[{\"@type\":\"ReadAction\",\"target\":[\"https:\/\/atypique.brunotarhan.fr\/index.php\/produit\/le-jeu-des-regions-jean-pierre-pernaud-vous-met-au-defi-240-questionsjean-pierre-pernautmichel-lafon\/\"]}]},{\"@type\":\"BreadcrumbList\",\"@id\":\"https:\/\/atypique.brunotarhan.fr\/index.php\/produit\/le-jeu-des-regions-jean-pierre-pernaud-vous-met-au-defi-240-questionsjean-pierre-pernautmichel-lafon\/#breadcrumb\",\"itemListElement\":[{\"@type\":\"ListItem\",\"position\":1,\"name\":\"Accueil\",\"item\":\"https:\/\/atypique.brunotarhan.fr\/\"},{\"@type\":\"ListItem\",\"position\":2,\"name\":\"\"},{\"@type\":\"ListItem\",\"position\":3,\"name\":\"Le jeu des r\u00e9gions &#8211; Jean-Pierre Pernaud vous met au d\u00e9fi ! 240 questions Jean-Pierre Pernaut Michel Lafon\"}]}]}<\/script>\n<!-- \/ Yoast SEO plugin. -->","yoast_head_json":{"title":"Le jeu des r\u00e9gions - Jean-Pierre Pernaud vous met au d\u00e9fi ! 240 questions Jean-Pierre Pernaut Michel Lafon - Atypique Concept Store","robots":{"index":"index","follow":"follow","max-snippet":"max-snippet:-1","max-image-preview":"max-image-preview:large","max-video-preview":"max-video-preview:-1"},"canonical":"https:\/\/atypique.brunotarhan.fr\/index.php\/produit\/le-jeu-des-regions-jean-pierre-pernaud-vous-met-au-defi-240-questionsjean-pierre-pernautmichel-lafon\/","og_locale":"fr_FR","og_type":"article","og_title":"Le jeu des r\u00e9gions - Jean-Pierre Pernaud vous met au d\u00e9fi ! 240 questions Jean-Pierre Pernaut Michel Lafon - Atypique Concept Store","og_description":"Le jeu des r\u00e9gions : l'occasion id\u00e9ale de tester vos connaissances sur la France et ses sp\u00e9cificit\u00e9s r\u00e9gionales avec Jean-Pierre Pernaut. Qui, mieux\u2026","og_url":"https:\/\/atypique.brunotarhan.fr\/index.php\/produit\/le-jeu-des-regions-jean-pierre-pernaud-vous-met-au-defi-240-questionsjean-pierre-pernautmichel-lafon\/","og_site_name":"Atypique Concept Store","twitter_card":"summary_large_image","twitter_misc":{"Dur\u00e9e de lecture estim\u00e9e":"1 minute"},"schema":{"@context":"https:\/\/schema.org","@graph":[{"@type":"WebSite","@id":"https:\/\/atypique.brunotarhan.fr\/#website","url":"https:\/\/atypique.brunotarhan.fr\/","name":"Atypique Concept Store","description":"Just another WordPress site","potentialAction":[{"@type":"SearchAction","target":{"@type":"EntryPoint","urlTemplate":"https:\/\/atypique.brunotarhan.fr\/?s={search_term_string}"},"query-input":"required name=search_term_string"}],"inLanguage":"fr-FR"},{"@type":"ImageObject","@id":"https:\/\/atypique.brunotarhan.fr\/index.php\/produit\/le-jeu-des-regions-jean-pierre-pernaud-vous-met-au-defi-240-questionsjean-pierre-pernautmichel-lafon\/#primaryimage","inLanguage":"fr-FR","url":"https:\/\/atypique.brunotarhan.fr\/wp-content\/uploads\/2022\/04\/le-jeu-des-regions.webp","contentUrl":"https:\/\/atypique.brunotarhan.fr\/wp-content\/uploads\/2022\/04\/le-jeu-des-regions.webp","width":475,"height":477},{"@type":"WebPage","@id":"https:\/\/atypique.brunotarhan.fr\/index.php\/produit\/le-jeu-des-regions-jean-pierre-pernaud-vous-met-au-defi-240-questionsjean-pierre-pernautmichel-lafon\/#webpage","url":"https:\/\/atypique.brunotarhan.fr\/index.php\/produit\/le-jeu-des-regions-jean-pierre-pernaud-vous-met-au-defi-240-questionsjean-pierre-pernautmichel-lafon\/","name":"Le jeu des r\u00e9gions - Jean-Pierre Pernaud vous met au d\u00e9fi ! 240 questions Jean-Pierre Pernaut Michel Lafon - Atypique Concept Store","isPartOf":{"@id":"https:\/\/atypique.brunotarhan.fr\/#website"},"primaryImageOfPage":{"@id":"https:\/\/atypique.brunotarhan.fr\/index.php\/produit\/le-jeu-des-regions-jean-pierre-pernaud-vous-met-au-defi-240-questionsjean-pierre-pernautmichel-lafon\/#primaryimage"},"datePublished":"2022-04-25T22:47:47+00:00","dateModified":"2022-04-25T22:47:47+00:00","breadcrumb":{"@id":"https:\/\/atypique.brunotarhan.fr\/index.php\/produit\/le-jeu-des-regions-jean-pierre-pernaud-vous-met-au-defi-240-questionsjean-pierre-pernautmichel-lafon\/#breadcrumb"},"inLanguage":"fr-FR","potentialAction":[{"@type":"ReadAction","target":["https:\/\/atypique.brunotarhan.fr\/index.php\/produit\/le-jeu-des-regions-jean-pierre-pernaud-vous-met-au-defi-240-questionsjean-pierre-pernautmichel-lafon\/"]}]},{"@type":"BreadcrumbList","@id":"https:\/\/atypique.brunotarhan.fr\/index.php\/produit\/le-jeu-des-regions-jean-pierre-pernaud-vous-met-au-defi-240-questionsjean-pierre-pernautmichel-lafon\/#breadcrumb","itemListElement":[{"@type":"ListItem","position":1,"name":"Accueil","item":"https:\/\/atypique.brunotarhan.fr\/"},{"@type":"ListItem","position":2,"name":""},{"@type":"ListItem","position":3,"name":"Le jeu des r\u00e9gions &#8211; Jean-Pierre Pernaud vous met au d\u00e9fi ! 240 questions Jean-Pierre Pernaut Michel Lafon"}]}]}},"_links":{"self":[{"href":"https:\/\/atypique.brunotarhan.fr\/index.php\/wp-json\/wp\/v2\/product\/16087","targetHints":{"allow":["GET"]}}],"collection":[{"href":"https:\/\/atypique.brunotarhan.fr\/index.php\/wp-json\/wp\/v2\/product"}],"about":[{"href":"https:\/\/atypique.brunotarhan.fr\/index.php\/wp-json\/wp\/v2\/types\/product"}],"replies":[{"embeddable":true,"href":"https:\/\/atypique.brunotarhan.fr\/index.php\/wp-json\/wp\/v2\/comments?post=16087"}],"wp:featuredmedia":[{"embeddable":true,"href":"https:\/\/atypique.brunotarhan.fr\/index.php\/wp-json\/wp\/v2\/media\/15838"}],"wp:attachment":[{"href":"https:\/\/atypique.brunotarhan.fr\/index.php\/wp-json\/wp\/v2\/media?parent=16087"}],"wp:term":[{"taxonomy":"product_cat","embeddable":true,"href":"https:\/\/atypique.brunotarhan.fr\/index.php\/wp-json\/wp\/v2\/product_cat?post=16087"},{"taxonomy":"product_tag","embeddable":true,"href":"https:\/\/atypique.brunotarhan.fr\/index.php\/wp-json\/wp\/v2\/product_tag?post=16087"}],"curies":[{"name":"wp","href":"https:\/\/api.w.org\/{rel}","templated":true}]}}