{"id":16085,"date":"2022-04-25T22:47:47","date_gmt":"2022-04-25T22:47:47","guid":{"rendered":"https:\/\/atypique.brunotarhan.fr\/index.php\/produit\/le-gosse-grand-formatveronique-olmialbin-michel\/"},"modified":"2022-04-25T22:47:47","modified_gmt":"2022-04-25T22:47:47","slug":"le-gosse-grand-formatveronique-olmialbin-michel","status":"publish","type":"product","link":"https:\/\/atypique.brunotarhan.fr\/index.php\/produit\/le-gosse-grand-formatveronique-olmialbin-michel\/","title":{"rendered":"Le gosse &#8211; Grand Format\nV\u00e9ronique Olmi\nAlbin Michel"},"content":{"rendered":"<p>Joseph a sept ans. Il est n\u00e9 apr\u00e8s la Premi\u00e8re Guerre mondiale dans les quartiers pauvres de la Bastille, \u00e0 Paris. Grandir entour\u00e9 de l&#8217;amour de sa m\u00e8re et de sa grand-m\u00e8re, apprendre et d\u00e9couvrir sont les moteurs de toute sa vie. Mais son monde bascule le jour o\u00f9 sa m\u00e8re dispara\u00eet et o\u00f9 il devient pupille de l&#8217;Etat, un Etat qui a mis en place tout un syst\u00e8me de &#8221; protection&#8221; des enfants pauvres, dont les bonnes intentions n&#8217;ont d&#8217;\u00e9gal que la cruaut\u00e9.<br \/>\nDe la prison pour enfants \u00e0 la colonie p\u00e9nitentiaire, la force de Joseph, les coups de d\u00e9s du hasard, et la d\u00e9couverte de la musique lui permettront de traverser le pire. Dans une France port\u00e9e par l&#8217;espoir du Front Populaire, peut-\u00eatre retrouvera-t-il sa vie et sa joie.<\/p>\n","protected":false},"excerpt":{"rendered":"<p>Joseph a sept ans. Il est n\u00e9 apr\u00e8s la Premi\u00e8re Guerre mondiale dans les quartiers pauvres de la Bastille, \u00e0 Paris. Grandir entour\u00e9 de l&#8217;amour de\u2026<\/p>\n","protected":false},"featured_media":15836,"comment_status":"open","ping_status":"closed","template":"","meta":[],"product_cat":[93,186],"product_tag":[207,495,189,496],"class_list":["post-16085","product","type-product","status-publish","has-post-thumbnail","hentry","product_cat-librairie","product_cat-romans","product_tag-albin-michel","product_tag-le-gosse","product_tag-roman","product_tag-veronique-olmi"],"yoast_head":"<!-- This site is optimized with the Yoast SEO plugin v18.0 - https:\/\/yoast.com\/wordpress\/plugins\/seo\/ -->\n<title>Le gosse - Grand Format V\u00e9ronique Olmi Albin Michel - Atypique Concept Store<\/title>\n<meta name=\"robots\" content=\"index, follow, max-snippet:-1, max-image-preview:large, max-video-preview:-1\" \/>\n<link rel=\"canonical\" href=\"https:\/\/atypique.brunotarhan.fr\/index.php\/produit\/le-gosse-grand-formatveronique-olmialbin-michel\/\" \/>\n<meta property=\"og:locale\" content=\"fr_FR\" \/>\n<meta property=\"og:type\" content=\"article\" \/>\n<meta property=\"og:title\" content=\"Le gosse - Grand Format V\u00e9ronique Olmi Albin Michel - Atypique Concept Store\" \/>\n<meta property=\"og:description\" content=\"Joseph a sept ans. Il est n\u00e9 apr\u00e8s la Premi\u00e8re Guerre mondiale dans les quartiers pauvres de la Bastille, \u00e0 Paris. Grandir entour\u00e9 de l&#039;amour de\u2026\" \/>\n<meta property=\"og:url\" content=\"https:\/\/atypique.brunotarhan.fr\/index.php\/produit\/le-gosse-grand-formatveronique-olmialbin-michel\/\" \/>\n<meta property=\"og:site_name\" content=\"Atypique Concept Store\" \/>\n<meta name=\"twitter:card\" content=\"summary_large_image\" \/>\n<meta name=\"twitter:label1\" content=\"Dur\u00e9e de lecture estim\u00e9e\" \/>\n\t<meta name=\"twitter:data1\" content=\"1 minute\" \/>\n<script type=\"application\/ld+json\" class=\"yoast-schema-graph\">{\"@context\":\"https:\/\/schema.org\",\"@graph\":[{\"@type\":\"WebSite\",\"@id\":\"https:\/\/atypique.brunotarhan.fr\/#website\",\"url\":\"https:\/\/atypique.brunotarhan.fr\/\",\"name\":\"Atypique Concept Store\",\"description\":\"Just another WordPress site\",\"potentialAction\":[{\"@type\":\"SearchAction\",\"target\":{\"@type\":\"EntryPoint\",\"urlTemplate\":\"https:\/\/atypique.brunotarhan.fr\/?s={search_term_string}\"},\"query-input\":\"required name=search_term_string\"}],\"inLanguage\":\"fr-FR\"},{\"@type\":\"ImageObject\",\"@id\":\"https:\/\/atypique.brunotarhan.fr\/index.php\/produit\/le-gosse-grand-formatveronique-olmialbin-michel\/#primaryimage\",\"inLanguage\":\"fr-FR\",\"url\":\"https:\/\/atypique.brunotarhan.fr\/wp-content\/uploads\/2022\/04\/le-gosse.webp\",\"contentUrl\":\"https:\/\/atypique.brunotarhan.fr\/wp-content\/uploads\/2022\/04\/le-gosse.webp\",\"width\":342,\"height\":500},{\"@type\":\"WebPage\",\"@id\":\"https:\/\/atypique.brunotarhan.fr\/index.php\/produit\/le-gosse-grand-formatveronique-olmialbin-michel\/#webpage\",\"url\":\"https:\/\/atypique.brunotarhan.fr\/index.php\/produit\/le-gosse-grand-formatveronique-olmialbin-michel\/\",\"name\":\"Le gosse - Grand Format V\u00e9ronique Olmi Albin Michel - Atypique Concept Store\",\"isPartOf\":{\"@id\":\"https:\/\/atypique.brunotarhan.fr\/#website\"},\"primaryImageOfPage\":{\"@id\":\"https:\/\/atypique.brunotarhan.fr\/index.php\/produit\/le-gosse-grand-formatveronique-olmialbin-michel\/#primaryimage\"},\"datePublished\":\"2022-04-25T22:47:47+00:00\",\"dateModified\":\"2022-04-25T22:47:47+00:00\",\"breadcrumb\":{\"@id\":\"https:\/\/atypique.brunotarhan.fr\/index.php\/produit\/le-gosse-grand-formatveronique-olmialbin-michel\/#breadcrumb\"},\"inLanguage\":\"fr-FR\",\"potentialAction\":[{\"@type\":\"ReadAction\",\"target\":[\"https:\/\/atypique.brunotarhan.fr\/index.php\/produit\/le-gosse-grand-formatveronique-olmialbin-michel\/\"]}]},{\"@type\":\"BreadcrumbList\",\"@id\":\"https:\/\/atypique.brunotarhan.fr\/index.php\/produit\/le-gosse-grand-formatveronique-olmialbin-michel\/#breadcrumb\",\"itemListElement\":[{\"@type\":\"ListItem\",\"position\":1,\"name\":\"Accueil\",\"item\":\"https:\/\/atypique.brunotarhan.fr\/\"},{\"@type\":\"ListItem\",\"position\":2,\"name\":\"\"},{\"@type\":\"ListItem\",\"position\":3,\"name\":\"Le gosse &#8211; Grand Format V\u00e9ronique Olmi Albin Michel\"}]}]}<\/script>\n<!-- \/ Yoast SEO plugin. -->","yoast_head_json":{"title":"Le gosse - Grand Format V\u00e9ronique Olmi Albin Michel - Atypique Concept Store","robots":{"index":"index","follow":"follow","max-snippet":"max-snippet:-1","max-image-preview":"max-image-preview:large","max-video-preview":"max-video-preview:-1"},"canonical":"https:\/\/atypique.brunotarhan.fr\/index.php\/produit\/le-gosse-grand-formatveronique-olmialbin-michel\/","og_locale":"fr_FR","og_type":"article","og_title":"Le gosse - Grand Format V\u00e9ronique Olmi Albin Michel - Atypique Concept Store","og_description":"Joseph a sept ans. Il est n\u00e9 apr\u00e8s la Premi\u00e8re Guerre mondiale dans les quartiers pauvres de la Bastille, \u00e0 Paris. Grandir entour\u00e9 de l'amour de\u2026","og_url":"https:\/\/atypique.brunotarhan.fr\/index.php\/produit\/le-gosse-grand-formatveronique-olmialbin-michel\/","og_site_name":"Atypique Concept Store","twitter_card":"summary_large_image","twitter_misc":{"Dur\u00e9e de lecture estim\u00e9e":"1 minute"},"schema":{"@context":"https:\/\/schema.org","@graph":[{"@type":"WebSite","@id":"https:\/\/atypique.brunotarhan.fr\/#website","url":"https:\/\/atypique.brunotarhan.fr\/","name":"Atypique Concept Store","description":"Just another WordPress site","potentialAction":[{"@type":"SearchAction","target":{"@type":"EntryPoint","urlTemplate":"https:\/\/atypique.brunotarhan.fr\/?s={search_term_string}"},"query-input":"required name=search_term_string"}],"inLanguage":"fr-FR"},{"@type":"ImageObject","@id":"https:\/\/atypique.brunotarhan.fr\/index.php\/produit\/le-gosse-grand-formatveronique-olmialbin-michel\/#primaryimage","inLanguage":"fr-FR","url":"https:\/\/atypique.brunotarhan.fr\/wp-content\/uploads\/2022\/04\/le-gosse.webp","contentUrl":"https:\/\/atypique.brunotarhan.fr\/wp-content\/uploads\/2022\/04\/le-gosse.webp","width":342,"height":500},{"@type":"WebPage","@id":"https:\/\/atypique.brunotarhan.fr\/index.php\/produit\/le-gosse-grand-formatveronique-olmialbin-michel\/#webpage","url":"https:\/\/atypique.brunotarhan.fr\/index.php\/produit\/le-gosse-grand-formatveronique-olmialbin-michel\/","name":"Le gosse - Grand Format V\u00e9ronique Olmi Albin Michel - Atypique Concept Store","isPartOf":{"@id":"https:\/\/atypique.brunotarhan.fr\/#website"},"primaryImageOfPage":{"@id":"https:\/\/atypique.brunotarhan.fr\/index.php\/produit\/le-gosse-grand-formatveronique-olmialbin-michel\/#primaryimage"},"datePublished":"2022-04-25T22:47:47+00:00","dateModified":"2022-04-25T22:47:47+00:00","breadcrumb":{"@id":"https:\/\/atypique.brunotarhan.fr\/index.php\/produit\/le-gosse-grand-formatveronique-olmialbin-michel\/#breadcrumb"},"inLanguage":"fr-FR","potentialAction":[{"@type":"ReadAction","target":["https:\/\/atypique.brunotarhan.fr\/index.php\/produit\/le-gosse-grand-formatveronique-olmialbin-michel\/"]}]},{"@type":"BreadcrumbList","@id":"https:\/\/atypique.brunotarhan.fr\/index.php\/produit\/le-gosse-grand-formatveronique-olmialbin-michel\/#breadcrumb","itemListElement":[{"@type":"ListItem","position":1,"name":"Accueil","item":"https:\/\/atypique.brunotarhan.fr\/"},{"@type":"ListItem","position":2,"name":""},{"@type":"ListItem","position":3,"name":"Le gosse &#8211; Grand Format V\u00e9ronique Olmi Albin Michel"}]}]}},"_links":{"self":[{"href":"https:\/\/atypique.brunotarhan.fr\/index.php\/wp-json\/wp\/v2\/product\/16085","targetHints":{"allow":["GET"]}}],"collection":[{"href":"https:\/\/atypique.brunotarhan.fr\/index.php\/wp-json\/wp\/v2\/product"}],"about":[{"href":"https:\/\/atypique.brunotarhan.fr\/index.php\/wp-json\/wp\/v2\/types\/product"}],"replies":[{"embeddable":true,"href":"https:\/\/atypique.brunotarhan.fr\/index.php\/wp-json\/wp\/v2\/comments?post=16085"}],"wp:featuredmedia":[{"embeddable":true,"href":"https:\/\/atypique.brunotarhan.fr\/index.php\/wp-json\/wp\/v2\/media\/15836"}],"wp:attachment":[{"href":"https:\/\/atypique.brunotarhan.fr\/index.php\/wp-json\/wp\/v2\/media?parent=16085"}],"wp:term":[{"taxonomy":"product_cat","embeddable":true,"href":"https:\/\/atypique.brunotarhan.fr\/index.php\/wp-json\/wp\/v2\/product_cat?post=16085"},{"taxonomy":"product_tag","embeddable":true,"href":"https:\/\/atypique.brunotarhan.fr\/index.php\/wp-json\/wp\/v2\/product_tag?post=16085"}],"curies":[{"name":"wp","href":"https:\/\/api.w.org\/{rel}","templated":true}]}}