{"id":16084,"date":"2022-04-25T22:47:46","date_gmt":"2022-04-25T22:47:46","guid":{"rendered":"https:\/\/atypique.brunotarhan.fr\/index.php\/produit\/le-dernier-secret-grand-formatsolenn-royergrasset\/"},"modified":"2022-04-25T22:47:46","modified_gmt":"2022-04-25T22:47:46","slug":"le-dernier-secret-grand-formatsolenn-royergrasset","status":"publish","type":"product","link":"https:\/\/atypique.brunotarhan.fr\/index.php\/produit\/le-dernier-secret-grand-formatsolenn-royergrasset\/","title":{"rendered":"Le dernier secret &#8211; Grand Format\nSolenn Royer\nGrasset"},"content":{"rendered":"<p>En 1988, Claire rencontre Fran\u00e7ois Mitterrand. Elle est \u00e9tudiante en droit, il est pr\u00e9sident de la R\u00e9publique. Cinquante ans de vie les s\u00e9pare. Ils s&#8217;aimeront \u00e0 huis-clos, jusqu&#8217;\u00e0 la fin, en 1996. Voici r\u00e9v\u00e9l\u00e9 le dernier secret du grand pr\u00e9sident. A la fois r\u00e9cit amoureux et histoire d&#8217;un r\u00e8gne, ce livre exceptionnel m\u00eale portraits, dialogues, souvenirs, d\u00e9jeuners \u00e0 l&#8217;Elys\u00e9e, soir\u00e9es, lectures, promenades sur les quais de la Seine, carnets, temps vol\u00e9 au temps.<br \/>\nDans une langue magnifique et pure, au plus proche de ces deux \u00eatres, comme un grand tableau au Louvre o\u00f9 se dessinent amour et mort, Solenn de Royer nous offre des pages intimes et politiques, qu&#8217;\u00e0 votre tour vous n&#8217;oublierez jamais.<\/p>\n","protected":false},"excerpt":{"rendered":"<p>En 1988, Claire rencontre Fran\u00e7ois Mitterrand. Elle est \u00e9tudiante en droit, il est pr\u00e9sident de la R\u00e9publique. Cinquante ans de vie les s\u00e9pare. Ils\u2026<\/p>\n","protected":false},"featured_media":15835,"comment_status":"open","ping_status":"closed","template":"","meta":[],"product_cat":[93,186],"product_tag":[494,492,189,493],"class_list":["post-16084","product","type-product","status-publish","has-post-thumbnail","hentry","product_cat-librairie","product_cat-romans","product_tag-grasset","product_tag-le-dernier-secret","product_tag-roman","product_tag-solenn-royer"],"yoast_head":"<!-- This site is optimized with the Yoast SEO plugin v18.0 - https:\/\/yoast.com\/wordpress\/plugins\/seo\/ -->\n<title>Le dernier secret - Grand Format Solenn Royer Grasset - Atypique Concept Store<\/title>\n<meta name=\"robots\" content=\"index, follow, max-snippet:-1, max-image-preview:large, max-video-preview:-1\" \/>\n<link rel=\"canonical\" href=\"https:\/\/atypique.brunotarhan.fr\/index.php\/produit\/le-dernier-secret-grand-formatsolenn-royergrasset\/\" \/>\n<meta property=\"og:locale\" content=\"fr_FR\" \/>\n<meta property=\"og:type\" content=\"article\" \/>\n<meta property=\"og:title\" content=\"Le dernier secret - Grand Format Solenn Royer Grasset - Atypique Concept Store\" \/>\n<meta property=\"og:description\" content=\"En 1988, Claire rencontre Fran\u00e7ois Mitterrand. Elle est \u00e9tudiante en droit, il est pr\u00e9sident de la R\u00e9publique. Cinquante ans de vie les s\u00e9pare. Ils\u2026\" \/>\n<meta property=\"og:url\" content=\"https:\/\/atypique.brunotarhan.fr\/index.php\/produit\/le-dernier-secret-grand-formatsolenn-royergrasset\/\" \/>\n<meta property=\"og:site_name\" content=\"Atypique Concept Store\" \/>\n<meta name=\"twitter:card\" content=\"summary_large_image\" \/>\n<meta name=\"twitter:label1\" content=\"Dur\u00e9e de lecture estim\u00e9e\" \/>\n\t<meta name=\"twitter:data1\" content=\"1 minute\" \/>\n<script type=\"application\/ld+json\" class=\"yoast-schema-graph\">{\"@context\":\"https:\/\/schema.org\",\"@graph\":[{\"@type\":\"WebSite\",\"@id\":\"https:\/\/atypique.brunotarhan.fr\/#website\",\"url\":\"https:\/\/atypique.brunotarhan.fr\/\",\"name\":\"Atypique Concept Store\",\"description\":\"Just another WordPress site\",\"potentialAction\":[{\"@type\":\"SearchAction\",\"target\":{\"@type\":\"EntryPoint\",\"urlTemplate\":\"https:\/\/atypique.brunotarhan.fr\/?s={search_term_string}\"},\"query-input\":\"required name=search_term_string\"}],\"inLanguage\":\"fr-FR\"},{\"@type\":\"ImageObject\",\"@id\":\"https:\/\/atypique.brunotarhan.fr\/index.php\/produit\/le-dernier-secret-grand-formatsolenn-royergrasset\/#primaryimage\",\"inLanguage\":\"fr-FR\",\"url\":\"https:\/\/atypique.brunotarhan.fr\/wp-content\/uploads\/2022\/04\/le-dernier-secret.webp\",\"contentUrl\":\"https:\/\/atypique.brunotarhan.fr\/wp-content\/uploads\/2022\/04\/le-dernier-secret.webp\",\"width\":342,\"height\":500},{\"@type\":\"WebPage\",\"@id\":\"https:\/\/atypique.brunotarhan.fr\/index.php\/produit\/le-dernier-secret-grand-formatsolenn-royergrasset\/#webpage\",\"url\":\"https:\/\/atypique.brunotarhan.fr\/index.php\/produit\/le-dernier-secret-grand-formatsolenn-royergrasset\/\",\"name\":\"Le dernier secret - Grand Format Solenn Royer Grasset - Atypique Concept Store\",\"isPartOf\":{\"@id\":\"https:\/\/atypique.brunotarhan.fr\/#website\"},\"primaryImageOfPage\":{\"@id\":\"https:\/\/atypique.brunotarhan.fr\/index.php\/produit\/le-dernier-secret-grand-formatsolenn-royergrasset\/#primaryimage\"},\"datePublished\":\"2022-04-25T22:47:46+00:00\",\"dateModified\":\"2022-04-25T22:47:46+00:00\",\"breadcrumb\":{\"@id\":\"https:\/\/atypique.brunotarhan.fr\/index.php\/produit\/le-dernier-secret-grand-formatsolenn-royergrasset\/#breadcrumb\"},\"inLanguage\":\"fr-FR\",\"potentialAction\":[{\"@type\":\"ReadAction\",\"target\":[\"https:\/\/atypique.brunotarhan.fr\/index.php\/produit\/le-dernier-secret-grand-formatsolenn-royergrasset\/\"]}]},{\"@type\":\"BreadcrumbList\",\"@id\":\"https:\/\/atypique.brunotarhan.fr\/index.php\/produit\/le-dernier-secret-grand-formatsolenn-royergrasset\/#breadcrumb\",\"itemListElement\":[{\"@type\":\"ListItem\",\"position\":1,\"name\":\"Accueil\",\"item\":\"https:\/\/atypique.brunotarhan.fr\/\"},{\"@type\":\"ListItem\",\"position\":2,\"name\":\"\"},{\"@type\":\"ListItem\",\"position\":3,\"name\":\"Le dernier secret &#8211; Grand Format Solenn Royer Grasset\"}]}]}<\/script>\n<!-- \/ Yoast SEO plugin. -->","yoast_head_json":{"title":"Le dernier secret - Grand Format Solenn Royer Grasset - Atypique Concept Store","robots":{"index":"index","follow":"follow","max-snippet":"max-snippet:-1","max-image-preview":"max-image-preview:large","max-video-preview":"max-video-preview:-1"},"canonical":"https:\/\/atypique.brunotarhan.fr\/index.php\/produit\/le-dernier-secret-grand-formatsolenn-royergrasset\/","og_locale":"fr_FR","og_type":"article","og_title":"Le dernier secret - Grand Format Solenn Royer Grasset - Atypique Concept Store","og_description":"En 1988, Claire rencontre Fran\u00e7ois Mitterrand. Elle est \u00e9tudiante en droit, il est pr\u00e9sident de la R\u00e9publique. Cinquante ans de vie les s\u00e9pare. Ils\u2026","og_url":"https:\/\/atypique.brunotarhan.fr\/index.php\/produit\/le-dernier-secret-grand-formatsolenn-royergrasset\/","og_site_name":"Atypique Concept Store","twitter_card":"summary_large_image","twitter_misc":{"Dur\u00e9e de lecture estim\u00e9e":"1 minute"},"schema":{"@context":"https:\/\/schema.org","@graph":[{"@type":"WebSite","@id":"https:\/\/atypique.brunotarhan.fr\/#website","url":"https:\/\/atypique.brunotarhan.fr\/","name":"Atypique Concept Store","description":"Just another WordPress site","potentialAction":[{"@type":"SearchAction","target":{"@type":"EntryPoint","urlTemplate":"https:\/\/atypique.brunotarhan.fr\/?s={search_term_string}"},"query-input":"required name=search_term_string"}],"inLanguage":"fr-FR"},{"@type":"ImageObject","@id":"https:\/\/atypique.brunotarhan.fr\/index.php\/produit\/le-dernier-secret-grand-formatsolenn-royergrasset\/#primaryimage","inLanguage":"fr-FR","url":"https:\/\/atypique.brunotarhan.fr\/wp-content\/uploads\/2022\/04\/le-dernier-secret.webp","contentUrl":"https:\/\/atypique.brunotarhan.fr\/wp-content\/uploads\/2022\/04\/le-dernier-secret.webp","width":342,"height":500},{"@type":"WebPage","@id":"https:\/\/atypique.brunotarhan.fr\/index.php\/produit\/le-dernier-secret-grand-formatsolenn-royergrasset\/#webpage","url":"https:\/\/atypique.brunotarhan.fr\/index.php\/produit\/le-dernier-secret-grand-formatsolenn-royergrasset\/","name":"Le dernier secret - Grand Format Solenn Royer Grasset - Atypique Concept Store","isPartOf":{"@id":"https:\/\/atypique.brunotarhan.fr\/#website"},"primaryImageOfPage":{"@id":"https:\/\/atypique.brunotarhan.fr\/index.php\/produit\/le-dernier-secret-grand-formatsolenn-royergrasset\/#primaryimage"},"datePublished":"2022-04-25T22:47:46+00:00","dateModified":"2022-04-25T22:47:46+00:00","breadcrumb":{"@id":"https:\/\/atypique.brunotarhan.fr\/index.php\/produit\/le-dernier-secret-grand-formatsolenn-royergrasset\/#breadcrumb"},"inLanguage":"fr-FR","potentialAction":[{"@type":"ReadAction","target":["https:\/\/atypique.brunotarhan.fr\/index.php\/produit\/le-dernier-secret-grand-formatsolenn-royergrasset\/"]}]},{"@type":"BreadcrumbList","@id":"https:\/\/atypique.brunotarhan.fr\/index.php\/produit\/le-dernier-secret-grand-formatsolenn-royergrasset\/#breadcrumb","itemListElement":[{"@type":"ListItem","position":1,"name":"Accueil","item":"https:\/\/atypique.brunotarhan.fr\/"},{"@type":"ListItem","position":2,"name":""},{"@type":"ListItem","position":3,"name":"Le dernier secret &#8211; Grand Format Solenn Royer Grasset"}]}]}},"_links":{"self":[{"href":"https:\/\/atypique.brunotarhan.fr\/index.php\/wp-json\/wp\/v2\/product\/16084","targetHints":{"allow":["GET"]}}],"collection":[{"href":"https:\/\/atypique.brunotarhan.fr\/index.php\/wp-json\/wp\/v2\/product"}],"about":[{"href":"https:\/\/atypique.brunotarhan.fr\/index.php\/wp-json\/wp\/v2\/types\/product"}],"replies":[{"embeddable":true,"href":"https:\/\/atypique.brunotarhan.fr\/index.php\/wp-json\/wp\/v2\/comments?post=16084"}],"wp:featuredmedia":[{"embeddable":true,"href":"https:\/\/atypique.brunotarhan.fr\/index.php\/wp-json\/wp\/v2\/media\/15835"}],"wp:attachment":[{"href":"https:\/\/atypique.brunotarhan.fr\/index.php\/wp-json\/wp\/v2\/media?parent=16084"}],"wp:term":[{"taxonomy":"product_cat","embeddable":true,"href":"https:\/\/atypique.brunotarhan.fr\/index.php\/wp-json\/wp\/v2\/product_cat?post=16084"},{"taxonomy":"product_tag","embeddable":true,"href":"https:\/\/atypique.brunotarhan.fr\/index.php\/wp-json\/wp\/v2\/product_tag?post=16084"}],"curies":[{"name":"wp","href":"https:\/\/api.w.org\/{rel}","templated":true}]}}