{"id":16083,"date":"2022-04-25T22:47:46","date_gmt":"2022-04-25T22:47:46","guid":{"rendered":"https:\/\/atypique.brunotarhan.fr\/index.php\/produit\/le-dernier-message-pochenicolas-beugletpocket\/"},"modified":"2022-04-25T22:47:46","modified_gmt":"2022-04-25T22:47:46","slug":"le-dernier-message-pochenicolas-beugletpocket","status":"publish","type":"product","link":"https:\/\/atypique.brunotarhan.fr\/index.php\/produit\/le-dernier-message-pochenicolas-beugletpocket\/","title":{"rendered":"Le dernier message &#8211; Poche\nNicolas Beuglet\nPocket"},"content":{"rendered":"<p>D\u00e9couvrez un tout nouveau personnage, l&#8217;inspectrice \u00e9cossaise Grace Campbell, aux prises avec le pire de ce que la science peut promettre. Ile d&#8217;Iona, \u00e0 l&#8217;ouest de l&#8217;Ecosse. Des plaines d&#8217;herbes brunes parsem\u00e9es de roches noires. Et au bout du &#8221; Chemin des morts &#8220;, la silhouette grise du monast\u00e8re. Derri\u00e8re ces murs supplici\u00e9s par le vent, un pensionnaire vient d&#8217;\u00eatre retrouv\u00e9 assassin\u00e9. Son corps mutil\u00e9 de la plus \u00e9trange des fa\u00e7ons.<br \/>\nC&#8217;est l&#8217;inspectrice \u00e9cossaise Grace Campbell qui est charg\u00e9e de l&#8217;enqu\u00eate. Apr\u00e8s un an de mise \u00e0 l&#8217;\u00e9cart, elle joue sa carri\u00e8re, elle le sait. Sous une pluie battante, Grace pousse la lourde porte du monast\u00e8re. Elle affronte les regards fuyants des cinq moines pr\u00e9sents. De la victime, ils ne connaissent que le nom, Anton. Tous savent, en revanche, qu&#8217;il poss\u00e9dait un cabinet de travail secret am\u00e9nag\u00e9 dans les murs.<br \/>\nUn cabinet constell\u00e9 de formules savantes&#8230; Que cherchait Anton ? Pourquoi l&#8217;avoir \u00e9limin\u00e9 avec une telle sauvagerie ? Alors qu&#8217;elle tente encore de retrouver confiance en elle, Grace ignore que la r\u00e9solution d&#8217;une des \u00e9nigmes les plus vertigineuses de l&#8217;humanit\u00e9 repose tout enti\u00e8re sur ses \u00e9paules&#8230;<\/p>\n","protected":false},"excerpt":{"rendered":"<p>D\u00e9couvrez un tout nouveau personnage, l&#8217;inspectrice \u00e9cossaise Grace Campbell, aux prises avec le pire de ce que la science peut promettre. Ile d&#8217;Iona,\u2026<\/p>\n","protected":false},"featured_media":15834,"comment_status":"open","ping_status":"closed","template":"","meta":[],"product_cat":[93,204],"product_tag":[490,491,183,239,263,208],"class_list":["post-16083","product","type-product","status-publish","has-post-thumbnail","hentry","product_cat-librairie","product_cat-polars-thrillers","product_tag-le-dernier-message","product_tag-nicolas-beuglet","product_tag-poche","product_tag-pocket","product_tag-polar","product_tag-thriller"],"yoast_head":"<!-- This site is optimized with the Yoast SEO plugin v18.0 - https:\/\/yoast.com\/wordpress\/plugins\/seo\/ -->\n<title>Le dernier message - Poche Nicolas Beuglet Pocket - Atypique Concept Store<\/title>\n<meta name=\"robots\" content=\"index, follow, max-snippet:-1, max-image-preview:large, max-video-preview:-1\" \/>\n<link rel=\"canonical\" href=\"https:\/\/atypique.brunotarhan.fr\/index.php\/produit\/le-dernier-message-pochenicolas-beugletpocket\/\" \/>\n<meta property=\"og:locale\" content=\"fr_FR\" \/>\n<meta property=\"og:type\" content=\"article\" \/>\n<meta property=\"og:title\" content=\"Le dernier message - Poche Nicolas Beuglet Pocket - Atypique Concept Store\" \/>\n<meta property=\"og:description\" content=\"D\u00e9couvrez un tout nouveau personnage, l&#039;inspectrice \u00e9cossaise Grace Campbell, aux prises avec le pire de ce que la science peut promettre. Ile d&#039;Iona,\u2026\" \/>\n<meta property=\"og:url\" content=\"https:\/\/atypique.brunotarhan.fr\/index.php\/produit\/le-dernier-message-pochenicolas-beugletpocket\/\" \/>\n<meta property=\"og:site_name\" content=\"Atypique Concept Store\" \/>\n<meta name=\"twitter:card\" content=\"summary_large_image\" \/>\n<meta name=\"twitter:label1\" content=\"Dur\u00e9e de lecture estim\u00e9e\" \/>\n\t<meta name=\"twitter:data1\" content=\"1 minute\" \/>\n<script type=\"application\/ld+json\" class=\"yoast-schema-graph\">{\"@context\":\"https:\/\/schema.org\",\"@graph\":[{\"@type\":\"WebSite\",\"@id\":\"https:\/\/atypique.brunotarhan.fr\/#website\",\"url\":\"https:\/\/atypique.brunotarhan.fr\/\",\"name\":\"Atypique Concept Store\",\"description\":\"Just another WordPress site\",\"potentialAction\":[{\"@type\":\"SearchAction\",\"target\":{\"@type\":\"EntryPoint\",\"urlTemplate\":\"https:\/\/atypique.brunotarhan.fr\/?s={search_term_string}\"},\"query-input\":\"required name=search_term_string\"}],\"inLanguage\":\"fr-FR\"},{\"@type\":\"ImageObject\",\"@id\":\"https:\/\/atypique.brunotarhan.fr\/index.php\/produit\/le-dernier-message-pochenicolas-beugletpocket\/#primaryimage\",\"inLanguage\":\"fr-FR\",\"url\":\"https:\/\/atypique.brunotarhan.fr\/wp-content\/uploads\/2022\/04\/le-dernier-message.webp\",\"contentUrl\":\"https:\/\/atypique.brunotarhan.fr\/wp-content\/uploads\/2022\/04\/le-dernier-message.webp\",\"width\":305,\"height\":500},{\"@type\":\"WebPage\",\"@id\":\"https:\/\/atypique.brunotarhan.fr\/index.php\/produit\/le-dernier-message-pochenicolas-beugletpocket\/#webpage\",\"url\":\"https:\/\/atypique.brunotarhan.fr\/index.php\/produit\/le-dernier-message-pochenicolas-beugletpocket\/\",\"name\":\"Le dernier message - Poche Nicolas Beuglet Pocket - Atypique Concept Store\",\"isPartOf\":{\"@id\":\"https:\/\/atypique.brunotarhan.fr\/#website\"},\"primaryImageOfPage\":{\"@id\":\"https:\/\/atypique.brunotarhan.fr\/index.php\/produit\/le-dernier-message-pochenicolas-beugletpocket\/#primaryimage\"},\"datePublished\":\"2022-04-25T22:47:46+00:00\",\"dateModified\":\"2022-04-25T22:47:46+00:00\",\"breadcrumb\":{\"@id\":\"https:\/\/atypique.brunotarhan.fr\/index.php\/produit\/le-dernier-message-pochenicolas-beugletpocket\/#breadcrumb\"},\"inLanguage\":\"fr-FR\",\"potentialAction\":[{\"@type\":\"ReadAction\",\"target\":[\"https:\/\/atypique.brunotarhan.fr\/index.php\/produit\/le-dernier-message-pochenicolas-beugletpocket\/\"]}]},{\"@type\":\"BreadcrumbList\",\"@id\":\"https:\/\/atypique.brunotarhan.fr\/index.php\/produit\/le-dernier-message-pochenicolas-beugletpocket\/#breadcrumb\",\"itemListElement\":[{\"@type\":\"ListItem\",\"position\":1,\"name\":\"Accueil\",\"item\":\"https:\/\/atypique.brunotarhan.fr\/\"},{\"@type\":\"ListItem\",\"position\":2,\"name\":\"\"},{\"@type\":\"ListItem\",\"position\":3,\"name\":\"Le dernier message &#8211; Poche Nicolas Beuglet Pocket\"}]}]}<\/script>\n<!-- \/ Yoast SEO plugin. -->","yoast_head_json":{"title":"Le dernier message - Poche Nicolas Beuglet Pocket - Atypique Concept Store","robots":{"index":"index","follow":"follow","max-snippet":"max-snippet:-1","max-image-preview":"max-image-preview:large","max-video-preview":"max-video-preview:-1"},"canonical":"https:\/\/atypique.brunotarhan.fr\/index.php\/produit\/le-dernier-message-pochenicolas-beugletpocket\/","og_locale":"fr_FR","og_type":"article","og_title":"Le dernier message - Poche Nicolas Beuglet Pocket - Atypique Concept Store","og_description":"D\u00e9couvrez un tout nouveau personnage, l'inspectrice \u00e9cossaise Grace Campbell, aux prises avec le pire de ce que la science peut promettre. Ile d'Iona,\u2026","og_url":"https:\/\/atypique.brunotarhan.fr\/index.php\/produit\/le-dernier-message-pochenicolas-beugletpocket\/","og_site_name":"Atypique Concept Store","twitter_card":"summary_large_image","twitter_misc":{"Dur\u00e9e de lecture estim\u00e9e":"1 minute"},"schema":{"@context":"https:\/\/schema.org","@graph":[{"@type":"WebSite","@id":"https:\/\/atypique.brunotarhan.fr\/#website","url":"https:\/\/atypique.brunotarhan.fr\/","name":"Atypique Concept Store","description":"Just another WordPress site","potentialAction":[{"@type":"SearchAction","target":{"@type":"EntryPoint","urlTemplate":"https:\/\/atypique.brunotarhan.fr\/?s={search_term_string}"},"query-input":"required name=search_term_string"}],"inLanguage":"fr-FR"},{"@type":"ImageObject","@id":"https:\/\/atypique.brunotarhan.fr\/index.php\/produit\/le-dernier-message-pochenicolas-beugletpocket\/#primaryimage","inLanguage":"fr-FR","url":"https:\/\/atypique.brunotarhan.fr\/wp-content\/uploads\/2022\/04\/le-dernier-message.webp","contentUrl":"https:\/\/atypique.brunotarhan.fr\/wp-content\/uploads\/2022\/04\/le-dernier-message.webp","width":305,"height":500},{"@type":"WebPage","@id":"https:\/\/atypique.brunotarhan.fr\/index.php\/produit\/le-dernier-message-pochenicolas-beugletpocket\/#webpage","url":"https:\/\/atypique.brunotarhan.fr\/index.php\/produit\/le-dernier-message-pochenicolas-beugletpocket\/","name":"Le dernier message - Poche Nicolas Beuglet Pocket - Atypique Concept Store","isPartOf":{"@id":"https:\/\/atypique.brunotarhan.fr\/#website"},"primaryImageOfPage":{"@id":"https:\/\/atypique.brunotarhan.fr\/index.php\/produit\/le-dernier-message-pochenicolas-beugletpocket\/#primaryimage"},"datePublished":"2022-04-25T22:47:46+00:00","dateModified":"2022-04-25T22:47:46+00:00","breadcrumb":{"@id":"https:\/\/atypique.brunotarhan.fr\/index.php\/produit\/le-dernier-message-pochenicolas-beugletpocket\/#breadcrumb"},"inLanguage":"fr-FR","potentialAction":[{"@type":"ReadAction","target":["https:\/\/atypique.brunotarhan.fr\/index.php\/produit\/le-dernier-message-pochenicolas-beugletpocket\/"]}]},{"@type":"BreadcrumbList","@id":"https:\/\/atypique.brunotarhan.fr\/index.php\/produit\/le-dernier-message-pochenicolas-beugletpocket\/#breadcrumb","itemListElement":[{"@type":"ListItem","position":1,"name":"Accueil","item":"https:\/\/atypique.brunotarhan.fr\/"},{"@type":"ListItem","position":2,"name":""},{"@type":"ListItem","position":3,"name":"Le dernier message &#8211; Poche Nicolas Beuglet Pocket"}]}]}},"_links":{"self":[{"href":"https:\/\/atypique.brunotarhan.fr\/index.php\/wp-json\/wp\/v2\/product\/16083","targetHints":{"allow":["GET"]}}],"collection":[{"href":"https:\/\/atypique.brunotarhan.fr\/index.php\/wp-json\/wp\/v2\/product"}],"about":[{"href":"https:\/\/atypique.brunotarhan.fr\/index.php\/wp-json\/wp\/v2\/types\/product"}],"replies":[{"embeddable":true,"href":"https:\/\/atypique.brunotarhan.fr\/index.php\/wp-json\/wp\/v2\/comments?post=16083"}],"wp:featuredmedia":[{"embeddable":true,"href":"https:\/\/atypique.brunotarhan.fr\/index.php\/wp-json\/wp\/v2\/media\/15834"}],"wp:attachment":[{"href":"https:\/\/atypique.brunotarhan.fr\/index.php\/wp-json\/wp\/v2\/media?parent=16083"}],"wp:term":[{"taxonomy":"product_cat","embeddable":true,"href":"https:\/\/atypique.brunotarhan.fr\/index.php\/wp-json\/wp\/v2\/product_cat?post=16083"},{"taxonomy":"product_tag","embeddable":true,"href":"https:\/\/atypique.brunotarhan.fr\/index.php\/wp-json\/wp\/v2\/product_tag?post=16083"}],"curies":[{"name":"wp","href":"https:\/\/api.w.org\/{rel}","templated":true}]}}