{"id":16082,"date":"2022-04-25T22:47:46","date_gmt":"2022-04-25T22:47:46","guid":{"rendered":"https:\/\/atypique.brunotarhan.fr\/index.php\/produit\/le-decodeur-des-gestes-pochejoseph-messingerfirst-edition\/"},"modified":"2022-04-25T22:47:46","modified_gmt":"2022-04-25T22:47:46","slug":"le-decodeur-des-gestes-pochejoseph-messingerfirst-edition","status":"publish","type":"product","link":"https:\/\/atypique.brunotarhan.fr\/index.php\/produit\/le-decodeur-des-gestes-pochejoseph-messingerfirst-edition\/","title":{"rendered":"Le D\u00e9codeur des Gestes &#8211; Poche\nJoseph Messinger\nFirst \u00e9dition"},"content":{"rendered":"<p>Ce petit livre, v\u00e9ritable d\u00e9codeur gestuel, propose de vous former \u00e0 ce langage particulier en (re)visitant chaque refrain variable ou alternatif (comme le croisement des jambes, par exemple) ou invariable (comme le croisement des bras). Soit, 100 gestes et attitudes g\u00e9n\u00e9riques du quotidien. Savoir \u00e0 quoi correspondent certains gestes ou certaines postures g\u00e9n\u00e9riques est une vraie richesse relationnelle.<br \/>\nElle vous permettra de communiquer en connaissance de cause, de d\u00e9crypter le degr\u00e9 de sinc\u00e9rit\u00e9 de vos interlocuteurs (de vos vrais faux amis ou de vos ennemis irr\u00e9ductibles) ou de prendre vos distances par rapport aux manipulateurs\/harceleurs qui vous g\u00e2chent l&#8217;existence.<\/p>\n","protected":false},"excerpt":{"rendered":"<p>Ce petit livre, v\u00e9ritable d\u00e9codeur gestuel, propose de vous former \u00e0 ce langage particulier en (re)visitant chaque refrain variable ou alternatif (comme\u2026<\/p>\n","protected":false},"featured_media":15833,"comment_status":"open","ping_status":"closed","template":"","meta":[],"product_cat":[93,294],"product_tag":[488,489,487,486,342],"class_list":["post-16082","product","type-product","status-publish","has-post-thumbnail","hentry","product_cat-librairie","product_cat-vie-pratique","product_tag-developpement-personnel","product_tag-first-edition","product_tag-joseph-messinger","product_tag-le-decodeur-des-gestes","product_tag-vie-pratique"],"yoast_head":"<!-- This site is optimized with the Yoast SEO plugin v18.0 - https:\/\/yoast.com\/wordpress\/plugins\/seo\/ -->\n<title>Le D\u00e9codeur des Gestes - Poche Joseph Messinger First \u00e9dition - Atypique Concept Store<\/title>\n<meta name=\"robots\" content=\"index, follow, max-snippet:-1, max-image-preview:large, max-video-preview:-1\" \/>\n<link rel=\"canonical\" href=\"https:\/\/atypique.brunotarhan.fr\/index.php\/produit\/le-decodeur-des-gestes-pochejoseph-messingerfirst-edition\/\" \/>\n<meta property=\"og:locale\" content=\"fr_FR\" \/>\n<meta property=\"og:type\" content=\"article\" \/>\n<meta property=\"og:title\" content=\"Le D\u00e9codeur des Gestes - Poche Joseph Messinger First \u00e9dition - Atypique Concept Store\" \/>\n<meta property=\"og:description\" content=\"Ce petit livre, v\u00e9ritable d\u00e9codeur gestuel, propose de vous former \u00e0 ce langage particulier en (re)visitant chaque refrain variable ou alternatif (comme\u2026\" \/>\n<meta property=\"og:url\" content=\"https:\/\/atypique.brunotarhan.fr\/index.php\/produit\/le-decodeur-des-gestes-pochejoseph-messingerfirst-edition\/\" \/>\n<meta property=\"og:site_name\" content=\"Atypique Concept Store\" \/>\n<meta name=\"twitter:card\" content=\"summary_large_image\" \/>\n<meta name=\"twitter:label1\" content=\"Dur\u00e9e de lecture estim\u00e9e\" \/>\n\t<meta name=\"twitter:data1\" content=\"1 minute\" \/>\n<script type=\"application\/ld+json\" class=\"yoast-schema-graph\">{\"@context\":\"https:\/\/schema.org\",\"@graph\":[{\"@type\":\"WebSite\",\"@id\":\"https:\/\/atypique.brunotarhan.fr\/#website\",\"url\":\"https:\/\/atypique.brunotarhan.fr\/\",\"name\":\"Atypique Concept Store\",\"description\":\"Just another WordPress site\",\"potentialAction\":[{\"@type\":\"SearchAction\",\"target\":{\"@type\":\"EntryPoint\",\"urlTemplate\":\"https:\/\/atypique.brunotarhan.fr\/?s={search_term_string}\"},\"query-input\":\"required name=search_term_string\"}],\"inLanguage\":\"fr-FR\"},{\"@type\":\"ImageObject\",\"@id\":\"https:\/\/atypique.brunotarhan.fr\/index.php\/produit\/le-decodeur-des-gestes-pochejoseph-messingerfirst-edition\/#primaryimage\",\"inLanguage\":\"fr-FR\",\"url\":\"https:\/\/atypique.brunotarhan.fr\/wp-content\/uploads\/2022\/04\/le-decodeur-des-gestes.webp\",\"contentUrl\":\"https:\/\/atypique.brunotarhan.fr\/wp-content\/uploads\/2022\/04\/le-decodeur-des-gestes.webp\",\"width\":354,\"height\":500},{\"@type\":\"WebPage\",\"@id\":\"https:\/\/atypique.brunotarhan.fr\/index.php\/produit\/le-decodeur-des-gestes-pochejoseph-messingerfirst-edition\/#webpage\",\"url\":\"https:\/\/atypique.brunotarhan.fr\/index.php\/produit\/le-decodeur-des-gestes-pochejoseph-messingerfirst-edition\/\",\"name\":\"Le D\u00e9codeur des Gestes - Poche Joseph Messinger First \u00e9dition - Atypique Concept Store\",\"isPartOf\":{\"@id\":\"https:\/\/atypique.brunotarhan.fr\/#website\"},\"primaryImageOfPage\":{\"@id\":\"https:\/\/atypique.brunotarhan.fr\/index.php\/produit\/le-decodeur-des-gestes-pochejoseph-messingerfirst-edition\/#primaryimage\"},\"datePublished\":\"2022-04-25T22:47:46+00:00\",\"dateModified\":\"2022-04-25T22:47:46+00:00\",\"breadcrumb\":{\"@id\":\"https:\/\/atypique.brunotarhan.fr\/index.php\/produit\/le-decodeur-des-gestes-pochejoseph-messingerfirst-edition\/#breadcrumb\"},\"inLanguage\":\"fr-FR\",\"potentialAction\":[{\"@type\":\"ReadAction\",\"target\":[\"https:\/\/atypique.brunotarhan.fr\/index.php\/produit\/le-decodeur-des-gestes-pochejoseph-messingerfirst-edition\/\"]}]},{\"@type\":\"BreadcrumbList\",\"@id\":\"https:\/\/atypique.brunotarhan.fr\/index.php\/produit\/le-decodeur-des-gestes-pochejoseph-messingerfirst-edition\/#breadcrumb\",\"itemListElement\":[{\"@type\":\"ListItem\",\"position\":1,\"name\":\"Accueil\",\"item\":\"https:\/\/atypique.brunotarhan.fr\/\"},{\"@type\":\"ListItem\",\"position\":2,\"name\":\"\"},{\"@type\":\"ListItem\",\"position\":3,\"name\":\"Le D\u00e9codeur des Gestes &#8211; Poche Joseph Messinger First \u00e9dition\"}]}]}<\/script>\n<!-- \/ Yoast SEO plugin. -->","yoast_head_json":{"title":"Le D\u00e9codeur des Gestes - Poche Joseph Messinger First \u00e9dition - Atypique Concept Store","robots":{"index":"index","follow":"follow","max-snippet":"max-snippet:-1","max-image-preview":"max-image-preview:large","max-video-preview":"max-video-preview:-1"},"canonical":"https:\/\/atypique.brunotarhan.fr\/index.php\/produit\/le-decodeur-des-gestes-pochejoseph-messingerfirst-edition\/","og_locale":"fr_FR","og_type":"article","og_title":"Le D\u00e9codeur des Gestes - Poche Joseph Messinger First \u00e9dition - Atypique Concept Store","og_description":"Ce petit livre, v\u00e9ritable d\u00e9codeur gestuel, propose de vous former \u00e0 ce langage particulier en (re)visitant chaque refrain variable ou alternatif (comme\u2026","og_url":"https:\/\/atypique.brunotarhan.fr\/index.php\/produit\/le-decodeur-des-gestes-pochejoseph-messingerfirst-edition\/","og_site_name":"Atypique Concept Store","twitter_card":"summary_large_image","twitter_misc":{"Dur\u00e9e de lecture estim\u00e9e":"1 minute"},"schema":{"@context":"https:\/\/schema.org","@graph":[{"@type":"WebSite","@id":"https:\/\/atypique.brunotarhan.fr\/#website","url":"https:\/\/atypique.brunotarhan.fr\/","name":"Atypique Concept Store","description":"Just another WordPress site","potentialAction":[{"@type":"SearchAction","target":{"@type":"EntryPoint","urlTemplate":"https:\/\/atypique.brunotarhan.fr\/?s={search_term_string}"},"query-input":"required name=search_term_string"}],"inLanguage":"fr-FR"},{"@type":"ImageObject","@id":"https:\/\/atypique.brunotarhan.fr\/index.php\/produit\/le-decodeur-des-gestes-pochejoseph-messingerfirst-edition\/#primaryimage","inLanguage":"fr-FR","url":"https:\/\/atypique.brunotarhan.fr\/wp-content\/uploads\/2022\/04\/le-decodeur-des-gestes.webp","contentUrl":"https:\/\/atypique.brunotarhan.fr\/wp-content\/uploads\/2022\/04\/le-decodeur-des-gestes.webp","width":354,"height":500},{"@type":"WebPage","@id":"https:\/\/atypique.brunotarhan.fr\/index.php\/produit\/le-decodeur-des-gestes-pochejoseph-messingerfirst-edition\/#webpage","url":"https:\/\/atypique.brunotarhan.fr\/index.php\/produit\/le-decodeur-des-gestes-pochejoseph-messingerfirst-edition\/","name":"Le D\u00e9codeur des Gestes - Poche Joseph Messinger First \u00e9dition - Atypique Concept Store","isPartOf":{"@id":"https:\/\/atypique.brunotarhan.fr\/#website"},"primaryImageOfPage":{"@id":"https:\/\/atypique.brunotarhan.fr\/index.php\/produit\/le-decodeur-des-gestes-pochejoseph-messingerfirst-edition\/#primaryimage"},"datePublished":"2022-04-25T22:47:46+00:00","dateModified":"2022-04-25T22:47:46+00:00","breadcrumb":{"@id":"https:\/\/atypique.brunotarhan.fr\/index.php\/produit\/le-decodeur-des-gestes-pochejoseph-messingerfirst-edition\/#breadcrumb"},"inLanguage":"fr-FR","potentialAction":[{"@type":"ReadAction","target":["https:\/\/atypique.brunotarhan.fr\/index.php\/produit\/le-decodeur-des-gestes-pochejoseph-messingerfirst-edition\/"]}]},{"@type":"BreadcrumbList","@id":"https:\/\/atypique.brunotarhan.fr\/index.php\/produit\/le-decodeur-des-gestes-pochejoseph-messingerfirst-edition\/#breadcrumb","itemListElement":[{"@type":"ListItem","position":1,"name":"Accueil","item":"https:\/\/atypique.brunotarhan.fr\/"},{"@type":"ListItem","position":2,"name":""},{"@type":"ListItem","position":3,"name":"Le D\u00e9codeur des Gestes &#8211; Poche Joseph Messinger First \u00e9dition"}]}]}},"_links":{"self":[{"href":"https:\/\/atypique.brunotarhan.fr\/index.php\/wp-json\/wp\/v2\/product\/16082","targetHints":{"allow":["GET"]}}],"collection":[{"href":"https:\/\/atypique.brunotarhan.fr\/index.php\/wp-json\/wp\/v2\/product"}],"about":[{"href":"https:\/\/atypique.brunotarhan.fr\/index.php\/wp-json\/wp\/v2\/types\/product"}],"replies":[{"embeddable":true,"href":"https:\/\/atypique.brunotarhan.fr\/index.php\/wp-json\/wp\/v2\/comments?post=16082"}],"wp:featuredmedia":[{"embeddable":true,"href":"https:\/\/atypique.brunotarhan.fr\/index.php\/wp-json\/wp\/v2\/media\/15833"}],"wp:attachment":[{"href":"https:\/\/atypique.brunotarhan.fr\/index.php\/wp-json\/wp\/v2\/media?parent=16082"}],"wp:term":[{"taxonomy":"product_cat","embeddable":true,"href":"https:\/\/atypique.brunotarhan.fr\/index.php\/wp-json\/wp\/v2\/product_cat?post=16082"},{"taxonomy":"product_tag","embeddable":true,"href":"https:\/\/atypique.brunotarhan.fr\/index.php\/wp-json\/wp\/v2\/product_tag?post=16082"}],"curies":[{"name":"wp","href":"https:\/\/api.w.org\/{rel}","templated":true}]}}