{"id":16081,"date":"2022-04-25T22:47:46","date_gmt":"2022-04-25T22:47:46","guid":{"rendered":"https:\/\/atypique.brunotarhan.fr\/index.php\/produit\/9-tome-2-pochele-crepuscule-des-fauvesmarc-levypocket\/"},"modified":"2022-04-25T22:47:46","modified_gmt":"2022-04-25T22:47:46","slug":"9-tome-2-pochele-crepuscule-des-fauvesmarc-levypocket","status":"publish","type":"product","link":"https:\/\/atypique.brunotarhan.fr\/index.php\/produit\/9-tome-2-pochele-crepuscule-des-fauvesmarc-levypocket\/","title":{"rendered":"9 Tome 2 &#8211; Poche\nLe cr\u00e9puscule des fauves\nMarc Levy\nPocket"},"content":{"rendered":"<p>Maya a disparu. Une course contre la montre s&#8217;engage sur le terrain pour les hackeurs du Groupe 9 qui cherchent \u00e0 d\u00e9jouer la conspiration des fauves. Les fauves, une poign\u00e9e de puissants qui s&#8217;attaquent \u00e0 nos libert\u00e9s. Leur plan : cr\u00e9er le chaos, s&#8217;approprier toutes les richesses et r\u00e9gner sans limites. Mais qui est 9 ?<\/p>\n","protected":false},"excerpt":{"rendered":"<p>Maya a disparu. Une course contre la montre s&#8217;engage sur le terrain pour les hackeurs du Groupe 9 qui cherchent \u00e0 d\u00e9jouer la conspiration des fauves\u2026<\/p>\n","protected":false},"featured_media":15832,"comment_status":"open","ping_status":"closed","template":"","meta":[],"product_cat":[93,204],"product_tag":[482,483,484,485,183,239,208],"class_list":["post-16081","product","type-product","status-publish","has-post-thumbnail","hentry","product_cat-librairie","product_cat-polars-thrillers","product_tag-9-tome-2","product_tag-le-crepuscule-des-fauves","product_tag-marc-levy","product_tag-pauline-leveque","product_tag-poche","product_tag-pocket","product_tag-thriller"],"yoast_head":"<!-- This site is optimized with the Yoast SEO plugin v18.0 - https:\/\/yoast.com\/wordpress\/plugins\/seo\/ -->\n<title>9 Tome 2 - Poche Le cr\u00e9puscule des fauves Marc Levy Pocket - Atypique Concept Store<\/title>\n<meta name=\"robots\" content=\"index, follow, max-snippet:-1, max-image-preview:large, max-video-preview:-1\" \/>\n<link rel=\"canonical\" href=\"https:\/\/atypique.brunotarhan.fr\/index.php\/produit\/9-tome-2-pochele-crepuscule-des-fauvesmarc-levypocket\/\" \/>\n<meta property=\"og:locale\" content=\"fr_FR\" \/>\n<meta property=\"og:type\" content=\"article\" \/>\n<meta property=\"og:title\" content=\"9 Tome 2 - Poche Le cr\u00e9puscule des fauves Marc Levy Pocket - Atypique Concept Store\" \/>\n<meta property=\"og:description\" content=\"Maya a disparu. Une course contre la montre s&#039;engage sur le terrain pour les hackeurs du Groupe 9 qui cherchent \u00e0 d\u00e9jouer la conspiration des fauves\u2026\" \/>\n<meta property=\"og:url\" content=\"https:\/\/atypique.brunotarhan.fr\/index.php\/produit\/9-tome-2-pochele-crepuscule-des-fauvesmarc-levypocket\/\" \/>\n<meta property=\"og:site_name\" content=\"Atypique Concept Store\" \/>\n<meta name=\"twitter:card\" content=\"summary_large_image\" \/>\n<script type=\"application\/ld+json\" class=\"yoast-schema-graph\">{\"@context\":\"https:\/\/schema.org\",\"@graph\":[{\"@type\":\"WebSite\",\"@id\":\"https:\/\/atypique.brunotarhan.fr\/#website\",\"url\":\"https:\/\/atypique.brunotarhan.fr\/\",\"name\":\"Atypique Concept Store\",\"description\":\"Just another WordPress site\",\"potentialAction\":[{\"@type\":\"SearchAction\",\"target\":{\"@type\":\"EntryPoint\",\"urlTemplate\":\"https:\/\/atypique.brunotarhan.fr\/?s={search_term_string}\"},\"query-input\":\"required name=search_term_string\"}],\"inLanguage\":\"fr-FR\"},{\"@type\":\"ImageObject\",\"@id\":\"https:\/\/atypique.brunotarhan.fr\/index.php\/produit\/9-tome-2-pochele-crepuscule-des-fauvesmarc-levypocket\/#primaryimage\",\"inLanguage\":\"fr-FR\",\"url\":\"https:\/\/atypique.brunotarhan.fr\/wp-content\/uploads\/2022\/04\/le-crepuscule-des-fauves.webp\",\"contentUrl\":\"https:\/\/atypique.brunotarhan.fr\/wp-content\/uploads\/2022\/04\/le-crepuscule-des-fauves.webp\",\"width\":305,\"height\":500},{\"@type\":\"WebPage\",\"@id\":\"https:\/\/atypique.brunotarhan.fr\/index.php\/produit\/9-tome-2-pochele-crepuscule-des-fauvesmarc-levypocket\/#webpage\",\"url\":\"https:\/\/atypique.brunotarhan.fr\/index.php\/produit\/9-tome-2-pochele-crepuscule-des-fauvesmarc-levypocket\/\",\"name\":\"9 Tome 2 - Poche Le cr\u00e9puscule des fauves Marc Levy Pocket - Atypique Concept Store\",\"isPartOf\":{\"@id\":\"https:\/\/atypique.brunotarhan.fr\/#website\"},\"primaryImageOfPage\":{\"@id\":\"https:\/\/atypique.brunotarhan.fr\/index.php\/produit\/9-tome-2-pochele-crepuscule-des-fauvesmarc-levypocket\/#primaryimage\"},\"datePublished\":\"2022-04-25T22:47:46+00:00\",\"dateModified\":\"2022-04-25T22:47:46+00:00\",\"breadcrumb\":{\"@id\":\"https:\/\/atypique.brunotarhan.fr\/index.php\/produit\/9-tome-2-pochele-crepuscule-des-fauvesmarc-levypocket\/#breadcrumb\"},\"inLanguage\":\"fr-FR\",\"potentialAction\":[{\"@type\":\"ReadAction\",\"target\":[\"https:\/\/atypique.brunotarhan.fr\/index.php\/produit\/9-tome-2-pochele-crepuscule-des-fauvesmarc-levypocket\/\"]}]},{\"@type\":\"BreadcrumbList\",\"@id\":\"https:\/\/atypique.brunotarhan.fr\/index.php\/produit\/9-tome-2-pochele-crepuscule-des-fauvesmarc-levypocket\/#breadcrumb\",\"itemListElement\":[{\"@type\":\"ListItem\",\"position\":1,\"name\":\"Accueil\",\"item\":\"https:\/\/atypique.brunotarhan.fr\/\"},{\"@type\":\"ListItem\",\"position\":2,\"name\":\"\"},{\"@type\":\"ListItem\",\"position\":3,\"name\":\"9 Tome 2 &#8211; Poche Le cr\u00e9puscule des fauves Marc Levy Pocket\"}]}]}<\/script>\n<!-- \/ Yoast SEO plugin. -->","yoast_head_json":{"title":"9 Tome 2 - Poche Le cr\u00e9puscule des fauves Marc Levy Pocket - Atypique Concept Store","robots":{"index":"index","follow":"follow","max-snippet":"max-snippet:-1","max-image-preview":"max-image-preview:large","max-video-preview":"max-video-preview:-1"},"canonical":"https:\/\/atypique.brunotarhan.fr\/index.php\/produit\/9-tome-2-pochele-crepuscule-des-fauvesmarc-levypocket\/","og_locale":"fr_FR","og_type":"article","og_title":"9 Tome 2 - Poche Le cr\u00e9puscule des fauves Marc Levy Pocket - Atypique Concept Store","og_description":"Maya a disparu. Une course contre la montre s'engage sur le terrain pour les hackeurs du Groupe 9 qui cherchent \u00e0 d\u00e9jouer la conspiration des fauves\u2026","og_url":"https:\/\/atypique.brunotarhan.fr\/index.php\/produit\/9-tome-2-pochele-crepuscule-des-fauvesmarc-levypocket\/","og_site_name":"Atypique Concept Store","twitter_card":"summary_large_image","schema":{"@context":"https:\/\/schema.org","@graph":[{"@type":"WebSite","@id":"https:\/\/atypique.brunotarhan.fr\/#website","url":"https:\/\/atypique.brunotarhan.fr\/","name":"Atypique Concept Store","description":"Just another WordPress site","potentialAction":[{"@type":"SearchAction","target":{"@type":"EntryPoint","urlTemplate":"https:\/\/atypique.brunotarhan.fr\/?s={search_term_string}"},"query-input":"required name=search_term_string"}],"inLanguage":"fr-FR"},{"@type":"ImageObject","@id":"https:\/\/atypique.brunotarhan.fr\/index.php\/produit\/9-tome-2-pochele-crepuscule-des-fauvesmarc-levypocket\/#primaryimage","inLanguage":"fr-FR","url":"https:\/\/atypique.brunotarhan.fr\/wp-content\/uploads\/2022\/04\/le-crepuscule-des-fauves.webp","contentUrl":"https:\/\/atypique.brunotarhan.fr\/wp-content\/uploads\/2022\/04\/le-crepuscule-des-fauves.webp","width":305,"height":500},{"@type":"WebPage","@id":"https:\/\/atypique.brunotarhan.fr\/index.php\/produit\/9-tome-2-pochele-crepuscule-des-fauvesmarc-levypocket\/#webpage","url":"https:\/\/atypique.brunotarhan.fr\/index.php\/produit\/9-tome-2-pochele-crepuscule-des-fauvesmarc-levypocket\/","name":"9 Tome 2 - Poche Le cr\u00e9puscule des fauves Marc Levy Pocket - Atypique Concept Store","isPartOf":{"@id":"https:\/\/atypique.brunotarhan.fr\/#website"},"primaryImageOfPage":{"@id":"https:\/\/atypique.brunotarhan.fr\/index.php\/produit\/9-tome-2-pochele-crepuscule-des-fauvesmarc-levypocket\/#primaryimage"},"datePublished":"2022-04-25T22:47:46+00:00","dateModified":"2022-04-25T22:47:46+00:00","breadcrumb":{"@id":"https:\/\/atypique.brunotarhan.fr\/index.php\/produit\/9-tome-2-pochele-crepuscule-des-fauvesmarc-levypocket\/#breadcrumb"},"inLanguage":"fr-FR","potentialAction":[{"@type":"ReadAction","target":["https:\/\/atypique.brunotarhan.fr\/index.php\/produit\/9-tome-2-pochele-crepuscule-des-fauvesmarc-levypocket\/"]}]},{"@type":"BreadcrumbList","@id":"https:\/\/atypique.brunotarhan.fr\/index.php\/produit\/9-tome-2-pochele-crepuscule-des-fauvesmarc-levypocket\/#breadcrumb","itemListElement":[{"@type":"ListItem","position":1,"name":"Accueil","item":"https:\/\/atypique.brunotarhan.fr\/"},{"@type":"ListItem","position":2,"name":""},{"@type":"ListItem","position":3,"name":"9 Tome 2 &#8211; Poche Le cr\u00e9puscule des fauves Marc Levy Pocket"}]}]}},"_links":{"self":[{"href":"https:\/\/atypique.brunotarhan.fr\/index.php\/wp-json\/wp\/v2\/product\/16081","targetHints":{"allow":["GET"]}}],"collection":[{"href":"https:\/\/atypique.brunotarhan.fr\/index.php\/wp-json\/wp\/v2\/product"}],"about":[{"href":"https:\/\/atypique.brunotarhan.fr\/index.php\/wp-json\/wp\/v2\/types\/product"}],"replies":[{"embeddable":true,"href":"https:\/\/atypique.brunotarhan.fr\/index.php\/wp-json\/wp\/v2\/comments?post=16081"}],"wp:featuredmedia":[{"embeddable":true,"href":"https:\/\/atypique.brunotarhan.fr\/index.php\/wp-json\/wp\/v2\/media\/15832"}],"wp:attachment":[{"href":"https:\/\/atypique.brunotarhan.fr\/index.php\/wp-json\/wp\/v2\/media?parent=16081"}],"wp:term":[{"taxonomy":"product_cat","embeddable":true,"href":"https:\/\/atypique.brunotarhan.fr\/index.php\/wp-json\/wp\/v2\/product_cat?post=16081"},{"taxonomy":"product_tag","embeddable":true,"href":"https:\/\/atypique.brunotarhan.fr\/index.php\/wp-json\/wp\/v2\/product_tag?post=16081"}],"curies":[{"name":"wp","href":"https:\/\/api.w.org\/{rel}","templated":true}]}}