{"id":16080,"date":"2022-04-25T22:47:45","date_gmt":"2022-04-25T22:47:45","guid":{"rendered":"https:\/\/atypique.brunotarhan.fr\/index.php\/produit\/le-club-des-cinq-tome-21-pochele-club-des-cinq-en-embuscadeenid-blytonauren-illustrateurhachette-jeunesse\/"},"modified":"2022-04-25T22:47:45","modified_gmt":"2022-04-25T22:47:45","slug":"le-club-des-cinq-tome-21-pochele-club-des-cinq-en-embuscadeenid-blytonauren-illustrateurhachette-jeunesse","status":"publish","type":"product","link":"https:\/\/atypique.brunotarhan.fr\/index.php\/produit\/le-club-des-cinq-tome-21-pochele-club-des-cinq-en-embuscadeenid-blytonauren-illustrateurhachette-jeunesse\/","title":{"rendered":"Le Club des Cinq Tome 21 &#8211; Poche\nLe Club des Cinq en embuscade\nEnid Blyton\nAuren (Illustrateur)\nHachette jeunesse"},"content":{"rendered":"<p>Cet \u00e9t\u00e9, les Cinq s\u00e9journent chez leur ami Pilou et son p\u00e8re, le professeur Lagarde. Mais ils sont \u00e0 peine arriv\u00e9s que l&#8217;ambiance tourne au vinaigre. La maison manque de matelas, et le professeur se montre aussi distrait que bougon. Pire, ses plans secrets disparaissent en pleine nuit. Bien d\u00e9cid\u00e9s \u00e0 d\u00e9masquer le voleur, les Cinq d\u00e9cident de tendre une embuscade&#8230;<\/p>\n","protected":false},"excerpt":{"rendered":"<p>Cet \u00e9t\u00e9, les Cinq s\u00e9journent chez leur ami Pilou et son p\u00e8re, le professeur Lagarde. Mais ils sont \u00e0 peine arriv\u00e9s que l&#8217;ambiance tourne au vinaigre\u2026<\/p>\n","protected":false},"featured_media":15830,"comment_status":"open","ping_status":"closed","template":"","meta":[],"product_cat":[93,327],"product_tag":[478,477,479,475,481,480,353],"class_list":["post-16080","product","type-product","status-publish","has-post-thumbnail","hentry","product_cat-librairie","product_cat-livres-adolescents","product_tag-bibliotheque-verte","product_tag-enid-blyton","product_tag-hachette-jeunesse","product_tag-le-club-des-cinq","product_tag-le-club-des-cinq-en-embuscade","product_tag-livre-adolescent","product_tag-livre-enfant"],"yoast_head":"<!-- This site is optimized with the Yoast SEO plugin v18.0 - https:\/\/yoast.com\/wordpress\/plugins\/seo\/ -->\n<title>Le Club des Cinq Tome 21 - Poche Le Club des Cinq en embuscade Enid Blyton Auren (Illustrateur) Hachette jeunesse - Atypique Concept Store<\/title>\n<meta name=\"robots\" content=\"index, follow, max-snippet:-1, max-image-preview:large, max-video-preview:-1\" \/>\n<link rel=\"canonical\" href=\"https:\/\/atypique.brunotarhan.fr\/index.php\/produit\/le-club-des-cinq-tome-21-pochele-club-des-cinq-en-embuscadeenid-blytonauren-illustrateurhachette-jeunesse\/\" \/>\n<meta property=\"og:locale\" content=\"fr_FR\" \/>\n<meta property=\"og:type\" content=\"article\" \/>\n<meta property=\"og:title\" content=\"Le Club des Cinq Tome 21 - Poche Le Club des Cinq en embuscade Enid Blyton Auren (Illustrateur) Hachette jeunesse - Atypique Concept Store\" \/>\n<meta property=\"og:description\" content=\"Cet \u00e9t\u00e9, les Cinq s\u00e9journent chez leur ami Pilou et son p\u00e8re, le professeur Lagarde. Mais ils sont \u00e0 peine arriv\u00e9s que l&#039;ambiance tourne au vinaigre\u2026\" \/>\n<meta property=\"og:url\" content=\"https:\/\/atypique.brunotarhan.fr\/index.php\/produit\/le-club-des-cinq-tome-21-pochele-club-des-cinq-en-embuscadeenid-blytonauren-illustrateurhachette-jeunesse\/\" \/>\n<meta property=\"og:site_name\" content=\"Atypique Concept Store\" \/>\n<meta name=\"twitter:card\" content=\"summary_large_image\" \/>\n<script type=\"application\/ld+json\" class=\"yoast-schema-graph\">{\"@context\":\"https:\/\/schema.org\",\"@graph\":[{\"@type\":\"WebSite\",\"@id\":\"https:\/\/atypique.brunotarhan.fr\/#website\",\"url\":\"https:\/\/atypique.brunotarhan.fr\/\",\"name\":\"Atypique Concept Store\",\"description\":\"Just another WordPress site\",\"potentialAction\":[{\"@type\":\"SearchAction\",\"target\":{\"@type\":\"EntryPoint\",\"urlTemplate\":\"https:\/\/atypique.brunotarhan.fr\/?s={search_term_string}\"},\"query-input\":\"required name=search_term_string\"}],\"inLanguage\":\"fr-FR\"},{\"@type\":\"ImageObject\",\"@id\":\"https:\/\/atypique.brunotarhan.fr\/index.php\/produit\/le-club-des-cinq-tome-21-pochele-club-des-cinq-en-embuscadeenid-blytonauren-illustrateurhachette-jeunesse\/#primaryimage\",\"inLanguage\":\"fr-FR\",\"url\":\"https:\/\/atypique.brunotarhan.fr\/wp-content\/uploads\/2022\/04\/le-club-des-5-t21.webp\",\"contentUrl\":\"https:\/\/atypique.brunotarhan.fr\/wp-content\/uploads\/2022\/04\/le-club-des-5-t21.webp\",\"width\":352,\"height\":500},{\"@type\":\"WebPage\",\"@id\":\"https:\/\/atypique.brunotarhan.fr\/index.php\/produit\/le-club-des-cinq-tome-21-pochele-club-des-cinq-en-embuscadeenid-blytonauren-illustrateurhachette-jeunesse\/#webpage\",\"url\":\"https:\/\/atypique.brunotarhan.fr\/index.php\/produit\/le-club-des-cinq-tome-21-pochele-club-des-cinq-en-embuscadeenid-blytonauren-illustrateurhachette-jeunesse\/\",\"name\":\"Le Club des Cinq Tome 21 - Poche Le Club des Cinq en embuscade Enid Blyton Auren (Illustrateur) Hachette jeunesse - Atypique Concept Store\",\"isPartOf\":{\"@id\":\"https:\/\/atypique.brunotarhan.fr\/#website\"},\"primaryImageOfPage\":{\"@id\":\"https:\/\/atypique.brunotarhan.fr\/index.php\/produit\/le-club-des-cinq-tome-21-pochele-club-des-cinq-en-embuscadeenid-blytonauren-illustrateurhachette-jeunesse\/#primaryimage\"},\"datePublished\":\"2022-04-25T22:47:45+00:00\",\"dateModified\":\"2022-04-25T22:47:45+00:00\",\"breadcrumb\":{\"@id\":\"https:\/\/atypique.brunotarhan.fr\/index.php\/produit\/le-club-des-cinq-tome-21-pochele-club-des-cinq-en-embuscadeenid-blytonauren-illustrateurhachette-jeunesse\/#breadcrumb\"},\"inLanguage\":\"fr-FR\",\"potentialAction\":[{\"@type\":\"ReadAction\",\"target\":[\"https:\/\/atypique.brunotarhan.fr\/index.php\/produit\/le-club-des-cinq-tome-21-pochele-club-des-cinq-en-embuscadeenid-blytonauren-illustrateurhachette-jeunesse\/\"]}]},{\"@type\":\"BreadcrumbList\",\"@id\":\"https:\/\/atypique.brunotarhan.fr\/index.php\/produit\/le-club-des-cinq-tome-21-pochele-club-des-cinq-en-embuscadeenid-blytonauren-illustrateurhachette-jeunesse\/#breadcrumb\",\"itemListElement\":[{\"@type\":\"ListItem\",\"position\":1,\"name\":\"Accueil\",\"item\":\"https:\/\/atypique.brunotarhan.fr\/\"},{\"@type\":\"ListItem\",\"position\":2,\"name\":\"\"},{\"@type\":\"ListItem\",\"position\":3,\"name\":\"Le Club des Cinq Tome 21 &#8211; Poche Le Club des Cinq en embuscade Enid Blyton Auren (Illustrateur) Hachette jeunesse\"}]}]}<\/script>\n<!-- \/ Yoast SEO plugin. -->","yoast_head_json":{"title":"Le Club des Cinq Tome 21 - Poche Le Club des Cinq en embuscade Enid Blyton Auren (Illustrateur) Hachette jeunesse - Atypique Concept Store","robots":{"index":"index","follow":"follow","max-snippet":"max-snippet:-1","max-image-preview":"max-image-preview:large","max-video-preview":"max-video-preview:-1"},"canonical":"https:\/\/atypique.brunotarhan.fr\/index.php\/produit\/le-club-des-cinq-tome-21-pochele-club-des-cinq-en-embuscadeenid-blytonauren-illustrateurhachette-jeunesse\/","og_locale":"fr_FR","og_type":"article","og_title":"Le Club des Cinq Tome 21 - Poche Le Club des Cinq en embuscade Enid Blyton Auren (Illustrateur) Hachette jeunesse - Atypique Concept Store","og_description":"Cet \u00e9t\u00e9, les Cinq s\u00e9journent chez leur ami Pilou et son p\u00e8re, le professeur Lagarde. Mais ils sont \u00e0 peine arriv\u00e9s que l'ambiance tourne au vinaigre\u2026","og_url":"https:\/\/atypique.brunotarhan.fr\/index.php\/produit\/le-club-des-cinq-tome-21-pochele-club-des-cinq-en-embuscadeenid-blytonauren-illustrateurhachette-jeunesse\/","og_site_name":"Atypique Concept Store","twitter_card":"summary_large_image","schema":{"@context":"https:\/\/schema.org","@graph":[{"@type":"WebSite","@id":"https:\/\/atypique.brunotarhan.fr\/#website","url":"https:\/\/atypique.brunotarhan.fr\/","name":"Atypique Concept Store","description":"Just another WordPress site","potentialAction":[{"@type":"SearchAction","target":{"@type":"EntryPoint","urlTemplate":"https:\/\/atypique.brunotarhan.fr\/?s={search_term_string}"},"query-input":"required name=search_term_string"}],"inLanguage":"fr-FR"},{"@type":"ImageObject","@id":"https:\/\/atypique.brunotarhan.fr\/index.php\/produit\/le-club-des-cinq-tome-21-pochele-club-des-cinq-en-embuscadeenid-blytonauren-illustrateurhachette-jeunesse\/#primaryimage","inLanguage":"fr-FR","url":"https:\/\/atypique.brunotarhan.fr\/wp-content\/uploads\/2022\/04\/le-club-des-5-t21.webp","contentUrl":"https:\/\/atypique.brunotarhan.fr\/wp-content\/uploads\/2022\/04\/le-club-des-5-t21.webp","width":352,"height":500},{"@type":"WebPage","@id":"https:\/\/atypique.brunotarhan.fr\/index.php\/produit\/le-club-des-cinq-tome-21-pochele-club-des-cinq-en-embuscadeenid-blytonauren-illustrateurhachette-jeunesse\/#webpage","url":"https:\/\/atypique.brunotarhan.fr\/index.php\/produit\/le-club-des-cinq-tome-21-pochele-club-des-cinq-en-embuscadeenid-blytonauren-illustrateurhachette-jeunesse\/","name":"Le Club des Cinq Tome 21 - Poche Le Club des Cinq en embuscade Enid Blyton Auren (Illustrateur) Hachette jeunesse - Atypique Concept Store","isPartOf":{"@id":"https:\/\/atypique.brunotarhan.fr\/#website"},"primaryImageOfPage":{"@id":"https:\/\/atypique.brunotarhan.fr\/index.php\/produit\/le-club-des-cinq-tome-21-pochele-club-des-cinq-en-embuscadeenid-blytonauren-illustrateurhachette-jeunesse\/#primaryimage"},"datePublished":"2022-04-25T22:47:45+00:00","dateModified":"2022-04-25T22:47:45+00:00","breadcrumb":{"@id":"https:\/\/atypique.brunotarhan.fr\/index.php\/produit\/le-club-des-cinq-tome-21-pochele-club-des-cinq-en-embuscadeenid-blytonauren-illustrateurhachette-jeunesse\/#breadcrumb"},"inLanguage":"fr-FR","potentialAction":[{"@type":"ReadAction","target":["https:\/\/atypique.brunotarhan.fr\/index.php\/produit\/le-club-des-cinq-tome-21-pochele-club-des-cinq-en-embuscadeenid-blytonauren-illustrateurhachette-jeunesse\/"]}]},{"@type":"BreadcrumbList","@id":"https:\/\/atypique.brunotarhan.fr\/index.php\/produit\/le-club-des-cinq-tome-21-pochele-club-des-cinq-en-embuscadeenid-blytonauren-illustrateurhachette-jeunesse\/#breadcrumb","itemListElement":[{"@type":"ListItem","position":1,"name":"Accueil","item":"https:\/\/atypique.brunotarhan.fr\/"},{"@type":"ListItem","position":2,"name":""},{"@type":"ListItem","position":3,"name":"Le Club des Cinq Tome 21 &#8211; Poche Le Club des Cinq en embuscade Enid Blyton Auren (Illustrateur) Hachette jeunesse"}]}]}},"_links":{"self":[{"href":"https:\/\/atypique.brunotarhan.fr\/index.php\/wp-json\/wp\/v2\/product\/16080","targetHints":{"allow":["GET"]}}],"collection":[{"href":"https:\/\/atypique.brunotarhan.fr\/index.php\/wp-json\/wp\/v2\/product"}],"about":[{"href":"https:\/\/atypique.brunotarhan.fr\/index.php\/wp-json\/wp\/v2\/types\/product"}],"replies":[{"embeddable":true,"href":"https:\/\/atypique.brunotarhan.fr\/index.php\/wp-json\/wp\/v2\/comments?post=16080"}],"wp:featuredmedia":[{"embeddable":true,"href":"https:\/\/atypique.brunotarhan.fr\/index.php\/wp-json\/wp\/v2\/media\/15830"}],"wp:attachment":[{"href":"https:\/\/atypique.brunotarhan.fr\/index.php\/wp-json\/wp\/v2\/media?parent=16080"}],"wp:term":[{"taxonomy":"product_cat","embeddable":true,"href":"https:\/\/atypique.brunotarhan.fr\/index.php\/wp-json\/wp\/v2\/product_cat?post=16080"},{"taxonomy":"product_tag","embeddable":true,"href":"https:\/\/atypique.brunotarhan.fr\/index.php\/wp-json\/wp\/v2\/product_tag?post=16080"}],"curies":[{"name":"wp","href":"https:\/\/api.w.org\/{rel}","templated":true}]}}