{"id":16078,"date":"2022-04-25T22:47:45","date_gmt":"2022-04-25T22:47:45","guid":{"rendered":"https:\/\/atypique.brunotarhan.fr\/index.php\/produit\/le-cas-nelson-kerr-grand-formatjohn-grishamjc-lattes\/"},"modified":"2022-04-25T22:47:45","modified_gmt":"2022-04-25T22:47:45","slug":"le-cas-nelson-kerr-grand-formatjohn-grishamjc-lattes","status":"publish","type":"product","link":"https:\/\/atypique.brunotarhan.fr\/index.php\/produit\/le-cas-nelson-kerr-grand-formatjohn-grishamjc-lattes\/","title":{"rendered":"Le cas Nelson Kerr &#8211; Grand Format\nJohn Grisham\nJC Latt\u00e8s"},"content":{"rendered":"<p>Le jour o\u00f9 Bruce Cable, libraire, f\u00eate le retour de Mercer Mann venue pr\u00e9senter son best-seller, le cyclone Leo change de trajectoire et fond sur l&#8217;\u00eele de Camino. La tornade est d\u00e9vastatrice. L&#8217;une des victimes, Nelson Kerr, ami de Bruce, est auteur de thrillers. Mais ses blessures ne semblent pas avoir \u00e9t\u00e9 caus\u00e9es par la temp\u00eate. Qui voudrait la mort de Nelson ? Sur une cl\u00e9 USB, Bruce d\u00e9couvre son nouveau roman.<br \/>\nLe tueur y serait-il d\u00e9sign\u00e9 noir sur blanc ? Alors que Bruce m\u00e8ne l&#8217;enqu\u00eate, il devine une v\u00e9rit\u00e9 plus r\u00e9voltante que toutes celles d\u00e9nonc\u00e9es par Nelson dans ses pr\u00e9c\u00e9dents \u00e9crits &#8211; et bien plus dangereuse. Traduit de l&#8217;anglais (Etats-Unis) par Dominique Defert<\/p>\n","protected":false},"excerpt":{"rendered":"<p>Le jour o\u00f9 Bruce Cable, libraire, f\u00eate le retour de Mercer Mann venue pr\u00e9senter son best-seller, le cyclone Leo change de trajectoire et fond sur l&#8217;\u00eele\u2026<\/p>\n","protected":false},"featured_media":15828,"comment_status":"open","ping_status":"closed","template":"","meta":[],"product_cat":[93,204],"product_tag":[474,473,472,263,208],"class_list":["post-16078","product","type-product","status-publish","has-post-thumbnail","hentry","product_cat-librairie","product_cat-polars-thrillers","product_tag-jc-lattes","product_tag-john-grisham","product_tag-le-cas-nelson-kerr","product_tag-polar","product_tag-thriller"],"yoast_head":"<!-- This site is optimized with the Yoast SEO plugin v18.0 - https:\/\/yoast.com\/wordpress\/plugins\/seo\/ -->\n<title>Le cas Nelson Kerr - Grand Format John Grisham JC Latt\u00e8s - Atypique Concept Store<\/title>\n<meta name=\"robots\" content=\"index, follow, max-snippet:-1, max-image-preview:large, max-video-preview:-1\" \/>\n<link rel=\"canonical\" href=\"https:\/\/atypique.brunotarhan.fr\/index.php\/produit\/le-cas-nelson-kerr-grand-formatjohn-grishamjc-lattes\/\" \/>\n<meta property=\"og:locale\" content=\"fr_FR\" \/>\n<meta property=\"og:type\" content=\"article\" \/>\n<meta property=\"og:title\" content=\"Le cas Nelson Kerr - Grand Format John Grisham JC Latt\u00e8s - Atypique Concept Store\" \/>\n<meta property=\"og:description\" content=\"Le jour o\u00f9 Bruce Cable, libraire, f\u00eate le retour de Mercer Mann venue pr\u00e9senter son best-seller, le cyclone Leo change de trajectoire et fond sur l&#039;\u00eele\u2026\" \/>\n<meta property=\"og:url\" content=\"https:\/\/atypique.brunotarhan.fr\/index.php\/produit\/le-cas-nelson-kerr-grand-formatjohn-grishamjc-lattes\/\" \/>\n<meta property=\"og:site_name\" content=\"Atypique Concept Store\" \/>\n<meta name=\"twitter:card\" content=\"summary_large_image\" \/>\n<meta name=\"twitter:label1\" content=\"Dur\u00e9e de lecture estim\u00e9e\" \/>\n\t<meta name=\"twitter:data1\" content=\"1 minute\" \/>\n<script type=\"application\/ld+json\" class=\"yoast-schema-graph\">{\"@context\":\"https:\/\/schema.org\",\"@graph\":[{\"@type\":\"WebSite\",\"@id\":\"https:\/\/atypique.brunotarhan.fr\/#website\",\"url\":\"https:\/\/atypique.brunotarhan.fr\/\",\"name\":\"Atypique Concept Store\",\"description\":\"Just another WordPress site\",\"potentialAction\":[{\"@type\":\"SearchAction\",\"target\":{\"@type\":\"EntryPoint\",\"urlTemplate\":\"https:\/\/atypique.brunotarhan.fr\/?s={search_term_string}\"},\"query-input\":\"required name=search_term_string\"}],\"inLanguage\":\"fr-FR\"},{\"@type\":\"ImageObject\",\"@id\":\"https:\/\/atypique.brunotarhan.fr\/index.php\/produit\/le-cas-nelson-kerr-grand-formatjohn-grishamjc-lattes\/#primaryimage\",\"inLanguage\":\"fr-FR\",\"url\":\"https:\/\/atypique.brunotarhan.fr\/wp-content\/uploads\/2022\/04\/le-cas-nelson-kerr.webp\",\"contentUrl\":\"https:\/\/atypique.brunotarhan.fr\/wp-content\/uploads\/2022\/04\/le-cas-nelson-kerr.webp\",\"width\":326,\"height\":500},{\"@type\":\"WebPage\",\"@id\":\"https:\/\/atypique.brunotarhan.fr\/index.php\/produit\/le-cas-nelson-kerr-grand-formatjohn-grishamjc-lattes\/#webpage\",\"url\":\"https:\/\/atypique.brunotarhan.fr\/index.php\/produit\/le-cas-nelson-kerr-grand-formatjohn-grishamjc-lattes\/\",\"name\":\"Le cas Nelson Kerr - Grand Format John Grisham JC Latt\u00e8s - Atypique Concept Store\",\"isPartOf\":{\"@id\":\"https:\/\/atypique.brunotarhan.fr\/#website\"},\"primaryImageOfPage\":{\"@id\":\"https:\/\/atypique.brunotarhan.fr\/index.php\/produit\/le-cas-nelson-kerr-grand-formatjohn-grishamjc-lattes\/#primaryimage\"},\"datePublished\":\"2022-04-25T22:47:45+00:00\",\"dateModified\":\"2022-04-25T22:47:45+00:00\",\"breadcrumb\":{\"@id\":\"https:\/\/atypique.brunotarhan.fr\/index.php\/produit\/le-cas-nelson-kerr-grand-formatjohn-grishamjc-lattes\/#breadcrumb\"},\"inLanguage\":\"fr-FR\",\"potentialAction\":[{\"@type\":\"ReadAction\",\"target\":[\"https:\/\/atypique.brunotarhan.fr\/index.php\/produit\/le-cas-nelson-kerr-grand-formatjohn-grishamjc-lattes\/\"]}]},{\"@type\":\"BreadcrumbList\",\"@id\":\"https:\/\/atypique.brunotarhan.fr\/index.php\/produit\/le-cas-nelson-kerr-grand-formatjohn-grishamjc-lattes\/#breadcrumb\",\"itemListElement\":[{\"@type\":\"ListItem\",\"position\":1,\"name\":\"Accueil\",\"item\":\"https:\/\/atypique.brunotarhan.fr\/\"},{\"@type\":\"ListItem\",\"position\":2,\"name\":\"\"},{\"@type\":\"ListItem\",\"position\":3,\"name\":\"Le cas Nelson Kerr &#8211; Grand Format John Grisham JC Latt\u00e8s\"}]}]}<\/script>\n<!-- \/ Yoast SEO plugin. -->","yoast_head_json":{"title":"Le cas Nelson Kerr - Grand Format John Grisham JC Latt\u00e8s - Atypique Concept Store","robots":{"index":"index","follow":"follow","max-snippet":"max-snippet:-1","max-image-preview":"max-image-preview:large","max-video-preview":"max-video-preview:-1"},"canonical":"https:\/\/atypique.brunotarhan.fr\/index.php\/produit\/le-cas-nelson-kerr-grand-formatjohn-grishamjc-lattes\/","og_locale":"fr_FR","og_type":"article","og_title":"Le cas Nelson Kerr - Grand Format John Grisham JC Latt\u00e8s - Atypique Concept Store","og_description":"Le jour o\u00f9 Bruce Cable, libraire, f\u00eate le retour de Mercer Mann venue pr\u00e9senter son best-seller, le cyclone Leo change de trajectoire et fond sur l'\u00eele\u2026","og_url":"https:\/\/atypique.brunotarhan.fr\/index.php\/produit\/le-cas-nelson-kerr-grand-formatjohn-grishamjc-lattes\/","og_site_name":"Atypique Concept Store","twitter_card":"summary_large_image","twitter_misc":{"Dur\u00e9e de lecture estim\u00e9e":"1 minute"},"schema":{"@context":"https:\/\/schema.org","@graph":[{"@type":"WebSite","@id":"https:\/\/atypique.brunotarhan.fr\/#website","url":"https:\/\/atypique.brunotarhan.fr\/","name":"Atypique Concept Store","description":"Just another WordPress site","potentialAction":[{"@type":"SearchAction","target":{"@type":"EntryPoint","urlTemplate":"https:\/\/atypique.brunotarhan.fr\/?s={search_term_string}"},"query-input":"required name=search_term_string"}],"inLanguage":"fr-FR"},{"@type":"ImageObject","@id":"https:\/\/atypique.brunotarhan.fr\/index.php\/produit\/le-cas-nelson-kerr-grand-formatjohn-grishamjc-lattes\/#primaryimage","inLanguage":"fr-FR","url":"https:\/\/atypique.brunotarhan.fr\/wp-content\/uploads\/2022\/04\/le-cas-nelson-kerr.webp","contentUrl":"https:\/\/atypique.brunotarhan.fr\/wp-content\/uploads\/2022\/04\/le-cas-nelson-kerr.webp","width":326,"height":500},{"@type":"WebPage","@id":"https:\/\/atypique.brunotarhan.fr\/index.php\/produit\/le-cas-nelson-kerr-grand-formatjohn-grishamjc-lattes\/#webpage","url":"https:\/\/atypique.brunotarhan.fr\/index.php\/produit\/le-cas-nelson-kerr-grand-formatjohn-grishamjc-lattes\/","name":"Le cas Nelson Kerr - Grand Format John Grisham JC Latt\u00e8s - Atypique Concept Store","isPartOf":{"@id":"https:\/\/atypique.brunotarhan.fr\/#website"},"primaryImageOfPage":{"@id":"https:\/\/atypique.brunotarhan.fr\/index.php\/produit\/le-cas-nelson-kerr-grand-formatjohn-grishamjc-lattes\/#primaryimage"},"datePublished":"2022-04-25T22:47:45+00:00","dateModified":"2022-04-25T22:47:45+00:00","breadcrumb":{"@id":"https:\/\/atypique.brunotarhan.fr\/index.php\/produit\/le-cas-nelson-kerr-grand-formatjohn-grishamjc-lattes\/#breadcrumb"},"inLanguage":"fr-FR","potentialAction":[{"@type":"ReadAction","target":["https:\/\/atypique.brunotarhan.fr\/index.php\/produit\/le-cas-nelson-kerr-grand-formatjohn-grishamjc-lattes\/"]}]},{"@type":"BreadcrumbList","@id":"https:\/\/atypique.brunotarhan.fr\/index.php\/produit\/le-cas-nelson-kerr-grand-formatjohn-grishamjc-lattes\/#breadcrumb","itemListElement":[{"@type":"ListItem","position":1,"name":"Accueil","item":"https:\/\/atypique.brunotarhan.fr\/"},{"@type":"ListItem","position":2,"name":""},{"@type":"ListItem","position":3,"name":"Le cas Nelson Kerr &#8211; Grand Format John Grisham JC Latt\u00e8s"}]}]}},"_links":{"self":[{"href":"https:\/\/atypique.brunotarhan.fr\/index.php\/wp-json\/wp\/v2\/product\/16078","targetHints":{"allow":["GET"]}}],"collection":[{"href":"https:\/\/atypique.brunotarhan.fr\/index.php\/wp-json\/wp\/v2\/product"}],"about":[{"href":"https:\/\/atypique.brunotarhan.fr\/index.php\/wp-json\/wp\/v2\/types\/product"}],"replies":[{"embeddable":true,"href":"https:\/\/atypique.brunotarhan.fr\/index.php\/wp-json\/wp\/v2\/comments?post=16078"}],"wp:featuredmedia":[{"embeddable":true,"href":"https:\/\/atypique.brunotarhan.fr\/index.php\/wp-json\/wp\/v2\/media\/15828"}],"wp:attachment":[{"href":"https:\/\/atypique.brunotarhan.fr\/index.php\/wp-json\/wp\/v2\/media?parent=16078"}],"wp:term":[{"taxonomy":"product_cat","embeddable":true,"href":"https:\/\/atypique.brunotarhan.fr\/index.php\/wp-json\/wp\/v2\/product_cat?post=16078"},{"taxonomy":"product_tag","embeddable":true,"href":"https:\/\/atypique.brunotarhan.fr\/index.php\/wp-json\/wp\/v2\/product_tag?post=16078"}],"curies":[{"name":"wp","href":"https:\/\/api.w.org\/{rel}","templated":true}]}}