{"id":16077,"date":"2022-04-25T22:47:44","date_gmt":"2022-04-25T22:47:44","guid":{"rendered":"https:\/\/atypique.brunotarhan.fr\/index.php\/produit\/le-bureau-des-affaires-occultes-tome-1-grand-formatprix-maison-de-la-presseeric-fouassieralbin-michel\/"},"modified":"2022-04-25T22:47:44","modified_gmt":"2022-04-25T22:47:44","slug":"le-bureau-des-affaires-occultes-tome-1-grand-formatprix-maison-de-la-presseeric-fouassieralbin-michel","status":"publish","type":"product","link":"https:\/\/atypique.brunotarhan.fr\/index.php\/produit\/le-bureau-des-affaires-occultes-tome-1-grand-formatprix-maison-de-la-presseeric-fouassieralbin-michel\/","title":{"rendered":"Le bureau des affaires occultes Tome 1 &#8211; Grand Format\nPRIX MAISON DE LA PRESSE\nEric Fouassier\nAlbin Michel"},"content":{"rendered":"<p>Automne 1830, dans un Paris fi\u00e9vreux encore sous le choc des Journ\u00e9es r\u00e9volutionnaires de juillet, le gouvernement de Louis-Philippe, nouveau roi des Fran\u00e7ais, tente de juguler une opposition divis\u00e9e mais virulente. Valentin Verne, jeune inspecteur du service des moeurs, est mut\u00e9 \u00e0 la brigade de S\u00fbret\u00e9 fond\u00e9e quelques ann\u00e9es plus t\u00f4t par le fameux Vidocq. Il doit \u00e9lucider une s\u00e9rie de morts \u00e9tranges susceptible de d\u00e9stabiliser le r\u00e9gime.<br \/>\nCar la science qui progresse, m\u00eal\u00e9e \u00e0 l&#8217;\u00e9sot\u00e9risme alors en vogue, inspire un nouveau type de criminalit\u00e9. F\u00e9ru de chimie et de m\u00e9decine, cultivant un go\u00fbt pour le myst\u00e9rieux et l&#8217;irrationnel, Valentin Verne sait en d\u00e9crypter les codes. Nomm\u00e9 par le pr\u00e9fet \u00e0 la t\u00eate du &#8220;bureau des affaires occultes&#8221; , un service sp\u00e9cial charg\u00e9 de traquer ces malfaiteurs modernes, il va donner la preuve de ses extraordinaires comp\u00e9tences.<br \/>\nMais qui est vraiment ce policier solitaire, obs\u00e9d\u00e9 par la traque d&#8217;un criminel insaisissable connu sous le seul surnom du Vicaire ? Qui se cache derri\u00e8re ce visage ang\u00e9lique o\u00f9 perce parfois une f\u00e9rocit\u00e9 d\u00e9routante ? Qui est le chasseur, qui est le gibier ? Dans la lign\u00e9e des grands d\u00e9tectives de l&#8217;Histoire, de Vidocq \u00e0 Lecoq en passant par Nicolas le Floch, un nouveau h\u00e9ros est n\u00e9.<\/p>\n","protected":false},"excerpt":{"rendered":"<p>Automne 1830, dans un Paris fi\u00e9vreux encore sous le choc des Journ\u00e9es r\u00e9volutionnaires de juillet, le gouvernement de Louis-Philippe, nouveau roi des\u2026<\/p>\n","protected":false},"featured_media":15827,"comment_status":"open","ping_status":"closed","template":"","meta":[],"product_cat":[93,204],"product_tag":[207,471,469,263,470],"class_list":["post-16077","product","type-product","status-publish","has-post-thumbnail","hentry","product_cat-librairie","product_cat-polars-thrillers","product_tag-albin-michel","product_tag-eric-fouassier","product_tag-le-bureau-des-affaires-occultes","product_tag-polar","product_tag-prix-maison-de-la-presse"],"yoast_head":"<!-- This site is optimized with the Yoast SEO plugin v18.0 - https:\/\/yoast.com\/wordpress\/plugins\/seo\/ -->\n<title>Le bureau des affaires occultes Tome 1 - Grand Format PRIX MAISON DE LA PRESSE Eric Fouassier Albin Michel - Atypique Concept Store<\/title>\n<meta name=\"robots\" content=\"index, follow, max-snippet:-1, max-image-preview:large, max-video-preview:-1\" \/>\n<link rel=\"canonical\" href=\"https:\/\/atypique.brunotarhan.fr\/index.php\/produit\/le-bureau-des-affaires-occultes-tome-1-grand-formatprix-maison-de-la-presseeric-fouassieralbin-michel\/\" \/>\n<meta property=\"og:locale\" content=\"fr_FR\" \/>\n<meta property=\"og:type\" content=\"article\" \/>\n<meta property=\"og:title\" content=\"Le bureau des affaires occultes Tome 1 - Grand Format PRIX MAISON DE LA PRESSE Eric Fouassier Albin Michel - Atypique Concept Store\" \/>\n<meta property=\"og:description\" content=\"Automne 1830, dans un Paris fi\u00e9vreux encore sous le choc des Journ\u00e9es r\u00e9volutionnaires de juillet, le gouvernement de Louis-Philippe, nouveau roi des\u2026\" \/>\n<meta property=\"og:url\" content=\"https:\/\/atypique.brunotarhan.fr\/index.php\/produit\/le-bureau-des-affaires-occultes-tome-1-grand-formatprix-maison-de-la-presseeric-fouassieralbin-michel\/\" \/>\n<meta property=\"og:site_name\" content=\"Atypique Concept Store\" \/>\n<meta name=\"twitter:card\" content=\"summary_large_image\" \/>\n<meta name=\"twitter:label1\" content=\"Dur\u00e9e de lecture estim\u00e9e\" \/>\n\t<meta name=\"twitter:data1\" content=\"1 minute\" \/>\n<script type=\"application\/ld+json\" class=\"yoast-schema-graph\">{\"@context\":\"https:\/\/schema.org\",\"@graph\":[{\"@type\":\"WebSite\",\"@id\":\"https:\/\/atypique.brunotarhan.fr\/#website\",\"url\":\"https:\/\/atypique.brunotarhan.fr\/\",\"name\":\"Atypique Concept Store\",\"description\":\"Just another WordPress site\",\"potentialAction\":[{\"@type\":\"SearchAction\",\"target\":{\"@type\":\"EntryPoint\",\"urlTemplate\":\"https:\/\/atypique.brunotarhan.fr\/?s={search_term_string}\"},\"query-input\":\"required name=search_term_string\"}],\"inLanguage\":\"fr-FR\"},{\"@type\":\"ImageObject\",\"@id\":\"https:\/\/atypique.brunotarhan.fr\/index.php\/produit\/le-bureau-des-affaires-occultes-tome-1-grand-formatprix-maison-de-la-presseeric-fouassieralbin-michel\/#primaryimage\",\"inLanguage\":\"fr-FR\",\"url\":\"https:\/\/atypique.brunotarhan.fr\/wp-content\/uploads\/2022\/04\/le-bureau-des-affaires-occultes-t1.webp\",\"contentUrl\":\"https:\/\/atypique.brunotarhan.fr\/wp-content\/uploads\/2022\/04\/le-bureau-des-affaires-occultes-t1.webp\",\"width\":344,\"height\":500},{\"@type\":\"WebPage\",\"@id\":\"https:\/\/atypique.brunotarhan.fr\/index.php\/produit\/le-bureau-des-affaires-occultes-tome-1-grand-formatprix-maison-de-la-presseeric-fouassieralbin-michel\/#webpage\",\"url\":\"https:\/\/atypique.brunotarhan.fr\/index.php\/produit\/le-bureau-des-affaires-occultes-tome-1-grand-formatprix-maison-de-la-presseeric-fouassieralbin-michel\/\",\"name\":\"Le bureau des affaires occultes Tome 1 - Grand Format PRIX MAISON DE LA PRESSE Eric Fouassier Albin Michel - Atypique Concept Store\",\"isPartOf\":{\"@id\":\"https:\/\/atypique.brunotarhan.fr\/#website\"},\"primaryImageOfPage\":{\"@id\":\"https:\/\/atypique.brunotarhan.fr\/index.php\/produit\/le-bureau-des-affaires-occultes-tome-1-grand-formatprix-maison-de-la-presseeric-fouassieralbin-michel\/#primaryimage\"},\"datePublished\":\"2022-04-25T22:47:44+00:00\",\"dateModified\":\"2022-04-25T22:47:44+00:00\",\"breadcrumb\":{\"@id\":\"https:\/\/atypique.brunotarhan.fr\/index.php\/produit\/le-bureau-des-affaires-occultes-tome-1-grand-formatprix-maison-de-la-presseeric-fouassieralbin-michel\/#breadcrumb\"},\"inLanguage\":\"fr-FR\",\"potentialAction\":[{\"@type\":\"ReadAction\",\"target\":[\"https:\/\/atypique.brunotarhan.fr\/index.php\/produit\/le-bureau-des-affaires-occultes-tome-1-grand-formatprix-maison-de-la-presseeric-fouassieralbin-michel\/\"]}]},{\"@type\":\"BreadcrumbList\",\"@id\":\"https:\/\/atypique.brunotarhan.fr\/index.php\/produit\/le-bureau-des-affaires-occultes-tome-1-grand-formatprix-maison-de-la-presseeric-fouassieralbin-michel\/#breadcrumb\",\"itemListElement\":[{\"@type\":\"ListItem\",\"position\":1,\"name\":\"Accueil\",\"item\":\"https:\/\/atypique.brunotarhan.fr\/\"},{\"@type\":\"ListItem\",\"position\":2,\"name\":\"\"},{\"@type\":\"ListItem\",\"position\":3,\"name\":\"Le bureau des affaires occultes Tome 1 &#8211; Grand Format PRIX MAISON DE LA PRESSE Eric Fouassier Albin Michel\"}]}]}<\/script>\n<!-- \/ Yoast SEO plugin. -->","yoast_head_json":{"title":"Le bureau des affaires occultes Tome 1 - Grand Format PRIX MAISON DE LA PRESSE Eric Fouassier Albin Michel - Atypique Concept Store","robots":{"index":"index","follow":"follow","max-snippet":"max-snippet:-1","max-image-preview":"max-image-preview:large","max-video-preview":"max-video-preview:-1"},"canonical":"https:\/\/atypique.brunotarhan.fr\/index.php\/produit\/le-bureau-des-affaires-occultes-tome-1-grand-formatprix-maison-de-la-presseeric-fouassieralbin-michel\/","og_locale":"fr_FR","og_type":"article","og_title":"Le bureau des affaires occultes Tome 1 - Grand Format PRIX MAISON DE LA PRESSE Eric Fouassier Albin Michel - Atypique Concept Store","og_description":"Automne 1830, dans un Paris fi\u00e9vreux encore sous le choc des Journ\u00e9es r\u00e9volutionnaires de juillet, le gouvernement de Louis-Philippe, nouveau roi des\u2026","og_url":"https:\/\/atypique.brunotarhan.fr\/index.php\/produit\/le-bureau-des-affaires-occultes-tome-1-grand-formatprix-maison-de-la-presseeric-fouassieralbin-michel\/","og_site_name":"Atypique Concept Store","twitter_card":"summary_large_image","twitter_misc":{"Dur\u00e9e de lecture estim\u00e9e":"1 minute"},"schema":{"@context":"https:\/\/schema.org","@graph":[{"@type":"WebSite","@id":"https:\/\/atypique.brunotarhan.fr\/#website","url":"https:\/\/atypique.brunotarhan.fr\/","name":"Atypique Concept Store","description":"Just another WordPress site","potentialAction":[{"@type":"SearchAction","target":{"@type":"EntryPoint","urlTemplate":"https:\/\/atypique.brunotarhan.fr\/?s={search_term_string}"},"query-input":"required name=search_term_string"}],"inLanguage":"fr-FR"},{"@type":"ImageObject","@id":"https:\/\/atypique.brunotarhan.fr\/index.php\/produit\/le-bureau-des-affaires-occultes-tome-1-grand-formatprix-maison-de-la-presseeric-fouassieralbin-michel\/#primaryimage","inLanguage":"fr-FR","url":"https:\/\/atypique.brunotarhan.fr\/wp-content\/uploads\/2022\/04\/le-bureau-des-affaires-occultes-t1.webp","contentUrl":"https:\/\/atypique.brunotarhan.fr\/wp-content\/uploads\/2022\/04\/le-bureau-des-affaires-occultes-t1.webp","width":344,"height":500},{"@type":"WebPage","@id":"https:\/\/atypique.brunotarhan.fr\/index.php\/produit\/le-bureau-des-affaires-occultes-tome-1-grand-formatprix-maison-de-la-presseeric-fouassieralbin-michel\/#webpage","url":"https:\/\/atypique.brunotarhan.fr\/index.php\/produit\/le-bureau-des-affaires-occultes-tome-1-grand-formatprix-maison-de-la-presseeric-fouassieralbin-michel\/","name":"Le bureau des affaires occultes Tome 1 - Grand Format PRIX MAISON DE LA PRESSE Eric Fouassier Albin Michel - Atypique Concept Store","isPartOf":{"@id":"https:\/\/atypique.brunotarhan.fr\/#website"},"primaryImageOfPage":{"@id":"https:\/\/atypique.brunotarhan.fr\/index.php\/produit\/le-bureau-des-affaires-occultes-tome-1-grand-formatprix-maison-de-la-presseeric-fouassieralbin-michel\/#primaryimage"},"datePublished":"2022-04-25T22:47:44+00:00","dateModified":"2022-04-25T22:47:44+00:00","breadcrumb":{"@id":"https:\/\/atypique.brunotarhan.fr\/index.php\/produit\/le-bureau-des-affaires-occultes-tome-1-grand-formatprix-maison-de-la-presseeric-fouassieralbin-michel\/#breadcrumb"},"inLanguage":"fr-FR","potentialAction":[{"@type":"ReadAction","target":["https:\/\/atypique.brunotarhan.fr\/index.php\/produit\/le-bureau-des-affaires-occultes-tome-1-grand-formatprix-maison-de-la-presseeric-fouassieralbin-michel\/"]}]},{"@type":"BreadcrumbList","@id":"https:\/\/atypique.brunotarhan.fr\/index.php\/produit\/le-bureau-des-affaires-occultes-tome-1-grand-formatprix-maison-de-la-presseeric-fouassieralbin-michel\/#breadcrumb","itemListElement":[{"@type":"ListItem","position":1,"name":"Accueil","item":"https:\/\/atypique.brunotarhan.fr\/"},{"@type":"ListItem","position":2,"name":""},{"@type":"ListItem","position":3,"name":"Le bureau des affaires occultes Tome 1 &#8211; Grand Format PRIX MAISON DE LA PRESSE Eric Fouassier Albin Michel"}]}]}},"_links":{"self":[{"href":"https:\/\/atypique.brunotarhan.fr\/index.php\/wp-json\/wp\/v2\/product\/16077","targetHints":{"allow":["GET"]}}],"collection":[{"href":"https:\/\/atypique.brunotarhan.fr\/index.php\/wp-json\/wp\/v2\/product"}],"about":[{"href":"https:\/\/atypique.brunotarhan.fr\/index.php\/wp-json\/wp\/v2\/types\/product"}],"replies":[{"embeddable":true,"href":"https:\/\/atypique.brunotarhan.fr\/index.php\/wp-json\/wp\/v2\/comments?post=16077"}],"wp:featuredmedia":[{"embeddable":true,"href":"https:\/\/atypique.brunotarhan.fr\/index.php\/wp-json\/wp\/v2\/media\/15827"}],"wp:attachment":[{"href":"https:\/\/atypique.brunotarhan.fr\/index.php\/wp-json\/wp\/v2\/media?parent=16077"}],"wp:term":[{"taxonomy":"product_cat","embeddable":true,"href":"https:\/\/atypique.brunotarhan.fr\/index.php\/wp-json\/wp\/v2\/product_cat?post=16077"},{"taxonomy":"product_tag","embeddable":true,"href":"https:\/\/atypique.brunotarhan.fr\/index.php\/wp-json\/wp\/v2\/product_tag?post=16077"}],"curies":[{"name":"wp","href":"https:\/\/api.w.org\/{rel}","templated":true}]}}