{"id":16076,"date":"2022-04-25T22:47:44","date_gmt":"2022-04-25T22:47:44","guid":{"rendered":"https:\/\/atypique.brunotarhan.fr\/index.php\/produit\/la-vie-ordinaire-pocheadele-van-reethgallimard\/"},"modified":"2022-04-25T22:47:44","modified_gmt":"2022-04-25T22:47:44","slug":"la-vie-ordinaire-pocheadele-van-reethgallimard","status":"publish","type":"product","link":"https:\/\/atypique.brunotarhan.fr\/index.php\/produit\/la-vie-ordinaire-pocheadele-van-reethgallimard\/","title":{"rendered":"La vie ordinaire &#8211; Poche\nAd\u00e8le Van Reeth\nGallimard"},"content":{"rendered":"<p>&#8220;La vie ordinaire est une vie d&#8217;hypocrite. On fait comme si c&#8217;\u00e9tait &#8220;d\u00e9j\u00e0 \u00e7a&#8221; de vivre &#8220;tranquillement&#8221;, comme si on ne voulait pas d&#8217;aventure. Comme s&#8217;il suffisait de se la couler douce dans les plis du laisser-\u00eatre pour atteindre la tranquillit\u00e9 tant recherch\u00e9e. Sauf que la plupart du temps, on n&#8217;y arrive pas. Puisque l&#8217;existence humaine est \u00e0 la fois provisoire et continue, puisque rien ne dure et que le temps ne se retient pas, la tranquillit\u00e9 n&#8217;est pas de ce monde.<br \/>\nEt c&#8217;est tant mieux. Que le dard de l&#8217;intranquillit\u00e9 vous pique encore et encore ! Demandez-vous, au moins une fois, si le nombre d&#8217;ann\u00e9es parcourues, les \u00e9preuves et les angoisses endur\u00e9es, si vous avez v\u00e9cu tout \u00e7a pour vous r\u00e9fugier dans la mauvaise foi de l&#8217;\u00e9merveillement ordinaire, sans jamais vouloir fouiller en dessous, remuer la vase qui \u00e9touffe vos d\u00e9sirs et vous fait croire qu&#8217;\u00eatre quelqu&#8217;un, c&#8217;est peser lourd, et s&#8217;accrocher aux horaires comme si la vie en d\u00e9pendait&#8221;.<\/p>\n","protected":false},"excerpt":{"rendered":"<p>&#8220;La vie ordinaire est une vie d&#8217;hypocrite. On fait comme si c&#8217;\u00e9tait &#8220;d\u00e9j\u00e0 \u00e7a&#8221; de vivre &#8220;tranquillement&#8221;, comme si on ne voulait pas d&#8217;aventure. Comme\u2026<\/p>\n","protected":false},"featured_media":15824,"comment_status":"open","ping_status":"closed","template":"","meta":[],"product_cat":[93,186],"product_tag":[463,313,236,462,183,189],"class_list":["post-16076","product","type-product","status-publish","has-post-thumbnail","hentry","product_cat-librairie","product_cat-romans","product_tag-adele-van-reeth","product_tag-folio","product_tag-gallimard","product_tag-la-vie-ordinaire","product_tag-poche","product_tag-roman"],"yoast_head":"<!-- This site is optimized with the Yoast SEO plugin v18.0 - https:\/\/yoast.com\/wordpress\/plugins\/seo\/ -->\n<title>La vie ordinaire - Poche Ad\u00e8le Van Reeth Gallimard - Atypique Concept Store<\/title>\n<meta name=\"robots\" content=\"index, follow, max-snippet:-1, max-image-preview:large, max-video-preview:-1\" \/>\n<link rel=\"canonical\" href=\"https:\/\/atypique.brunotarhan.fr\/index.php\/produit\/la-vie-ordinaire-pocheadele-van-reethgallimard\/\" \/>\n<meta property=\"og:locale\" content=\"fr_FR\" \/>\n<meta property=\"og:type\" content=\"article\" \/>\n<meta property=\"og:title\" content=\"La vie ordinaire - Poche Ad\u00e8le Van Reeth Gallimard - Atypique Concept Store\" \/>\n<meta property=\"og:description\" content=\"&quot;La vie ordinaire est une vie d&#039;hypocrite. On fait comme si c&#039;\u00e9tait &quot;d\u00e9j\u00e0 \u00e7a&quot; de vivre &quot;tranquillement&quot;, comme si on ne voulait pas d&#039;aventure. Comme\u2026\" \/>\n<meta property=\"og:url\" content=\"https:\/\/atypique.brunotarhan.fr\/index.php\/produit\/la-vie-ordinaire-pocheadele-van-reethgallimard\/\" \/>\n<meta property=\"og:site_name\" content=\"Atypique Concept Store\" \/>\n<meta name=\"twitter:card\" content=\"summary_large_image\" \/>\n<meta name=\"twitter:label1\" content=\"Dur\u00e9e de lecture estim\u00e9e\" \/>\n\t<meta name=\"twitter:data1\" content=\"1 minute\" \/>\n<script type=\"application\/ld+json\" class=\"yoast-schema-graph\">{\"@context\":\"https:\/\/schema.org\",\"@graph\":[{\"@type\":\"WebSite\",\"@id\":\"https:\/\/atypique.brunotarhan.fr\/#website\",\"url\":\"https:\/\/atypique.brunotarhan.fr\/\",\"name\":\"Atypique Concept Store\",\"description\":\"Just another WordPress site\",\"potentialAction\":[{\"@type\":\"SearchAction\",\"target\":{\"@type\":\"EntryPoint\",\"urlTemplate\":\"https:\/\/atypique.brunotarhan.fr\/?s={search_term_string}\"},\"query-input\":\"required name=search_term_string\"}],\"inLanguage\":\"fr-FR\"},{\"@type\":\"ImageObject\",\"@id\":\"https:\/\/atypique.brunotarhan.fr\/index.php\/produit\/la-vie-ordinaire-pocheadele-van-reethgallimard\/#primaryimage\",\"inLanguage\":\"fr-FR\",\"url\":\"https:\/\/atypique.brunotarhan.fr\/wp-content\/uploads\/2022\/04\/la-vie-ordinaire.webp\",\"contentUrl\":\"https:\/\/atypique.brunotarhan.fr\/wp-content\/uploads\/2022\/04\/la-vie-ordinaire.webp\",\"width\":304,\"height\":500},{\"@type\":\"WebPage\",\"@id\":\"https:\/\/atypique.brunotarhan.fr\/index.php\/produit\/la-vie-ordinaire-pocheadele-van-reethgallimard\/#webpage\",\"url\":\"https:\/\/atypique.brunotarhan.fr\/index.php\/produit\/la-vie-ordinaire-pocheadele-van-reethgallimard\/\",\"name\":\"La vie ordinaire - Poche Ad\u00e8le Van Reeth Gallimard - Atypique Concept Store\",\"isPartOf\":{\"@id\":\"https:\/\/atypique.brunotarhan.fr\/#website\"},\"primaryImageOfPage\":{\"@id\":\"https:\/\/atypique.brunotarhan.fr\/index.php\/produit\/la-vie-ordinaire-pocheadele-van-reethgallimard\/#primaryimage\"},\"datePublished\":\"2022-04-25T22:47:44+00:00\",\"dateModified\":\"2022-04-25T22:47:44+00:00\",\"breadcrumb\":{\"@id\":\"https:\/\/atypique.brunotarhan.fr\/index.php\/produit\/la-vie-ordinaire-pocheadele-van-reethgallimard\/#breadcrumb\"},\"inLanguage\":\"fr-FR\",\"potentialAction\":[{\"@type\":\"ReadAction\",\"target\":[\"https:\/\/atypique.brunotarhan.fr\/index.php\/produit\/la-vie-ordinaire-pocheadele-van-reethgallimard\/\"]}]},{\"@type\":\"BreadcrumbList\",\"@id\":\"https:\/\/atypique.brunotarhan.fr\/index.php\/produit\/la-vie-ordinaire-pocheadele-van-reethgallimard\/#breadcrumb\",\"itemListElement\":[{\"@type\":\"ListItem\",\"position\":1,\"name\":\"Accueil\",\"item\":\"https:\/\/atypique.brunotarhan.fr\/\"},{\"@type\":\"ListItem\",\"position\":2,\"name\":\"\"},{\"@type\":\"ListItem\",\"position\":3,\"name\":\"La vie ordinaire &#8211; Poche Ad\u00e8le Van Reeth Gallimard\"}]}]}<\/script>\n<!-- \/ Yoast SEO plugin. -->","yoast_head_json":{"title":"La vie ordinaire - Poche Ad\u00e8le Van Reeth Gallimard - Atypique Concept Store","robots":{"index":"index","follow":"follow","max-snippet":"max-snippet:-1","max-image-preview":"max-image-preview:large","max-video-preview":"max-video-preview:-1"},"canonical":"https:\/\/atypique.brunotarhan.fr\/index.php\/produit\/la-vie-ordinaire-pocheadele-van-reethgallimard\/","og_locale":"fr_FR","og_type":"article","og_title":"La vie ordinaire - Poche Ad\u00e8le Van Reeth Gallimard - Atypique Concept Store","og_description":"\"La vie ordinaire est une vie d'hypocrite. On fait comme si c'\u00e9tait \"d\u00e9j\u00e0 \u00e7a\" de vivre \"tranquillement\", comme si on ne voulait pas d'aventure. Comme\u2026","og_url":"https:\/\/atypique.brunotarhan.fr\/index.php\/produit\/la-vie-ordinaire-pocheadele-van-reethgallimard\/","og_site_name":"Atypique Concept Store","twitter_card":"summary_large_image","twitter_misc":{"Dur\u00e9e de lecture estim\u00e9e":"1 minute"},"schema":{"@context":"https:\/\/schema.org","@graph":[{"@type":"WebSite","@id":"https:\/\/atypique.brunotarhan.fr\/#website","url":"https:\/\/atypique.brunotarhan.fr\/","name":"Atypique Concept Store","description":"Just another WordPress site","potentialAction":[{"@type":"SearchAction","target":{"@type":"EntryPoint","urlTemplate":"https:\/\/atypique.brunotarhan.fr\/?s={search_term_string}"},"query-input":"required name=search_term_string"}],"inLanguage":"fr-FR"},{"@type":"ImageObject","@id":"https:\/\/atypique.brunotarhan.fr\/index.php\/produit\/la-vie-ordinaire-pocheadele-van-reethgallimard\/#primaryimage","inLanguage":"fr-FR","url":"https:\/\/atypique.brunotarhan.fr\/wp-content\/uploads\/2022\/04\/la-vie-ordinaire.webp","contentUrl":"https:\/\/atypique.brunotarhan.fr\/wp-content\/uploads\/2022\/04\/la-vie-ordinaire.webp","width":304,"height":500},{"@type":"WebPage","@id":"https:\/\/atypique.brunotarhan.fr\/index.php\/produit\/la-vie-ordinaire-pocheadele-van-reethgallimard\/#webpage","url":"https:\/\/atypique.brunotarhan.fr\/index.php\/produit\/la-vie-ordinaire-pocheadele-van-reethgallimard\/","name":"La vie ordinaire - Poche Ad\u00e8le Van Reeth Gallimard - Atypique Concept Store","isPartOf":{"@id":"https:\/\/atypique.brunotarhan.fr\/#website"},"primaryImageOfPage":{"@id":"https:\/\/atypique.brunotarhan.fr\/index.php\/produit\/la-vie-ordinaire-pocheadele-van-reethgallimard\/#primaryimage"},"datePublished":"2022-04-25T22:47:44+00:00","dateModified":"2022-04-25T22:47:44+00:00","breadcrumb":{"@id":"https:\/\/atypique.brunotarhan.fr\/index.php\/produit\/la-vie-ordinaire-pocheadele-van-reethgallimard\/#breadcrumb"},"inLanguage":"fr-FR","potentialAction":[{"@type":"ReadAction","target":["https:\/\/atypique.brunotarhan.fr\/index.php\/produit\/la-vie-ordinaire-pocheadele-van-reethgallimard\/"]}]},{"@type":"BreadcrumbList","@id":"https:\/\/atypique.brunotarhan.fr\/index.php\/produit\/la-vie-ordinaire-pocheadele-van-reethgallimard\/#breadcrumb","itemListElement":[{"@type":"ListItem","position":1,"name":"Accueil","item":"https:\/\/atypique.brunotarhan.fr\/"},{"@type":"ListItem","position":2,"name":""},{"@type":"ListItem","position":3,"name":"La vie ordinaire &#8211; Poche Ad\u00e8le Van Reeth Gallimard"}]}]}},"_links":{"self":[{"href":"https:\/\/atypique.brunotarhan.fr\/index.php\/wp-json\/wp\/v2\/product\/16076","targetHints":{"allow":["GET"]}}],"collection":[{"href":"https:\/\/atypique.brunotarhan.fr\/index.php\/wp-json\/wp\/v2\/product"}],"about":[{"href":"https:\/\/atypique.brunotarhan.fr\/index.php\/wp-json\/wp\/v2\/types\/product"}],"replies":[{"embeddable":true,"href":"https:\/\/atypique.brunotarhan.fr\/index.php\/wp-json\/wp\/v2\/comments?post=16076"}],"wp:featuredmedia":[{"embeddable":true,"href":"https:\/\/atypique.brunotarhan.fr\/index.php\/wp-json\/wp\/v2\/media\/15824"}],"wp:attachment":[{"href":"https:\/\/atypique.brunotarhan.fr\/index.php\/wp-json\/wp\/v2\/media?parent=16076"}],"wp:term":[{"taxonomy":"product_cat","embeddable":true,"href":"https:\/\/atypique.brunotarhan.fr\/index.php\/wp-json\/wp\/v2\/product_cat?post=16076"},{"taxonomy":"product_tag","embeddable":true,"href":"https:\/\/atypique.brunotarhan.fr\/index.php\/wp-json\/wp\/v2\/product_tag?post=16076"}],"curies":[{"name":"wp","href":"https:\/\/api.w.org\/{rel}","templated":true}]}}