{"id":16075,"date":"2022-04-25T22:47:44","date_gmt":"2022-04-25T22:47:44","guid":{"rendered":"https:\/\/atypique.brunotarhan.fr\/index.php\/produit\/la-vie-est-un-roman-pocheguillaume-mussolivre-de-poche\/"},"modified":"2022-04-25T22:47:44","modified_gmt":"2022-04-25T22:47:44","slug":"la-vie-est-un-roman-pocheguillaume-mussolivre-de-poche","status":"publish","type":"product","link":"https:\/\/atypique.brunotarhan.fr\/index.php\/produit\/la-vie-est-un-roman-pocheguillaume-mussolivre-de-poche\/","title":{"rendered":"La vie est un roman &#8211; Poche\nGuillaume Musso\nLivre de poche"},"content":{"rendered":"<p>Un jour d&#8217;avril, ma fille de trois ans, Carrie, a disparu alors que nous jouions toutes les deux \u00e0 cache-cache dans mon appartement de Brooklyn. Ainsi d\u00e9bute le r\u00e9cit de Flora Conway, romanci\u00e8re renomm\u00e9e \u00e0 la discr\u00e9tion l\u00e9gendaire. La disparition de Carrie n&#8217;a aucune explication. L&#8217;enqu\u00eate de police n&#8217;a rien donn\u00e9. Au m\u00eame moment, de l&#8217;autre c\u00f4t\u00e9 de l&#8217;Atlantique, un \u00e9crivain au coeur broy\u00e9 se terre dans une maison d\u00e9labr\u00e9e.<br \/>\nLui seul d\u00e9tient la cl\u00e9 du myst\u00e8re. Et Flora va le d\u00e9busquer.<\/p>\n","protected":false},"excerpt":{"rendered":"<p>Un jour d&#8217;avril, ma fille de trois ans, Carrie, a disparu alors que nous jouions toutes les deux \u00e0 cache-cache dans mon appartement de Brooklyn. Ainsi&#8230; <\/p>\n","protected":false},"featured_media":15823,"comment_status":"open","ping_status":"closed","template":"","meta":[],"product_cat":[93,186],"product_tag":[461,460,242,189],"class_list":["post-16075","product","type-product","status-publish","has-post-thumbnail","hentry","product_cat-librairie","product_cat-romans","product_tag-guillaume-musso","product_tag-la-vie-est-un-roman","product_tag-livre-de-poche","product_tag-roman"],"yoast_head":"<!-- This site is optimized with the Yoast SEO plugin v18.0 - https:\/\/yoast.com\/wordpress\/plugins\/seo\/ -->\n<title>La vie est un roman - Poche Guillaume Musso Livre de poche - Atypique Concept Store<\/title>\n<meta name=\"robots\" content=\"index, follow, max-snippet:-1, max-image-preview:large, max-video-preview:-1\" \/>\n<link rel=\"canonical\" href=\"https:\/\/atypique.brunotarhan.fr\/index.php\/produit\/la-vie-est-un-roman-pocheguillaume-mussolivre-de-poche\/\" \/>\n<meta property=\"og:locale\" content=\"fr_FR\" \/>\n<meta property=\"og:type\" content=\"article\" \/>\n<meta property=\"og:title\" content=\"La vie est un roman - Poche Guillaume Musso Livre de poche - Atypique Concept Store\" \/>\n<meta property=\"og:description\" content=\"Un jour d&#039;avril, ma fille de trois ans, Carrie, a disparu alors que nous jouions toutes les deux \u00e0 cache-cache dans mon appartement de Brooklyn. Ainsi...\" \/>\n<meta property=\"og:url\" content=\"https:\/\/atypique.brunotarhan.fr\/index.php\/produit\/la-vie-est-un-roman-pocheguillaume-mussolivre-de-poche\/\" \/>\n<meta property=\"og:site_name\" content=\"Atypique Concept Store\" \/>\n<meta name=\"twitter:card\" content=\"summary_large_image\" \/>\n<script type=\"application\/ld+json\" class=\"yoast-schema-graph\">{\"@context\":\"https:\/\/schema.org\",\"@graph\":[{\"@type\":\"WebSite\",\"@id\":\"https:\/\/atypique.brunotarhan.fr\/#website\",\"url\":\"https:\/\/atypique.brunotarhan.fr\/\",\"name\":\"Atypique Concept Store\",\"description\":\"Just another WordPress site\",\"potentialAction\":[{\"@type\":\"SearchAction\",\"target\":{\"@type\":\"EntryPoint\",\"urlTemplate\":\"https:\/\/atypique.brunotarhan.fr\/?s={search_term_string}\"},\"query-input\":\"required name=search_term_string\"}],\"inLanguage\":\"fr-FR\"},{\"@type\":\"ImageObject\",\"@id\":\"https:\/\/atypique.brunotarhan.fr\/index.php\/produit\/la-vie-est-un-roman-pocheguillaume-mussolivre-de-poche\/#primaryimage\",\"inLanguage\":\"fr-FR\",\"url\":\"https:\/\/atypique.brunotarhan.fr\/wp-content\/uploads\/2022\/04\/la-vie-est-un-roman.webp\",\"contentUrl\":\"https:\/\/atypique.brunotarhan.fr\/wp-content\/uploads\/2022\/04\/la-vie-est-un-roman.webp\",\"width\":309,\"height\":500},{\"@type\":\"WebPage\",\"@id\":\"https:\/\/atypique.brunotarhan.fr\/index.php\/produit\/la-vie-est-un-roman-pocheguillaume-mussolivre-de-poche\/#webpage\",\"url\":\"https:\/\/atypique.brunotarhan.fr\/index.php\/produit\/la-vie-est-un-roman-pocheguillaume-mussolivre-de-poche\/\",\"name\":\"La vie est un roman - Poche Guillaume Musso Livre de poche - Atypique Concept Store\",\"isPartOf\":{\"@id\":\"https:\/\/atypique.brunotarhan.fr\/#website\"},\"primaryImageOfPage\":{\"@id\":\"https:\/\/atypique.brunotarhan.fr\/index.php\/produit\/la-vie-est-un-roman-pocheguillaume-mussolivre-de-poche\/#primaryimage\"},\"datePublished\":\"2022-04-25T22:47:44+00:00\",\"dateModified\":\"2022-04-25T22:47:44+00:00\",\"breadcrumb\":{\"@id\":\"https:\/\/atypique.brunotarhan.fr\/index.php\/produit\/la-vie-est-un-roman-pocheguillaume-mussolivre-de-poche\/#breadcrumb\"},\"inLanguage\":\"fr-FR\",\"potentialAction\":[{\"@type\":\"ReadAction\",\"target\":[\"https:\/\/atypique.brunotarhan.fr\/index.php\/produit\/la-vie-est-un-roman-pocheguillaume-mussolivre-de-poche\/\"]}]},{\"@type\":\"BreadcrumbList\",\"@id\":\"https:\/\/atypique.brunotarhan.fr\/index.php\/produit\/la-vie-est-un-roman-pocheguillaume-mussolivre-de-poche\/#breadcrumb\",\"itemListElement\":[{\"@type\":\"ListItem\",\"position\":1,\"name\":\"Accueil\",\"item\":\"https:\/\/atypique.brunotarhan.fr\/\"},{\"@type\":\"ListItem\",\"position\":2,\"name\":\"\"},{\"@type\":\"ListItem\",\"position\":3,\"name\":\"La vie est un roman &#8211; Poche Guillaume Musso Livre de poche\"}]}]}<\/script>\n<!-- \/ Yoast SEO plugin. -->","yoast_head_json":{"title":"La vie est un roman - Poche Guillaume Musso Livre de poche - Atypique Concept Store","robots":{"index":"index","follow":"follow","max-snippet":"max-snippet:-1","max-image-preview":"max-image-preview:large","max-video-preview":"max-video-preview:-1"},"canonical":"https:\/\/atypique.brunotarhan.fr\/index.php\/produit\/la-vie-est-un-roman-pocheguillaume-mussolivre-de-poche\/","og_locale":"fr_FR","og_type":"article","og_title":"La vie est un roman - Poche Guillaume Musso Livre de poche - Atypique Concept Store","og_description":"Un jour d'avril, ma fille de trois ans, Carrie, a disparu alors que nous jouions toutes les deux \u00e0 cache-cache dans mon appartement de Brooklyn. Ainsi...","og_url":"https:\/\/atypique.brunotarhan.fr\/index.php\/produit\/la-vie-est-un-roman-pocheguillaume-mussolivre-de-poche\/","og_site_name":"Atypique Concept Store","twitter_card":"summary_large_image","schema":{"@context":"https:\/\/schema.org","@graph":[{"@type":"WebSite","@id":"https:\/\/atypique.brunotarhan.fr\/#website","url":"https:\/\/atypique.brunotarhan.fr\/","name":"Atypique Concept Store","description":"Just another WordPress site","potentialAction":[{"@type":"SearchAction","target":{"@type":"EntryPoint","urlTemplate":"https:\/\/atypique.brunotarhan.fr\/?s={search_term_string}"},"query-input":"required name=search_term_string"}],"inLanguage":"fr-FR"},{"@type":"ImageObject","@id":"https:\/\/atypique.brunotarhan.fr\/index.php\/produit\/la-vie-est-un-roman-pocheguillaume-mussolivre-de-poche\/#primaryimage","inLanguage":"fr-FR","url":"https:\/\/atypique.brunotarhan.fr\/wp-content\/uploads\/2022\/04\/la-vie-est-un-roman.webp","contentUrl":"https:\/\/atypique.brunotarhan.fr\/wp-content\/uploads\/2022\/04\/la-vie-est-un-roman.webp","width":309,"height":500},{"@type":"WebPage","@id":"https:\/\/atypique.brunotarhan.fr\/index.php\/produit\/la-vie-est-un-roman-pocheguillaume-mussolivre-de-poche\/#webpage","url":"https:\/\/atypique.brunotarhan.fr\/index.php\/produit\/la-vie-est-un-roman-pocheguillaume-mussolivre-de-poche\/","name":"La vie est un roman - Poche Guillaume Musso Livre de poche - Atypique Concept Store","isPartOf":{"@id":"https:\/\/atypique.brunotarhan.fr\/#website"},"primaryImageOfPage":{"@id":"https:\/\/atypique.brunotarhan.fr\/index.php\/produit\/la-vie-est-un-roman-pocheguillaume-mussolivre-de-poche\/#primaryimage"},"datePublished":"2022-04-25T22:47:44+00:00","dateModified":"2022-04-25T22:47:44+00:00","breadcrumb":{"@id":"https:\/\/atypique.brunotarhan.fr\/index.php\/produit\/la-vie-est-un-roman-pocheguillaume-mussolivre-de-poche\/#breadcrumb"},"inLanguage":"fr-FR","potentialAction":[{"@type":"ReadAction","target":["https:\/\/atypique.brunotarhan.fr\/index.php\/produit\/la-vie-est-un-roman-pocheguillaume-mussolivre-de-poche\/"]}]},{"@type":"BreadcrumbList","@id":"https:\/\/atypique.brunotarhan.fr\/index.php\/produit\/la-vie-est-un-roman-pocheguillaume-mussolivre-de-poche\/#breadcrumb","itemListElement":[{"@type":"ListItem","position":1,"name":"Accueil","item":"https:\/\/atypique.brunotarhan.fr\/"},{"@type":"ListItem","position":2,"name":""},{"@type":"ListItem","position":3,"name":"La vie est un roman &#8211; Poche Guillaume Musso Livre de poche"}]}]}},"_links":{"self":[{"href":"https:\/\/atypique.brunotarhan.fr\/index.php\/wp-json\/wp\/v2\/product\/16075","targetHints":{"allow":["GET"]}}],"collection":[{"href":"https:\/\/atypique.brunotarhan.fr\/index.php\/wp-json\/wp\/v2\/product"}],"about":[{"href":"https:\/\/atypique.brunotarhan.fr\/index.php\/wp-json\/wp\/v2\/types\/product"}],"replies":[{"embeddable":true,"href":"https:\/\/atypique.brunotarhan.fr\/index.php\/wp-json\/wp\/v2\/comments?post=16075"}],"wp:featuredmedia":[{"embeddable":true,"href":"https:\/\/atypique.brunotarhan.fr\/index.php\/wp-json\/wp\/v2\/media\/15823"}],"wp:attachment":[{"href":"https:\/\/atypique.brunotarhan.fr\/index.php\/wp-json\/wp\/v2\/media?parent=16075"}],"wp:term":[{"taxonomy":"product_cat","embeddable":true,"href":"https:\/\/atypique.brunotarhan.fr\/index.php\/wp-json\/wp\/v2\/product_cat?post=16075"},{"taxonomy":"product_tag","embeddable":true,"href":"https:\/\/atypique.brunotarhan.fr\/index.php\/wp-json\/wp\/v2\/product_tag?post=16075"}],"curies":[{"name":"wp","href":"https:\/\/api.w.org\/{rel}","templated":true}]}}