{"id":16074,"date":"2022-04-25T22:47:44","date_gmt":"2022-04-25T22:47:44","guid":{"rendered":"https:\/\/atypique.brunotarhan.fr\/index.php\/produit\/la-verite-sur-laffaire-harry-quebert-pocheprix-de-lacademie-francaisejoel-dickerrosie-wolfe-en-poche\/"},"modified":"2022-04-25T22:47:44","modified_gmt":"2022-04-25T22:47:44","slug":"la-verite-sur-laffaire-harry-quebert-pocheprix-de-lacademie-francaisejoel-dickerrosie-wolfe-en-poche","status":"publish","type":"product","link":"https:\/\/atypique.brunotarhan.fr\/index.php\/produit\/la-verite-sur-laffaire-harry-quebert-pocheprix-de-lacademie-francaisejoel-dickerrosie-wolfe-en-poche\/","title":{"rendered":"La v\u00e9rit\u00e9 sur l&#8217;affaire Harry Quebert &#8211; Poche\nPRIX DE L&#8217;ACAD\u00c9MIE FRANCAISE\nJo\u00ebl Dicker\nRosie &#038; Wolfe en poche"},"content":{"rendered":"<p>Qui a tu\u00e9 Nola Kellergan ? A la fin de l&#8217;\u00e9t\u00e9 1975, \u00e0 Aurora, dans le New Hampshire, Nola Kellergan, une jeune fille de quinze ans, dispara\u00eet dans des conditions myst\u00e9rieuses. Au printemps 2008, \u00e0 New York, Marcus Goldman, jeune \u00e9crivain \u00e0 succ\u00e8s, est incapable d&#8217;\u00e9crire le nouveau roman qu&#8217;il doit remettre \u00e0 son \u00e9diteur. Dans l&#8217;espoir de retrouver l&#8217;inspiration, il s&#8217;installe pour quelques semaines \u00e0 Aurora, aupr\u00e8s de son ami et ancien professeur d&#8217;universit\u00e9, Harry Quebert, l&#8217;un des \u00e9crivains les plus respect\u00e9s du pays.<br \/>\nPeu apr\u00e8s son retour \u00e0 New York tout bascule : le cadavre de Nola Kellergan est retrouv\u00e9 dans la propri\u00e9t\u00e9 de Harry Quebert. Celui-ci, accus\u00e9 du meurtre de la jeune femme, est imm\u00e9diatement arr\u00eat\u00e9 par la police. Convaincu de l&#8217;innocence de Harry, Marcus abandonne tout pour se rendre dans le New Hampshire et mener sa propre enqu\u00eate. Il va rapidement \u00eatre d\u00e9pass\u00e9 par les \u00e9v\u00e8nements.<\/p>\n","protected":false},"excerpt":{"rendered":"<p>Qui a tu\u00e9 Nola Kellergan ? A la fin de l&#8217;\u00e9t\u00e9 1975, \u00e0 Aurora, dans le New Hampshire, Nola Kellergan, une jeune fille de quinze ans, dispara\u00eet dans&#8230; <\/p>\n","protected":false},"featured_media":15822,"comment_status":"open","ping_status":"closed","template":"","meta":[],"product_cat":[93,204],"product_tag":[379,458,183,263,264,459,380],"class_list":["post-16074","product","type-product","status-publish","has-post-thumbnail","hentry","product_cat-librairie","product_cat-polars-thrillers","product_tag-joel-dicker","product_tag-la-verite-sur-laffaire-harry-quebert","product_tag-poche","product_tag-polar","product_tag-policier","product_tag-prix-de-lacademie-francaise","product_tag-rosie-wolfe"],"yoast_head":"<!-- This site is optimized with the Yoast SEO plugin v18.0 - https:\/\/yoast.com\/wordpress\/plugins\/seo\/ -->\n<title>La v\u00e9rit\u00e9 sur l&#039;affaire Harry Quebert - Poche PRIX DE L&#039;ACAD\u00c9MIE FRANCAISE Jo\u00ebl Dicker Rosie &amp; Wolfe en poche - Atypique Concept Store<\/title>\n<meta name=\"robots\" content=\"index, follow, max-snippet:-1, max-image-preview:large, max-video-preview:-1\" \/>\n<link rel=\"canonical\" href=\"https:\/\/atypique.brunotarhan.fr\/index.php\/produit\/la-verite-sur-laffaire-harry-quebert-pocheprix-de-lacademie-francaisejoel-dickerrosie-wolfe-en-poche\/\" \/>\n<meta property=\"og:locale\" content=\"fr_FR\" \/>\n<meta property=\"og:type\" content=\"article\" \/>\n<meta property=\"og:title\" content=\"La v\u00e9rit\u00e9 sur l&#039;affaire Harry Quebert - Poche PRIX DE L&#039;ACAD\u00c9MIE FRANCAISE Jo\u00ebl Dicker Rosie &amp; Wolfe en poche - Atypique Concept Store\" \/>\n<meta property=\"og:description\" content=\"Qui a tu\u00e9 Nola Kellergan ? A la fin de l&#039;\u00e9t\u00e9 1975, \u00e0 Aurora, dans le New Hampshire, Nola Kellergan, une jeune fille de quinze ans, dispara\u00eet dans...\" \/>\n<meta property=\"og:url\" content=\"https:\/\/atypique.brunotarhan.fr\/index.php\/produit\/la-verite-sur-laffaire-harry-quebert-pocheprix-de-lacademie-francaisejoel-dickerrosie-wolfe-en-poche\/\" \/>\n<meta property=\"og:site_name\" content=\"Atypique Concept Store\" \/>\n<meta name=\"twitter:card\" content=\"summary_large_image\" \/>\n<meta name=\"twitter:label1\" content=\"Dur\u00e9e de lecture estim\u00e9e\" \/>\n\t<meta name=\"twitter:data1\" content=\"1 minute\" \/>\n<script type=\"application\/ld+json\" class=\"yoast-schema-graph\">{\"@context\":\"https:\/\/schema.org\",\"@graph\":[{\"@type\":\"WebSite\",\"@id\":\"https:\/\/atypique.brunotarhan.fr\/#website\",\"url\":\"https:\/\/atypique.brunotarhan.fr\/\",\"name\":\"Atypique Concept Store\",\"description\":\"Just another WordPress site\",\"potentialAction\":[{\"@type\":\"SearchAction\",\"target\":{\"@type\":\"EntryPoint\",\"urlTemplate\":\"https:\/\/atypique.brunotarhan.fr\/?s={search_term_string}\"},\"query-input\":\"required name=search_term_string\"}],\"inLanguage\":\"fr-FR\"},{\"@type\":\"ImageObject\",\"@id\":\"https:\/\/atypique.brunotarhan.fr\/index.php\/produit\/la-verite-sur-laffaire-harry-quebert-pocheprix-de-lacademie-francaisejoel-dickerrosie-wolfe-en-poche\/#primaryimage\",\"inLanguage\":\"fr-FR\",\"url\":\"https:\/\/atypique.brunotarhan.fr\/wp-content\/uploads\/2022\/04\/la-verite-sur-l-affaire-harry-quebert.webp\",\"contentUrl\":\"https:\/\/atypique.brunotarhan.fr\/wp-content\/uploads\/2022\/04\/la-verite-sur-l-affaire-harry-quebert.webp\",\"width\":305,\"height\":500},{\"@type\":\"WebPage\",\"@id\":\"https:\/\/atypique.brunotarhan.fr\/index.php\/produit\/la-verite-sur-laffaire-harry-quebert-pocheprix-de-lacademie-francaisejoel-dickerrosie-wolfe-en-poche\/#webpage\",\"url\":\"https:\/\/atypique.brunotarhan.fr\/index.php\/produit\/la-verite-sur-laffaire-harry-quebert-pocheprix-de-lacademie-francaisejoel-dickerrosie-wolfe-en-poche\/\",\"name\":\"La v\u00e9rit\u00e9 sur l'affaire Harry Quebert - Poche PRIX DE L'ACAD\u00c9MIE FRANCAISE Jo\u00ebl Dicker Rosie & Wolfe en poche - Atypique Concept Store\",\"isPartOf\":{\"@id\":\"https:\/\/atypique.brunotarhan.fr\/#website\"},\"primaryImageOfPage\":{\"@id\":\"https:\/\/atypique.brunotarhan.fr\/index.php\/produit\/la-verite-sur-laffaire-harry-quebert-pocheprix-de-lacademie-francaisejoel-dickerrosie-wolfe-en-poche\/#primaryimage\"},\"datePublished\":\"2022-04-25T22:47:44+00:00\",\"dateModified\":\"2022-04-25T22:47:44+00:00\",\"breadcrumb\":{\"@id\":\"https:\/\/atypique.brunotarhan.fr\/index.php\/produit\/la-verite-sur-laffaire-harry-quebert-pocheprix-de-lacademie-francaisejoel-dickerrosie-wolfe-en-poche\/#breadcrumb\"},\"inLanguage\":\"fr-FR\",\"potentialAction\":[{\"@type\":\"ReadAction\",\"target\":[\"https:\/\/atypique.brunotarhan.fr\/index.php\/produit\/la-verite-sur-laffaire-harry-quebert-pocheprix-de-lacademie-francaisejoel-dickerrosie-wolfe-en-poche\/\"]}]},{\"@type\":\"BreadcrumbList\",\"@id\":\"https:\/\/atypique.brunotarhan.fr\/index.php\/produit\/la-verite-sur-laffaire-harry-quebert-pocheprix-de-lacademie-francaisejoel-dickerrosie-wolfe-en-poche\/#breadcrumb\",\"itemListElement\":[{\"@type\":\"ListItem\",\"position\":1,\"name\":\"Accueil\",\"item\":\"https:\/\/atypique.brunotarhan.fr\/\"},{\"@type\":\"ListItem\",\"position\":2,\"name\":\"\"},{\"@type\":\"ListItem\",\"position\":3,\"name\":\"La v\u00e9rit\u00e9 sur l&#8217;affaire Harry Quebert &#8211; Poche PRIX DE L&#8217;ACAD\u00c9MIE FRANCAISE Jo\u00ebl Dicker Rosie &#038; Wolfe en poche\"}]}]}<\/script>\n<!-- \/ Yoast SEO plugin. -->","yoast_head_json":{"title":"La v\u00e9rit\u00e9 sur l'affaire Harry Quebert - Poche PRIX DE L'ACAD\u00c9MIE FRANCAISE Jo\u00ebl Dicker Rosie & Wolfe en poche - Atypique Concept Store","robots":{"index":"index","follow":"follow","max-snippet":"max-snippet:-1","max-image-preview":"max-image-preview:large","max-video-preview":"max-video-preview:-1"},"canonical":"https:\/\/atypique.brunotarhan.fr\/index.php\/produit\/la-verite-sur-laffaire-harry-quebert-pocheprix-de-lacademie-francaisejoel-dickerrosie-wolfe-en-poche\/","og_locale":"fr_FR","og_type":"article","og_title":"La v\u00e9rit\u00e9 sur l'affaire Harry Quebert - Poche PRIX DE L'ACAD\u00c9MIE FRANCAISE Jo\u00ebl Dicker Rosie & Wolfe en poche - Atypique Concept Store","og_description":"Qui a tu\u00e9 Nola Kellergan ? A la fin de l'\u00e9t\u00e9 1975, \u00e0 Aurora, dans le New Hampshire, Nola Kellergan, une jeune fille de quinze ans, dispara\u00eet dans...","og_url":"https:\/\/atypique.brunotarhan.fr\/index.php\/produit\/la-verite-sur-laffaire-harry-quebert-pocheprix-de-lacademie-francaisejoel-dickerrosie-wolfe-en-poche\/","og_site_name":"Atypique Concept Store","twitter_card":"summary_large_image","twitter_misc":{"Dur\u00e9e de lecture estim\u00e9e":"1 minute"},"schema":{"@context":"https:\/\/schema.org","@graph":[{"@type":"WebSite","@id":"https:\/\/atypique.brunotarhan.fr\/#website","url":"https:\/\/atypique.brunotarhan.fr\/","name":"Atypique Concept Store","description":"Just another WordPress site","potentialAction":[{"@type":"SearchAction","target":{"@type":"EntryPoint","urlTemplate":"https:\/\/atypique.brunotarhan.fr\/?s={search_term_string}"},"query-input":"required name=search_term_string"}],"inLanguage":"fr-FR"},{"@type":"ImageObject","@id":"https:\/\/atypique.brunotarhan.fr\/index.php\/produit\/la-verite-sur-laffaire-harry-quebert-pocheprix-de-lacademie-francaisejoel-dickerrosie-wolfe-en-poche\/#primaryimage","inLanguage":"fr-FR","url":"https:\/\/atypique.brunotarhan.fr\/wp-content\/uploads\/2022\/04\/la-verite-sur-l-affaire-harry-quebert.webp","contentUrl":"https:\/\/atypique.brunotarhan.fr\/wp-content\/uploads\/2022\/04\/la-verite-sur-l-affaire-harry-quebert.webp","width":305,"height":500},{"@type":"WebPage","@id":"https:\/\/atypique.brunotarhan.fr\/index.php\/produit\/la-verite-sur-laffaire-harry-quebert-pocheprix-de-lacademie-francaisejoel-dickerrosie-wolfe-en-poche\/#webpage","url":"https:\/\/atypique.brunotarhan.fr\/index.php\/produit\/la-verite-sur-laffaire-harry-quebert-pocheprix-de-lacademie-francaisejoel-dickerrosie-wolfe-en-poche\/","name":"La v\u00e9rit\u00e9 sur l'affaire Harry Quebert - Poche PRIX DE L'ACAD\u00c9MIE FRANCAISE Jo\u00ebl Dicker Rosie & Wolfe en poche - Atypique Concept Store","isPartOf":{"@id":"https:\/\/atypique.brunotarhan.fr\/#website"},"primaryImageOfPage":{"@id":"https:\/\/atypique.brunotarhan.fr\/index.php\/produit\/la-verite-sur-laffaire-harry-quebert-pocheprix-de-lacademie-francaisejoel-dickerrosie-wolfe-en-poche\/#primaryimage"},"datePublished":"2022-04-25T22:47:44+00:00","dateModified":"2022-04-25T22:47:44+00:00","breadcrumb":{"@id":"https:\/\/atypique.brunotarhan.fr\/index.php\/produit\/la-verite-sur-laffaire-harry-quebert-pocheprix-de-lacademie-francaisejoel-dickerrosie-wolfe-en-poche\/#breadcrumb"},"inLanguage":"fr-FR","potentialAction":[{"@type":"ReadAction","target":["https:\/\/atypique.brunotarhan.fr\/index.php\/produit\/la-verite-sur-laffaire-harry-quebert-pocheprix-de-lacademie-francaisejoel-dickerrosie-wolfe-en-poche\/"]}]},{"@type":"BreadcrumbList","@id":"https:\/\/atypique.brunotarhan.fr\/index.php\/produit\/la-verite-sur-laffaire-harry-quebert-pocheprix-de-lacademie-francaisejoel-dickerrosie-wolfe-en-poche\/#breadcrumb","itemListElement":[{"@type":"ListItem","position":1,"name":"Accueil","item":"https:\/\/atypique.brunotarhan.fr\/"},{"@type":"ListItem","position":2,"name":""},{"@type":"ListItem","position":3,"name":"La v\u00e9rit\u00e9 sur l&#8217;affaire Harry Quebert &#8211; Poche PRIX DE L&#8217;ACAD\u00c9MIE FRANCAISE Jo\u00ebl Dicker Rosie &#038; Wolfe en poche"}]}]}},"_links":{"self":[{"href":"https:\/\/atypique.brunotarhan.fr\/index.php\/wp-json\/wp\/v2\/product\/16074","targetHints":{"allow":["GET"]}}],"collection":[{"href":"https:\/\/atypique.brunotarhan.fr\/index.php\/wp-json\/wp\/v2\/product"}],"about":[{"href":"https:\/\/atypique.brunotarhan.fr\/index.php\/wp-json\/wp\/v2\/types\/product"}],"replies":[{"embeddable":true,"href":"https:\/\/atypique.brunotarhan.fr\/index.php\/wp-json\/wp\/v2\/comments?post=16074"}],"wp:featuredmedia":[{"embeddable":true,"href":"https:\/\/atypique.brunotarhan.fr\/index.php\/wp-json\/wp\/v2\/media\/15822"}],"wp:attachment":[{"href":"https:\/\/atypique.brunotarhan.fr\/index.php\/wp-json\/wp\/v2\/media?parent=16074"}],"wp:term":[{"taxonomy":"product_cat","embeddable":true,"href":"https:\/\/atypique.brunotarhan.fr\/index.php\/wp-json\/wp\/v2\/product_cat?post=16074"},{"taxonomy":"product_tag","embeddable":true,"href":"https:\/\/atypique.brunotarhan.fr\/index.php\/wp-json\/wp\/v2\/product_tag?post=16074"}],"curies":[{"name":"wp","href":"https:\/\/api.w.org\/{rel}","templated":true}]}}