{"id":16072,"date":"2022-04-25T22:47:43","date_gmt":"2022-04-25T22:47:43","guid":{"rendered":"https:\/\/atypique.brunotarhan.fr\/index.php\/produit\/la-tresse-pocheprix-rene-falletlaetitia-colombanilivre-de-poche\/"},"modified":"2022-04-25T22:47:43","modified_gmt":"2022-04-25T22:47:43","slug":"la-tresse-pocheprix-rene-falletlaetitia-colombanilivre-de-poche","status":"publish","type":"product","link":"https:\/\/atypique.brunotarhan.fr\/index.php\/produit\/la-tresse-pocheprix-rene-falletlaetitia-colombanilivre-de-poche\/","title":{"rendered":"La tresse &#8211; Poche\nPRIX REN\u00c9 FALLET\nLaetitia Colombani\nLivre de poche"},"content":{"rendered":"<p>Inde. Smita est une Intouchable. Elle r\u00eave de voir sa fille \u00e9chapper \u00e0 sa condition mis\u00e9rable et entrer \u00e0 l&#8217;\u00e9cole. Sicile. Giulia travaille dans l&#8217;atelier de son p\u00e8re. Lorsqu&#8217;il est victime d&#8217;un accident, elle d\u00e9couvre que l&#8217;entreprise familiale est ruin\u00e9e. Canada. Sarah, avocate r\u00e9put\u00e9e, va \u00eatre promue \u00e0 la t\u00eate de son cabinet quand elle apprend qu&#8217;elle est gravement malade. Li\u00e9es sans le savoir par ce qu&#8217;elles ont de plus intime et de plus singulier, Smita, Giulia et Sarah refusent le sort qui leur est r\u00e9serv\u00e9 et d\u00e9cident de se battre.<br \/>\nVibrantes d&#8217;humanit\u00e9, leurs histoires tissent une tresse d&#8217;espoir et de solidarit\u00e9. Trois femmes, trois vies, trois continents. Une m\u00eame soif de libert\u00e9. Difficile de ne pas \u00eatre touch\u00e9 par ce tr\u00e8s joli r\u00e9cit. Estelle Lenartowicz, Lire. Laetitia Colombani ma\u00eetrise \u00e0 l&#8217;\u00e9vidence l&#8217;art de la narration. Florence Bouchy, Le Monde des livres. Un roman dans lequel il y a tout. Fran\u00e7ois Busnel, La Grande Librairie.<br \/>\nPrix Relay des voyageurs.<\/p>\n","protected":false},"excerpt":{"rendered":"<p>Inde. Smita est une Intouchable. Elle r\u00eave de voir sa fille \u00e9chapper \u00e0 sa condition mis\u00e9rable et entrer \u00e0 l&#8217;\u00e9cole. Sicile. Giulia travaille dans\u2026<\/p>\n","protected":false},"featured_media":15820,"comment_status":"open","ping_status":"closed","template":"","meta":[],"product_cat":[93,186],"product_tag":[453,455,242,183,454,189],"class_list":["post-16072","product","type-product","status-publish","has-post-thumbnail","hentry","product_cat-librairie","product_cat-romans","product_tag-la-tresse","product_tag-laetitia-colombani","product_tag-livre-de-poche","product_tag-poche","product_tag-prix-rene-fallet","product_tag-roman"],"yoast_head":"<!-- This site is optimized with the Yoast SEO plugin v18.0 - https:\/\/yoast.com\/wordpress\/plugins\/seo\/ -->\n<title>La tresse - Poche PRIX REN\u00c9 FALLET Laetitia Colombani Livre de poche - Atypique Concept Store<\/title>\n<meta name=\"robots\" content=\"index, follow, max-snippet:-1, max-image-preview:large, max-video-preview:-1\" \/>\n<link rel=\"canonical\" href=\"https:\/\/atypique.brunotarhan.fr\/index.php\/produit\/la-tresse-pocheprix-rene-falletlaetitia-colombanilivre-de-poche\/\" \/>\n<meta property=\"og:locale\" content=\"fr_FR\" \/>\n<meta property=\"og:type\" content=\"article\" \/>\n<meta property=\"og:title\" content=\"La tresse - Poche PRIX REN\u00c9 FALLET Laetitia Colombani Livre de poche - Atypique Concept Store\" \/>\n<meta property=\"og:description\" content=\"Inde. Smita est une Intouchable. Elle r\u00eave de voir sa fille \u00e9chapper \u00e0 sa condition mis\u00e9rable et entrer \u00e0 l&#039;\u00e9cole. Sicile. Giulia travaille dans\u2026\" \/>\n<meta property=\"og:url\" content=\"https:\/\/atypique.brunotarhan.fr\/index.php\/produit\/la-tresse-pocheprix-rene-falletlaetitia-colombanilivre-de-poche\/\" \/>\n<meta property=\"og:site_name\" content=\"Atypique Concept Store\" \/>\n<meta name=\"twitter:card\" content=\"summary_large_image\" \/>\n<meta name=\"twitter:label1\" content=\"Dur\u00e9e de lecture estim\u00e9e\" \/>\n\t<meta name=\"twitter:data1\" content=\"1 minute\" \/>\n<script type=\"application\/ld+json\" class=\"yoast-schema-graph\">{\"@context\":\"https:\/\/schema.org\",\"@graph\":[{\"@type\":\"WebSite\",\"@id\":\"https:\/\/atypique.brunotarhan.fr\/#website\",\"url\":\"https:\/\/atypique.brunotarhan.fr\/\",\"name\":\"Atypique Concept Store\",\"description\":\"Just another WordPress site\",\"potentialAction\":[{\"@type\":\"SearchAction\",\"target\":{\"@type\":\"EntryPoint\",\"urlTemplate\":\"https:\/\/atypique.brunotarhan.fr\/?s={search_term_string}\"},\"query-input\":\"required name=search_term_string\"}],\"inLanguage\":\"fr-FR\"},{\"@type\":\"ImageObject\",\"@id\":\"https:\/\/atypique.brunotarhan.fr\/index.php\/produit\/la-tresse-pocheprix-rene-falletlaetitia-colombanilivre-de-poche\/#primaryimage\",\"inLanguage\":\"fr-FR\",\"url\":\"https:\/\/atypique.brunotarhan.fr\/wp-content\/uploads\/2022\/04\/la-tresse.webp\",\"contentUrl\":\"https:\/\/atypique.brunotarhan.fr\/wp-content\/uploads\/2022\/04\/la-tresse.webp\",\"width\":309,\"height\":500},{\"@type\":\"WebPage\",\"@id\":\"https:\/\/atypique.brunotarhan.fr\/index.php\/produit\/la-tresse-pocheprix-rene-falletlaetitia-colombanilivre-de-poche\/#webpage\",\"url\":\"https:\/\/atypique.brunotarhan.fr\/index.php\/produit\/la-tresse-pocheprix-rene-falletlaetitia-colombanilivre-de-poche\/\",\"name\":\"La tresse - Poche PRIX REN\u00c9 FALLET Laetitia Colombani Livre de poche - Atypique Concept Store\",\"isPartOf\":{\"@id\":\"https:\/\/atypique.brunotarhan.fr\/#website\"},\"primaryImageOfPage\":{\"@id\":\"https:\/\/atypique.brunotarhan.fr\/index.php\/produit\/la-tresse-pocheprix-rene-falletlaetitia-colombanilivre-de-poche\/#primaryimage\"},\"datePublished\":\"2022-04-25T22:47:43+00:00\",\"dateModified\":\"2022-04-25T22:47:43+00:00\",\"breadcrumb\":{\"@id\":\"https:\/\/atypique.brunotarhan.fr\/index.php\/produit\/la-tresse-pocheprix-rene-falletlaetitia-colombanilivre-de-poche\/#breadcrumb\"},\"inLanguage\":\"fr-FR\",\"potentialAction\":[{\"@type\":\"ReadAction\",\"target\":[\"https:\/\/atypique.brunotarhan.fr\/index.php\/produit\/la-tresse-pocheprix-rene-falletlaetitia-colombanilivre-de-poche\/\"]}]},{\"@type\":\"BreadcrumbList\",\"@id\":\"https:\/\/atypique.brunotarhan.fr\/index.php\/produit\/la-tresse-pocheprix-rene-falletlaetitia-colombanilivre-de-poche\/#breadcrumb\",\"itemListElement\":[{\"@type\":\"ListItem\",\"position\":1,\"name\":\"Accueil\",\"item\":\"https:\/\/atypique.brunotarhan.fr\/\"},{\"@type\":\"ListItem\",\"position\":2,\"name\":\"\"},{\"@type\":\"ListItem\",\"position\":3,\"name\":\"La tresse &#8211; Poche PRIX REN\u00c9 FALLET Laetitia Colombani Livre de poche\"}]}]}<\/script>\n<!-- \/ Yoast SEO plugin. -->","yoast_head_json":{"title":"La tresse - Poche PRIX REN\u00c9 FALLET Laetitia Colombani Livre de poche - Atypique Concept Store","robots":{"index":"index","follow":"follow","max-snippet":"max-snippet:-1","max-image-preview":"max-image-preview:large","max-video-preview":"max-video-preview:-1"},"canonical":"https:\/\/atypique.brunotarhan.fr\/index.php\/produit\/la-tresse-pocheprix-rene-falletlaetitia-colombanilivre-de-poche\/","og_locale":"fr_FR","og_type":"article","og_title":"La tresse - Poche PRIX REN\u00c9 FALLET Laetitia Colombani Livre de poche - Atypique Concept Store","og_description":"Inde. Smita est une Intouchable. Elle r\u00eave de voir sa fille \u00e9chapper \u00e0 sa condition mis\u00e9rable et entrer \u00e0 l'\u00e9cole. Sicile. Giulia travaille dans\u2026","og_url":"https:\/\/atypique.brunotarhan.fr\/index.php\/produit\/la-tresse-pocheprix-rene-falletlaetitia-colombanilivre-de-poche\/","og_site_name":"Atypique Concept Store","twitter_card":"summary_large_image","twitter_misc":{"Dur\u00e9e de lecture estim\u00e9e":"1 minute"},"schema":{"@context":"https:\/\/schema.org","@graph":[{"@type":"WebSite","@id":"https:\/\/atypique.brunotarhan.fr\/#website","url":"https:\/\/atypique.brunotarhan.fr\/","name":"Atypique Concept Store","description":"Just another WordPress site","potentialAction":[{"@type":"SearchAction","target":{"@type":"EntryPoint","urlTemplate":"https:\/\/atypique.brunotarhan.fr\/?s={search_term_string}"},"query-input":"required name=search_term_string"}],"inLanguage":"fr-FR"},{"@type":"ImageObject","@id":"https:\/\/atypique.brunotarhan.fr\/index.php\/produit\/la-tresse-pocheprix-rene-falletlaetitia-colombanilivre-de-poche\/#primaryimage","inLanguage":"fr-FR","url":"https:\/\/atypique.brunotarhan.fr\/wp-content\/uploads\/2022\/04\/la-tresse.webp","contentUrl":"https:\/\/atypique.brunotarhan.fr\/wp-content\/uploads\/2022\/04\/la-tresse.webp","width":309,"height":500},{"@type":"WebPage","@id":"https:\/\/atypique.brunotarhan.fr\/index.php\/produit\/la-tresse-pocheprix-rene-falletlaetitia-colombanilivre-de-poche\/#webpage","url":"https:\/\/atypique.brunotarhan.fr\/index.php\/produit\/la-tresse-pocheprix-rene-falletlaetitia-colombanilivre-de-poche\/","name":"La tresse - Poche PRIX REN\u00c9 FALLET Laetitia Colombani Livre de poche - Atypique Concept Store","isPartOf":{"@id":"https:\/\/atypique.brunotarhan.fr\/#website"},"primaryImageOfPage":{"@id":"https:\/\/atypique.brunotarhan.fr\/index.php\/produit\/la-tresse-pocheprix-rene-falletlaetitia-colombanilivre-de-poche\/#primaryimage"},"datePublished":"2022-04-25T22:47:43+00:00","dateModified":"2022-04-25T22:47:43+00:00","breadcrumb":{"@id":"https:\/\/atypique.brunotarhan.fr\/index.php\/produit\/la-tresse-pocheprix-rene-falletlaetitia-colombanilivre-de-poche\/#breadcrumb"},"inLanguage":"fr-FR","potentialAction":[{"@type":"ReadAction","target":["https:\/\/atypique.brunotarhan.fr\/index.php\/produit\/la-tresse-pocheprix-rene-falletlaetitia-colombanilivre-de-poche\/"]}]},{"@type":"BreadcrumbList","@id":"https:\/\/atypique.brunotarhan.fr\/index.php\/produit\/la-tresse-pocheprix-rene-falletlaetitia-colombanilivre-de-poche\/#breadcrumb","itemListElement":[{"@type":"ListItem","position":1,"name":"Accueil","item":"https:\/\/atypique.brunotarhan.fr\/"},{"@type":"ListItem","position":2,"name":""},{"@type":"ListItem","position":3,"name":"La tresse &#8211; Poche PRIX REN\u00c9 FALLET Laetitia Colombani Livre de poche"}]}]}},"_links":{"self":[{"href":"https:\/\/atypique.brunotarhan.fr\/index.php\/wp-json\/wp\/v2\/product\/16072","targetHints":{"allow":["GET"]}}],"collection":[{"href":"https:\/\/atypique.brunotarhan.fr\/index.php\/wp-json\/wp\/v2\/product"}],"about":[{"href":"https:\/\/atypique.brunotarhan.fr\/index.php\/wp-json\/wp\/v2\/types\/product"}],"replies":[{"embeddable":true,"href":"https:\/\/atypique.brunotarhan.fr\/index.php\/wp-json\/wp\/v2\/comments?post=16072"}],"wp:featuredmedia":[{"embeddable":true,"href":"https:\/\/atypique.brunotarhan.fr\/index.php\/wp-json\/wp\/v2\/media\/15820"}],"wp:attachment":[{"href":"https:\/\/atypique.brunotarhan.fr\/index.php\/wp-json\/wp\/v2\/media?parent=16072"}],"wp:term":[{"taxonomy":"product_cat","embeddable":true,"href":"https:\/\/atypique.brunotarhan.fr\/index.php\/wp-json\/wp\/v2\/product_cat?post=16072"},{"taxonomy":"product_tag","embeddable":true,"href":"https:\/\/atypique.brunotarhan.fr\/index.php\/wp-json\/wp\/v2\/product_tag?post=16072"}],"curies":[{"name":"wp","href":"https:\/\/api.w.org\/{rel}","templated":true}]}}