{"id":16071,"date":"2022-04-25T22:47:43","date_gmt":"2022-04-25T22:47:43","guid":{"rendered":"https:\/\/atypique.brunotarhan.fr\/index.php\/produit\/la-toute-petite-reine-grand-formatagnes-ledigflammarion\/"},"modified":"2022-04-25T22:47:43","modified_gmt":"2022-04-25T22:47:43","slug":"la-toute-petite-reine-grand-formatagnes-ledigflammarion","status":"publish","type":"product","link":"https:\/\/atypique.brunotarhan.fr\/index.php\/produit\/la-toute-petite-reine-grand-formatagnes-ledigflammarion\/","title":{"rendered":"La toute petite reine &#8211; Grand Format\nAgn\u00e8s Ledig\nFlammarion"},"content":{"rendered":"<p>Un matin, Adrien, ma\u00eetre-chien, est appel\u00e9 pour un colis suspect en gare de Strasbourg. Bloom, son chien hypersensible, va sentir le premier que les larmes de Capucine, venue r\u00e9cup\u00e9rer sa valise oubli\u00e9e, cachent en r\u00e9alit\u00e9 une bombe pr\u00eate \u00e0 exploser dans son coeur. Hasard ou coup de pouce du destin, ils se retrouvent quelques jours plus tard dans la salle d&#8217;attente d&#8217;un couple de psychiatres. D\u00e8s lors, Adrien n&#8217;a de cesse de d\u00e9couvrir l&#8217;histoire que porte cette jeune femme.<br \/>\nD\u00e9nouant les fils de leur existence, cette rencontre pourrait bien prendre une tournure inattendue et leur permettre de faire la paix avec leur pass\u00e9 afin d&#8217;imaginer \u00e0 nouveau l&#8217;avenir.<\/p>\n","protected":false},"excerpt":{"rendered":"<p>Un matin, Adrien, ma\u00eetre-chien, est appel\u00e9 pour un colis suspect en gare de Strasbourg. Bloom, son chien hypersensible, va sentir le premier que les\u2026<\/p>\n","protected":false},"featured_media":15819,"comment_status":"open","ping_status":"closed","template":"","meta":[],"product_cat":[93,186],"product_tag":[451,452,412,450,189],"class_list":["post-16071","product","type-product","status-publish","has-post-thumbnail","hentry","product_cat-librairie","product_cat-romans","product_tag-agnes-ledig","product_tag-flammarion","product_tag-grand-format","product_tag-la-toute-petite-reine","product_tag-roman"],"yoast_head":"<!-- This site is optimized with the Yoast SEO plugin v18.0 - https:\/\/yoast.com\/wordpress\/plugins\/seo\/ -->\n<title>La toute petite reine - Grand Format Agn\u00e8s Ledig Flammarion - Atypique Concept Store<\/title>\n<meta name=\"robots\" content=\"index, follow, max-snippet:-1, max-image-preview:large, max-video-preview:-1\" \/>\n<link rel=\"canonical\" href=\"https:\/\/atypique.brunotarhan.fr\/index.php\/produit\/la-toute-petite-reine-grand-formatagnes-ledigflammarion\/\" \/>\n<meta property=\"og:locale\" content=\"fr_FR\" \/>\n<meta property=\"og:type\" content=\"article\" \/>\n<meta property=\"og:title\" content=\"La toute petite reine - Grand Format Agn\u00e8s Ledig Flammarion - Atypique Concept Store\" \/>\n<meta property=\"og:description\" content=\"Un matin, Adrien, ma\u00eetre-chien, est appel\u00e9 pour un colis suspect en gare de Strasbourg. Bloom, son chien hypersensible, va sentir le premier que les\u2026\" \/>\n<meta property=\"og:url\" content=\"https:\/\/atypique.brunotarhan.fr\/index.php\/produit\/la-toute-petite-reine-grand-formatagnes-ledigflammarion\/\" \/>\n<meta property=\"og:site_name\" content=\"Atypique Concept Store\" \/>\n<meta name=\"twitter:card\" content=\"summary_large_image\" \/>\n<meta name=\"twitter:label1\" content=\"Dur\u00e9e de lecture estim\u00e9e\" \/>\n\t<meta name=\"twitter:data1\" content=\"1 minute\" \/>\n<script type=\"application\/ld+json\" class=\"yoast-schema-graph\">{\"@context\":\"https:\/\/schema.org\",\"@graph\":[{\"@type\":\"WebSite\",\"@id\":\"https:\/\/atypique.brunotarhan.fr\/#website\",\"url\":\"https:\/\/atypique.brunotarhan.fr\/\",\"name\":\"Atypique Concept Store\",\"description\":\"Just another WordPress site\",\"potentialAction\":[{\"@type\":\"SearchAction\",\"target\":{\"@type\":\"EntryPoint\",\"urlTemplate\":\"https:\/\/atypique.brunotarhan.fr\/?s={search_term_string}\"},\"query-input\":\"required name=search_term_string\"}],\"inLanguage\":\"fr-FR\"},{\"@type\":\"ImageObject\",\"@id\":\"https:\/\/atypique.brunotarhan.fr\/index.php\/produit\/la-toute-petite-reine-grand-formatagnes-ledigflammarion\/#primaryimage\",\"inLanguage\":\"fr-FR\",\"url\":\"https:\/\/atypique.brunotarhan.fr\/wp-content\/uploads\/2022\/04\/la-toute-petite-reine.webp\",\"contentUrl\":\"https:\/\/atypique.brunotarhan.fr\/wp-content\/uploads\/2022\/04\/la-toute-petite-reine.webp\",\"width\":329,\"height\":500},{\"@type\":\"WebPage\",\"@id\":\"https:\/\/atypique.brunotarhan.fr\/index.php\/produit\/la-toute-petite-reine-grand-formatagnes-ledigflammarion\/#webpage\",\"url\":\"https:\/\/atypique.brunotarhan.fr\/index.php\/produit\/la-toute-petite-reine-grand-formatagnes-ledigflammarion\/\",\"name\":\"La toute petite reine - Grand Format Agn\u00e8s Ledig Flammarion - Atypique Concept Store\",\"isPartOf\":{\"@id\":\"https:\/\/atypique.brunotarhan.fr\/#website\"},\"primaryImageOfPage\":{\"@id\":\"https:\/\/atypique.brunotarhan.fr\/index.php\/produit\/la-toute-petite-reine-grand-formatagnes-ledigflammarion\/#primaryimage\"},\"datePublished\":\"2022-04-25T22:47:43+00:00\",\"dateModified\":\"2022-04-25T22:47:43+00:00\",\"breadcrumb\":{\"@id\":\"https:\/\/atypique.brunotarhan.fr\/index.php\/produit\/la-toute-petite-reine-grand-formatagnes-ledigflammarion\/#breadcrumb\"},\"inLanguage\":\"fr-FR\",\"potentialAction\":[{\"@type\":\"ReadAction\",\"target\":[\"https:\/\/atypique.brunotarhan.fr\/index.php\/produit\/la-toute-petite-reine-grand-formatagnes-ledigflammarion\/\"]}]},{\"@type\":\"BreadcrumbList\",\"@id\":\"https:\/\/atypique.brunotarhan.fr\/index.php\/produit\/la-toute-petite-reine-grand-formatagnes-ledigflammarion\/#breadcrumb\",\"itemListElement\":[{\"@type\":\"ListItem\",\"position\":1,\"name\":\"Accueil\",\"item\":\"https:\/\/atypique.brunotarhan.fr\/\"},{\"@type\":\"ListItem\",\"position\":2,\"name\":\"\"},{\"@type\":\"ListItem\",\"position\":3,\"name\":\"La toute petite reine &#8211; Grand Format Agn\u00e8s Ledig Flammarion\"}]}]}<\/script>\n<!-- \/ Yoast SEO plugin. -->","yoast_head_json":{"title":"La toute petite reine - Grand Format Agn\u00e8s Ledig Flammarion - Atypique Concept Store","robots":{"index":"index","follow":"follow","max-snippet":"max-snippet:-1","max-image-preview":"max-image-preview:large","max-video-preview":"max-video-preview:-1"},"canonical":"https:\/\/atypique.brunotarhan.fr\/index.php\/produit\/la-toute-petite-reine-grand-formatagnes-ledigflammarion\/","og_locale":"fr_FR","og_type":"article","og_title":"La toute petite reine - Grand Format Agn\u00e8s Ledig Flammarion - Atypique Concept Store","og_description":"Un matin, Adrien, ma\u00eetre-chien, est appel\u00e9 pour un colis suspect en gare de Strasbourg. Bloom, son chien hypersensible, va sentir le premier que les\u2026","og_url":"https:\/\/atypique.brunotarhan.fr\/index.php\/produit\/la-toute-petite-reine-grand-formatagnes-ledigflammarion\/","og_site_name":"Atypique Concept Store","twitter_card":"summary_large_image","twitter_misc":{"Dur\u00e9e de lecture estim\u00e9e":"1 minute"},"schema":{"@context":"https:\/\/schema.org","@graph":[{"@type":"WebSite","@id":"https:\/\/atypique.brunotarhan.fr\/#website","url":"https:\/\/atypique.brunotarhan.fr\/","name":"Atypique Concept Store","description":"Just another WordPress site","potentialAction":[{"@type":"SearchAction","target":{"@type":"EntryPoint","urlTemplate":"https:\/\/atypique.brunotarhan.fr\/?s={search_term_string}"},"query-input":"required name=search_term_string"}],"inLanguage":"fr-FR"},{"@type":"ImageObject","@id":"https:\/\/atypique.brunotarhan.fr\/index.php\/produit\/la-toute-petite-reine-grand-formatagnes-ledigflammarion\/#primaryimage","inLanguage":"fr-FR","url":"https:\/\/atypique.brunotarhan.fr\/wp-content\/uploads\/2022\/04\/la-toute-petite-reine.webp","contentUrl":"https:\/\/atypique.brunotarhan.fr\/wp-content\/uploads\/2022\/04\/la-toute-petite-reine.webp","width":329,"height":500},{"@type":"WebPage","@id":"https:\/\/atypique.brunotarhan.fr\/index.php\/produit\/la-toute-petite-reine-grand-formatagnes-ledigflammarion\/#webpage","url":"https:\/\/atypique.brunotarhan.fr\/index.php\/produit\/la-toute-petite-reine-grand-formatagnes-ledigflammarion\/","name":"La toute petite reine - Grand Format Agn\u00e8s Ledig Flammarion - Atypique Concept Store","isPartOf":{"@id":"https:\/\/atypique.brunotarhan.fr\/#website"},"primaryImageOfPage":{"@id":"https:\/\/atypique.brunotarhan.fr\/index.php\/produit\/la-toute-petite-reine-grand-formatagnes-ledigflammarion\/#primaryimage"},"datePublished":"2022-04-25T22:47:43+00:00","dateModified":"2022-04-25T22:47:43+00:00","breadcrumb":{"@id":"https:\/\/atypique.brunotarhan.fr\/index.php\/produit\/la-toute-petite-reine-grand-formatagnes-ledigflammarion\/#breadcrumb"},"inLanguage":"fr-FR","potentialAction":[{"@type":"ReadAction","target":["https:\/\/atypique.brunotarhan.fr\/index.php\/produit\/la-toute-petite-reine-grand-formatagnes-ledigflammarion\/"]}]},{"@type":"BreadcrumbList","@id":"https:\/\/atypique.brunotarhan.fr\/index.php\/produit\/la-toute-petite-reine-grand-formatagnes-ledigflammarion\/#breadcrumb","itemListElement":[{"@type":"ListItem","position":1,"name":"Accueil","item":"https:\/\/atypique.brunotarhan.fr\/"},{"@type":"ListItem","position":2,"name":""},{"@type":"ListItem","position":3,"name":"La toute petite reine &#8211; Grand Format Agn\u00e8s Ledig Flammarion"}]}]}},"_links":{"self":[{"href":"https:\/\/atypique.brunotarhan.fr\/index.php\/wp-json\/wp\/v2\/product\/16071","targetHints":{"allow":["GET"]}}],"collection":[{"href":"https:\/\/atypique.brunotarhan.fr\/index.php\/wp-json\/wp\/v2\/product"}],"about":[{"href":"https:\/\/atypique.brunotarhan.fr\/index.php\/wp-json\/wp\/v2\/types\/product"}],"replies":[{"embeddable":true,"href":"https:\/\/atypique.brunotarhan.fr\/index.php\/wp-json\/wp\/v2\/comments?post=16071"}],"wp:featuredmedia":[{"embeddable":true,"href":"https:\/\/atypique.brunotarhan.fr\/index.php\/wp-json\/wp\/v2\/media\/15819"}],"wp:attachment":[{"href":"https:\/\/atypique.brunotarhan.fr\/index.php\/wp-json\/wp\/v2\/media?parent=16071"}],"wp:term":[{"taxonomy":"product_cat","embeddable":true,"href":"https:\/\/atypique.brunotarhan.fr\/index.php\/wp-json\/wp\/v2\/product_cat?post=16071"},{"taxonomy":"product_tag","embeddable":true,"href":"https:\/\/atypique.brunotarhan.fr\/index.php\/wp-json\/wp\/v2\/product_tag?post=16071"}],"curies":[{"name":"wp","href":"https:\/\/api.w.org\/{rel}","templated":true}]}}