{"id":16070,"date":"2022-04-25T22:47:42","date_gmt":"2022-04-25T22:47:42","guid":{"rendered":"https:\/\/atypique.brunotarhan.fr\/index.php\/produit\/la-somme-de-nos-vies-pochesophie-astrabiejai-lu\/"},"modified":"2022-04-25T22:47:42","modified_gmt":"2022-04-25T22:47:42","slug":"la-somme-de-nos-vies-pochesophie-astrabiejai-lu","status":"publish","type":"product","link":"https:\/\/atypique.brunotarhan.fr\/index.php\/produit\/la-somme-de-nos-vies-pochesophie-astrabiejai-lu\/","title":{"rendered":"La somme de nos vies &#8211; Poche\nSophie Astrabie\nJ&#8217;ai lu"},"content":{"rendered":"<p>Camille, jeune fleuriste qui r\u00eave sa vie, visite des appartements qu&#8217;elle n&#8217;a aucune intention d&#8217;acheter. Marguerite, quatre-vingt-sept ans, met en vente son appartement qu&#8217;elle s&#8217;est pourtant jur\u00e9 de ne jamais quitter. Derri\u00e8re leurs fen\u00eatres qui se font face, dans cette rue parisienne, la vie de l&#8217;une appara\u00eet \u00e0 l&#8217;autre comme dans un reflet. Les mensonges de Camille \u00e0 son entourage et les secrets de Marguerite enfouis soigneusement depuis l&#8217;enfance se croisent et se r\u00e9pondent&#8230;<br \/>\nJusqu&#8217;\u00e0 ce que Thomas, agent immobilier r\u00eaveur, entre en sc\u00e8ne. Comment prendre sa vie \u00e0 bras-le-corps quand on a d\u00e9cid\u00e9 d&#8217;en vivre une autre ?<\/p>\n","protected":false},"excerpt":{"rendered":"<p>Camille, jeune fleuriste qui r\u00eave sa vie, visite des appartements qu&#8217;elle n&#8217;a aucune intention d&#8217;acheter. Marguerite, quatre-vingt-sept ans, met en vente\u2026<\/p>\n","protected":false},"featured_media":15818,"comment_status":"open","ping_status":"closed","template":"","meta":[],"product_cat":[93,186],"product_tag":[249,448,183,189,449],"class_list":["post-16070","product","type-product","status-publish","has-post-thumbnail","hentry","product_cat-librairie","product_cat-romans","product_tag-jai-lu","product_tag-la-somme-de-nos-vies","product_tag-poche","product_tag-roman","product_tag-sophie-astrabie"],"yoast_head":"<!-- This site is optimized with the Yoast SEO plugin v18.0 - https:\/\/yoast.com\/wordpress\/plugins\/seo\/ -->\n<title>La somme de nos vies - Poche Sophie Astrabie J&#039;ai lu - Atypique Concept Store<\/title>\n<meta name=\"robots\" content=\"index, follow, max-snippet:-1, max-image-preview:large, max-video-preview:-1\" \/>\n<link rel=\"canonical\" href=\"https:\/\/atypique.brunotarhan.fr\/index.php\/produit\/la-somme-de-nos-vies-pochesophie-astrabiejai-lu\/\" \/>\n<meta property=\"og:locale\" content=\"fr_FR\" \/>\n<meta property=\"og:type\" content=\"article\" \/>\n<meta property=\"og:title\" content=\"La somme de nos vies - Poche Sophie Astrabie J&#039;ai lu - Atypique Concept Store\" \/>\n<meta property=\"og:description\" content=\"Camille, jeune fleuriste qui r\u00eave sa vie, visite des appartements qu&#039;elle n&#039;a aucune intention d&#039;acheter. Marguerite, quatre-vingt-sept ans, met en vente\u2026\" \/>\n<meta property=\"og:url\" content=\"https:\/\/atypique.brunotarhan.fr\/index.php\/produit\/la-somme-de-nos-vies-pochesophie-astrabiejai-lu\/\" \/>\n<meta property=\"og:site_name\" content=\"Atypique Concept Store\" \/>\n<meta name=\"twitter:card\" content=\"summary_large_image\" \/>\n<meta name=\"twitter:label1\" content=\"Dur\u00e9e de lecture estim\u00e9e\" \/>\n\t<meta name=\"twitter:data1\" content=\"1 minute\" \/>\n<script type=\"application\/ld+json\" class=\"yoast-schema-graph\">{\"@context\":\"https:\/\/schema.org\",\"@graph\":[{\"@type\":\"WebSite\",\"@id\":\"https:\/\/atypique.brunotarhan.fr\/#website\",\"url\":\"https:\/\/atypique.brunotarhan.fr\/\",\"name\":\"Atypique Concept Store\",\"description\":\"Just another WordPress site\",\"potentialAction\":[{\"@type\":\"SearchAction\",\"target\":{\"@type\":\"EntryPoint\",\"urlTemplate\":\"https:\/\/atypique.brunotarhan.fr\/?s={search_term_string}\"},\"query-input\":\"required name=search_term_string\"}],\"inLanguage\":\"fr-FR\"},{\"@type\":\"ImageObject\",\"@id\":\"https:\/\/atypique.brunotarhan.fr\/index.php\/produit\/la-somme-de-nos-vies-pochesophie-astrabiejai-lu\/#primaryimage\",\"inLanguage\":\"fr-FR\",\"url\":\"https:\/\/atypique.brunotarhan.fr\/wp-content\/uploads\/2022\/04\/la-somme-de-nos-vies.webp\",\"contentUrl\":\"https:\/\/atypique.brunotarhan.fr\/wp-content\/uploads\/2022\/04\/la-somme-de-nos-vies.webp\",\"width\":309,\"height\":500},{\"@type\":\"WebPage\",\"@id\":\"https:\/\/atypique.brunotarhan.fr\/index.php\/produit\/la-somme-de-nos-vies-pochesophie-astrabiejai-lu\/#webpage\",\"url\":\"https:\/\/atypique.brunotarhan.fr\/index.php\/produit\/la-somme-de-nos-vies-pochesophie-astrabiejai-lu\/\",\"name\":\"La somme de nos vies - Poche Sophie Astrabie J'ai lu - Atypique Concept Store\",\"isPartOf\":{\"@id\":\"https:\/\/atypique.brunotarhan.fr\/#website\"},\"primaryImageOfPage\":{\"@id\":\"https:\/\/atypique.brunotarhan.fr\/index.php\/produit\/la-somme-de-nos-vies-pochesophie-astrabiejai-lu\/#primaryimage\"},\"datePublished\":\"2022-04-25T22:47:42+00:00\",\"dateModified\":\"2022-04-25T22:47:42+00:00\",\"breadcrumb\":{\"@id\":\"https:\/\/atypique.brunotarhan.fr\/index.php\/produit\/la-somme-de-nos-vies-pochesophie-astrabiejai-lu\/#breadcrumb\"},\"inLanguage\":\"fr-FR\",\"potentialAction\":[{\"@type\":\"ReadAction\",\"target\":[\"https:\/\/atypique.brunotarhan.fr\/index.php\/produit\/la-somme-de-nos-vies-pochesophie-astrabiejai-lu\/\"]}]},{\"@type\":\"BreadcrumbList\",\"@id\":\"https:\/\/atypique.brunotarhan.fr\/index.php\/produit\/la-somme-de-nos-vies-pochesophie-astrabiejai-lu\/#breadcrumb\",\"itemListElement\":[{\"@type\":\"ListItem\",\"position\":1,\"name\":\"Accueil\",\"item\":\"https:\/\/atypique.brunotarhan.fr\/\"},{\"@type\":\"ListItem\",\"position\":2,\"name\":\"\"},{\"@type\":\"ListItem\",\"position\":3,\"name\":\"La somme de nos vies &#8211; Poche Sophie Astrabie J&#8217;ai lu\"}]}]}<\/script>\n<!-- \/ Yoast SEO plugin. -->","yoast_head_json":{"title":"La somme de nos vies - Poche Sophie Astrabie J'ai lu - Atypique Concept Store","robots":{"index":"index","follow":"follow","max-snippet":"max-snippet:-1","max-image-preview":"max-image-preview:large","max-video-preview":"max-video-preview:-1"},"canonical":"https:\/\/atypique.brunotarhan.fr\/index.php\/produit\/la-somme-de-nos-vies-pochesophie-astrabiejai-lu\/","og_locale":"fr_FR","og_type":"article","og_title":"La somme de nos vies - Poche Sophie Astrabie J'ai lu - Atypique Concept Store","og_description":"Camille, jeune fleuriste qui r\u00eave sa vie, visite des appartements qu'elle n'a aucune intention d'acheter. Marguerite, quatre-vingt-sept ans, met en vente\u2026","og_url":"https:\/\/atypique.brunotarhan.fr\/index.php\/produit\/la-somme-de-nos-vies-pochesophie-astrabiejai-lu\/","og_site_name":"Atypique Concept Store","twitter_card":"summary_large_image","twitter_misc":{"Dur\u00e9e de lecture estim\u00e9e":"1 minute"},"schema":{"@context":"https:\/\/schema.org","@graph":[{"@type":"WebSite","@id":"https:\/\/atypique.brunotarhan.fr\/#website","url":"https:\/\/atypique.brunotarhan.fr\/","name":"Atypique Concept Store","description":"Just another WordPress site","potentialAction":[{"@type":"SearchAction","target":{"@type":"EntryPoint","urlTemplate":"https:\/\/atypique.brunotarhan.fr\/?s={search_term_string}"},"query-input":"required name=search_term_string"}],"inLanguage":"fr-FR"},{"@type":"ImageObject","@id":"https:\/\/atypique.brunotarhan.fr\/index.php\/produit\/la-somme-de-nos-vies-pochesophie-astrabiejai-lu\/#primaryimage","inLanguage":"fr-FR","url":"https:\/\/atypique.brunotarhan.fr\/wp-content\/uploads\/2022\/04\/la-somme-de-nos-vies.webp","contentUrl":"https:\/\/atypique.brunotarhan.fr\/wp-content\/uploads\/2022\/04\/la-somme-de-nos-vies.webp","width":309,"height":500},{"@type":"WebPage","@id":"https:\/\/atypique.brunotarhan.fr\/index.php\/produit\/la-somme-de-nos-vies-pochesophie-astrabiejai-lu\/#webpage","url":"https:\/\/atypique.brunotarhan.fr\/index.php\/produit\/la-somme-de-nos-vies-pochesophie-astrabiejai-lu\/","name":"La somme de nos vies - Poche Sophie Astrabie J'ai lu - Atypique Concept Store","isPartOf":{"@id":"https:\/\/atypique.brunotarhan.fr\/#website"},"primaryImageOfPage":{"@id":"https:\/\/atypique.brunotarhan.fr\/index.php\/produit\/la-somme-de-nos-vies-pochesophie-astrabiejai-lu\/#primaryimage"},"datePublished":"2022-04-25T22:47:42+00:00","dateModified":"2022-04-25T22:47:42+00:00","breadcrumb":{"@id":"https:\/\/atypique.brunotarhan.fr\/index.php\/produit\/la-somme-de-nos-vies-pochesophie-astrabiejai-lu\/#breadcrumb"},"inLanguage":"fr-FR","potentialAction":[{"@type":"ReadAction","target":["https:\/\/atypique.brunotarhan.fr\/index.php\/produit\/la-somme-de-nos-vies-pochesophie-astrabiejai-lu\/"]}]},{"@type":"BreadcrumbList","@id":"https:\/\/atypique.brunotarhan.fr\/index.php\/produit\/la-somme-de-nos-vies-pochesophie-astrabiejai-lu\/#breadcrumb","itemListElement":[{"@type":"ListItem","position":1,"name":"Accueil","item":"https:\/\/atypique.brunotarhan.fr\/"},{"@type":"ListItem","position":2,"name":""},{"@type":"ListItem","position":3,"name":"La somme de nos vies &#8211; Poche Sophie Astrabie J&#8217;ai lu"}]}]}},"_links":{"self":[{"href":"https:\/\/atypique.brunotarhan.fr\/index.php\/wp-json\/wp\/v2\/product\/16070","targetHints":{"allow":["GET"]}}],"collection":[{"href":"https:\/\/atypique.brunotarhan.fr\/index.php\/wp-json\/wp\/v2\/product"}],"about":[{"href":"https:\/\/atypique.brunotarhan.fr\/index.php\/wp-json\/wp\/v2\/types\/product"}],"replies":[{"embeddable":true,"href":"https:\/\/atypique.brunotarhan.fr\/index.php\/wp-json\/wp\/v2\/comments?post=16070"}],"wp:featuredmedia":[{"embeddable":true,"href":"https:\/\/atypique.brunotarhan.fr\/index.php\/wp-json\/wp\/v2\/media\/15818"}],"wp:attachment":[{"href":"https:\/\/atypique.brunotarhan.fr\/index.php\/wp-json\/wp\/v2\/media?parent=16070"}],"wp:term":[{"taxonomy":"product_cat","embeddable":true,"href":"https:\/\/atypique.brunotarhan.fr\/index.php\/wp-json\/wp\/v2\/product_cat?post=16070"},{"taxonomy":"product_tag","embeddable":true,"href":"https:\/\/atypique.brunotarhan.fr\/index.php\/wp-json\/wp\/v2\/product_tag?post=16070"}],"curies":[{"name":"wp","href":"https:\/\/api.w.org\/{rel}","templated":true}]}}