{"id":16068,"date":"2022-04-25T22:31:39","date_gmt":"2022-04-25T22:31:39","guid":{"rendered":"https:\/\/atypique.brunotarhan.fr\/index.php\/produit\/les-sept-soeurs-grand-formatla-soeur-disparuelucinda-rileycharleston\/"},"modified":"2022-04-25T22:31:39","modified_gmt":"2022-04-25T22:31:39","slug":"les-sept-soeurs-grand-formatla-soeur-disparuelucinda-rileycharleston","status":"publish","type":"product","link":"https:\/\/atypique.brunotarhan.fr\/index.php\/produit\/les-sept-soeurs-grand-formatla-soeur-disparuelucinda-rileycharleston\/","title":{"rendered":"Les sept soeurs &#8211; Grand Format\nLa soeur disparue\nLucinda Riley\nCharleston"},"content":{"rendered":"<p>Maia, Ally, Star, CeCe, Tiggy et Electra. Recueillies b\u00e9b\u00e9s par l&#8217;\u00e9nigmatique Pa Salt, les six soeurs d&#8217;Apli\u00e8se ont chacune d\u00e9couvert leur histoire. Mais elles ont toujours su qu&#8217;elles devraient \u00eatre sept, tout comme les \u00e9toiles des Pl\u00e9iades auxquelles elles doivent leurs pr\u00e9noms. A pr\u00e9sent que leur p\u00e8re a disparu, elles n&#8217;ont qu&#8217;un indice pour trouver leur derni\u00e8re soeur : le dessin d&#8217;une bague en forme d&#8217;\u00e9toile \u00e0 sept branches, sertie de diamants et d&#8217;\u00e9meraudes.<br \/>\nNouvelle-Z\u00e9lande, Canada, France, Irlande&#8230; Les six soeurs se lancent dans une qu\u00eate haletante \u00e0 travers le monde. Peu \u00e0 peu, elles d\u00e9couvrent une magnifique histoire d&#8217;amour, de bravoure et de sacrifice, qui a commenc\u00e9 pr\u00e8s d&#8217;un si\u00e8cle plus t\u00f4t, alors que d&#8217;autres courageuses jeunes femmes avaient d\u00e9cid\u00e9 de risquer leur vie pour changer le monde autour d&#8217;elles&#8230; La Soeur disparue est le septi\u00e8me tome de la s\u00e9rie \u00e9v\u00e9nement Les Sept Soeurs.<br \/>\nA travers ces romans au souffle unique, peupl\u00e9s de personnages inoubliables li\u00e9s par les drames et l&#8217;amour, Lucinda Riley a affirm\u00e9 comme jamais auparavant son immense talent, cr\u00e9ant un nouveau genre litt\u00e9raire \u00e0 part enti\u00e8re. Les tomes 1 \u00e0 6 de la s\u00e9rie sont disponibles aux \u00e9ditions Charleston !<\/p>\n","protected":false},"excerpt":{"rendered":"<p>Maia, Ally, Star, CeCe, Tiggy et Electra. Recueillies b\u00e9b\u00e9s par l&#8217;\u00e9nigmatique Pa Salt, les six soeurs d&#8217;Apli\u00e8se ont chacune d\u00e9couvert leur histoire&#8230;.<\/p>\n","protected":false},"featured_media":15817,"comment_status":"open","ping_status":"closed","template":"","meta":[],"product_cat":[93,186],"product_tag":[285,412,447,446,363,189],"class_list":["post-16068","product","type-product","status-publish","has-post-thumbnail","hentry","product_cat-librairie","product_cat-romans","product_tag-charleston","product_tag-grand-format","product_tag-la-soeur-disparue","product_tag-les-sept-soeurs","product_tag-lucinda-riley","product_tag-roman"],"yoast_head":"<!-- This site is optimized with the Yoast SEO plugin v18.0 - https:\/\/yoast.com\/wordpress\/plugins\/seo\/ -->\n<title>Les sept soeurs - Grand Format La soeur disparue Lucinda Riley Charleston - Atypique Concept Store<\/title>\n<meta name=\"robots\" content=\"index, follow, max-snippet:-1, max-image-preview:large, max-video-preview:-1\" \/>\n<link rel=\"canonical\" href=\"https:\/\/atypique.brunotarhan.fr\/index.php\/produit\/les-sept-soeurs-grand-formatla-soeur-disparuelucinda-rileycharleston\/\" \/>\n<meta property=\"og:locale\" content=\"fr_FR\" \/>\n<meta property=\"og:type\" content=\"article\" \/>\n<meta property=\"og:title\" content=\"Les sept soeurs - Grand Format La soeur disparue Lucinda Riley Charleston - Atypique Concept Store\" \/>\n<meta property=\"og:description\" content=\"Maia, Ally, Star, CeCe, Tiggy et Electra. Recueillies b\u00e9b\u00e9s par l&#039;\u00e9nigmatique Pa Salt, les six soeurs d&#039;Apli\u00e8se ont chacune d\u00e9couvert leur histoire....\" \/>\n<meta property=\"og:url\" content=\"https:\/\/atypique.brunotarhan.fr\/index.php\/produit\/les-sept-soeurs-grand-formatla-soeur-disparuelucinda-rileycharleston\/\" \/>\n<meta property=\"og:site_name\" content=\"Atypique Concept Store\" \/>\n<meta name=\"twitter:card\" content=\"summary_large_image\" \/>\n<meta name=\"twitter:label1\" content=\"Dur\u00e9e de lecture estim\u00e9e\" \/>\n\t<meta name=\"twitter:data1\" content=\"1 minute\" \/>\n<script type=\"application\/ld+json\" class=\"yoast-schema-graph\">{\"@context\":\"https:\/\/schema.org\",\"@graph\":[{\"@type\":\"WebSite\",\"@id\":\"https:\/\/atypique.brunotarhan.fr\/#website\",\"url\":\"https:\/\/atypique.brunotarhan.fr\/\",\"name\":\"Atypique Concept Store\",\"description\":\"Just another WordPress site\",\"potentialAction\":[{\"@type\":\"SearchAction\",\"target\":{\"@type\":\"EntryPoint\",\"urlTemplate\":\"https:\/\/atypique.brunotarhan.fr\/?s={search_term_string}\"},\"query-input\":\"required name=search_term_string\"}],\"inLanguage\":\"fr-FR\"},{\"@type\":\"ImageObject\",\"@id\":\"https:\/\/atypique.brunotarhan.fr\/index.php\/produit\/les-sept-soeurs-grand-formatla-soeur-disparuelucinda-rileycharleston\/#primaryimage\",\"inLanguage\":\"fr-FR\",\"url\":\"https:\/\/atypique.brunotarhan.fr\/wp-content\/uploads\/2022\/04\/la-soeur-disparue.webp\",\"contentUrl\":\"https:\/\/atypique.brunotarhan.fr\/wp-content\/uploads\/2022\/04\/la-soeur-disparue.webp\",\"width\":321,\"height\":500},{\"@type\":\"WebPage\",\"@id\":\"https:\/\/atypique.brunotarhan.fr\/index.php\/produit\/les-sept-soeurs-grand-formatla-soeur-disparuelucinda-rileycharleston\/#webpage\",\"url\":\"https:\/\/atypique.brunotarhan.fr\/index.php\/produit\/les-sept-soeurs-grand-formatla-soeur-disparuelucinda-rileycharleston\/\",\"name\":\"Les sept soeurs - Grand Format La soeur disparue Lucinda Riley Charleston - Atypique Concept Store\",\"isPartOf\":{\"@id\":\"https:\/\/atypique.brunotarhan.fr\/#website\"},\"primaryImageOfPage\":{\"@id\":\"https:\/\/atypique.brunotarhan.fr\/index.php\/produit\/les-sept-soeurs-grand-formatla-soeur-disparuelucinda-rileycharleston\/#primaryimage\"},\"datePublished\":\"2022-04-25T22:31:39+00:00\",\"dateModified\":\"2022-04-25T22:31:39+00:00\",\"breadcrumb\":{\"@id\":\"https:\/\/atypique.brunotarhan.fr\/index.php\/produit\/les-sept-soeurs-grand-formatla-soeur-disparuelucinda-rileycharleston\/#breadcrumb\"},\"inLanguage\":\"fr-FR\",\"potentialAction\":[{\"@type\":\"ReadAction\",\"target\":[\"https:\/\/atypique.brunotarhan.fr\/index.php\/produit\/les-sept-soeurs-grand-formatla-soeur-disparuelucinda-rileycharleston\/\"]}]},{\"@type\":\"BreadcrumbList\",\"@id\":\"https:\/\/atypique.brunotarhan.fr\/index.php\/produit\/les-sept-soeurs-grand-formatla-soeur-disparuelucinda-rileycharleston\/#breadcrumb\",\"itemListElement\":[{\"@type\":\"ListItem\",\"position\":1,\"name\":\"Accueil\",\"item\":\"https:\/\/atypique.brunotarhan.fr\/\"},{\"@type\":\"ListItem\",\"position\":2,\"name\":\"\"},{\"@type\":\"ListItem\",\"position\":3,\"name\":\"Les sept soeurs &#8211; Grand Format La soeur disparue Lucinda Riley Charleston\"}]}]}<\/script>\n<!-- \/ Yoast SEO plugin. -->","yoast_head_json":{"title":"Les sept soeurs - Grand Format La soeur disparue Lucinda Riley Charleston - Atypique Concept Store","robots":{"index":"index","follow":"follow","max-snippet":"max-snippet:-1","max-image-preview":"max-image-preview:large","max-video-preview":"max-video-preview:-1"},"canonical":"https:\/\/atypique.brunotarhan.fr\/index.php\/produit\/les-sept-soeurs-grand-formatla-soeur-disparuelucinda-rileycharleston\/","og_locale":"fr_FR","og_type":"article","og_title":"Les sept soeurs - Grand Format La soeur disparue Lucinda Riley Charleston - Atypique Concept Store","og_description":"Maia, Ally, Star, CeCe, Tiggy et Electra. Recueillies b\u00e9b\u00e9s par l'\u00e9nigmatique Pa Salt, les six soeurs d'Apli\u00e8se ont chacune d\u00e9couvert leur histoire....","og_url":"https:\/\/atypique.brunotarhan.fr\/index.php\/produit\/les-sept-soeurs-grand-formatla-soeur-disparuelucinda-rileycharleston\/","og_site_name":"Atypique Concept Store","twitter_card":"summary_large_image","twitter_misc":{"Dur\u00e9e de lecture estim\u00e9e":"1 minute"},"schema":{"@context":"https:\/\/schema.org","@graph":[{"@type":"WebSite","@id":"https:\/\/atypique.brunotarhan.fr\/#website","url":"https:\/\/atypique.brunotarhan.fr\/","name":"Atypique Concept Store","description":"Just another WordPress site","potentialAction":[{"@type":"SearchAction","target":{"@type":"EntryPoint","urlTemplate":"https:\/\/atypique.brunotarhan.fr\/?s={search_term_string}"},"query-input":"required name=search_term_string"}],"inLanguage":"fr-FR"},{"@type":"ImageObject","@id":"https:\/\/atypique.brunotarhan.fr\/index.php\/produit\/les-sept-soeurs-grand-formatla-soeur-disparuelucinda-rileycharleston\/#primaryimage","inLanguage":"fr-FR","url":"https:\/\/atypique.brunotarhan.fr\/wp-content\/uploads\/2022\/04\/la-soeur-disparue.webp","contentUrl":"https:\/\/atypique.brunotarhan.fr\/wp-content\/uploads\/2022\/04\/la-soeur-disparue.webp","width":321,"height":500},{"@type":"WebPage","@id":"https:\/\/atypique.brunotarhan.fr\/index.php\/produit\/les-sept-soeurs-grand-formatla-soeur-disparuelucinda-rileycharleston\/#webpage","url":"https:\/\/atypique.brunotarhan.fr\/index.php\/produit\/les-sept-soeurs-grand-formatla-soeur-disparuelucinda-rileycharleston\/","name":"Les sept soeurs - Grand Format La soeur disparue Lucinda Riley Charleston - Atypique Concept Store","isPartOf":{"@id":"https:\/\/atypique.brunotarhan.fr\/#website"},"primaryImageOfPage":{"@id":"https:\/\/atypique.brunotarhan.fr\/index.php\/produit\/les-sept-soeurs-grand-formatla-soeur-disparuelucinda-rileycharleston\/#primaryimage"},"datePublished":"2022-04-25T22:31:39+00:00","dateModified":"2022-04-25T22:31:39+00:00","breadcrumb":{"@id":"https:\/\/atypique.brunotarhan.fr\/index.php\/produit\/les-sept-soeurs-grand-formatla-soeur-disparuelucinda-rileycharleston\/#breadcrumb"},"inLanguage":"fr-FR","potentialAction":[{"@type":"ReadAction","target":["https:\/\/atypique.brunotarhan.fr\/index.php\/produit\/les-sept-soeurs-grand-formatla-soeur-disparuelucinda-rileycharleston\/"]}]},{"@type":"BreadcrumbList","@id":"https:\/\/atypique.brunotarhan.fr\/index.php\/produit\/les-sept-soeurs-grand-formatla-soeur-disparuelucinda-rileycharleston\/#breadcrumb","itemListElement":[{"@type":"ListItem","position":1,"name":"Accueil","item":"https:\/\/atypique.brunotarhan.fr\/"},{"@type":"ListItem","position":2,"name":""},{"@type":"ListItem","position":3,"name":"Les sept soeurs &#8211; Grand Format La soeur disparue Lucinda Riley Charleston"}]}]}},"_links":{"self":[{"href":"https:\/\/atypique.brunotarhan.fr\/index.php\/wp-json\/wp\/v2\/product\/16068","targetHints":{"allow":["GET"]}}],"collection":[{"href":"https:\/\/atypique.brunotarhan.fr\/index.php\/wp-json\/wp\/v2\/product"}],"about":[{"href":"https:\/\/atypique.brunotarhan.fr\/index.php\/wp-json\/wp\/v2\/types\/product"}],"replies":[{"embeddable":true,"href":"https:\/\/atypique.brunotarhan.fr\/index.php\/wp-json\/wp\/v2\/comments?post=16068"}],"wp:featuredmedia":[{"embeddable":true,"href":"https:\/\/atypique.brunotarhan.fr\/index.php\/wp-json\/wp\/v2\/media\/15817"}],"wp:attachment":[{"href":"https:\/\/atypique.brunotarhan.fr\/index.php\/wp-json\/wp\/v2\/media?parent=16068"}],"wp:term":[{"taxonomy":"product_cat","embeddable":true,"href":"https:\/\/atypique.brunotarhan.fr\/index.php\/wp-json\/wp\/v2\/product_cat?post=16068"},{"taxonomy":"product_tag","embeddable":true,"href":"https:\/\/atypique.brunotarhan.fr\/index.php\/wp-json\/wp\/v2\/product_tag?post=16068"}],"curies":[{"name":"wp","href":"https:\/\/api.w.org\/{rel}","templated":true}]}}