{"id":16067,"date":"2022-04-25T22:31:39","date_gmt":"2022-04-25T22:31:39","guid":{"rendered":"https:\/\/atypique.brunotarhan.fr\/index.php\/produit\/la-saga-des-cazalet-tome-1-pocheetes-anglaiselizabeth-jane-howardgallimard\/"},"modified":"2022-04-25T22:31:39","modified_gmt":"2022-04-25T22:31:39","slug":"la-saga-des-cazalet-tome-1-pocheetes-anglaiselizabeth-jane-howardgallimard","status":"publish","type":"product","link":"https:\/\/atypique.brunotarhan.fr\/index.php\/produit\/la-saga-des-cazalet-tome-1-pocheetes-anglaiselizabeth-jane-howardgallimard\/","title":{"rendered":"La saga des Cazalet Tome 1 &#8211; Poche\nEt\u00e9s anglais\nElizabeth Jane Howard\nGallimard"},"content":{"rendered":"<p>Juillet 1937, Sussex. Dans la propri\u00e9t\u00e9 de Home Place, la Duche, affair\u00e9e avec ses domestiques, pr\u00e9pare l&#8217;arriv\u00e9e de la famille au grand complet : ses trois fils, Hugh, Edward et Rupert Cazalet, sont en chemin depuis Londres avec \u00e9pouses, enfants et gouvernantes. Entre pique-niques sur la plage et soir\u00e9es aupr\u00e8s du gramophone, les intrigues familiales se succ\u00e8dent. Aux pr\u00e9occupations des adultes font \u00e9cho les inqui\u00e9tudes des enfants, et \u00e0 la r\u00e9silience des femmes r\u00e9pond la toute-puissance &#8211; ou l&#8217;impuissance &#8211; des hommes.<br \/>\nL&#8217;\u00e9t\u00e9 regorge d&#8217;incertitudes mais, sans l&#8217;ombre d&#8217;un doute, une nouvelle guerre approche&#8230;<\/p>\n","protected":false},"excerpt":{"rendered":"<p>Juillet 1937, Sussex. Dans la propri\u00e9t\u00e9 de Home Place, la Duche, affair\u00e9e avec ses domestiques, pr\u00e9pare l&#8217;arriv\u00e9e de la famille au grand complet\u2026<\/p>\n","protected":false},"featured_media":15816,"comment_status":"open","ping_status":"closed","template":"","meta":[],"product_cat":[93,186],"product_tag":[445,444,313,236,443,183,189],"class_list":["post-16067","product","type-product","status-publish","has-post-thumbnail","hentry","product_cat-librairie","product_cat-romans","product_tag-elizabeth-jane-howard","product_tag-etes-anglais","product_tag-folio","product_tag-gallimard","product_tag-la-saga-des-cazalet","product_tag-poche","product_tag-roman"],"yoast_head":"<!-- This site is optimized with the Yoast SEO plugin v18.0 - https:\/\/yoast.com\/wordpress\/plugins\/seo\/ -->\n<title>La saga des Cazalet Tome 1 - Poche Et\u00e9s anglais Elizabeth Jane Howard Gallimard - Atypique Concept Store<\/title>\n<meta name=\"robots\" content=\"index, follow, max-snippet:-1, max-image-preview:large, max-video-preview:-1\" \/>\n<link rel=\"canonical\" href=\"https:\/\/atypique.brunotarhan.fr\/index.php\/produit\/la-saga-des-cazalet-tome-1-pocheetes-anglaiselizabeth-jane-howardgallimard\/\" \/>\n<meta property=\"og:locale\" content=\"fr_FR\" \/>\n<meta property=\"og:type\" content=\"article\" \/>\n<meta property=\"og:title\" content=\"La saga des Cazalet Tome 1 - Poche Et\u00e9s anglais Elizabeth Jane Howard Gallimard - Atypique Concept Store\" \/>\n<meta property=\"og:description\" content=\"Juillet 1937, Sussex. Dans la propri\u00e9t\u00e9 de Home Place, la Duche, affair\u00e9e avec ses domestiques, pr\u00e9pare l&#039;arriv\u00e9e de la famille au grand complet\u2026\" \/>\n<meta property=\"og:url\" content=\"https:\/\/atypique.brunotarhan.fr\/index.php\/produit\/la-saga-des-cazalet-tome-1-pocheetes-anglaiselizabeth-jane-howardgallimard\/\" \/>\n<meta property=\"og:site_name\" content=\"Atypique Concept Store\" \/>\n<meta name=\"twitter:card\" content=\"summary_large_image\" \/>\n<meta name=\"twitter:label1\" content=\"Dur\u00e9e de lecture estim\u00e9e\" \/>\n\t<meta name=\"twitter:data1\" content=\"1 minute\" \/>\n<script type=\"application\/ld+json\" class=\"yoast-schema-graph\">{\"@context\":\"https:\/\/schema.org\",\"@graph\":[{\"@type\":\"WebSite\",\"@id\":\"https:\/\/atypique.brunotarhan.fr\/#website\",\"url\":\"https:\/\/atypique.brunotarhan.fr\/\",\"name\":\"Atypique Concept Store\",\"description\":\"Just another WordPress site\",\"potentialAction\":[{\"@type\":\"SearchAction\",\"target\":{\"@type\":\"EntryPoint\",\"urlTemplate\":\"https:\/\/atypique.brunotarhan.fr\/?s={search_term_string}\"},\"query-input\":\"required name=search_term_string\"}],\"inLanguage\":\"fr-FR\"},{\"@type\":\"ImageObject\",\"@id\":\"https:\/\/atypique.brunotarhan.fr\/index.php\/produit\/la-saga-des-cazalet-tome-1-pocheetes-anglaiselizabeth-jane-howardgallimard\/#primaryimage\",\"inLanguage\":\"fr-FR\",\"url\":\"https:\/\/atypique.brunotarhan.fr\/wp-content\/uploads\/2022\/04\/la-saga-des-cazalets-t1.webp\",\"contentUrl\":\"https:\/\/atypique.brunotarhan.fr\/wp-content\/uploads\/2022\/04\/la-saga-des-cazalets-t1.webp\",\"width\":304,\"height\":500},{\"@type\":\"WebPage\",\"@id\":\"https:\/\/atypique.brunotarhan.fr\/index.php\/produit\/la-saga-des-cazalet-tome-1-pocheetes-anglaiselizabeth-jane-howardgallimard\/#webpage\",\"url\":\"https:\/\/atypique.brunotarhan.fr\/index.php\/produit\/la-saga-des-cazalet-tome-1-pocheetes-anglaiselizabeth-jane-howardgallimard\/\",\"name\":\"La saga des Cazalet Tome 1 - Poche Et\u00e9s anglais Elizabeth Jane Howard Gallimard - Atypique Concept Store\",\"isPartOf\":{\"@id\":\"https:\/\/atypique.brunotarhan.fr\/#website\"},\"primaryImageOfPage\":{\"@id\":\"https:\/\/atypique.brunotarhan.fr\/index.php\/produit\/la-saga-des-cazalet-tome-1-pocheetes-anglaiselizabeth-jane-howardgallimard\/#primaryimage\"},\"datePublished\":\"2022-04-25T22:31:39+00:00\",\"dateModified\":\"2022-04-25T22:31:39+00:00\",\"breadcrumb\":{\"@id\":\"https:\/\/atypique.brunotarhan.fr\/index.php\/produit\/la-saga-des-cazalet-tome-1-pocheetes-anglaiselizabeth-jane-howardgallimard\/#breadcrumb\"},\"inLanguage\":\"fr-FR\",\"potentialAction\":[{\"@type\":\"ReadAction\",\"target\":[\"https:\/\/atypique.brunotarhan.fr\/index.php\/produit\/la-saga-des-cazalet-tome-1-pocheetes-anglaiselizabeth-jane-howardgallimard\/\"]}]},{\"@type\":\"BreadcrumbList\",\"@id\":\"https:\/\/atypique.brunotarhan.fr\/index.php\/produit\/la-saga-des-cazalet-tome-1-pocheetes-anglaiselizabeth-jane-howardgallimard\/#breadcrumb\",\"itemListElement\":[{\"@type\":\"ListItem\",\"position\":1,\"name\":\"Accueil\",\"item\":\"https:\/\/atypique.brunotarhan.fr\/\"},{\"@type\":\"ListItem\",\"position\":2,\"name\":\"\"},{\"@type\":\"ListItem\",\"position\":3,\"name\":\"La saga des Cazalet Tome 1 &#8211; Poche Et\u00e9s anglais Elizabeth Jane Howard Gallimard\"}]}]}<\/script>\n<!-- \/ Yoast SEO plugin. -->","yoast_head_json":{"title":"La saga des Cazalet Tome 1 - Poche Et\u00e9s anglais Elizabeth Jane Howard Gallimard - Atypique Concept Store","robots":{"index":"index","follow":"follow","max-snippet":"max-snippet:-1","max-image-preview":"max-image-preview:large","max-video-preview":"max-video-preview:-1"},"canonical":"https:\/\/atypique.brunotarhan.fr\/index.php\/produit\/la-saga-des-cazalet-tome-1-pocheetes-anglaiselizabeth-jane-howardgallimard\/","og_locale":"fr_FR","og_type":"article","og_title":"La saga des Cazalet Tome 1 - Poche Et\u00e9s anglais Elizabeth Jane Howard Gallimard - Atypique Concept Store","og_description":"Juillet 1937, Sussex. Dans la propri\u00e9t\u00e9 de Home Place, la Duche, affair\u00e9e avec ses domestiques, pr\u00e9pare l'arriv\u00e9e de la famille au grand complet\u2026","og_url":"https:\/\/atypique.brunotarhan.fr\/index.php\/produit\/la-saga-des-cazalet-tome-1-pocheetes-anglaiselizabeth-jane-howardgallimard\/","og_site_name":"Atypique Concept Store","twitter_card":"summary_large_image","twitter_misc":{"Dur\u00e9e de lecture estim\u00e9e":"1 minute"},"schema":{"@context":"https:\/\/schema.org","@graph":[{"@type":"WebSite","@id":"https:\/\/atypique.brunotarhan.fr\/#website","url":"https:\/\/atypique.brunotarhan.fr\/","name":"Atypique Concept Store","description":"Just another WordPress site","potentialAction":[{"@type":"SearchAction","target":{"@type":"EntryPoint","urlTemplate":"https:\/\/atypique.brunotarhan.fr\/?s={search_term_string}"},"query-input":"required name=search_term_string"}],"inLanguage":"fr-FR"},{"@type":"ImageObject","@id":"https:\/\/atypique.brunotarhan.fr\/index.php\/produit\/la-saga-des-cazalet-tome-1-pocheetes-anglaiselizabeth-jane-howardgallimard\/#primaryimage","inLanguage":"fr-FR","url":"https:\/\/atypique.brunotarhan.fr\/wp-content\/uploads\/2022\/04\/la-saga-des-cazalets-t1.webp","contentUrl":"https:\/\/atypique.brunotarhan.fr\/wp-content\/uploads\/2022\/04\/la-saga-des-cazalets-t1.webp","width":304,"height":500},{"@type":"WebPage","@id":"https:\/\/atypique.brunotarhan.fr\/index.php\/produit\/la-saga-des-cazalet-tome-1-pocheetes-anglaiselizabeth-jane-howardgallimard\/#webpage","url":"https:\/\/atypique.brunotarhan.fr\/index.php\/produit\/la-saga-des-cazalet-tome-1-pocheetes-anglaiselizabeth-jane-howardgallimard\/","name":"La saga des Cazalet Tome 1 - Poche Et\u00e9s anglais Elizabeth Jane Howard Gallimard - Atypique Concept Store","isPartOf":{"@id":"https:\/\/atypique.brunotarhan.fr\/#website"},"primaryImageOfPage":{"@id":"https:\/\/atypique.brunotarhan.fr\/index.php\/produit\/la-saga-des-cazalet-tome-1-pocheetes-anglaiselizabeth-jane-howardgallimard\/#primaryimage"},"datePublished":"2022-04-25T22:31:39+00:00","dateModified":"2022-04-25T22:31:39+00:00","breadcrumb":{"@id":"https:\/\/atypique.brunotarhan.fr\/index.php\/produit\/la-saga-des-cazalet-tome-1-pocheetes-anglaiselizabeth-jane-howardgallimard\/#breadcrumb"},"inLanguage":"fr-FR","potentialAction":[{"@type":"ReadAction","target":["https:\/\/atypique.brunotarhan.fr\/index.php\/produit\/la-saga-des-cazalet-tome-1-pocheetes-anglaiselizabeth-jane-howardgallimard\/"]}]},{"@type":"BreadcrumbList","@id":"https:\/\/atypique.brunotarhan.fr\/index.php\/produit\/la-saga-des-cazalet-tome-1-pocheetes-anglaiselizabeth-jane-howardgallimard\/#breadcrumb","itemListElement":[{"@type":"ListItem","position":1,"name":"Accueil","item":"https:\/\/atypique.brunotarhan.fr\/"},{"@type":"ListItem","position":2,"name":""},{"@type":"ListItem","position":3,"name":"La saga des Cazalet Tome 1 &#8211; Poche Et\u00e9s anglais Elizabeth Jane Howard Gallimard"}]}]}},"_links":{"self":[{"href":"https:\/\/atypique.brunotarhan.fr\/index.php\/wp-json\/wp\/v2\/product\/16067","targetHints":{"allow":["GET"]}}],"collection":[{"href":"https:\/\/atypique.brunotarhan.fr\/index.php\/wp-json\/wp\/v2\/product"}],"about":[{"href":"https:\/\/atypique.brunotarhan.fr\/index.php\/wp-json\/wp\/v2\/types\/product"}],"replies":[{"embeddable":true,"href":"https:\/\/atypique.brunotarhan.fr\/index.php\/wp-json\/wp\/v2\/comments?post=16067"}],"wp:featuredmedia":[{"embeddable":true,"href":"https:\/\/atypique.brunotarhan.fr\/index.php\/wp-json\/wp\/v2\/media\/15816"}],"wp:attachment":[{"href":"https:\/\/atypique.brunotarhan.fr\/index.php\/wp-json\/wp\/v2\/media?parent=16067"}],"wp:term":[{"taxonomy":"product_cat","embeddable":true,"href":"https:\/\/atypique.brunotarhan.fr\/index.php\/wp-json\/wp\/v2\/product_cat?post=16067"},{"taxonomy":"product_tag","embeddable":true,"href":"https:\/\/atypique.brunotarhan.fr\/index.php\/wp-json\/wp\/v2\/product_tag?post=16067"}],"curies":[{"name":"wp","href":"https:\/\/api.w.org\/{rel}","templated":true}]}}