{"id":16066,"date":"2022-04-25T22:31:39","date_gmt":"2022-04-25T22:31:39","guid":{"rendered":"https:\/\/atypique.brunotarhan.fr\/index.php\/produit\/lart-de-perdre-pocheprix-goncourt-des-lyceensalice-zeniterjai-lu\/"},"modified":"2022-04-25T22:31:39","modified_gmt":"2022-04-25T22:31:39","slug":"lart-de-perdre-pocheprix-goncourt-des-lyceensalice-zeniterjai-lu","status":"publish","type":"product","link":"https:\/\/atypique.brunotarhan.fr\/index.php\/produit\/lart-de-perdre-pocheprix-goncourt-des-lyceensalice-zeniterjai-lu\/","title":{"rendered":"L&#8217;art de perdre &#8211; Poche\nPRIX GONCOURT DES LYC\u00c9ENS\nAlice Zeniter\nJ&#8217;ai lu"},"content":{"rendered":"<p>L&#8217;Alg\u00e9rie dont est originaire sa famille n&#8217;a longtemps \u00e9t\u00e9 pour Na\u00efma qu&#8217;une toile de fond sans grand int\u00e9r\u00eat. Pourtant, dans une soci\u00e9t\u00e9 fran\u00e7aise travers\u00e9e par les questions identitaires, tout semble vouloir la renvoyer \u00e0 ses origines. Mais quel lien pourrait-elle avoir avec une histoire familiale qui jamais ne lui a \u00e9t\u00e9 racont\u00e9e ? Son grand-p\u00e8re Ali, un montagnard kabyle, est mort avant qu&#8217;elle ait pu lui demander pourquoi l&#8217;Histoire avait fait de lui un &#8220;harki&#8221;.<br \/>\nYema, sa grand-m\u00e8re, pourrait peut-\u00eatre r\u00e9pondre mais pas dans une langue que Na\u00efma comprenne. Quant \u00e0 Hamid, son p\u00e8re, arriv\u00e9 en France \u00e0 l&#8217;\u00e9t\u00e9 1962 dans les camps de transit h\u00e2tivement mis en place, il ne parle plus de l&#8217;Alg\u00e9rie de son enfance. Comment faire ressurgir un pays du silence ?<\/p>\n","protected":false},"excerpt":{"rendered":"<p>L&#8217;Alg\u00e9rie dont est originaire sa famille n&#8217;a longtemps \u00e9t\u00e9 pour Na\u00efma qu&#8217;une toile de fond sans grand int\u00e9r\u00eat. Pourtant, dans une soci\u00e9t\u00e9 fran\u00e7aise\u2026<\/p>\n","protected":false},"featured_media":15815,"comment_status":"open","ping_status":"closed","template":"","meta":[],"product_cat":[93,186],"product_tag":[254,249,441,183,442,189],"class_list":["post-16066","product","type-product","status-publish","has-post-thumbnail","hentry","product_cat-librairie","product_cat-romans","product_tag-alice-zeniter","product_tag-jai-lu","product_tag-lart-de-perdre","product_tag-poche","product_tag-prix-goncourt-des-lyceens","product_tag-roman"],"yoast_head":"<!-- This site is optimized with the Yoast SEO plugin v18.0 - https:\/\/yoast.com\/wordpress\/plugins\/seo\/ -->\n<title>L&#039;art de perdre - Poche PRIX GONCOURT DES LYC\u00c9ENS Alice Zeniter J&#039;ai lu - Atypique Concept Store<\/title>\n<meta name=\"robots\" content=\"index, follow, max-snippet:-1, max-image-preview:large, max-video-preview:-1\" \/>\n<link rel=\"canonical\" href=\"https:\/\/atypique.brunotarhan.fr\/index.php\/produit\/lart-de-perdre-pocheprix-goncourt-des-lyceensalice-zeniterjai-lu\/\" \/>\n<meta property=\"og:locale\" content=\"fr_FR\" \/>\n<meta property=\"og:type\" content=\"article\" \/>\n<meta property=\"og:title\" content=\"L&#039;art de perdre - Poche PRIX GONCOURT DES LYC\u00c9ENS Alice Zeniter J&#039;ai lu - Atypique Concept Store\" \/>\n<meta property=\"og:description\" content=\"L&#039;Alg\u00e9rie dont est originaire sa famille n&#039;a longtemps \u00e9t\u00e9 pour Na\u00efma qu&#039;une toile de fond sans grand int\u00e9r\u00eat. Pourtant, dans une soci\u00e9t\u00e9 fran\u00e7aise\u2026\" \/>\n<meta property=\"og:url\" content=\"https:\/\/atypique.brunotarhan.fr\/index.php\/produit\/lart-de-perdre-pocheprix-goncourt-des-lyceensalice-zeniterjai-lu\/\" \/>\n<meta property=\"og:site_name\" content=\"Atypique Concept Store\" \/>\n<meta name=\"twitter:card\" content=\"summary_large_image\" \/>\n<meta name=\"twitter:label1\" content=\"Dur\u00e9e de lecture estim\u00e9e\" \/>\n\t<meta name=\"twitter:data1\" content=\"1 minute\" \/>\n<script type=\"application\/ld+json\" class=\"yoast-schema-graph\">{\"@context\":\"https:\/\/schema.org\",\"@graph\":[{\"@type\":\"WebSite\",\"@id\":\"https:\/\/atypique.brunotarhan.fr\/#website\",\"url\":\"https:\/\/atypique.brunotarhan.fr\/\",\"name\":\"Atypique Concept Store\",\"description\":\"Just another WordPress site\",\"potentialAction\":[{\"@type\":\"SearchAction\",\"target\":{\"@type\":\"EntryPoint\",\"urlTemplate\":\"https:\/\/atypique.brunotarhan.fr\/?s={search_term_string}\"},\"query-input\":\"required name=search_term_string\"}],\"inLanguage\":\"fr-FR\"},{\"@type\":\"ImageObject\",\"@id\":\"https:\/\/atypique.brunotarhan.fr\/index.php\/produit\/lart-de-perdre-pocheprix-goncourt-des-lyceensalice-zeniterjai-lu\/#primaryimage\",\"inLanguage\":\"fr-FR\",\"url\":\"https:\/\/atypique.brunotarhan.fr\/wp-content\/uploads\/2022\/04\/l-art-de-perdre.webp\",\"contentUrl\":\"https:\/\/atypique.brunotarhan.fr\/wp-content\/uploads\/2022\/04\/l-art-de-perdre.webp\",\"width\":309,\"height\":500},{\"@type\":\"WebPage\",\"@id\":\"https:\/\/atypique.brunotarhan.fr\/index.php\/produit\/lart-de-perdre-pocheprix-goncourt-des-lyceensalice-zeniterjai-lu\/#webpage\",\"url\":\"https:\/\/atypique.brunotarhan.fr\/index.php\/produit\/lart-de-perdre-pocheprix-goncourt-des-lyceensalice-zeniterjai-lu\/\",\"name\":\"L'art de perdre - Poche PRIX GONCOURT DES LYC\u00c9ENS Alice Zeniter J'ai lu - Atypique Concept Store\",\"isPartOf\":{\"@id\":\"https:\/\/atypique.brunotarhan.fr\/#website\"},\"primaryImageOfPage\":{\"@id\":\"https:\/\/atypique.brunotarhan.fr\/index.php\/produit\/lart-de-perdre-pocheprix-goncourt-des-lyceensalice-zeniterjai-lu\/#primaryimage\"},\"datePublished\":\"2022-04-25T22:31:39+00:00\",\"dateModified\":\"2022-04-25T22:31:39+00:00\",\"breadcrumb\":{\"@id\":\"https:\/\/atypique.brunotarhan.fr\/index.php\/produit\/lart-de-perdre-pocheprix-goncourt-des-lyceensalice-zeniterjai-lu\/#breadcrumb\"},\"inLanguage\":\"fr-FR\",\"potentialAction\":[{\"@type\":\"ReadAction\",\"target\":[\"https:\/\/atypique.brunotarhan.fr\/index.php\/produit\/lart-de-perdre-pocheprix-goncourt-des-lyceensalice-zeniterjai-lu\/\"]}]},{\"@type\":\"BreadcrumbList\",\"@id\":\"https:\/\/atypique.brunotarhan.fr\/index.php\/produit\/lart-de-perdre-pocheprix-goncourt-des-lyceensalice-zeniterjai-lu\/#breadcrumb\",\"itemListElement\":[{\"@type\":\"ListItem\",\"position\":1,\"name\":\"Accueil\",\"item\":\"https:\/\/atypique.brunotarhan.fr\/\"},{\"@type\":\"ListItem\",\"position\":2,\"name\":\"\"},{\"@type\":\"ListItem\",\"position\":3,\"name\":\"L&#8217;art de perdre &#8211; Poche PRIX GONCOURT DES LYC\u00c9ENS Alice Zeniter J&#8217;ai lu\"}]}]}<\/script>\n<!-- \/ Yoast SEO plugin. -->","yoast_head_json":{"title":"L'art de perdre - Poche PRIX GONCOURT DES LYC\u00c9ENS Alice Zeniter J'ai lu - Atypique Concept Store","robots":{"index":"index","follow":"follow","max-snippet":"max-snippet:-1","max-image-preview":"max-image-preview:large","max-video-preview":"max-video-preview:-1"},"canonical":"https:\/\/atypique.brunotarhan.fr\/index.php\/produit\/lart-de-perdre-pocheprix-goncourt-des-lyceensalice-zeniterjai-lu\/","og_locale":"fr_FR","og_type":"article","og_title":"L'art de perdre - Poche PRIX GONCOURT DES LYC\u00c9ENS Alice Zeniter J'ai lu - Atypique Concept Store","og_description":"L'Alg\u00e9rie dont est originaire sa famille n'a longtemps \u00e9t\u00e9 pour Na\u00efma qu'une toile de fond sans grand int\u00e9r\u00eat. Pourtant, dans une soci\u00e9t\u00e9 fran\u00e7aise\u2026","og_url":"https:\/\/atypique.brunotarhan.fr\/index.php\/produit\/lart-de-perdre-pocheprix-goncourt-des-lyceensalice-zeniterjai-lu\/","og_site_name":"Atypique Concept Store","twitter_card":"summary_large_image","twitter_misc":{"Dur\u00e9e de lecture estim\u00e9e":"1 minute"},"schema":{"@context":"https:\/\/schema.org","@graph":[{"@type":"WebSite","@id":"https:\/\/atypique.brunotarhan.fr\/#website","url":"https:\/\/atypique.brunotarhan.fr\/","name":"Atypique Concept Store","description":"Just another WordPress site","potentialAction":[{"@type":"SearchAction","target":{"@type":"EntryPoint","urlTemplate":"https:\/\/atypique.brunotarhan.fr\/?s={search_term_string}"},"query-input":"required name=search_term_string"}],"inLanguage":"fr-FR"},{"@type":"ImageObject","@id":"https:\/\/atypique.brunotarhan.fr\/index.php\/produit\/lart-de-perdre-pocheprix-goncourt-des-lyceensalice-zeniterjai-lu\/#primaryimage","inLanguage":"fr-FR","url":"https:\/\/atypique.brunotarhan.fr\/wp-content\/uploads\/2022\/04\/l-art-de-perdre.webp","contentUrl":"https:\/\/atypique.brunotarhan.fr\/wp-content\/uploads\/2022\/04\/l-art-de-perdre.webp","width":309,"height":500},{"@type":"WebPage","@id":"https:\/\/atypique.brunotarhan.fr\/index.php\/produit\/lart-de-perdre-pocheprix-goncourt-des-lyceensalice-zeniterjai-lu\/#webpage","url":"https:\/\/atypique.brunotarhan.fr\/index.php\/produit\/lart-de-perdre-pocheprix-goncourt-des-lyceensalice-zeniterjai-lu\/","name":"L'art de perdre - Poche PRIX GONCOURT DES LYC\u00c9ENS Alice Zeniter J'ai lu - Atypique Concept Store","isPartOf":{"@id":"https:\/\/atypique.brunotarhan.fr\/#website"},"primaryImageOfPage":{"@id":"https:\/\/atypique.brunotarhan.fr\/index.php\/produit\/lart-de-perdre-pocheprix-goncourt-des-lyceensalice-zeniterjai-lu\/#primaryimage"},"datePublished":"2022-04-25T22:31:39+00:00","dateModified":"2022-04-25T22:31:39+00:00","breadcrumb":{"@id":"https:\/\/atypique.brunotarhan.fr\/index.php\/produit\/lart-de-perdre-pocheprix-goncourt-des-lyceensalice-zeniterjai-lu\/#breadcrumb"},"inLanguage":"fr-FR","potentialAction":[{"@type":"ReadAction","target":["https:\/\/atypique.brunotarhan.fr\/index.php\/produit\/lart-de-perdre-pocheprix-goncourt-des-lyceensalice-zeniterjai-lu\/"]}]},{"@type":"BreadcrumbList","@id":"https:\/\/atypique.brunotarhan.fr\/index.php\/produit\/lart-de-perdre-pocheprix-goncourt-des-lyceensalice-zeniterjai-lu\/#breadcrumb","itemListElement":[{"@type":"ListItem","position":1,"name":"Accueil","item":"https:\/\/atypique.brunotarhan.fr\/"},{"@type":"ListItem","position":2,"name":""},{"@type":"ListItem","position":3,"name":"L&#8217;art de perdre &#8211; Poche PRIX GONCOURT DES LYC\u00c9ENS Alice Zeniter J&#8217;ai lu"}]}]}},"_links":{"self":[{"href":"https:\/\/atypique.brunotarhan.fr\/index.php\/wp-json\/wp\/v2\/product\/16066","targetHints":{"allow":["GET"]}}],"collection":[{"href":"https:\/\/atypique.brunotarhan.fr\/index.php\/wp-json\/wp\/v2\/product"}],"about":[{"href":"https:\/\/atypique.brunotarhan.fr\/index.php\/wp-json\/wp\/v2\/types\/product"}],"replies":[{"embeddable":true,"href":"https:\/\/atypique.brunotarhan.fr\/index.php\/wp-json\/wp\/v2\/comments?post=16066"}],"wp:featuredmedia":[{"embeddable":true,"href":"https:\/\/atypique.brunotarhan.fr\/index.php\/wp-json\/wp\/v2\/media\/15815"}],"wp:attachment":[{"href":"https:\/\/atypique.brunotarhan.fr\/index.php\/wp-json\/wp\/v2\/media?parent=16066"}],"wp:term":[{"taxonomy":"product_cat","embeddable":true,"href":"https:\/\/atypique.brunotarhan.fr\/index.php\/wp-json\/wp\/v2\/product_cat?post=16066"},{"taxonomy":"product_tag","embeddable":true,"href":"https:\/\/atypique.brunotarhan.fr\/index.php\/wp-json\/wp\/v2\/product_tag?post=16066"}],"curies":[{"name":"wp","href":"https:\/\/api.w.org\/{rel}","templated":true}]}}