{"id":16065,"date":"2022-04-25T22:31:38","date_gmt":"2022-04-25T22:31:38","guid":{"rendered":"https:\/\/atypique.brunotarhan.fr\/index.php\/produit\/la-ritournelle-grand-formataurelie-valognesfayard\/"},"modified":"2022-04-25T22:31:38","modified_gmt":"2022-04-25T22:31:38","slug":"la-ritournelle-grand-formataurelie-valognesfayard","status":"publish","type":"product","link":"https:\/\/atypique.brunotarhan.fr\/index.php\/produit\/la-ritournelle-grand-formataurelie-valognesfayard\/","title":{"rendered":"La ritournelle &#8211; Grand Format\nAur\u00e9lie Valognes\nFayard"},"content":{"rendered":"<p>Tous les repas de famille se suivent et se ressemblent : les m\u00eames plats, les m\u00eames convives, les m\u00eames discussions. Tous, sauf cette ann\u00e9e. Il suffit d&#8217;un rien pour que les bonnes mani\u00e8res volent en \u00e9clat : non-dits, vieilles rancunes et mauvaise foi vont transformer le d\u00eener de f\u00eate en un r\u00e8glement de compte en bonne et due et forme. Et si les repas de famille \u00e9taient enfin l&#8217;occasion de se dire les choses ? Des dialogues enlev\u00e9s, des personnages hauts en couleur, un roman dr\u00f4le et jouissif ! Avec une plume d&#8217;une rare finesse et son talent unique pour saisir le vrai dans les relations familiales, Aur\u00e9lie Valognes nous plonge dans une famille joyeusement dysfonctionnelle, qui ressemble \u00e9tonnamment \u00e0 la n\u00f4tre.<\/p>\n","protected":false},"excerpt":{"rendered":"<p>Tous les repas de famille se suivent et se ressemblent : les m\u00eames plats, les m\u00eames convives, les m\u00eames discussions. Tous, sauf cette ann\u00e9e. Il suffit\u2026<\/p>\n","protected":false},"featured_media":15814,"comment_status":"open","ping_status":"closed","template":"","meta":[],"product_cat":[93,186],"product_tag":[440,410,439,189],"class_list":["post-16065","product","type-product","status-publish","has-post-thumbnail","hentry","product_cat-librairie","product_cat-romans","product_tag-aurelie-valognes","product_tag-fayard","product_tag-la-ritournelle","product_tag-roman"],"yoast_head":"<!-- This site is optimized with the Yoast SEO plugin v18.0 - https:\/\/yoast.com\/wordpress\/plugins\/seo\/ -->\n<title>La ritournelle - Grand Format Aur\u00e9lie Valognes Fayard - Atypique Concept Store<\/title>\n<meta name=\"robots\" content=\"index, follow, max-snippet:-1, max-image-preview:large, max-video-preview:-1\" \/>\n<link rel=\"canonical\" href=\"https:\/\/atypique.brunotarhan.fr\/index.php\/produit\/la-ritournelle-grand-formataurelie-valognesfayard\/\" \/>\n<meta property=\"og:locale\" content=\"fr_FR\" \/>\n<meta property=\"og:type\" content=\"article\" \/>\n<meta property=\"og:title\" content=\"La ritournelle - Grand Format Aur\u00e9lie Valognes Fayard - Atypique Concept Store\" \/>\n<meta property=\"og:description\" content=\"Tous les repas de famille se suivent et se ressemblent : les m\u00eames plats, les m\u00eames convives, les m\u00eames discussions. Tous, sauf cette ann\u00e9e. Il suffit\u2026\" \/>\n<meta property=\"og:url\" content=\"https:\/\/atypique.brunotarhan.fr\/index.php\/produit\/la-ritournelle-grand-formataurelie-valognesfayard\/\" \/>\n<meta property=\"og:site_name\" content=\"Atypique Concept Store\" \/>\n<meta name=\"twitter:card\" content=\"summary_large_image\" \/>\n<meta name=\"twitter:label1\" content=\"Dur\u00e9e de lecture estim\u00e9e\" \/>\n\t<meta name=\"twitter:data1\" content=\"1 minute\" \/>\n<script type=\"application\/ld+json\" class=\"yoast-schema-graph\">{\"@context\":\"https:\/\/schema.org\",\"@graph\":[{\"@type\":\"WebSite\",\"@id\":\"https:\/\/atypique.brunotarhan.fr\/#website\",\"url\":\"https:\/\/atypique.brunotarhan.fr\/\",\"name\":\"Atypique Concept Store\",\"description\":\"Just another WordPress site\",\"potentialAction\":[{\"@type\":\"SearchAction\",\"target\":{\"@type\":\"EntryPoint\",\"urlTemplate\":\"https:\/\/atypique.brunotarhan.fr\/?s={search_term_string}\"},\"query-input\":\"required name=search_term_string\"}],\"inLanguage\":\"fr-FR\"},{\"@type\":\"ImageObject\",\"@id\":\"https:\/\/atypique.brunotarhan.fr\/index.php\/produit\/la-ritournelle-grand-formataurelie-valognesfayard\/#primaryimage\",\"inLanguage\":\"fr-FR\",\"url\":\"https:\/\/atypique.brunotarhan.fr\/wp-content\/uploads\/2022\/04\/la-ritournelle.webp\",\"contentUrl\":\"https:\/\/atypique.brunotarhan.fr\/wp-content\/uploads\/2022\/04\/la-ritournelle.webp\",\"width\":316,\"height\":500},{\"@type\":\"WebPage\",\"@id\":\"https:\/\/atypique.brunotarhan.fr\/index.php\/produit\/la-ritournelle-grand-formataurelie-valognesfayard\/#webpage\",\"url\":\"https:\/\/atypique.brunotarhan.fr\/index.php\/produit\/la-ritournelle-grand-formataurelie-valognesfayard\/\",\"name\":\"La ritournelle - Grand Format Aur\u00e9lie Valognes Fayard - Atypique Concept Store\",\"isPartOf\":{\"@id\":\"https:\/\/atypique.brunotarhan.fr\/#website\"},\"primaryImageOfPage\":{\"@id\":\"https:\/\/atypique.brunotarhan.fr\/index.php\/produit\/la-ritournelle-grand-formataurelie-valognesfayard\/#primaryimage\"},\"datePublished\":\"2022-04-25T22:31:38+00:00\",\"dateModified\":\"2022-04-25T22:31:38+00:00\",\"breadcrumb\":{\"@id\":\"https:\/\/atypique.brunotarhan.fr\/index.php\/produit\/la-ritournelle-grand-formataurelie-valognesfayard\/#breadcrumb\"},\"inLanguage\":\"fr-FR\",\"potentialAction\":[{\"@type\":\"ReadAction\",\"target\":[\"https:\/\/atypique.brunotarhan.fr\/index.php\/produit\/la-ritournelle-grand-formataurelie-valognesfayard\/\"]}]},{\"@type\":\"BreadcrumbList\",\"@id\":\"https:\/\/atypique.brunotarhan.fr\/index.php\/produit\/la-ritournelle-grand-formataurelie-valognesfayard\/#breadcrumb\",\"itemListElement\":[{\"@type\":\"ListItem\",\"position\":1,\"name\":\"Accueil\",\"item\":\"https:\/\/atypique.brunotarhan.fr\/\"},{\"@type\":\"ListItem\",\"position\":2,\"name\":\"\"},{\"@type\":\"ListItem\",\"position\":3,\"name\":\"La ritournelle &#8211; Grand Format Aur\u00e9lie Valognes Fayard\"}]}]}<\/script>\n<!-- \/ Yoast SEO plugin. -->","yoast_head_json":{"title":"La ritournelle - Grand Format Aur\u00e9lie Valognes Fayard - Atypique Concept Store","robots":{"index":"index","follow":"follow","max-snippet":"max-snippet:-1","max-image-preview":"max-image-preview:large","max-video-preview":"max-video-preview:-1"},"canonical":"https:\/\/atypique.brunotarhan.fr\/index.php\/produit\/la-ritournelle-grand-formataurelie-valognesfayard\/","og_locale":"fr_FR","og_type":"article","og_title":"La ritournelle - Grand Format Aur\u00e9lie Valognes Fayard - Atypique Concept Store","og_description":"Tous les repas de famille se suivent et se ressemblent : les m\u00eames plats, les m\u00eames convives, les m\u00eames discussions. Tous, sauf cette ann\u00e9e. Il suffit\u2026","og_url":"https:\/\/atypique.brunotarhan.fr\/index.php\/produit\/la-ritournelle-grand-formataurelie-valognesfayard\/","og_site_name":"Atypique Concept Store","twitter_card":"summary_large_image","twitter_misc":{"Dur\u00e9e de lecture estim\u00e9e":"1 minute"},"schema":{"@context":"https:\/\/schema.org","@graph":[{"@type":"WebSite","@id":"https:\/\/atypique.brunotarhan.fr\/#website","url":"https:\/\/atypique.brunotarhan.fr\/","name":"Atypique Concept Store","description":"Just another WordPress site","potentialAction":[{"@type":"SearchAction","target":{"@type":"EntryPoint","urlTemplate":"https:\/\/atypique.brunotarhan.fr\/?s={search_term_string}"},"query-input":"required name=search_term_string"}],"inLanguage":"fr-FR"},{"@type":"ImageObject","@id":"https:\/\/atypique.brunotarhan.fr\/index.php\/produit\/la-ritournelle-grand-formataurelie-valognesfayard\/#primaryimage","inLanguage":"fr-FR","url":"https:\/\/atypique.brunotarhan.fr\/wp-content\/uploads\/2022\/04\/la-ritournelle.webp","contentUrl":"https:\/\/atypique.brunotarhan.fr\/wp-content\/uploads\/2022\/04\/la-ritournelle.webp","width":316,"height":500},{"@type":"WebPage","@id":"https:\/\/atypique.brunotarhan.fr\/index.php\/produit\/la-ritournelle-grand-formataurelie-valognesfayard\/#webpage","url":"https:\/\/atypique.brunotarhan.fr\/index.php\/produit\/la-ritournelle-grand-formataurelie-valognesfayard\/","name":"La ritournelle - Grand Format Aur\u00e9lie Valognes Fayard - Atypique Concept Store","isPartOf":{"@id":"https:\/\/atypique.brunotarhan.fr\/#website"},"primaryImageOfPage":{"@id":"https:\/\/atypique.brunotarhan.fr\/index.php\/produit\/la-ritournelle-grand-formataurelie-valognesfayard\/#primaryimage"},"datePublished":"2022-04-25T22:31:38+00:00","dateModified":"2022-04-25T22:31:38+00:00","breadcrumb":{"@id":"https:\/\/atypique.brunotarhan.fr\/index.php\/produit\/la-ritournelle-grand-formataurelie-valognesfayard\/#breadcrumb"},"inLanguage":"fr-FR","potentialAction":[{"@type":"ReadAction","target":["https:\/\/atypique.brunotarhan.fr\/index.php\/produit\/la-ritournelle-grand-formataurelie-valognesfayard\/"]}]},{"@type":"BreadcrumbList","@id":"https:\/\/atypique.brunotarhan.fr\/index.php\/produit\/la-ritournelle-grand-formataurelie-valognesfayard\/#breadcrumb","itemListElement":[{"@type":"ListItem","position":1,"name":"Accueil","item":"https:\/\/atypique.brunotarhan.fr\/"},{"@type":"ListItem","position":2,"name":""},{"@type":"ListItem","position":3,"name":"La ritournelle &#8211; Grand Format Aur\u00e9lie Valognes Fayard"}]}]}},"_links":{"self":[{"href":"https:\/\/atypique.brunotarhan.fr\/index.php\/wp-json\/wp\/v2\/product\/16065","targetHints":{"allow":["GET"]}}],"collection":[{"href":"https:\/\/atypique.brunotarhan.fr\/index.php\/wp-json\/wp\/v2\/product"}],"about":[{"href":"https:\/\/atypique.brunotarhan.fr\/index.php\/wp-json\/wp\/v2\/types\/product"}],"replies":[{"embeddable":true,"href":"https:\/\/atypique.brunotarhan.fr\/index.php\/wp-json\/wp\/v2\/comments?post=16065"}],"wp:featuredmedia":[{"embeddable":true,"href":"https:\/\/atypique.brunotarhan.fr\/index.php\/wp-json\/wp\/v2\/media\/15814"}],"wp:attachment":[{"href":"https:\/\/atypique.brunotarhan.fr\/index.php\/wp-json\/wp\/v2\/media?parent=16065"}],"wp:term":[{"taxonomy":"product_cat","embeddable":true,"href":"https:\/\/atypique.brunotarhan.fr\/index.php\/wp-json\/wp\/v2\/product_cat?post=16065"},{"taxonomy":"product_tag","embeddable":true,"href":"https:\/\/atypique.brunotarhan.fr\/index.php\/wp-json\/wp\/v2\/product_tag?post=16065"}],"curies":[{"name":"wp","href":"https:\/\/api.w.org\/{rel}","templated":true}]}}