{"id":16063,"date":"2022-04-25T22:31:38","date_gmt":"2022-04-25T22:31:38","guid":{"rendered":"https:\/\/atypique.brunotarhan.fr\/index.php\/produit\/lara-tome-2-pochela-valse-des-suspectsmarie-bernadette-dupuylivre-de-poche\/"},"modified":"2022-04-25T22:31:38","modified_gmt":"2022-04-25T22:31:38","slug":"lara-tome-2-pochela-valse-des-suspectsmarie-bernadette-dupuylivre-de-poche","status":"publish","type":"product","link":"https:\/\/atypique.brunotarhan.fr\/index.php\/produit\/lara-tome-2-pochela-valse-des-suspectsmarie-bernadette-dupuylivre-de-poche\/","title":{"rendered":"Lara Tome 2 &#8211; Poche\nLa Valse des suspects\nMarie-Bernadette Dupuy\nLivre de poche"},"content":{"rendered":"<p>Apr\u00e8s trois ans pass\u00e9s au Venezuela, o\u00f9 ils se sont r\u00e9fugi\u00e9s pour fuir les menaces qui pesaient sur eux, Lara et Olivier reviennent \u00e0 Locmariaquer \u00e0 la suite de l&#8217;annonce inesp\u00e9r\u00e9e du retour de Louis Fleury, le p\u00e8re de Lara. Mais le bonheur des retrouvailles est de courte dur\u00e9e. Lara ne reconna\u00eet plus son p\u00e8re en l&#8217;homme tourment\u00e9 qu&#8217;il est devenu, et la mort continue de r\u00f4der sur le Morbihan. D&#8217;autres crimes ont \u00e9t\u00e9 commis durant leur absence, toujours selon le m\u00eame rituel.<br \/>\nMalgr\u00e9 les efforts de Nicolas Renan, promu commissaire, l&#8217;enqu\u00eate stagne. Les choses s&#8217;enveniment quand deux nouveaux meurtres viennent semer la panique dans la r\u00e9gion. Lara et Olivier devront-ils fuir \u00e0 nouveau pour sauver leur vie ?<\/p>\n","protected":false},"excerpt":{"rendered":"<p>Apr\u00e8s trois ans pass\u00e9s au Venezuela, o\u00f9 ils se sont r\u00e9fugi\u00e9s pour fuir les menaces qui pesaient sur eux, Lara et Olivier reviennent \u00e0 Locmariaquer\u2026<\/p>\n","protected":false},"featured_media":15812,"comment_status":"open","ping_status":"closed","template":"","meta":[],"product_cat":[93,186],"product_tag":[431,429,242,188,189,430],"class_list":["post-16063","product","type-product","status-publish","has-post-thumbnail","hentry","product_cat-librairie","product_cat-romans","product_tag-la-valse-des-suspects","product_tag-lara","product_tag-livre-de-poche","product_tag-marie-bernadette-dupuy","product_tag-roman","product_tag-tome-2"],"yoast_head":"<!-- This site is optimized with the Yoast SEO plugin v18.0 - https:\/\/yoast.com\/wordpress\/plugins\/seo\/ -->\n<title>Lara Tome 2 - Poche La Valse des suspects Marie-Bernadette Dupuy Livre de poche - Atypique Concept Store<\/title>\n<meta name=\"robots\" content=\"index, follow, max-snippet:-1, max-image-preview:large, max-video-preview:-1\" \/>\n<link rel=\"canonical\" href=\"https:\/\/atypique.brunotarhan.fr\/index.php\/produit\/lara-tome-2-pochela-valse-des-suspectsmarie-bernadette-dupuylivre-de-poche\/\" \/>\n<meta property=\"og:locale\" content=\"fr_FR\" \/>\n<meta property=\"og:type\" content=\"article\" \/>\n<meta property=\"og:title\" content=\"Lara Tome 2 - Poche La Valse des suspects Marie-Bernadette Dupuy Livre de poche - Atypique Concept Store\" \/>\n<meta property=\"og:description\" content=\"Apr\u00e8s trois ans pass\u00e9s au Venezuela, o\u00f9 ils se sont r\u00e9fugi\u00e9s pour fuir les menaces qui pesaient sur eux, Lara et Olivier reviennent \u00e0 Locmariaquer\u2026\" \/>\n<meta property=\"og:url\" content=\"https:\/\/atypique.brunotarhan.fr\/index.php\/produit\/lara-tome-2-pochela-valse-des-suspectsmarie-bernadette-dupuylivre-de-poche\/\" \/>\n<meta property=\"og:site_name\" content=\"Atypique Concept Store\" \/>\n<meta name=\"twitter:card\" content=\"summary_large_image\" \/>\n<meta name=\"twitter:label1\" content=\"Dur\u00e9e de lecture estim\u00e9e\" \/>\n\t<meta name=\"twitter:data1\" content=\"1 minute\" \/>\n<script type=\"application\/ld+json\" class=\"yoast-schema-graph\">{\"@context\":\"https:\/\/schema.org\",\"@graph\":[{\"@type\":\"WebSite\",\"@id\":\"https:\/\/atypique.brunotarhan.fr\/#website\",\"url\":\"https:\/\/atypique.brunotarhan.fr\/\",\"name\":\"Atypique Concept Store\",\"description\":\"Just another WordPress site\",\"potentialAction\":[{\"@type\":\"SearchAction\",\"target\":{\"@type\":\"EntryPoint\",\"urlTemplate\":\"https:\/\/atypique.brunotarhan.fr\/?s={search_term_string}\"},\"query-input\":\"required name=search_term_string\"}],\"inLanguage\":\"fr-FR\"},{\"@type\":\"ImageObject\",\"@id\":\"https:\/\/atypique.brunotarhan.fr\/index.php\/produit\/lara-tome-2-pochela-valse-des-suspectsmarie-bernadette-dupuylivre-de-poche\/#primaryimage\",\"inLanguage\":\"fr-FR\",\"url\":\"https:\/\/atypique.brunotarhan.fr\/wp-content\/uploads\/2022\/04\/lara-t1.webp\",\"contentUrl\":\"https:\/\/atypique.brunotarhan.fr\/wp-content\/uploads\/2022\/04\/lara-t1.webp\",\"width\":309,\"height\":500},{\"@type\":\"WebPage\",\"@id\":\"https:\/\/atypique.brunotarhan.fr\/index.php\/produit\/lara-tome-2-pochela-valse-des-suspectsmarie-bernadette-dupuylivre-de-poche\/#webpage\",\"url\":\"https:\/\/atypique.brunotarhan.fr\/index.php\/produit\/lara-tome-2-pochela-valse-des-suspectsmarie-bernadette-dupuylivre-de-poche\/\",\"name\":\"Lara Tome 2 - Poche La Valse des suspects Marie-Bernadette Dupuy Livre de poche - Atypique Concept Store\",\"isPartOf\":{\"@id\":\"https:\/\/atypique.brunotarhan.fr\/#website\"},\"primaryImageOfPage\":{\"@id\":\"https:\/\/atypique.brunotarhan.fr\/index.php\/produit\/lara-tome-2-pochela-valse-des-suspectsmarie-bernadette-dupuylivre-de-poche\/#primaryimage\"},\"datePublished\":\"2022-04-25T22:31:38+00:00\",\"dateModified\":\"2022-04-25T22:31:38+00:00\",\"breadcrumb\":{\"@id\":\"https:\/\/atypique.brunotarhan.fr\/index.php\/produit\/lara-tome-2-pochela-valse-des-suspectsmarie-bernadette-dupuylivre-de-poche\/#breadcrumb\"},\"inLanguage\":\"fr-FR\",\"potentialAction\":[{\"@type\":\"ReadAction\",\"target\":[\"https:\/\/atypique.brunotarhan.fr\/index.php\/produit\/lara-tome-2-pochela-valse-des-suspectsmarie-bernadette-dupuylivre-de-poche\/\"]}]},{\"@type\":\"BreadcrumbList\",\"@id\":\"https:\/\/atypique.brunotarhan.fr\/index.php\/produit\/lara-tome-2-pochela-valse-des-suspectsmarie-bernadette-dupuylivre-de-poche\/#breadcrumb\",\"itemListElement\":[{\"@type\":\"ListItem\",\"position\":1,\"name\":\"Accueil\",\"item\":\"https:\/\/atypique.brunotarhan.fr\/\"},{\"@type\":\"ListItem\",\"position\":2,\"name\":\"\"},{\"@type\":\"ListItem\",\"position\":3,\"name\":\"Lara Tome 2 &#8211; Poche La Valse des suspects Marie-Bernadette Dupuy Livre de poche\"}]}]}<\/script>\n<!-- \/ Yoast SEO plugin. -->","yoast_head_json":{"title":"Lara Tome 2 - Poche La Valse des suspects Marie-Bernadette Dupuy Livre de poche - Atypique Concept Store","robots":{"index":"index","follow":"follow","max-snippet":"max-snippet:-1","max-image-preview":"max-image-preview:large","max-video-preview":"max-video-preview:-1"},"canonical":"https:\/\/atypique.brunotarhan.fr\/index.php\/produit\/lara-tome-2-pochela-valse-des-suspectsmarie-bernadette-dupuylivre-de-poche\/","og_locale":"fr_FR","og_type":"article","og_title":"Lara Tome 2 - Poche La Valse des suspects Marie-Bernadette Dupuy Livre de poche - Atypique Concept Store","og_description":"Apr\u00e8s trois ans pass\u00e9s au Venezuela, o\u00f9 ils se sont r\u00e9fugi\u00e9s pour fuir les menaces qui pesaient sur eux, Lara et Olivier reviennent \u00e0 Locmariaquer\u2026","og_url":"https:\/\/atypique.brunotarhan.fr\/index.php\/produit\/lara-tome-2-pochela-valse-des-suspectsmarie-bernadette-dupuylivre-de-poche\/","og_site_name":"Atypique Concept Store","twitter_card":"summary_large_image","twitter_misc":{"Dur\u00e9e de lecture estim\u00e9e":"1 minute"},"schema":{"@context":"https:\/\/schema.org","@graph":[{"@type":"WebSite","@id":"https:\/\/atypique.brunotarhan.fr\/#website","url":"https:\/\/atypique.brunotarhan.fr\/","name":"Atypique Concept Store","description":"Just another WordPress site","potentialAction":[{"@type":"SearchAction","target":{"@type":"EntryPoint","urlTemplate":"https:\/\/atypique.brunotarhan.fr\/?s={search_term_string}"},"query-input":"required name=search_term_string"}],"inLanguage":"fr-FR"},{"@type":"ImageObject","@id":"https:\/\/atypique.brunotarhan.fr\/index.php\/produit\/lara-tome-2-pochela-valse-des-suspectsmarie-bernadette-dupuylivre-de-poche\/#primaryimage","inLanguage":"fr-FR","url":"https:\/\/atypique.brunotarhan.fr\/wp-content\/uploads\/2022\/04\/lara-t1.webp","contentUrl":"https:\/\/atypique.brunotarhan.fr\/wp-content\/uploads\/2022\/04\/lara-t1.webp","width":309,"height":500},{"@type":"WebPage","@id":"https:\/\/atypique.brunotarhan.fr\/index.php\/produit\/lara-tome-2-pochela-valse-des-suspectsmarie-bernadette-dupuylivre-de-poche\/#webpage","url":"https:\/\/atypique.brunotarhan.fr\/index.php\/produit\/lara-tome-2-pochela-valse-des-suspectsmarie-bernadette-dupuylivre-de-poche\/","name":"Lara Tome 2 - Poche La Valse des suspects Marie-Bernadette Dupuy Livre de poche - Atypique Concept Store","isPartOf":{"@id":"https:\/\/atypique.brunotarhan.fr\/#website"},"primaryImageOfPage":{"@id":"https:\/\/atypique.brunotarhan.fr\/index.php\/produit\/lara-tome-2-pochela-valse-des-suspectsmarie-bernadette-dupuylivre-de-poche\/#primaryimage"},"datePublished":"2022-04-25T22:31:38+00:00","dateModified":"2022-04-25T22:31:38+00:00","breadcrumb":{"@id":"https:\/\/atypique.brunotarhan.fr\/index.php\/produit\/lara-tome-2-pochela-valse-des-suspectsmarie-bernadette-dupuylivre-de-poche\/#breadcrumb"},"inLanguage":"fr-FR","potentialAction":[{"@type":"ReadAction","target":["https:\/\/atypique.brunotarhan.fr\/index.php\/produit\/lara-tome-2-pochela-valse-des-suspectsmarie-bernadette-dupuylivre-de-poche\/"]}]},{"@type":"BreadcrumbList","@id":"https:\/\/atypique.brunotarhan.fr\/index.php\/produit\/lara-tome-2-pochela-valse-des-suspectsmarie-bernadette-dupuylivre-de-poche\/#breadcrumb","itemListElement":[{"@type":"ListItem","position":1,"name":"Accueil","item":"https:\/\/atypique.brunotarhan.fr\/"},{"@type":"ListItem","position":2,"name":""},{"@type":"ListItem","position":3,"name":"Lara Tome 2 &#8211; Poche La Valse des suspects Marie-Bernadette Dupuy Livre de poche"}]}]}},"_links":{"self":[{"href":"https:\/\/atypique.brunotarhan.fr\/index.php\/wp-json\/wp\/v2\/product\/16063","targetHints":{"allow":["GET"]}}],"collection":[{"href":"https:\/\/atypique.brunotarhan.fr\/index.php\/wp-json\/wp\/v2\/product"}],"about":[{"href":"https:\/\/atypique.brunotarhan.fr\/index.php\/wp-json\/wp\/v2\/types\/product"}],"replies":[{"embeddable":true,"href":"https:\/\/atypique.brunotarhan.fr\/index.php\/wp-json\/wp\/v2\/comments?post=16063"}],"wp:featuredmedia":[{"embeddable":true,"href":"https:\/\/atypique.brunotarhan.fr\/index.php\/wp-json\/wp\/v2\/media\/15812"}],"wp:attachment":[{"href":"https:\/\/atypique.brunotarhan.fr\/index.php\/wp-json\/wp\/v2\/media?parent=16063"}],"wp:term":[{"taxonomy":"product_cat","embeddable":true,"href":"https:\/\/atypique.brunotarhan.fr\/index.php\/wp-json\/wp\/v2\/product_cat?post=16063"},{"taxonomy":"product_tag","embeddable":true,"href":"https:\/\/atypique.brunotarhan.fr\/index.php\/wp-json\/wp\/v2\/product_tag?post=16063"}],"curies":[{"name":"wp","href":"https:\/\/api.w.org\/{rel}","templated":true}]}}