{"id":16062,"date":"2022-04-25T22:31:38","date_gmt":"2022-04-25T22:31:38","guid":{"rendered":"https:\/\/atypique.brunotarhan.fr\/index.php\/produit\/larabe-du-futur-tome-1une-jeunesse-au-moyen-orient-1978-1984fauve-dor-meilleur-albumriad-sattoufallary\/"},"modified":"2022-04-25T22:31:38","modified_gmt":"2022-04-25T22:31:38","slug":"larabe-du-futur-tome-1une-jeunesse-au-moyen-orient-1978-1984fauve-dor-meilleur-albumriad-sattoufallary","status":"publish","type":"product","link":"https:\/\/atypique.brunotarhan.fr\/index.php\/produit\/larabe-du-futur-tome-1une-jeunesse-au-moyen-orient-1978-1984fauve-dor-meilleur-albumriad-sattoufallary\/","title":{"rendered":"L&#8217;Arabe du futur Tome 1\nUne jeunesse au Moyen-Orient (1978-1984)\nFAUVE D&#8217;OR &#8211; MEILLEUR ALBUM\nRiad Sattouf\nAllary"},"content":{"rendered":"<p>N\u00e9 d&#8217;un p\u00e8re syrien et d&#8217;une m\u00e8re bretonne, Riad Sattouf grandit d&#8217;abord \u00e0 Tripoli, en Libye, o\u00f9 son p\u00e8re vient d&#8217;\u00eatre nomm\u00e9 professeur. Issu d&#8217;un milieu pauvre, f\u00e9ru de politique et obs\u00e9d\u00e9 par le panarabisme, Abdel-Razak Sattouf \u00e9l\u00e8ve son fils Riad dans le culte des grands dictateurs arabes, symboles de modernit\u00e9 et de puissance virile. En 1984, la famille d\u00e9m\u00e9nage en Syrie et rejoint le berceau des Sattouf, un petit village pr\u00e8s de Homs.<br \/>\nMalmen\u00e9 par ses cousins (il est blond, cela n&#8217;aide pas&#8230;), le jeune Riad d\u00e9couvre la rudesse de la vie paysanne traditionnelle. Son p\u00e8re, lui, n&#8217;a qu&#8217;une id\u00e9e en t\u00eate : que son fils Riad aille \u00e0 l&#8217;\u00e9cole syrienne et devienne un Arabe moderne et \u00e9duqu\u00e9, un Arabe du futur.<\/p>\n","protected":false},"excerpt":{"rendered":"<p>N\u00e9 d&#8217;un p\u00e8re syrien et d&#8217;une m\u00e8re bretonne, Riad Sattouf grandit d&#8217;abord \u00e0 Tripoli, en Libye, o\u00f9 son p\u00e8re vient d&#8217;\u00eatre nomm\u00e9 professeur. Issu\u2026<\/p>\n","protected":false},"featured_media":15811,"comment_status":"open","ping_status":"closed","template":"","meta":[],"product_cat":[212,93],"product_tag":[428,214,426,423,427,424,425],"class_list":["post-16062","product","type-product","status-publish","has-post-thumbnail","hentry","product_cat-bandes-dessinees","product_cat-librairie","product_tag-allany","product_tag-bandes-dessinees","product_tag-fauve-dor-meilleur-album","product_tag-larabe-du-futur","product_tag-riad-sattouf","product_tag-tome-1","product_tag-une-jeunesse-au-moyen-orient-1978-1984"],"yoast_head":"<!-- This site is optimized with the Yoast SEO plugin v18.0 - https:\/\/yoast.com\/wordpress\/plugins\/seo\/ -->\n<title>L&#039;Arabe du futur Tome 1 Une jeunesse au Moyen-Orient (1978-1984) FAUVE D&#039;OR - MEILLEUR ALBUM Riad Sattouf Allary - Atypique Concept Store<\/title>\n<meta name=\"robots\" content=\"index, follow, max-snippet:-1, max-image-preview:large, max-video-preview:-1\" \/>\n<link rel=\"canonical\" href=\"https:\/\/atypique.brunotarhan.fr\/index.php\/produit\/larabe-du-futur-tome-1une-jeunesse-au-moyen-orient-1978-1984fauve-dor-meilleur-albumriad-sattoufallary\/\" \/>\n<meta property=\"og:locale\" content=\"fr_FR\" \/>\n<meta property=\"og:type\" content=\"article\" \/>\n<meta property=\"og:title\" content=\"L&#039;Arabe du futur Tome 1 Une jeunesse au Moyen-Orient (1978-1984) FAUVE D&#039;OR - MEILLEUR ALBUM Riad Sattouf Allary - Atypique Concept Store\" \/>\n<meta property=\"og:description\" content=\"N\u00e9 d&#039;un p\u00e8re syrien et d&#039;une m\u00e8re bretonne, Riad Sattouf grandit d&#039;abord \u00e0 Tripoli, en Libye, o\u00f9 son p\u00e8re vient d&#039;\u00eatre nomm\u00e9 professeur. Issu\u2026\" \/>\n<meta property=\"og:url\" content=\"https:\/\/atypique.brunotarhan.fr\/index.php\/produit\/larabe-du-futur-tome-1une-jeunesse-au-moyen-orient-1978-1984fauve-dor-meilleur-albumriad-sattoufallary\/\" \/>\n<meta property=\"og:site_name\" content=\"Atypique Concept Store\" \/>\n<meta name=\"twitter:card\" content=\"summary_large_image\" \/>\n<meta name=\"twitter:label1\" content=\"Dur\u00e9e de lecture estim\u00e9e\" \/>\n\t<meta name=\"twitter:data1\" content=\"1 minute\" \/>\n<script type=\"application\/ld+json\" class=\"yoast-schema-graph\">{\"@context\":\"https:\/\/schema.org\",\"@graph\":[{\"@type\":\"WebSite\",\"@id\":\"https:\/\/atypique.brunotarhan.fr\/#website\",\"url\":\"https:\/\/atypique.brunotarhan.fr\/\",\"name\":\"Atypique Concept Store\",\"description\":\"Just another WordPress site\",\"potentialAction\":[{\"@type\":\"SearchAction\",\"target\":{\"@type\":\"EntryPoint\",\"urlTemplate\":\"https:\/\/atypique.brunotarhan.fr\/?s={search_term_string}\"},\"query-input\":\"required name=search_term_string\"}],\"inLanguage\":\"fr-FR\"},{\"@type\":\"ImageObject\",\"@id\":\"https:\/\/atypique.brunotarhan.fr\/index.php\/produit\/larabe-du-futur-tome-1une-jeunesse-au-moyen-orient-1978-1984fauve-dor-meilleur-albumriad-sattoufallary\/#primaryimage\",\"inLanguage\":\"fr-FR\",\"url\":\"https:\/\/atypique.brunotarhan.fr\/wp-content\/uploads\/2022\/04\/l-arabe-du-futur-t1.webp\",\"contentUrl\":\"https:\/\/atypique.brunotarhan.fr\/wp-content\/uploads\/2022\/04\/l-arabe-du-futur-t1.webp\",\"width\":355,\"height\":500},{\"@type\":\"WebPage\",\"@id\":\"https:\/\/atypique.brunotarhan.fr\/index.php\/produit\/larabe-du-futur-tome-1une-jeunesse-au-moyen-orient-1978-1984fauve-dor-meilleur-albumriad-sattoufallary\/#webpage\",\"url\":\"https:\/\/atypique.brunotarhan.fr\/index.php\/produit\/larabe-du-futur-tome-1une-jeunesse-au-moyen-orient-1978-1984fauve-dor-meilleur-albumriad-sattoufallary\/\",\"name\":\"L'Arabe du futur Tome 1 Une jeunesse au Moyen-Orient (1978-1984) FAUVE D'OR - MEILLEUR ALBUM Riad Sattouf Allary - Atypique Concept Store\",\"isPartOf\":{\"@id\":\"https:\/\/atypique.brunotarhan.fr\/#website\"},\"primaryImageOfPage\":{\"@id\":\"https:\/\/atypique.brunotarhan.fr\/index.php\/produit\/larabe-du-futur-tome-1une-jeunesse-au-moyen-orient-1978-1984fauve-dor-meilleur-albumriad-sattoufallary\/#primaryimage\"},\"datePublished\":\"2022-04-25T22:31:38+00:00\",\"dateModified\":\"2022-04-25T22:31:38+00:00\",\"breadcrumb\":{\"@id\":\"https:\/\/atypique.brunotarhan.fr\/index.php\/produit\/larabe-du-futur-tome-1une-jeunesse-au-moyen-orient-1978-1984fauve-dor-meilleur-albumriad-sattoufallary\/#breadcrumb\"},\"inLanguage\":\"fr-FR\",\"potentialAction\":[{\"@type\":\"ReadAction\",\"target\":[\"https:\/\/atypique.brunotarhan.fr\/index.php\/produit\/larabe-du-futur-tome-1une-jeunesse-au-moyen-orient-1978-1984fauve-dor-meilleur-albumriad-sattoufallary\/\"]}]},{\"@type\":\"BreadcrumbList\",\"@id\":\"https:\/\/atypique.brunotarhan.fr\/index.php\/produit\/larabe-du-futur-tome-1une-jeunesse-au-moyen-orient-1978-1984fauve-dor-meilleur-albumriad-sattoufallary\/#breadcrumb\",\"itemListElement\":[{\"@type\":\"ListItem\",\"position\":1,\"name\":\"Accueil\",\"item\":\"https:\/\/atypique.brunotarhan.fr\/\"},{\"@type\":\"ListItem\",\"position\":2,\"name\":\"\"},{\"@type\":\"ListItem\",\"position\":3,\"name\":\"L&#8217;Arabe du futur Tome 1 Une jeunesse au Moyen-Orient (1978-1984) FAUVE D&#8217;OR &#8211; MEILLEUR ALBUM Riad Sattouf Allary\"}]}]}<\/script>\n<!-- \/ Yoast SEO plugin. -->","yoast_head_json":{"title":"L'Arabe du futur Tome 1 Une jeunesse au Moyen-Orient (1978-1984) FAUVE D'OR - MEILLEUR ALBUM Riad Sattouf Allary - Atypique Concept Store","robots":{"index":"index","follow":"follow","max-snippet":"max-snippet:-1","max-image-preview":"max-image-preview:large","max-video-preview":"max-video-preview:-1"},"canonical":"https:\/\/atypique.brunotarhan.fr\/index.php\/produit\/larabe-du-futur-tome-1une-jeunesse-au-moyen-orient-1978-1984fauve-dor-meilleur-albumriad-sattoufallary\/","og_locale":"fr_FR","og_type":"article","og_title":"L'Arabe du futur Tome 1 Une jeunesse au Moyen-Orient (1978-1984) FAUVE D'OR - MEILLEUR ALBUM Riad Sattouf Allary - Atypique Concept Store","og_description":"N\u00e9 d'un p\u00e8re syrien et d'une m\u00e8re bretonne, Riad Sattouf grandit d'abord \u00e0 Tripoli, en Libye, o\u00f9 son p\u00e8re vient d'\u00eatre nomm\u00e9 professeur. Issu\u2026","og_url":"https:\/\/atypique.brunotarhan.fr\/index.php\/produit\/larabe-du-futur-tome-1une-jeunesse-au-moyen-orient-1978-1984fauve-dor-meilleur-albumriad-sattoufallary\/","og_site_name":"Atypique Concept Store","twitter_card":"summary_large_image","twitter_misc":{"Dur\u00e9e de lecture estim\u00e9e":"1 minute"},"schema":{"@context":"https:\/\/schema.org","@graph":[{"@type":"WebSite","@id":"https:\/\/atypique.brunotarhan.fr\/#website","url":"https:\/\/atypique.brunotarhan.fr\/","name":"Atypique Concept Store","description":"Just another WordPress site","potentialAction":[{"@type":"SearchAction","target":{"@type":"EntryPoint","urlTemplate":"https:\/\/atypique.brunotarhan.fr\/?s={search_term_string}"},"query-input":"required name=search_term_string"}],"inLanguage":"fr-FR"},{"@type":"ImageObject","@id":"https:\/\/atypique.brunotarhan.fr\/index.php\/produit\/larabe-du-futur-tome-1une-jeunesse-au-moyen-orient-1978-1984fauve-dor-meilleur-albumriad-sattoufallary\/#primaryimage","inLanguage":"fr-FR","url":"https:\/\/atypique.brunotarhan.fr\/wp-content\/uploads\/2022\/04\/l-arabe-du-futur-t1.webp","contentUrl":"https:\/\/atypique.brunotarhan.fr\/wp-content\/uploads\/2022\/04\/l-arabe-du-futur-t1.webp","width":355,"height":500},{"@type":"WebPage","@id":"https:\/\/atypique.brunotarhan.fr\/index.php\/produit\/larabe-du-futur-tome-1une-jeunesse-au-moyen-orient-1978-1984fauve-dor-meilleur-albumriad-sattoufallary\/#webpage","url":"https:\/\/atypique.brunotarhan.fr\/index.php\/produit\/larabe-du-futur-tome-1une-jeunesse-au-moyen-orient-1978-1984fauve-dor-meilleur-albumriad-sattoufallary\/","name":"L'Arabe du futur Tome 1 Une jeunesse au Moyen-Orient (1978-1984) FAUVE D'OR - MEILLEUR ALBUM Riad Sattouf Allary - Atypique Concept Store","isPartOf":{"@id":"https:\/\/atypique.brunotarhan.fr\/#website"},"primaryImageOfPage":{"@id":"https:\/\/atypique.brunotarhan.fr\/index.php\/produit\/larabe-du-futur-tome-1une-jeunesse-au-moyen-orient-1978-1984fauve-dor-meilleur-albumriad-sattoufallary\/#primaryimage"},"datePublished":"2022-04-25T22:31:38+00:00","dateModified":"2022-04-25T22:31:38+00:00","breadcrumb":{"@id":"https:\/\/atypique.brunotarhan.fr\/index.php\/produit\/larabe-du-futur-tome-1une-jeunesse-au-moyen-orient-1978-1984fauve-dor-meilleur-albumriad-sattoufallary\/#breadcrumb"},"inLanguage":"fr-FR","potentialAction":[{"@type":"ReadAction","target":["https:\/\/atypique.brunotarhan.fr\/index.php\/produit\/larabe-du-futur-tome-1une-jeunesse-au-moyen-orient-1978-1984fauve-dor-meilleur-albumriad-sattoufallary\/"]}]},{"@type":"BreadcrumbList","@id":"https:\/\/atypique.brunotarhan.fr\/index.php\/produit\/larabe-du-futur-tome-1une-jeunesse-au-moyen-orient-1978-1984fauve-dor-meilleur-albumriad-sattoufallary\/#breadcrumb","itemListElement":[{"@type":"ListItem","position":1,"name":"Accueil","item":"https:\/\/atypique.brunotarhan.fr\/"},{"@type":"ListItem","position":2,"name":""},{"@type":"ListItem","position":3,"name":"L&#8217;Arabe du futur Tome 1 Une jeunesse au Moyen-Orient (1978-1984) FAUVE D&#8217;OR &#8211; MEILLEUR ALBUM Riad Sattouf Allary"}]}]}},"_links":{"self":[{"href":"https:\/\/atypique.brunotarhan.fr\/index.php\/wp-json\/wp\/v2\/product\/16062","targetHints":{"allow":["GET"]}}],"collection":[{"href":"https:\/\/atypique.brunotarhan.fr\/index.php\/wp-json\/wp\/v2\/product"}],"about":[{"href":"https:\/\/atypique.brunotarhan.fr\/index.php\/wp-json\/wp\/v2\/types\/product"}],"replies":[{"embeddable":true,"href":"https:\/\/atypique.brunotarhan.fr\/index.php\/wp-json\/wp\/v2\/comments?post=16062"}],"wp:featuredmedia":[{"embeddable":true,"href":"https:\/\/atypique.brunotarhan.fr\/index.php\/wp-json\/wp\/v2\/media\/15811"}],"wp:attachment":[{"href":"https:\/\/atypique.brunotarhan.fr\/index.php\/wp-json\/wp\/v2\/media?parent=16062"}],"wp:term":[{"taxonomy":"product_cat","embeddable":true,"href":"https:\/\/atypique.brunotarhan.fr\/index.php\/wp-json\/wp\/v2\/product_cat?post=16062"},{"taxonomy":"product_tag","embeddable":true,"href":"https:\/\/atypique.brunotarhan.fr\/index.php\/wp-json\/wp\/v2\/product_tag?post=16062"}],"curies":[{"name":"wp","href":"https:\/\/api.w.org\/{rel}","templated":true}]}}