{"id":16061,"date":"2022-04-25T22:31:37","date_gmt":"2022-04-25T22:31:37","guid":{"rendered":"https:\/\/atypique.brunotarhan.fr\/index.php\/produit\/la-prophetie-des-abeilles-grand-formatbernard-werberalbin-michel\/"},"modified":"2022-04-25T22:31:37","modified_gmt":"2022-04-25T22:31:37","slug":"la-prophetie-des-abeilles-grand-formatbernard-werberalbin-michel","status":"publish","type":"product","link":"https:\/\/atypique.brunotarhan.fr\/index.php\/produit\/la-prophetie-des-abeilles-grand-formatbernard-werberalbin-michel\/","title":{"rendered":"La proph\u00e9tie des abeilles &#8211; Grand Format\nBernard Werber\nAlbin Michel"},"content":{"rendered":"<p>Depuis la nuit des temps, une proph\u00e9tie annonce le destin de l&#8217;humanit Elle r\u00e9v\u00e8le que notre avenir est li\u00e9 \u00e0 celui des abeilles. Les Templiers l&#8217;ont pr\u00e9serv\u00e9e \u00e0 travers les \u00e9poques, mais sa trace s&#8217;est perdue. Pour la retrouver, il faut remonter le temps, traverser les continents et affronter tous les dangers. Etes-vous pr\u00eat \u00e0 la d\u00e9couvrir ? Bernard Werber nous entra\u00eene dans un voyage fantastique o\u00f9 se m\u00ealent l&#8217;Histoire, l&#8217;\u00e9sot\u00e9risme et l&#8217;aventure, \u00e0 la recherche du secret disparu.<\/p>\n","protected":false},"excerpt":{"rendered":"<p>Depuis la nuit des temps, une proph\u00e9tie annonce le destin de l&#8217;humanit Elle r\u00e9v\u00e8le que notre avenir est li\u00e9 \u00e0 celui des abeilles. Les Templiers l&#8217;ont\u2026<\/p>\n","protected":false},"featured_media":15810,"comment_status":"open","ping_status":"closed","template":"","meta":[],"product_cat":[93,186],"product_tag":[207,422,421,189],"class_list":["post-16061","product","type-product","status-publish","has-post-thumbnail","hentry","product_cat-librairie","product_cat-romans","product_tag-albin-michel","product_tag-bernard-werber","product_tag-la-prophetie-des-abeilles","product_tag-roman"],"yoast_head":"<!-- This site is optimized with the Yoast SEO plugin v18.0 - https:\/\/yoast.com\/wordpress\/plugins\/seo\/ -->\n<title>La proph\u00e9tie des abeilles - Grand Format Bernard Werber Albin Michel - Atypique Concept Store<\/title>\n<meta name=\"robots\" content=\"index, follow, max-snippet:-1, max-image-preview:large, max-video-preview:-1\" \/>\n<link rel=\"canonical\" href=\"https:\/\/atypique.brunotarhan.fr\/index.php\/produit\/la-prophetie-des-abeilles-grand-formatbernard-werberalbin-michel\/\" \/>\n<meta property=\"og:locale\" content=\"fr_FR\" \/>\n<meta property=\"og:type\" content=\"article\" \/>\n<meta property=\"og:title\" content=\"La proph\u00e9tie des abeilles - Grand Format Bernard Werber Albin Michel - Atypique Concept Store\" \/>\n<meta property=\"og:description\" content=\"Depuis la nuit des temps, une proph\u00e9tie annonce le destin de l&#039;humanit Elle r\u00e9v\u00e8le que notre avenir est li\u00e9 \u00e0 celui des abeilles. Les Templiers l&#039;ont\u2026\" \/>\n<meta property=\"og:url\" content=\"https:\/\/atypique.brunotarhan.fr\/index.php\/produit\/la-prophetie-des-abeilles-grand-formatbernard-werberalbin-michel\/\" \/>\n<meta property=\"og:site_name\" content=\"Atypique Concept Store\" \/>\n<meta name=\"twitter:card\" content=\"summary_large_image\" \/>\n<script type=\"application\/ld+json\" class=\"yoast-schema-graph\">{\"@context\":\"https:\/\/schema.org\",\"@graph\":[{\"@type\":\"WebSite\",\"@id\":\"https:\/\/atypique.brunotarhan.fr\/#website\",\"url\":\"https:\/\/atypique.brunotarhan.fr\/\",\"name\":\"Atypique Concept Store\",\"description\":\"Just another WordPress site\",\"potentialAction\":[{\"@type\":\"SearchAction\",\"target\":{\"@type\":\"EntryPoint\",\"urlTemplate\":\"https:\/\/atypique.brunotarhan.fr\/?s={search_term_string}\"},\"query-input\":\"required name=search_term_string\"}],\"inLanguage\":\"fr-FR\"},{\"@type\":\"ImageObject\",\"@id\":\"https:\/\/atypique.brunotarhan.fr\/index.php\/produit\/la-prophetie-des-abeilles-grand-formatbernard-werberalbin-michel\/#primaryimage\",\"inLanguage\":\"fr-FR\",\"url\":\"https:\/\/atypique.brunotarhan.fr\/wp-content\/uploads\/2022\/04\/la-prophetie-des-abeilles.webp\",\"contentUrl\":\"https:\/\/atypique.brunotarhan.fr\/wp-content\/uploads\/2022\/04\/la-prophetie-des-abeilles.webp\",\"width\":345,\"height\":500},{\"@type\":\"WebPage\",\"@id\":\"https:\/\/atypique.brunotarhan.fr\/index.php\/produit\/la-prophetie-des-abeilles-grand-formatbernard-werberalbin-michel\/#webpage\",\"url\":\"https:\/\/atypique.brunotarhan.fr\/index.php\/produit\/la-prophetie-des-abeilles-grand-formatbernard-werberalbin-michel\/\",\"name\":\"La proph\u00e9tie des abeilles - Grand Format Bernard Werber Albin Michel - Atypique Concept Store\",\"isPartOf\":{\"@id\":\"https:\/\/atypique.brunotarhan.fr\/#website\"},\"primaryImageOfPage\":{\"@id\":\"https:\/\/atypique.brunotarhan.fr\/index.php\/produit\/la-prophetie-des-abeilles-grand-formatbernard-werberalbin-michel\/#primaryimage\"},\"datePublished\":\"2022-04-25T22:31:37+00:00\",\"dateModified\":\"2022-04-25T22:31:37+00:00\",\"breadcrumb\":{\"@id\":\"https:\/\/atypique.brunotarhan.fr\/index.php\/produit\/la-prophetie-des-abeilles-grand-formatbernard-werberalbin-michel\/#breadcrumb\"},\"inLanguage\":\"fr-FR\",\"potentialAction\":[{\"@type\":\"ReadAction\",\"target\":[\"https:\/\/atypique.brunotarhan.fr\/index.php\/produit\/la-prophetie-des-abeilles-grand-formatbernard-werberalbin-michel\/\"]}]},{\"@type\":\"BreadcrumbList\",\"@id\":\"https:\/\/atypique.brunotarhan.fr\/index.php\/produit\/la-prophetie-des-abeilles-grand-formatbernard-werberalbin-michel\/#breadcrumb\",\"itemListElement\":[{\"@type\":\"ListItem\",\"position\":1,\"name\":\"Accueil\",\"item\":\"https:\/\/atypique.brunotarhan.fr\/\"},{\"@type\":\"ListItem\",\"position\":2,\"name\":\"\"},{\"@type\":\"ListItem\",\"position\":3,\"name\":\"La proph\u00e9tie des abeilles &#8211; Grand Format Bernard Werber Albin Michel\"}]}]}<\/script>\n<!-- \/ Yoast SEO plugin. -->","yoast_head_json":{"title":"La proph\u00e9tie des abeilles - Grand Format Bernard Werber Albin Michel - Atypique Concept Store","robots":{"index":"index","follow":"follow","max-snippet":"max-snippet:-1","max-image-preview":"max-image-preview:large","max-video-preview":"max-video-preview:-1"},"canonical":"https:\/\/atypique.brunotarhan.fr\/index.php\/produit\/la-prophetie-des-abeilles-grand-formatbernard-werberalbin-michel\/","og_locale":"fr_FR","og_type":"article","og_title":"La proph\u00e9tie des abeilles - Grand Format Bernard Werber Albin Michel - Atypique Concept Store","og_description":"Depuis la nuit des temps, une proph\u00e9tie annonce le destin de l'humanit Elle r\u00e9v\u00e8le que notre avenir est li\u00e9 \u00e0 celui des abeilles. Les Templiers l'ont\u2026","og_url":"https:\/\/atypique.brunotarhan.fr\/index.php\/produit\/la-prophetie-des-abeilles-grand-formatbernard-werberalbin-michel\/","og_site_name":"Atypique Concept Store","twitter_card":"summary_large_image","schema":{"@context":"https:\/\/schema.org","@graph":[{"@type":"WebSite","@id":"https:\/\/atypique.brunotarhan.fr\/#website","url":"https:\/\/atypique.brunotarhan.fr\/","name":"Atypique Concept Store","description":"Just another WordPress site","potentialAction":[{"@type":"SearchAction","target":{"@type":"EntryPoint","urlTemplate":"https:\/\/atypique.brunotarhan.fr\/?s={search_term_string}"},"query-input":"required name=search_term_string"}],"inLanguage":"fr-FR"},{"@type":"ImageObject","@id":"https:\/\/atypique.brunotarhan.fr\/index.php\/produit\/la-prophetie-des-abeilles-grand-formatbernard-werberalbin-michel\/#primaryimage","inLanguage":"fr-FR","url":"https:\/\/atypique.brunotarhan.fr\/wp-content\/uploads\/2022\/04\/la-prophetie-des-abeilles.webp","contentUrl":"https:\/\/atypique.brunotarhan.fr\/wp-content\/uploads\/2022\/04\/la-prophetie-des-abeilles.webp","width":345,"height":500},{"@type":"WebPage","@id":"https:\/\/atypique.brunotarhan.fr\/index.php\/produit\/la-prophetie-des-abeilles-grand-formatbernard-werberalbin-michel\/#webpage","url":"https:\/\/atypique.brunotarhan.fr\/index.php\/produit\/la-prophetie-des-abeilles-grand-formatbernard-werberalbin-michel\/","name":"La proph\u00e9tie des abeilles - Grand Format Bernard Werber Albin Michel - Atypique Concept Store","isPartOf":{"@id":"https:\/\/atypique.brunotarhan.fr\/#website"},"primaryImageOfPage":{"@id":"https:\/\/atypique.brunotarhan.fr\/index.php\/produit\/la-prophetie-des-abeilles-grand-formatbernard-werberalbin-michel\/#primaryimage"},"datePublished":"2022-04-25T22:31:37+00:00","dateModified":"2022-04-25T22:31:37+00:00","breadcrumb":{"@id":"https:\/\/atypique.brunotarhan.fr\/index.php\/produit\/la-prophetie-des-abeilles-grand-formatbernard-werberalbin-michel\/#breadcrumb"},"inLanguage":"fr-FR","potentialAction":[{"@type":"ReadAction","target":["https:\/\/atypique.brunotarhan.fr\/index.php\/produit\/la-prophetie-des-abeilles-grand-formatbernard-werberalbin-michel\/"]}]},{"@type":"BreadcrumbList","@id":"https:\/\/atypique.brunotarhan.fr\/index.php\/produit\/la-prophetie-des-abeilles-grand-formatbernard-werberalbin-michel\/#breadcrumb","itemListElement":[{"@type":"ListItem","position":1,"name":"Accueil","item":"https:\/\/atypique.brunotarhan.fr\/"},{"@type":"ListItem","position":2,"name":""},{"@type":"ListItem","position":3,"name":"La proph\u00e9tie des abeilles &#8211; Grand Format Bernard Werber Albin Michel"}]}]}},"_links":{"self":[{"href":"https:\/\/atypique.brunotarhan.fr\/index.php\/wp-json\/wp\/v2\/product\/16061","targetHints":{"allow":["GET"]}}],"collection":[{"href":"https:\/\/atypique.brunotarhan.fr\/index.php\/wp-json\/wp\/v2\/product"}],"about":[{"href":"https:\/\/atypique.brunotarhan.fr\/index.php\/wp-json\/wp\/v2\/types\/product"}],"replies":[{"embeddable":true,"href":"https:\/\/atypique.brunotarhan.fr\/index.php\/wp-json\/wp\/v2\/comments?post=16061"}],"wp:featuredmedia":[{"embeddable":true,"href":"https:\/\/atypique.brunotarhan.fr\/index.php\/wp-json\/wp\/v2\/media\/15810"}],"wp:attachment":[{"href":"https:\/\/atypique.brunotarhan.fr\/index.php\/wp-json\/wp\/v2\/media?parent=16061"}],"wp:term":[{"taxonomy":"product_cat","embeddable":true,"href":"https:\/\/atypique.brunotarhan.fr\/index.php\/wp-json\/wp\/v2\/product_cat?post=16061"},{"taxonomy":"product_tag","embeddable":true,"href":"https:\/\/atypique.brunotarhan.fr\/index.php\/wp-json\/wp\/v2\/product_tag?post=16061"}],"curies":[{"name":"wp","href":"https:\/\/api.w.org\/{rel}","templated":true}]}}