{"id":16060,"date":"2022-04-25T22:31:37","date_gmt":"2022-04-25T22:31:37","guid":{"rendered":"https:\/\/atypique.brunotarhan.fr\/index.php\/produit\/la-proie-pochedeon-meyergallimard\/"},"modified":"2022-04-25T22:31:37","modified_gmt":"2022-04-25T22:31:37","slug":"la-proie-pochedeon-meyergallimard","status":"publish","type":"product","link":"https:\/\/atypique.brunotarhan.fr\/index.php\/produit\/la-proie-pochedeon-meyergallimard\/","title":{"rendered":"La proie &#8211; Poche\nDeon Meyer\nGallimard"},"content":{"rendered":"<p>Au Cap, Benny Griessel et Vaughn Cupido, de la brigade des Hawks, sont confront\u00e9s \u00e0 un crime d\u00e9concertant : le corps d&#8217;un ancien membre de leurs services, devenu consultant en protection personnelle, a \u00e9t\u00e9 balanc\u00e9 par une fen\u00eatre du Rovos, le train le plus luxueux du monde. Le dossier est pourri, rien ne colle et pourtant, en haut lieu, on fait pression sur eux pour qu&#8217;ils l\u00e2chent l&#8217;enqu\u00eate. A Bordeaux, Daniel Darret, ancien combattant de la branche militaire de l&#8217;ANC, m\u00e8ne une vie modeste et clandestine, hant\u00e9 par la crainte que son pass\u00e9 ne le rattrape.<br \/>\nVoeu pieux : par une belle journ\u00e9e d&#8217;ao\u00fbt, un ancien camarade vient lui demander de reprendre du service. La situation d\u00e9plorable du pays justifie un attentat. Darret, qui c\u00e8de \u00e0 contre coeur, est aussit\u00f4t embarqu\u00e9, via Paris et Amsterdam, dans la mission la plus dangereuse qu&#8217;on lui ait jamais confi\u00e9e. Traqu\u00e9 par les Russes comme par les services secrets sud-africains, il ne l\u00e2chera pas sa proie pour autant&#8230;<\/p>\n","protected":false},"excerpt":{"rendered":"<p>Au Cap, Benny Griessel et Vaughn Cupido, de la brigade des Hawks, sont confront\u00e9s \u00e0 un crime d\u00e9concertant : le corps d&#8217;un ancien membre de leurs services,\u2026<\/p>\n","protected":false},"featured_media":15809,"comment_status":"open","ping_status":"closed","template":"","meta":[],"product_cat":[93,204],"product_tag":[419,420,236,418,183,263,264],"class_list":["post-16060","product","type-product","status-publish","has-post-thumbnail","hentry","product_cat-librairie","product_cat-polars-thrillers","product_tag-deon-meyer","product_tag-folio-policier","product_tag-gallimard","product_tag-la-proie","product_tag-poche","product_tag-polar","product_tag-policier"],"yoast_head":"<!-- This site is optimized with the Yoast SEO plugin v18.0 - https:\/\/yoast.com\/wordpress\/plugins\/seo\/ -->\n<title>La proie - Poche Deon Meyer Gallimard - Atypique Concept Store<\/title>\n<meta name=\"robots\" content=\"index, follow, max-snippet:-1, max-image-preview:large, max-video-preview:-1\" \/>\n<link rel=\"canonical\" href=\"https:\/\/atypique.brunotarhan.fr\/index.php\/produit\/la-proie-pochedeon-meyergallimard\/\" \/>\n<meta property=\"og:locale\" content=\"fr_FR\" \/>\n<meta property=\"og:type\" content=\"article\" \/>\n<meta property=\"og:title\" content=\"La proie - Poche Deon Meyer Gallimard - Atypique Concept Store\" \/>\n<meta property=\"og:description\" content=\"Au Cap, Benny Griessel et Vaughn Cupido, de la brigade des Hawks, sont confront\u00e9s \u00e0 un crime d\u00e9concertant : le corps d&#039;un ancien membre de leurs services,\u2026\" \/>\n<meta property=\"og:url\" content=\"https:\/\/atypique.brunotarhan.fr\/index.php\/produit\/la-proie-pochedeon-meyergallimard\/\" \/>\n<meta property=\"og:site_name\" content=\"Atypique Concept Store\" \/>\n<meta name=\"twitter:card\" content=\"summary_large_image\" \/>\n<meta name=\"twitter:label1\" content=\"Dur\u00e9e de lecture estim\u00e9e\" \/>\n\t<meta name=\"twitter:data1\" content=\"1 minute\" \/>\n<script type=\"application\/ld+json\" class=\"yoast-schema-graph\">{\"@context\":\"https:\/\/schema.org\",\"@graph\":[{\"@type\":\"WebSite\",\"@id\":\"https:\/\/atypique.brunotarhan.fr\/#website\",\"url\":\"https:\/\/atypique.brunotarhan.fr\/\",\"name\":\"Atypique Concept Store\",\"description\":\"Just another WordPress site\",\"potentialAction\":[{\"@type\":\"SearchAction\",\"target\":{\"@type\":\"EntryPoint\",\"urlTemplate\":\"https:\/\/atypique.brunotarhan.fr\/?s={search_term_string}\"},\"query-input\":\"required name=search_term_string\"}],\"inLanguage\":\"fr-FR\"},{\"@type\":\"ImageObject\",\"@id\":\"https:\/\/atypique.brunotarhan.fr\/index.php\/produit\/la-proie-pochedeon-meyergallimard\/#primaryimage\",\"inLanguage\":\"fr-FR\",\"url\":\"https:\/\/atypique.brunotarhan.fr\/wp-content\/uploads\/2022\/04\/la-proie.webp\",\"contentUrl\":\"https:\/\/atypique.brunotarhan.fr\/wp-content\/uploads\/2022\/04\/la-proie.webp\",\"width\":304,\"height\":500},{\"@type\":\"WebPage\",\"@id\":\"https:\/\/atypique.brunotarhan.fr\/index.php\/produit\/la-proie-pochedeon-meyergallimard\/#webpage\",\"url\":\"https:\/\/atypique.brunotarhan.fr\/index.php\/produit\/la-proie-pochedeon-meyergallimard\/\",\"name\":\"La proie - Poche Deon Meyer Gallimard - Atypique Concept Store\",\"isPartOf\":{\"@id\":\"https:\/\/atypique.brunotarhan.fr\/#website\"},\"primaryImageOfPage\":{\"@id\":\"https:\/\/atypique.brunotarhan.fr\/index.php\/produit\/la-proie-pochedeon-meyergallimard\/#primaryimage\"},\"datePublished\":\"2022-04-25T22:31:37+00:00\",\"dateModified\":\"2022-04-25T22:31:37+00:00\",\"breadcrumb\":{\"@id\":\"https:\/\/atypique.brunotarhan.fr\/index.php\/produit\/la-proie-pochedeon-meyergallimard\/#breadcrumb\"},\"inLanguage\":\"fr-FR\",\"potentialAction\":[{\"@type\":\"ReadAction\",\"target\":[\"https:\/\/atypique.brunotarhan.fr\/index.php\/produit\/la-proie-pochedeon-meyergallimard\/\"]}]},{\"@type\":\"BreadcrumbList\",\"@id\":\"https:\/\/atypique.brunotarhan.fr\/index.php\/produit\/la-proie-pochedeon-meyergallimard\/#breadcrumb\",\"itemListElement\":[{\"@type\":\"ListItem\",\"position\":1,\"name\":\"Accueil\",\"item\":\"https:\/\/atypique.brunotarhan.fr\/\"},{\"@type\":\"ListItem\",\"position\":2,\"name\":\"\"},{\"@type\":\"ListItem\",\"position\":3,\"name\":\"La proie &#8211; Poche Deon Meyer Gallimard\"}]}]}<\/script>\n<!-- \/ Yoast SEO plugin. -->","yoast_head_json":{"title":"La proie - Poche Deon Meyer Gallimard - Atypique Concept Store","robots":{"index":"index","follow":"follow","max-snippet":"max-snippet:-1","max-image-preview":"max-image-preview:large","max-video-preview":"max-video-preview:-1"},"canonical":"https:\/\/atypique.brunotarhan.fr\/index.php\/produit\/la-proie-pochedeon-meyergallimard\/","og_locale":"fr_FR","og_type":"article","og_title":"La proie - Poche Deon Meyer Gallimard - Atypique Concept Store","og_description":"Au Cap, Benny Griessel et Vaughn Cupido, de la brigade des Hawks, sont confront\u00e9s \u00e0 un crime d\u00e9concertant : le corps d'un ancien membre de leurs services,\u2026","og_url":"https:\/\/atypique.brunotarhan.fr\/index.php\/produit\/la-proie-pochedeon-meyergallimard\/","og_site_name":"Atypique Concept Store","twitter_card":"summary_large_image","twitter_misc":{"Dur\u00e9e de lecture estim\u00e9e":"1 minute"},"schema":{"@context":"https:\/\/schema.org","@graph":[{"@type":"WebSite","@id":"https:\/\/atypique.brunotarhan.fr\/#website","url":"https:\/\/atypique.brunotarhan.fr\/","name":"Atypique Concept Store","description":"Just another WordPress site","potentialAction":[{"@type":"SearchAction","target":{"@type":"EntryPoint","urlTemplate":"https:\/\/atypique.brunotarhan.fr\/?s={search_term_string}"},"query-input":"required name=search_term_string"}],"inLanguage":"fr-FR"},{"@type":"ImageObject","@id":"https:\/\/atypique.brunotarhan.fr\/index.php\/produit\/la-proie-pochedeon-meyergallimard\/#primaryimage","inLanguage":"fr-FR","url":"https:\/\/atypique.brunotarhan.fr\/wp-content\/uploads\/2022\/04\/la-proie.webp","contentUrl":"https:\/\/atypique.brunotarhan.fr\/wp-content\/uploads\/2022\/04\/la-proie.webp","width":304,"height":500},{"@type":"WebPage","@id":"https:\/\/atypique.brunotarhan.fr\/index.php\/produit\/la-proie-pochedeon-meyergallimard\/#webpage","url":"https:\/\/atypique.brunotarhan.fr\/index.php\/produit\/la-proie-pochedeon-meyergallimard\/","name":"La proie - Poche Deon Meyer Gallimard - Atypique Concept Store","isPartOf":{"@id":"https:\/\/atypique.brunotarhan.fr\/#website"},"primaryImageOfPage":{"@id":"https:\/\/atypique.brunotarhan.fr\/index.php\/produit\/la-proie-pochedeon-meyergallimard\/#primaryimage"},"datePublished":"2022-04-25T22:31:37+00:00","dateModified":"2022-04-25T22:31:37+00:00","breadcrumb":{"@id":"https:\/\/atypique.brunotarhan.fr\/index.php\/produit\/la-proie-pochedeon-meyergallimard\/#breadcrumb"},"inLanguage":"fr-FR","potentialAction":[{"@type":"ReadAction","target":["https:\/\/atypique.brunotarhan.fr\/index.php\/produit\/la-proie-pochedeon-meyergallimard\/"]}]},{"@type":"BreadcrumbList","@id":"https:\/\/atypique.brunotarhan.fr\/index.php\/produit\/la-proie-pochedeon-meyergallimard\/#breadcrumb","itemListElement":[{"@type":"ListItem","position":1,"name":"Accueil","item":"https:\/\/atypique.brunotarhan.fr\/"},{"@type":"ListItem","position":2,"name":""},{"@type":"ListItem","position":3,"name":"La proie &#8211; Poche Deon Meyer Gallimard"}]}]}},"_links":{"self":[{"href":"https:\/\/atypique.brunotarhan.fr\/index.php\/wp-json\/wp\/v2\/product\/16060","targetHints":{"allow":["GET"]}}],"collection":[{"href":"https:\/\/atypique.brunotarhan.fr\/index.php\/wp-json\/wp\/v2\/product"}],"about":[{"href":"https:\/\/atypique.brunotarhan.fr\/index.php\/wp-json\/wp\/v2\/types\/product"}],"replies":[{"embeddable":true,"href":"https:\/\/atypique.brunotarhan.fr\/index.php\/wp-json\/wp\/v2\/comments?post=16060"}],"wp:featuredmedia":[{"embeddable":true,"href":"https:\/\/atypique.brunotarhan.fr\/index.php\/wp-json\/wp\/v2\/media\/15809"}],"wp:attachment":[{"href":"https:\/\/atypique.brunotarhan.fr\/index.php\/wp-json\/wp\/v2\/media?parent=16060"}],"wp:term":[{"taxonomy":"product_cat","embeddable":true,"href":"https:\/\/atypique.brunotarhan.fr\/index.php\/wp-json\/wp\/v2\/product_cat?post=16060"},{"taxonomy":"product_tag","embeddable":true,"href":"https:\/\/atypique.brunotarhan.fr\/index.php\/wp-json\/wp\/v2\/product_tag?post=16060"}],"curies":[{"name":"wp","href":"https:\/\/api.w.org\/{rel}","templated":true}]}}