{"id":16059,"date":"2022-04-25T22:31:37","date_gmt":"2022-04-25T22:31:37","guid":{"rendered":"https:\/\/atypique.brunotarhan.fr\/index.php\/produit\/la-pierre-du-remords-pochearnaldur-indridasonpoints\/"},"modified":"2022-04-25T22:31:37","modified_gmt":"2022-04-25T22:31:37","slug":"la-pierre-du-remords-pochearnaldur-indridasonpoints","status":"publish","type":"product","link":"https:\/\/atypique.brunotarhan.fr\/index.php\/produit\/la-pierre-du-remords-pochearnaldur-indridasonpoints\/","title":{"rendered":"La pierre du remords &#8211; Poche\nArnaldur Indridason\nPoints"},"content":{"rendered":"<p>&#8220;Plus le temps passe et plus Indridason semble prendre le tempo d&#8217;un Simenon venu du froid&#8221;. LE FIGARO MAGAZINE Une vieille femme est assassin\u00e9e chez elle. Sur son bureau, on d\u00e9couvre le num\u00e9ro de t\u00e9l\u00e9phone de Konrad, ancien policier. Elle l&#8217;avait r\u00e9cemment contact\u00e9 en le suppliant de retrouver l&#8217;enfant qu&#8217;elle avait abandonn\u00e9 \u00e0 la naissance cinquante ans plus t\u00f4t. Accabl\u00e9 de remords pour lui avoir refus\u00e9 son aide, Konrad va s&#8217;employer \u00e0 r\u00e9parer son erreur.<br \/>\nAlors qu&#8217;il enqu\u00eate, se dessine peu \u00e0 peu l&#8217;ampleur d&#8217;une trag\u00e9die insoup\u00e7onn\u00e9e&#8230; Arnaldur Indridason, n\u00e9 \u00e0 Reykjav\u00edk en 1961, est sans conteste le ma\u00eetre du polar islandais. Konrad, solide enqu\u00eateur, sensible et t\u00eatu, est le h\u00e9ros d&#8217;une nouvelle s\u00e9rie dont La pierre du remords est le troisi\u00e8me opus. Tous les livres de l&#8217;auteur sont disponibles chez Points. Traduit de l&#8217;islandais par Eric Boury<\/p>\n","protected":false},"excerpt":{"rendered":"<p>&#8220;Plus le temps passe et plus Indridason semble prendre le tempo d&#8217;un Simenon venu du froid&#8221;. LE FIGARO MAGAZINE Une vieille femme est assassin\u00e9e chez\u2026<\/p>\n","protected":false},"featured_media":15808,"comment_status":"open","ping_status":"closed","template":"","meta":[],"product_cat":[93,204],"product_tag":[416,415,183,417,263,264],"class_list":["post-16059","product","type-product","status-publish","has-post-thumbnail","hentry","product_cat-librairie","product_cat-polars-thrillers","product_tag-arnaldur-indridason","product_tag-la-pierre-du-remords","product_tag-poche","product_tag-points","product_tag-polar","product_tag-policier"],"yoast_head":"<!-- This site is optimized with the Yoast SEO plugin v18.0 - https:\/\/yoast.com\/wordpress\/plugins\/seo\/ -->\n<title>La pierre du remords - Poche Arnaldur Indridason Points - Atypique Concept Store<\/title>\n<meta name=\"robots\" content=\"index, follow, max-snippet:-1, max-image-preview:large, max-video-preview:-1\" \/>\n<link rel=\"canonical\" href=\"https:\/\/atypique.brunotarhan.fr\/index.php\/produit\/la-pierre-du-remords-pochearnaldur-indridasonpoints\/\" \/>\n<meta property=\"og:locale\" content=\"fr_FR\" \/>\n<meta property=\"og:type\" content=\"article\" \/>\n<meta property=\"og:title\" content=\"La pierre du remords - Poche Arnaldur Indridason Points - Atypique Concept Store\" \/>\n<meta property=\"og:description\" content=\"&quot;Plus le temps passe et plus Indridason semble prendre le tempo d&#039;un Simenon venu du froid&quot;. LE FIGARO MAGAZINE Une vieille femme est assassin\u00e9e chez\u2026\" \/>\n<meta property=\"og:url\" content=\"https:\/\/atypique.brunotarhan.fr\/index.php\/produit\/la-pierre-du-remords-pochearnaldur-indridasonpoints\/\" \/>\n<meta property=\"og:site_name\" content=\"Atypique Concept Store\" \/>\n<meta name=\"twitter:card\" content=\"summary_large_image\" \/>\n<meta name=\"twitter:label1\" content=\"Dur\u00e9e de lecture estim\u00e9e\" \/>\n\t<meta name=\"twitter:data1\" content=\"1 minute\" \/>\n<script type=\"application\/ld+json\" class=\"yoast-schema-graph\">{\"@context\":\"https:\/\/schema.org\",\"@graph\":[{\"@type\":\"WebSite\",\"@id\":\"https:\/\/atypique.brunotarhan.fr\/#website\",\"url\":\"https:\/\/atypique.brunotarhan.fr\/\",\"name\":\"Atypique Concept Store\",\"description\":\"Just another WordPress site\",\"potentialAction\":[{\"@type\":\"SearchAction\",\"target\":{\"@type\":\"EntryPoint\",\"urlTemplate\":\"https:\/\/atypique.brunotarhan.fr\/?s={search_term_string}\"},\"query-input\":\"required name=search_term_string\"}],\"inLanguage\":\"fr-FR\"},{\"@type\":\"ImageObject\",\"@id\":\"https:\/\/atypique.brunotarhan.fr\/index.php\/produit\/la-pierre-du-remords-pochearnaldur-indridasonpoints\/#primaryimage\",\"inLanguage\":\"fr-FR\",\"url\":\"https:\/\/atypique.brunotarhan.fr\/wp-content\/uploads\/2022\/04\/la-pierre-du-remords.webp\",\"contentUrl\":\"https:\/\/atypique.brunotarhan.fr\/wp-content\/uploads\/2022\/04\/la-pierre-du-remords.webp\",\"width\":304,\"height\":500},{\"@type\":\"WebPage\",\"@id\":\"https:\/\/atypique.brunotarhan.fr\/index.php\/produit\/la-pierre-du-remords-pochearnaldur-indridasonpoints\/#webpage\",\"url\":\"https:\/\/atypique.brunotarhan.fr\/index.php\/produit\/la-pierre-du-remords-pochearnaldur-indridasonpoints\/\",\"name\":\"La pierre du remords - Poche Arnaldur Indridason Points - Atypique Concept Store\",\"isPartOf\":{\"@id\":\"https:\/\/atypique.brunotarhan.fr\/#website\"},\"primaryImageOfPage\":{\"@id\":\"https:\/\/atypique.brunotarhan.fr\/index.php\/produit\/la-pierre-du-remords-pochearnaldur-indridasonpoints\/#primaryimage\"},\"datePublished\":\"2022-04-25T22:31:37+00:00\",\"dateModified\":\"2022-04-25T22:31:37+00:00\",\"breadcrumb\":{\"@id\":\"https:\/\/atypique.brunotarhan.fr\/index.php\/produit\/la-pierre-du-remords-pochearnaldur-indridasonpoints\/#breadcrumb\"},\"inLanguage\":\"fr-FR\",\"potentialAction\":[{\"@type\":\"ReadAction\",\"target\":[\"https:\/\/atypique.brunotarhan.fr\/index.php\/produit\/la-pierre-du-remords-pochearnaldur-indridasonpoints\/\"]}]},{\"@type\":\"BreadcrumbList\",\"@id\":\"https:\/\/atypique.brunotarhan.fr\/index.php\/produit\/la-pierre-du-remords-pochearnaldur-indridasonpoints\/#breadcrumb\",\"itemListElement\":[{\"@type\":\"ListItem\",\"position\":1,\"name\":\"Accueil\",\"item\":\"https:\/\/atypique.brunotarhan.fr\/\"},{\"@type\":\"ListItem\",\"position\":2,\"name\":\"\"},{\"@type\":\"ListItem\",\"position\":3,\"name\":\"La pierre du remords &#8211; Poche Arnaldur Indridason Points\"}]}]}<\/script>\n<!-- \/ Yoast SEO plugin. -->","yoast_head_json":{"title":"La pierre du remords - Poche Arnaldur Indridason Points - Atypique Concept Store","robots":{"index":"index","follow":"follow","max-snippet":"max-snippet:-1","max-image-preview":"max-image-preview:large","max-video-preview":"max-video-preview:-1"},"canonical":"https:\/\/atypique.brunotarhan.fr\/index.php\/produit\/la-pierre-du-remords-pochearnaldur-indridasonpoints\/","og_locale":"fr_FR","og_type":"article","og_title":"La pierre du remords - Poche Arnaldur Indridason Points - Atypique Concept Store","og_description":"\"Plus le temps passe et plus Indridason semble prendre le tempo d'un Simenon venu du froid\". LE FIGARO MAGAZINE Une vieille femme est assassin\u00e9e chez\u2026","og_url":"https:\/\/atypique.brunotarhan.fr\/index.php\/produit\/la-pierre-du-remords-pochearnaldur-indridasonpoints\/","og_site_name":"Atypique Concept Store","twitter_card":"summary_large_image","twitter_misc":{"Dur\u00e9e de lecture estim\u00e9e":"1 minute"},"schema":{"@context":"https:\/\/schema.org","@graph":[{"@type":"WebSite","@id":"https:\/\/atypique.brunotarhan.fr\/#website","url":"https:\/\/atypique.brunotarhan.fr\/","name":"Atypique Concept Store","description":"Just another WordPress site","potentialAction":[{"@type":"SearchAction","target":{"@type":"EntryPoint","urlTemplate":"https:\/\/atypique.brunotarhan.fr\/?s={search_term_string}"},"query-input":"required name=search_term_string"}],"inLanguage":"fr-FR"},{"@type":"ImageObject","@id":"https:\/\/atypique.brunotarhan.fr\/index.php\/produit\/la-pierre-du-remords-pochearnaldur-indridasonpoints\/#primaryimage","inLanguage":"fr-FR","url":"https:\/\/atypique.brunotarhan.fr\/wp-content\/uploads\/2022\/04\/la-pierre-du-remords.webp","contentUrl":"https:\/\/atypique.brunotarhan.fr\/wp-content\/uploads\/2022\/04\/la-pierre-du-remords.webp","width":304,"height":500},{"@type":"WebPage","@id":"https:\/\/atypique.brunotarhan.fr\/index.php\/produit\/la-pierre-du-remords-pochearnaldur-indridasonpoints\/#webpage","url":"https:\/\/atypique.brunotarhan.fr\/index.php\/produit\/la-pierre-du-remords-pochearnaldur-indridasonpoints\/","name":"La pierre du remords - Poche Arnaldur Indridason Points - Atypique Concept Store","isPartOf":{"@id":"https:\/\/atypique.brunotarhan.fr\/#website"},"primaryImageOfPage":{"@id":"https:\/\/atypique.brunotarhan.fr\/index.php\/produit\/la-pierre-du-remords-pochearnaldur-indridasonpoints\/#primaryimage"},"datePublished":"2022-04-25T22:31:37+00:00","dateModified":"2022-04-25T22:31:37+00:00","breadcrumb":{"@id":"https:\/\/atypique.brunotarhan.fr\/index.php\/produit\/la-pierre-du-remords-pochearnaldur-indridasonpoints\/#breadcrumb"},"inLanguage":"fr-FR","potentialAction":[{"@type":"ReadAction","target":["https:\/\/atypique.brunotarhan.fr\/index.php\/produit\/la-pierre-du-remords-pochearnaldur-indridasonpoints\/"]}]},{"@type":"BreadcrumbList","@id":"https:\/\/atypique.brunotarhan.fr\/index.php\/produit\/la-pierre-du-remords-pochearnaldur-indridasonpoints\/#breadcrumb","itemListElement":[{"@type":"ListItem","position":1,"name":"Accueil","item":"https:\/\/atypique.brunotarhan.fr\/"},{"@type":"ListItem","position":2,"name":""},{"@type":"ListItem","position":3,"name":"La pierre du remords &#8211; Poche Arnaldur Indridason Points"}]}]}},"_links":{"self":[{"href":"https:\/\/atypique.brunotarhan.fr\/index.php\/wp-json\/wp\/v2\/product\/16059","targetHints":{"allow":["GET"]}}],"collection":[{"href":"https:\/\/atypique.brunotarhan.fr\/index.php\/wp-json\/wp\/v2\/product"}],"about":[{"href":"https:\/\/atypique.brunotarhan.fr\/index.php\/wp-json\/wp\/v2\/types\/product"}],"replies":[{"embeddable":true,"href":"https:\/\/atypique.brunotarhan.fr\/index.php\/wp-json\/wp\/v2\/comments?post=16059"}],"wp:featuredmedia":[{"embeddable":true,"href":"https:\/\/atypique.brunotarhan.fr\/index.php\/wp-json\/wp\/v2\/media\/15808"}],"wp:attachment":[{"href":"https:\/\/atypique.brunotarhan.fr\/index.php\/wp-json\/wp\/v2\/media?parent=16059"}],"wp:term":[{"taxonomy":"product_cat","embeddable":true,"href":"https:\/\/atypique.brunotarhan.fr\/index.php\/wp-json\/wp\/v2\/product_cat?post=16059"},{"taxonomy":"product_tag","embeddable":true,"href":"https:\/\/atypique.brunotarhan.fr\/index.php\/wp-json\/wp\/v2\/product_tag?post=16059"}],"curies":[{"name":"wp","href":"https:\/\/api.w.org\/{rel}","templated":true}]}}