{"id":16058,"date":"2022-04-25T22:31:37","date_gmt":"2022-04-25T22:31:37","guid":{"rendered":"https:\/\/atypique.brunotarhan.fr\/index.php\/produit\/lanomalie-grand-formatprix-goncourtherve-le-telliergallimard\/"},"modified":"2022-04-25T22:31:37","modified_gmt":"2022-04-25T22:31:37","slug":"lanomalie-grand-formatprix-goncourtherve-le-telliergallimard","status":"publish","type":"product","link":"https:\/\/atypique.brunotarhan.fr\/index.php\/produit\/lanomalie-grand-formatprix-goncourtherve-le-telliergallimard\/","title":{"rendered":"L&#8217;anomalie &#8211; Grand Format\nPRIX GONCOURT\nHerv\u00e9 Le Tellier\nGallimard"},"content":{"rendered":"<p>&#8220;Il est une chose admirable qui surpasse toujours la connaissance, l&#8217;intelligence, et m\u00eame le g\u00e9nie, c&#8217;est l&#8217;incompr\u00e9hension.&#8221; En juin 2021, un \u00e9v\u00e9nement insens\u00e9 bouleverse les vies de centaines d&#8217;hommes et de femmes, tous passagers d&#8217;un vol Paris-New York. Parmi eux : Blake, p\u00e8re de famille respectable et n\u00e9anmoins tueur \u00e0 gages ; Slimboy, pop star nig\u00e9riane, las de vivre dans le mensonge ; Joanna, redoutable avocate rattrap\u00e9e par ses failles ; ou encore Victor Miesel, \u00e9crivain confidentiel soudain devenu culte.<br \/>\nTous croyaient avoir une vie secr\u00e8te. Nul n&#8217;imaginait \u00e0 quel point c&#8217;\u00e9tait vrai. Roman virtuose o\u00f9 la logique rencontre le magique, L&#8217;anomalie explore cette part de nous-m\u00eames qui nous \u00e9chappe.<\/p>\n","protected":false},"excerpt":{"rendered":"<p>&#8220;Il est une chose admirable qui surpasse toujours la connaissance, l&#8217;intelligence, et m\u00eame le g\u00e9nie, c&#8217;est l&#8217;incompr\u00e9hension.&#8221; En juin 2021, un \u00e9v\u00e9nement\u2026<\/p>\n","protected":false},"featured_media":15807,"comment_status":"open","ping_status":"closed","template":"","meta":[],"product_cat":[93,186],"product_tag":[236,412,414,411,413,189],"class_list":["post-16058","product","type-product","status-publish","has-post-thumbnail","hentry","product_cat-librairie","product_cat-romans","product_tag-gallimard","product_tag-grand-format","product_tag-herve-le-tellier","product_tag-lanomalie","product_tag-prix-goncourt","product_tag-roman"],"yoast_head":"<!-- This site is optimized with the Yoast SEO plugin v18.0 - https:\/\/yoast.com\/wordpress\/plugins\/seo\/ -->\n<title>L&#039;anomalie - Grand Format PRIX GONCOURT Herv\u00e9 Le Tellier Gallimard - Atypique Concept Store<\/title>\n<meta name=\"robots\" content=\"index, follow, max-snippet:-1, max-image-preview:large, max-video-preview:-1\" \/>\n<link rel=\"canonical\" href=\"https:\/\/atypique.brunotarhan.fr\/index.php\/produit\/lanomalie-grand-formatprix-goncourtherve-le-telliergallimard\/\" \/>\n<meta property=\"og:locale\" content=\"fr_FR\" \/>\n<meta property=\"og:type\" content=\"article\" \/>\n<meta property=\"og:title\" content=\"L&#039;anomalie - Grand Format PRIX GONCOURT Herv\u00e9 Le Tellier Gallimard - Atypique Concept Store\" \/>\n<meta property=\"og:description\" content=\"&quot;Il est une chose admirable qui surpasse toujours la connaissance, l&#039;intelligence, et m\u00eame le g\u00e9nie, c&#039;est l&#039;incompr\u00e9hension.&quot; En juin 2021, un \u00e9v\u00e9nement\u2026\" \/>\n<meta property=\"og:url\" content=\"https:\/\/atypique.brunotarhan.fr\/index.php\/produit\/lanomalie-grand-formatprix-goncourtherve-le-telliergallimard\/\" \/>\n<meta property=\"og:site_name\" content=\"Atypique Concept Store\" \/>\n<meta name=\"twitter:card\" content=\"summary_large_image\" \/>\n<meta name=\"twitter:label1\" content=\"Dur\u00e9e de lecture estim\u00e9e\" \/>\n\t<meta name=\"twitter:data1\" content=\"1 minute\" \/>\n<script type=\"application\/ld+json\" class=\"yoast-schema-graph\">{\"@context\":\"https:\/\/schema.org\",\"@graph\":[{\"@type\":\"WebSite\",\"@id\":\"https:\/\/atypique.brunotarhan.fr\/#website\",\"url\":\"https:\/\/atypique.brunotarhan.fr\/\",\"name\":\"Atypique Concept Store\",\"description\":\"Just another WordPress site\",\"potentialAction\":[{\"@type\":\"SearchAction\",\"target\":{\"@type\":\"EntryPoint\",\"urlTemplate\":\"https:\/\/atypique.brunotarhan.fr\/?s={search_term_string}\"},\"query-input\":\"required name=search_term_string\"}],\"inLanguage\":\"fr-FR\"},{\"@type\":\"ImageObject\",\"@id\":\"https:\/\/atypique.brunotarhan.fr\/index.php\/produit\/lanomalie-grand-formatprix-goncourtherve-le-telliergallimard\/#primaryimage\",\"inLanguage\":\"fr-FR\",\"url\":\"https:\/\/atypique.brunotarhan.fr\/wp-content\/uploads\/2022\/04\/l-anomalie.webp\",\"contentUrl\":\"https:\/\/atypique.brunotarhan.fr\/wp-content\/uploads\/2022\/04\/l-anomalie.webp\",\"width\":342,\"height\":500},{\"@type\":\"WebPage\",\"@id\":\"https:\/\/atypique.brunotarhan.fr\/index.php\/produit\/lanomalie-grand-formatprix-goncourtherve-le-telliergallimard\/#webpage\",\"url\":\"https:\/\/atypique.brunotarhan.fr\/index.php\/produit\/lanomalie-grand-formatprix-goncourtherve-le-telliergallimard\/\",\"name\":\"L'anomalie - Grand Format PRIX GONCOURT Herv\u00e9 Le Tellier Gallimard - Atypique Concept Store\",\"isPartOf\":{\"@id\":\"https:\/\/atypique.brunotarhan.fr\/#website\"},\"primaryImageOfPage\":{\"@id\":\"https:\/\/atypique.brunotarhan.fr\/index.php\/produit\/lanomalie-grand-formatprix-goncourtherve-le-telliergallimard\/#primaryimage\"},\"datePublished\":\"2022-04-25T22:31:37+00:00\",\"dateModified\":\"2022-04-25T22:31:37+00:00\",\"breadcrumb\":{\"@id\":\"https:\/\/atypique.brunotarhan.fr\/index.php\/produit\/lanomalie-grand-formatprix-goncourtherve-le-telliergallimard\/#breadcrumb\"},\"inLanguage\":\"fr-FR\",\"potentialAction\":[{\"@type\":\"ReadAction\",\"target\":[\"https:\/\/atypique.brunotarhan.fr\/index.php\/produit\/lanomalie-grand-formatprix-goncourtherve-le-telliergallimard\/\"]}]},{\"@type\":\"BreadcrumbList\",\"@id\":\"https:\/\/atypique.brunotarhan.fr\/index.php\/produit\/lanomalie-grand-formatprix-goncourtherve-le-telliergallimard\/#breadcrumb\",\"itemListElement\":[{\"@type\":\"ListItem\",\"position\":1,\"name\":\"Accueil\",\"item\":\"https:\/\/atypique.brunotarhan.fr\/\"},{\"@type\":\"ListItem\",\"position\":2,\"name\":\"\"},{\"@type\":\"ListItem\",\"position\":3,\"name\":\"L&#8217;anomalie &#8211; Grand Format PRIX GONCOURT Herv\u00e9 Le Tellier Gallimard\"}]}]}<\/script>\n<!-- \/ Yoast SEO plugin. -->","yoast_head_json":{"title":"L'anomalie - Grand Format PRIX GONCOURT Herv\u00e9 Le Tellier Gallimard - Atypique Concept Store","robots":{"index":"index","follow":"follow","max-snippet":"max-snippet:-1","max-image-preview":"max-image-preview:large","max-video-preview":"max-video-preview:-1"},"canonical":"https:\/\/atypique.brunotarhan.fr\/index.php\/produit\/lanomalie-grand-formatprix-goncourtherve-le-telliergallimard\/","og_locale":"fr_FR","og_type":"article","og_title":"L'anomalie - Grand Format PRIX GONCOURT Herv\u00e9 Le Tellier Gallimard - Atypique Concept Store","og_description":"\"Il est une chose admirable qui surpasse toujours la connaissance, l'intelligence, et m\u00eame le g\u00e9nie, c'est l'incompr\u00e9hension.\" En juin 2021, un \u00e9v\u00e9nement\u2026","og_url":"https:\/\/atypique.brunotarhan.fr\/index.php\/produit\/lanomalie-grand-formatprix-goncourtherve-le-telliergallimard\/","og_site_name":"Atypique Concept Store","twitter_card":"summary_large_image","twitter_misc":{"Dur\u00e9e de lecture estim\u00e9e":"1 minute"},"schema":{"@context":"https:\/\/schema.org","@graph":[{"@type":"WebSite","@id":"https:\/\/atypique.brunotarhan.fr\/#website","url":"https:\/\/atypique.brunotarhan.fr\/","name":"Atypique Concept Store","description":"Just another WordPress site","potentialAction":[{"@type":"SearchAction","target":{"@type":"EntryPoint","urlTemplate":"https:\/\/atypique.brunotarhan.fr\/?s={search_term_string}"},"query-input":"required name=search_term_string"}],"inLanguage":"fr-FR"},{"@type":"ImageObject","@id":"https:\/\/atypique.brunotarhan.fr\/index.php\/produit\/lanomalie-grand-formatprix-goncourtherve-le-telliergallimard\/#primaryimage","inLanguage":"fr-FR","url":"https:\/\/atypique.brunotarhan.fr\/wp-content\/uploads\/2022\/04\/l-anomalie.webp","contentUrl":"https:\/\/atypique.brunotarhan.fr\/wp-content\/uploads\/2022\/04\/l-anomalie.webp","width":342,"height":500},{"@type":"WebPage","@id":"https:\/\/atypique.brunotarhan.fr\/index.php\/produit\/lanomalie-grand-formatprix-goncourtherve-le-telliergallimard\/#webpage","url":"https:\/\/atypique.brunotarhan.fr\/index.php\/produit\/lanomalie-grand-formatprix-goncourtherve-le-telliergallimard\/","name":"L'anomalie - Grand Format PRIX GONCOURT Herv\u00e9 Le Tellier Gallimard - Atypique Concept Store","isPartOf":{"@id":"https:\/\/atypique.brunotarhan.fr\/#website"},"primaryImageOfPage":{"@id":"https:\/\/atypique.brunotarhan.fr\/index.php\/produit\/lanomalie-grand-formatprix-goncourtherve-le-telliergallimard\/#primaryimage"},"datePublished":"2022-04-25T22:31:37+00:00","dateModified":"2022-04-25T22:31:37+00:00","breadcrumb":{"@id":"https:\/\/atypique.brunotarhan.fr\/index.php\/produit\/lanomalie-grand-formatprix-goncourtherve-le-telliergallimard\/#breadcrumb"},"inLanguage":"fr-FR","potentialAction":[{"@type":"ReadAction","target":["https:\/\/atypique.brunotarhan.fr\/index.php\/produit\/lanomalie-grand-formatprix-goncourtherve-le-telliergallimard\/"]}]},{"@type":"BreadcrumbList","@id":"https:\/\/atypique.brunotarhan.fr\/index.php\/produit\/lanomalie-grand-formatprix-goncourtherve-le-telliergallimard\/#breadcrumb","itemListElement":[{"@type":"ListItem","position":1,"name":"Accueil","item":"https:\/\/atypique.brunotarhan.fr\/"},{"@type":"ListItem","position":2,"name":""},{"@type":"ListItem","position":3,"name":"L&#8217;anomalie &#8211; Grand Format PRIX GONCOURT Herv\u00e9 Le Tellier Gallimard"}]}]}},"_links":{"self":[{"href":"https:\/\/atypique.brunotarhan.fr\/index.php\/wp-json\/wp\/v2\/product\/16058","targetHints":{"allow":["GET"]}}],"collection":[{"href":"https:\/\/atypique.brunotarhan.fr\/index.php\/wp-json\/wp\/v2\/product"}],"about":[{"href":"https:\/\/atypique.brunotarhan.fr\/index.php\/wp-json\/wp\/v2\/types\/product"}],"replies":[{"embeddable":true,"href":"https:\/\/atypique.brunotarhan.fr\/index.php\/wp-json\/wp\/v2\/comments?post=16058"}],"wp:featuredmedia":[{"embeddable":true,"href":"https:\/\/atypique.brunotarhan.fr\/index.php\/wp-json\/wp\/v2\/media\/15807"}],"wp:attachment":[{"href":"https:\/\/atypique.brunotarhan.fr\/index.php\/wp-json\/wp\/v2\/media?parent=16058"}],"wp:term":[{"taxonomy":"product_cat","embeddable":true,"href":"https:\/\/atypique.brunotarhan.fr\/index.php\/wp-json\/wp\/v2\/product_cat?post=16058"},{"taxonomy":"product_tag","embeddable":true,"href":"https:\/\/atypique.brunotarhan.fr\/index.php\/wp-json\/wp\/v2\/product_tag?post=16058"}],"curies":[{"name":"wp","href":"https:\/\/api.w.org\/{rel}","templated":true}]}}