{"id":16057,"date":"2022-04-25T22:31:36","date_gmt":"2022-04-25T22:31:36","guid":{"rendered":"https:\/\/atypique.brunotarhan.fr\/index.php\/produit\/la-muse-rouge-pocheprix-quai-des-orfevresveronique-de-haasfayard\/"},"modified":"2022-04-25T22:31:36","modified_gmt":"2022-04-25T22:31:36","slug":"la-muse-rouge-pocheprix-quai-des-orfevresveronique-de-haasfayard","status":"publish","type":"product","link":"https:\/\/atypique.brunotarhan.fr\/index.php\/produit\/la-muse-rouge-pocheprix-quai-des-orfevresveronique-de-haasfayard\/","title":{"rendered":"La muse rouge &#8211; Poche\nPRIX QUAI DES ORF\u00c8VRES\nV\u00e9ronique de Haas\nFayard"},"content":{"rendered":"<p>Paris 1920. A son retour des tranch\u00e9es, Victor Dessange, ancien de la Mondaine, int\u00e8gre la brigade Criminelle. L&#8217;ambiance \u00e0 la capitale est \u00e9lectrique \u2013 entre gr\u00e8ves \u00e0 r\u00e9p\u00e9tition et affrontements entre communistes et anarchistes d&#8217;un c\u00f4t\u00e9 et royalistes de l&#8217;Action fran\u00e7aise de l&#8217;autre. Des clandestins de l&#8217;Internationale affluent de partout, tandis que les empires coloniaux se fissurent. Dans un tel contexte, les meurtres successifs de plusieurs prostitu\u00e9es peinent \u00e0 appara\u00eetre comme des affaires prioritaires.<br \/>\nJusqu&#8217;\u00e0 ce que ce soit non plus une belle-de-nuit, mais un client, repr\u00e9sentant officiel de la R\u00e9publique de Chine, qui trouve la mort dans une maison close. Charg\u00e9 de l&#8217;enqu\u00eate, Victor tente de d\u00e9m\u00ealer un \u00e9cheveau qui le m\u00e8nera d&#8217;une colonie p\u00e9nitentiaire pour enfants en Bretagne \u00e0 l&#8217;attaque d&#8217;un convoi d&#8217;or au Maroc, dont ni les coupables ni le butin n&#8217;ont jamais \u00e9t\u00e9 retrouv\u00e9s.<\/p>\n","protected":false},"excerpt":{"rendered":"<p>Paris 1920. A son retour des tranch\u00e9es, Victor Dessange, ancien de la Mondaine, int\u00e8gre la brigade Criminelle. L&#8217;ambiance \u00e0 la capitale est \u00e9lectrique\u2026<\/p>\n","protected":false},"featured_media":15806,"comment_status":"open","ping_status":"closed","template":"","meta":[],"product_cat":[93,204],"product_tag":[410,407,183,263,264,408,409],"class_list":["post-16057","product","type-product","status-publish","has-post-thumbnail","hentry","product_cat-librairie","product_cat-polars-thrillers","product_tag-fayard","product_tag-la-muse-rouge","product_tag-poche","product_tag-polar","product_tag-policier","product_tag-prix-quai-des-orfevres","product_tag-veronique-de-haas"],"yoast_head":"<!-- This site is optimized with the Yoast SEO plugin v18.0 - https:\/\/yoast.com\/wordpress\/plugins\/seo\/ -->\n<title>La muse rouge - Poche PRIX QUAI DES ORF\u00c8VRES V\u00e9ronique de Haas Fayard - Atypique Concept Store<\/title>\n<meta name=\"robots\" content=\"index, follow, max-snippet:-1, max-image-preview:large, max-video-preview:-1\" \/>\n<link rel=\"canonical\" href=\"https:\/\/atypique.brunotarhan.fr\/index.php\/produit\/la-muse-rouge-pocheprix-quai-des-orfevresveronique-de-haasfayard\/\" \/>\n<meta property=\"og:locale\" content=\"fr_FR\" \/>\n<meta property=\"og:type\" content=\"article\" \/>\n<meta property=\"og:title\" content=\"La muse rouge - Poche PRIX QUAI DES ORF\u00c8VRES V\u00e9ronique de Haas Fayard - Atypique Concept Store\" \/>\n<meta property=\"og:description\" content=\"Paris 1920. A son retour des tranch\u00e9es, Victor Dessange, ancien de la Mondaine, int\u00e8gre la brigade Criminelle. L&#039;ambiance \u00e0 la capitale est \u00e9lectrique\u2026\" \/>\n<meta property=\"og:url\" content=\"https:\/\/atypique.brunotarhan.fr\/index.php\/produit\/la-muse-rouge-pocheprix-quai-des-orfevresveronique-de-haasfayard\/\" \/>\n<meta property=\"og:site_name\" content=\"Atypique Concept Store\" \/>\n<meta name=\"twitter:card\" content=\"summary_large_image\" \/>\n<meta name=\"twitter:label1\" content=\"Dur\u00e9e de lecture estim\u00e9e\" \/>\n\t<meta name=\"twitter:data1\" content=\"1 minute\" \/>\n<script type=\"application\/ld+json\" class=\"yoast-schema-graph\">{\"@context\":\"https:\/\/schema.org\",\"@graph\":[{\"@type\":\"WebSite\",\"@id\":\"https:\/\/atypique.brunotarhan.fr\/#website\",\"url\":\"https:\/\/atypique.brunotarhan.fr\/\",\"name\":\"Atypique Concept Store\",\"description\":\"Just another WordPress site\",\"potentialAction\":[{\"@type\":\"SearchAction\",\"target\":{\"@type\":\"EntryPoint\",\"urlTemplate\":\"https:\/\/atypique.brunotarhan.fr\/?s={search_term_string}\"},\"query-input\":\"required name=search_term_string\"}],\"inLanguage\":\"fr-FR\"},{\"@type\":\"ImageObject\",\"@id\":\"https:\/\/atypique.brunotarhan.fr\/index.php\/produit\/la-muse-rouge-pocheprix-quai-des-orfevresveronique-de-haasfayard\/#primaryimage\",\"inLanguage\":\"fr-FR\",\"url\":\"https:\/\/atypique.brunotarhan.fr\/wp-content\/uploads\/2022\/04\/la-muse-rouge.webp\",\"contentUrl\":\"https:\/\/atypique.brunotarhan.fr\/wp-content\/uploads\/2022\/04\/la-muse-rouge.webp\",\"width\":311,\"height\":500},{\"@type\":\"WebPage\",\"@id\":\"https:\/\/atypique.brunotarhan.fr\/index.php\/produit\/la-muse-rouge-pocheprix-quai-des-orfevresveronique-de-haasfayard\/#webpage\",\"url\":\"https:\/\/atypique.brunotarhan.fr\/index.php\/produit\/la-muse-rouge-pocheprix-quai-des-orfevresveronique-de-haasfayard\/\",\"name\":\"La muse rouge - Poche PRIX QUAI DES ORF\u00c8VRES V\u00e9ronique de Haas Fayard - Atypique Concept Store\",\"isPartOf\":{\"@id\":\"https:\/\/atypique.brunotarhan.fr\/#website\"},\"primaryImageOfPage\":{\"@id\":\"https:\/\/atypique.brunotarhan.fr\/index.php\/produit\/la-muse-rouge-pocheprix-quai-des-orfevresveronique-de-haasfayard\/#primaryimage\"},\"datePublished\":\"2022-04-25T22:31:36+00:00\",\"dateModified\":\"2022-04-25T22:31:36+00:00\",\"breadcrumb\":{\"@id\":\"https:\/\/atypique.brunotarhan.fr\/index.php\/produit\/la-muse-rouge-pocheprix-quai-des-orfevresveronique-de-haasfayard\/#breadcrumb\"},\"inLanguage\":\"fr-FR\",\"potentialAction\":[{\"@type\":\"ReadAction\",\"target\":[\"https:\/\/atypique.brunotarhan.fr\/index.php\/produit\/la-muse-rouge-pocheprix-quai-des-orfevresveronique-de-haasfayard\/\"]}]},{\"@type\":\"BreadcrumbList\",\"@id\":\"https:\/\/atypique.brunotarhan.fr\/index.php\/produit\/la-muse-rouge-pocheprix-quai-des-orfevresveronique-de-haasfayard\/#breadcrumb\",\"itemListElement\":[{\"@type\":\"ListItem\",\"position\":1,\"name\":\"Accueil\",\"item\":\"https:\/\/atypique.brunotarhan.fr\/\"},{\"@type\":\"ListItem\",\"position\":2,\"name\":\"\"},{\"@type\":\"ListItem\",\"position\":3,\"name\":\"La muse rouge &#8211; Poche PRIX QUAI DES ORF\u00c8VRES V\u00e9ronique de Haas Fayard\"}]}]}<\/script>\n<!-- \/ Yoast SEO plugin. -->","yoast_head_json":{"title":"La muse rouge - Poche PRIX QUAI DES ORF\u00c8VRES V\u00e9ronique de Haas Fayard - Atypique Concept Store","robots":{"index":"index","follow":"follow","max-snippet":"max-snippet:-1","max-image-preview":"max-image-preview:large","max-video-preview":"max-video-preview:-1"},"canonical":"https:\/\/atypique.brunotarhan.fr\/index.php\/produit\/la-muse-rouge-pocheprix-quai-des-orfevresveronique-de-haasfayard\/","og_locale":"fr_FR","og_type":"article","og_title":"La muse rouge - Poche PRIX QUAI DES ORF\u00c8VRES V\u00e9ronique de Haas Fayard - Atypique Concept Store","og_description":"Paris 1920. A son retour des tranch\u00e9es, Victor Dessange, ancien de la Mondaine, int\u00e8gre la brigade Criminelle. L'ambiance \u00e0 la capitale est \u00e9lectrique\u2026","og_url":"https:\/\/atypique.brunotarhan.fr\/index.php\/produit\/la-muse-rouge-pocheprix-quai-des-orfevresveronique-de-haasfayard\/","og_site_name":"Atypique Concept Store","twitter_card":"summary_large_image","twitter_misc":{"Dur\u00e9e de lecture estim\u00e9e":"1 minute"},"schema":{"@context":"https:\/\/schema.org","@graph":[{"@type":"WebSite","@id":"https:\/\/atypique.brunotarhan.fr\/#website","url":"https:\/\/atypique.brunotarhan.fr\/","name":"Atypique Concept Store","description":"Just another WordPress site","potentialAction":[{"@type":"SearchAction","target":{"@type":"EntryPoint","urlTemplate":"https:\/\/atypique.brunotarhan.fr\/?s={search_term_string}"},"query-input":"required name=search_term_string"}],"inLanguage":"fr-FR"},{"@type":"ImageObject","@id":"https:\/\/atypique.brunotarhan.fr\/index.php\/produit\/la-muse-rouge-pocheprix-quai-des-orfevresveronique-de-haasfayard\/#primaryimage","inLanguage":"fr-FR","url":"https:\/\/atypique.brunotarhan.fr\/wp-content\/uploads\/2022\/04\/la-muse-rouge.webp","contentUrl":"https:\/\/atypique.brunotarhan.fr\/wp-content\/uploads\/2022\/04\/la-muse-rouge.webp","width":311,"height":500},{"@type":"WebPage","@id":"https:\/\/atypique.brunotarhan.fr\/index.php\/produit\/la-muse-rouge-pocheprix-quai-des-orfevresveronique-de-haasfayard\/#webpage","url":"https:\/\/atypique.brunotarhan.fr\/index.php\/produit\/la-muse-rouge-pocheprix-quai-des-orfevresveronique-de-haasfayard\/","name":"La muse rouge - Poche PRIX QUAI DES ORF\u00c8VRES V\u00e9ronique de Haas Fayard - Atypique Concept Store","isPartOf":{"@id":"https:\/\/atypique.brunotarhan.fr\/#website"},"primaryImageOfPage":{"@id":"https:\/\/atypique.brunotarhan.fr\/index.php\/produit\/la-muse-rouge-pocheprix-quai-des-orfevresveronique-de-haasfayard\/#primaryimage"},"datePublished":"2022-04-25T22:31:36+00:00","dateModified":"2022-04-25T22:31:36+00:00","breadcrumb":{"@id":"https:\/\/atypique.brunotarhan.fr\/index.php\/produit\/la-muse-rouge-pocheprix-quai-des-orfevresveronique-de-haasfayard\/#breadcrumb"},"inLanguage":"fr-FR","potentialAction":[{"@type":"ReadAction","target":["https:\/\/atypique.brunotarhan.fr\/index.php\/produit\/la-muse-rouge-pocheprix-quai-des-orfevresveronique-de-haasfayard\/"]}]},{"@type":"BreadcrumbList","@id":"https:\/\/atypique.brunotarhan.fr\/index.php\/produit\/la-muse-rouge-pocheprix-quai-des-orfevresveronique-de-haasfayard\/#breadcrumb","itemListElement":[{"@type":"ListItem","position":1,"name":"Accueil","item":"https:\/\/atypique.brunotarhan.fr\/"},{"@type":"ListItem","position":2,"name":""},{"@type":"ListItem","position":3,"name":"La muse rouge &#8211; Poche PRIX QUAI DES ORF\u00c8VRES V\u00e9ronique de Haas Fayard"}]}]}},"_links":{"self":[{"href":"https:\/\/atypique.brunotarhan.fr\/index.php\/wp-json\/wp\/v2\/product\/16057","targetHints":{"allow":["GET"]}}],"collection":[{"href":"https:\/\/atypique.brunotarhan.fr\/index.php\/wp-json\/wp\/v2\/product"}],"about":[{"href":"https:\/\/atypique.brunotarhan.fr\/index.php\/wp-json\/wp\/v2\/types\/product"}],"replies":[{"embeddable":true,"href":"https:\/\/atypique.brunotarhan.fr\/index.php\/wp-json\/wp\/v2\/comments?post=16057"}],"wp:featuredmedia":[{"embeddable":true,"href":"https:\/\/atypique.brunotarhan.fr\/index.php\/wp-json\/wp\/v2\/media\/15806"}],"wp:attachment":[{"href":"https:\/\/atypique.brunotarhan.fr\/index.php\/wp-json\/wp\/v2\/media?parent=16057"}],"wp:term":[{"taxonomy":"product_cat","embeddable":true,"href":"https:\/\/atypique.brunotarhan.fr\/index.php\/wp-json\/wp\/v2\/product_cat?post=16057"},{"taxonomy":"product_tag","embeddable":true,"href":"https:\/\/atypique.brunotarhan.fr\/index.php\/wp-json\/wp\/v2\/product_tag?post=16057"}],"curies":[{"name":"wp","href":"https:\/\/api.w.org\/{rel}","templated":true}]}}