{"id":16056,"date":"2022-04-25T22:31:36","date_gmt":"2022-04-25T22:31:36","guid":{"rendered":"https:\/\/atypique.brunotarhan.fr\/index.php\/produit\/la-mort-en-tete-pochecedric-sireharper-collins-poche\/"},"modified":"2022-04-25T22:31:36","modified_gmt":"2022-04-25T22:31:36","slug":"la-mort-en-tete-pochecedric-sireharper-collins-poche","status":"publish","type":"product","link":"https:\/\/atypique.brunotarhan.fr\/index.php\/produit\/la-mort-en-tete-pochecedric-sireharper-collins-poche\/","title":{"rendered":"La Mort en t\u00eate &#8211; Poche\nC\u00e9dric Sire\nHarper Collins Poche"},"content":{"rendered":"<p>De traqueuse, elle est devenue la proie A Drancy, en Seine-Saint-Denis, la s\u00e9ance d&#8217;exorcisme d&#8217;un enfant de 8 ans tourne au drame. Appel\u00e9e sur les lieux, Eva Sv\u00e4rta, polici\u00e8re \u00e0 la Brigade criminelle, rencontre Dorian Barbarossa, un journaliste \u00e0 sensation qui vit depuis des ann\u00e9es avec une balle calibre 22 dans le cr\u00e2ne. Il a tout film\u00e9, ou presque&#8230; Tr\u00e8s vite, entre Paris et Toulouse, l&#8217;enqu\u00eatrice et son partenaire, le policier Alexandre Vauvert, se sentent observ\u00e9s.<br \/>\nLe danger r\u00f4de. Le duo se trouve sur la br\u00e8che. Et cette fois, ce sont eux les proies d&#8217;un tueur psychopathe&#8230; A propos de l&#8217;auteur N\u00e9 en 1974, le Toulousain CEDRIC SIRE occupe depuis plusieurs ann\u00e9es une place majeure sur la sc\u00e8ne du thriller fran\u00e7ais. Laur\u00e9at du prix Masterton et du prestigieux prix Polar du festival de Cognac, il est l&#8217;auteur d&#8217;une dizaine de romans et de deux recueils de nouvelles.<br \/>\n&#8220;Un thriller haletant et magistral&#8221;. France Dimanche &#8221; Le danger est permanent au fil des pages de ce roman, le lecteur devient otage de la trame du r\u00e9cit. &#8221; La D\u00e9p\u00eache<\/p>\n","protected":false},"excerpt":{"rendered":"<p>De traqueuse, elle est devenue la proie A Drancy, en Seine-Saint-Denis, la s\u00e9ance d&#8217;exorcisme d&#8217;un enfant de 8 ans tourne au drame. Appel\u00e9e sur les\u2026<\/p>\n","protected":false},"featured_media":15805,"comment_status":"open","ping_status":"closed","template":"","meta":[],"product_cat":[93,204],"product_tag":[405,406,404,183,263,208],"class_list":["post-16056","product","type-product","status-publish","has-post-thumbnail","hentry","product_cat-librairie","product_cat-polars-thrillers","product_tag-cedric-sire","product_tag-harper-collins","product_tag-la-mort-en-tete","product_tag-poche","product_tag-polar","product_tag-thriller"],"yoast_head":"<!-- This site is optimized with the Yoast SEO plugin v18.0 - https:\/\/yoast.com\/wordpress\/plugins\/seo\/ -->\n<title>La Mort en t\u00eate - Poche C\u00e9dric Sire Harper Collins Poche - Atypique Concept Store<\/title>\n<meta name=\"robots\" content=\"index, follow, max-snippet:-1, max-image-preview:large, max-video-preview:-1\" \/>\n<link rel=\"canonical\" href=\"https:\/\/atypique.brunotarhan.fr\/index.php\/produit\/la-mort-en-tete-pochecedric-sireharper-collins-poche\/\" \/>\n<meta property=\"og:locale\" content=\"fr_FR\" \/>\n<meta property=\"og:type\" content=\"article\" \/>\n<meta property=\"og:title\" content=\"La Mort en t\u00eate - Poche C\u00e9dric Sire Harper Collins Poche - Atypique Concept Store\" \/>\n<meta property=\"og:description\" content=\"De traqueuse, elle est devenue la proie A Drancy, en Seine-Saint-Denis, la s\u00e9ance d&#039;exorcisme d&#039;un enfant de 8 ans tourne au drame. Appel\u00e9e sur les\u2026\" \/>\n<meta property=\"og:url\" content=\"https:\/\/atypique.brunotarhan.fr\/index.php\/produit\/la-mort-en-tete-pochecedric-sireharper-collins-poche\/\" \/>\n<meta property=\"og:site_name\" content=\"Atypique Concept Store\" \/>\n<meta name=\"twitter:card\" content=\"summary_large_image\" \/>\n<meta name=\"twitter:label1\" content=\"Dur\u00e9e de lecture estim\u00e9e\" \/>\n\t<meta name=\"twitter:data1\" content=\"1 minute\" \/>\n<script type=\"application\/ld+json\" class=\"yoast-schema-graph\">{\"@context\":\"https:\/\/schema.org\",\"@graph\":[{\"@type\":\"WebSite\",\"@id\":\"https:\/\/atypique.brunotarhan.fr\/#website\",\"url\":\"https:\/\/atypique.brunotarhan.fr\/\",\"name\":\"Atypique Concept Store\",\"description\":\"Just another WordPress site\",\"potentialAction\":[{\"@type\":\"SearchAction\",\"target\":{\"@type\":\"EntryPoint\",\"urlTemplate\":\"https:\/\/atypique.brunotarhan.fr\/?s={search_term_string}\"},\"query-input\":\"required name=search_term_string\"}],\"inLanguage\":\"fr-FR\"},{\"@type\":\"ImageObject\",\"@id\":\"https:\/\/atypique.brunotarhan.fr\/index.php\/produit\/la-mort-en-tete-pochecedric-sireharper-collins-poche\/#primaryimage\",\"inLanguage\":\"fr-FR\",\"url\":\"https:\/\/atypique.brunotarhan.fr\/wp-content\/uploads\/2022\/04\/la-mort-en-tete.webp\",\"contentUrl\":\"https:\/\/atypique.brunotarhan.fr\/wp-content\/uploads\/2022\/04\/la-mort-en-tete.webp\",\"width\":301,\"height\":500},{\"@type\":\"WebPage\",\"@id\":\"https:\/\/atypique.brunotarhan.fr\/index.php\/produit\/la-mort-en-tete-pochecedric-sireharper-collins-poche\/#webpage\",\"url\":\"https:\/\/atypique.brunotarhan.fr\/index.php\/produit\/la-mort-en-tete-pochecedric-sireharper-collins-poche\/\",\"name\":\"La Mort en t\u00eate - Poche C\u00e9dric Sire Harper Collins Poche - Atypique Concept Store\",\"isPartOf\":{\"@id\":\"https:\/\/atypique.brunotarhan.fr\/#website\"},\"primaryImageOfPage\":{\"@id\":\"https:\/\/atypique.brunotarhan.fr\/index.php\/produit\/la-mort-en-tete-pochecedric-sireharper-collins-poche\/#primaryimage\"},\"datePublished\":\"2022-04-25T22:31:36+00:00\",\"dateModified\":\"2022-04-25T22:31:36+00:00\",\"breadcrumb\":{\"@id\":\"https:\/\/atypique.brunotarhan.fr\/index.php\/produit\/la-mort-en-tete-pochecedric-sireharper-collins-poche\/#breadcrumb\"},\"inLanguage\":\"fr-FR\",\"potentialAction\":[{\"@type\":\"ReadAction\",\"target\":[\"https:\/\/atypique.brunotarhan.fr\/index.php\/produit\/la-mort-en-tete-pochecedric-sireharper-collins-poche\/\"]}]},{\"@type\":\"BreadcrumbList\",\"@id\":\"https:\/\/atypique.brunotarhan.fr\/index.php\/produit\/la-mort-en-tete-pochecedric-sireharper-collins-poche\/#breadcrumb\",\"itemListElement\":[{\"@type\":\"ListItem\",\"position\":1,\"name\":\"Accueil\",\"item\":\"https:\/\/atypique.brunotarhan.fr\/\"},{\"@type\":\"ListItem\",\"position\":2,\"name\":\"\"},{\"@type\":\"ListItem\",\"position\":3,\"name\":\"La Mort en t\u00eate &#8211; Poche C\u00e9dric Sire Harper Collins Poche\"}]}]}<\/script>\n<!-- \/ Yoast SEO plugin. -->","yoast_head_json":{"title":"La Mort en t\u00eate - Poche C\u00e9dric Sire Harper Collins Poche - Atypique Concept Store","robots":{"index":"index","follow":"follow","max-snippet":"max-snippet:-1","max-image-preview":"max-image-preview:large","max-video-preview":"max-video-preview:-1"},"canonical":"https:\/\/atypique.brunotarhan.fr\/index.php\/produit\/la-mort-en-tete-pochecedric-sireharper-collins-poche\/","og_locale":"fr_FR","og_type":"article","og_title":"La Mort en t\u00eate - Poche C\u00e9dric Sire Harper Collins Poche - Atypique Concept Store","og_description":"De traqueuse, elle est devenue la proie A Drancy, en Seine-Saint-Denis, la s\u00e9ance d'exorcisme d'un enfant de 8 ans tourne au drame. Appel\u00e9e sur les\u2026","og_url":"https:\/\/atypique.brunotarhan.fr\/index.php\/produit\/la-mort-en-tete-pochecedric-sireharper-collins-poche\/","og_site_name":"Atypique Concept Store","twitter_card":"summary_large_image","twitter_misc":{"Dur\u00e9e de lecture estim\u00e9e":"1 minute"},"schema":{"@context":"https:\/\/schema.org","@graph":[{"@type":"WebSite","@id":"https:\/\/atypique.brunotarhan.fr\/#website","url":"https:\/\/atypique.brunotarhan.fr\/","name":"Atypique Concept Store","description":"Just another WordPress site","potentialAction":[{"@type":"SearchAction","target":{"@type":"EntryPoint","urlTemplate":"https:\/\/atypique.brunotarhan.fr\/?s={search_term_string}"},"query-input":"required name=search_term_string"}],"inLanguage":"fr-FR"},{"@type":"ImageObject","@id":"https:\/\/atypique.brunotarhan.fr\/index.php\/produit\/la-mort-en-tete-pochecedric-sireharper-collins-poche\/#primaryimage","inLanguage":"fr-FR","url":"https:\/\/atypique.brunotarhan.fr\/wp-content\/uploads\/2022\/04\/la-mort-en-tete.webp","contentUrl":"https:\/\/atypique.brunotarhan.fr\/wp-content\/uploads\/2022\/04\/la-mort-en-tete.webp","width":301,"height":500},{"@type":"WebPage","@id":"https:\/\/atypique.brunotarhan.fr\/index.php\/produit\/la-mort-en-tete-pochecedric-sireharper-collins-poche\/#webpage","url":"https:\/\/atypique.brunotarhan.fr\/index.php\/produit\/la-mort-en-tete-pochecedric-sireharper-collins-poche\/","name":"La Mort en t\u00eate - Poche C\u00e9dric Sire Harper Collins Poche - Atypique Concept Store","isPartOf":{"@id":"https:\/\/atypique.brunotarhan.fr\/#website"},"primaryImageOfPage":{"@id":"https:\/\/atypique.brunotarhan.fr\/index.php\/produit\/la-mort-en-tete-pochecedric-sireharper-collins-poche\/#primaryimage"},"datePublished":"2022-04-25T22:31:36+00:00","dateModified":"2022-04-25T22:31:36+00:00","breadcrumb":{"@id":"https:\/\/atypique.brunotarhan.fr\/index.php\/produit\/la-mort-en-tete-pochecedric-sireharper-collins-poche\/#breadcrumb"},"inLanguage":"fr-FR","potentialAction":[{"@type":"ReadAction","target":["https:\/\/atypique.brunotarhan.fr\/index.php\/produit\/la-mort-en-tete-pochecedric-sireharper-collins-poche\/"]}]},{"@type":"BreadcrumbList","@id":"https:\/\/atypique.brunotarhan.fr\/index.php\/produit\/la-mort-en-tete-pochecedric-sireharper-collins-poche\/#breadcrumb","itemListElement":[{"@type":"ListItem","position":1,"name":"Accueil","item":"https:\/\/atypique.brunotarhan.fr\/"},{"@type":"ListItem","position":2,"name":""},{"@type":"ListItem","position":3,"name":"La Mort en t\u00eate &#8211; Poche C\u00e9dric Sire Harper Collins Poche"}]}]}},"_links":{"self":[{"href":"https:\/\/atypique.brunotarhan.fr\/index.php\/wp-json\/wp\/v2\/product\/16056","targetHints":{"allow":["GET"]}}],"collection":[{"href":"https:\/\/atypique.brunotarhan.fr\/index.php\/wp-json\/wp\/v2\/product"}],"about":[{"href":"https:\/\/atypique.brunotarhan.fr\/index.php\/wp-json\/wp\/v2\/types\/product"}],"replies":[{"embeddable":true,"href":"https:\/\/atypique.brunotarhan.fr\/index.php\/wp-json\/wp\/v2\/comments?post=16056"}],"wp:featuredmedia":[{"embeddable":true,"href":"https:\/\/atypique.brunotarhan.fr\/index.php\/wp-json\/wp\/v2\/media\/15805"}],"wp:attachment":[{"href":"https:\/\/atypique.brunotarhan.fr\/index.php\/wp-json\/wp\/v2\/media?parent=16056"}],"wp:term":[{"taxonomy":"product_cat","embeddable":true,"href":"https:\/\/atypique.brunotarhan.fr\/index.php\/wp-json\/wp\/v2\/product_cat?post=16056"},{"taxonomy":"product_tag","embeddable":true,"href":"https:\/\/atypique.brunotarhan.fr\/index.php\/wp-json\/wp\/v2\/product_tag?post=16056"}],"curies":[{"name":"wp","href":"https:\/\/api.w.org\/{rel}","templated":true}]}}