{"id":16053,"date":"2022-04-25T22:31:36","date_gmt":"2022-04-25T22:31:36","guid":{"rendered":"https:\/\/atypique.brunotarhan.fr\/index.php\/produit\/lalchimiste-pochepaulo-coelhojai-lu\/"},"modified":"2022-04-25T22:31:36","modified_gmt":"2022-04-25T22:31:36","slug":"lalchimiste-pochepaulo-coelhojai-lu","status":"publish","type":"product","link":"https:\/\/atypique.brunotarhan.fr\/index.php\/produit\/lalchimiste-pochepaulo-coelhojai-lu\/","title":{"rendered":"L&#8217;Alchimiste &#8211; Poche\nPaulo Coelho\nJ&#8217;ai lu"},"content":{"rendered":"<p>Santiago, un jeune berger andalou, part \u00e0 la recherche d&#8217;un tr\u00e9sor enfoui au pied des Pyramides. Lorsqu&#8217;il rencontre l&#8217;Alchimiste dans le d\u00e9sert, celui-ci lui apprend \u00e0 \u00e9couter son coeur, \u00e0 lire les signes du destin et, par-dessus tout, \u00e0 aller au bout de son r\u00eave. Merveilleux conte philosophique destin\u00e9 \u00e0 l&#8217;enfant qui sommeille en chaque \u00eatre, ce livre a d\u00e9j\u00e0 marqu\u00e9 une g\u00e9n\u00e9ration de lecteurs.<\/p>\n","protected":false},"excerpt":{"rendered":"<p>Santiago, un jeune berger andalou, part \u00e0 la recherche d&#8217;un tr\u00e9sor enfoui au pied des Pyramides. Lorsqu&#8217;il rencontre l&#8217;Alchimiste dans le d\u00e9sert, celui-ci\u2026<\/p>\n","protected":false},"featured_media":15801,"comment_status":"open","ping_status":"closed","template":"","meta":[],"product_cat":[93,186],"product_tag":[249,399,400,189],"class_list":["post-16053","product","type-product","status-publish","has-post-thumbnail","hentry","product_cat-librairie","product_cat-romans","product_tag-jai-lu","product_tag-lalchimiste","product_tag-paulo-coelho","product_tag-roman"],"yoast_head":"<!-- This site is optimized with the Yoast SEO plugin v18.0 - https:\/\/yoast.com\/wordpress\/plugins\/seo\/ -->\n<title>L&#039;Alchimiste - Poche Paulo Coelho J&#039;ai lu - Atypique Concept Store<\/title>\n<meta name=\"robots\" content=\"index, follow, max-snippet:-1, max-image-preview:large, max-video-preview:-1\" \/>\n<link rel=\"canonical\" href=\"https:\/\/atypique.brunotarhan.fr\/index.php\/produit\/lalchimiste-pochepaulo-coelhojai-lu\/\" \/>\n<meta property=\"og:locale\" content=\"fr_FR\" \/>\n<meta property=\"og:type\" content=\"article\" \/>\n<meta property=\"og:title\" content=\"L&#039;Alchimiste - Poche Paulo Coelho J&#039;ai lu - Atypique Concept Store\" \/>\n<meta property=\"og:description\" content=\"Santiago, un jeune berger andalou, part \u00e0 la recherche d&#039;un tr\u00e9sor enfoui au pied des Pyramides. Lorsqu&#039;il rencontre l&#039;Alchimiste dans le d\u00e9sert, celui-ci\u2026\" \/>\n<meta property=\"og:url\" content=\"https:\/\/atypique.brunotarhan.fr\/index.php\/produit\/lalchimiste-pochepaulo-coelhojai-lu\/\" \/>\n<meta property=\"og:site_name\" content=\"Atypique Concept Store\" \/>\n<meta name=\"twitter:card\" content=\"summary_large_image\" \/>\n<script type=\"application\/ld+json\" class=\"yoast-schema-graph\">{\"@context\":\"https:\/\/schema.org\",\"@graph\":[{\"@type\":\"WebSite\",\"@id\":\"https:\/\/atypique.brunotarhan.fr\/#website\",\"url\":\"https:\/\/atypique.brunotarhan.fr\/\",\"name\":\"Atypique Concept Store\",\"description\":\"Just another WordPress site\",\"potentialAction\":[{\"@type\":\"SearchAction\",\"target\":{\"@type\":\"EntryPoint\",\"urlTemplate\":\"https:\/\/atypique.brunotarhan.fr\/?s={search_term_string}\"},\"query-input\":\"required name=search_term_string\"}],\"inLanguage\":\"fr-FR\"},{\"@type\":\"ImageObject\",\"@id\":\"https:\/\/atypique.brunotarhan.fr\/index.php\/produit\/lalchimiste-pochepaulo-coelhojai-lu\/#primaryimage\",\"inLanguage\":\"fr-FR\",\"url\":\"https:\/\/atypique.brunotarhan.fr\/wp-content\/uploads\/2022\/04\/l-alchimiste.webp\",\"contentUrl\":\"https:\/\/atypique.brunotarhan.fr\/wp-content\/uploads\/2022\/04\/l-alchimiste.webp\",\"width\":309,\"height\":500},{\"@type\":\"WebPage\",\"@id\":\"https:\/\/atypique.brunotarhan.fr\/index.php\/produit\/lalchimiste-pochepaulo-coelhojai-lu\/#webpage\",\"url\":\"https:\/\/atypique.brunotarhan.fr\/index.php\/produit\/lalchimiste-pochepaulo-coelhojai-lu\/\",\"name\":\"L'Alchimiste - Poche Paulo Coelho J'ai lu - Atypique Concept Store\",\"isPartOf\":{\"@id\":\"https:\/\/atypique.brunotarhan.fr\/#website\"},\"primaryImageOfPage\":{\"@id\":\"https:\/\/atypique.brunotarhan.fr\/index.php\/produit\/lalchimiste-pochepaulo-coelhojai-lu\/#primaryimage\"},\"datePublished\":\"2022-04-25T22:31:36+00:00\",\"dateModified\":\"2022-04-25T22:31:36+00:00\",\"breadcrumb\":{\"@id\":\"https:\/\/atypique.brunotarhan.fr\/index.php\/produit\/lalchimiste-pochepaulo-coelhojai-lu\/#breadcrumb\"},\"inLanguage\":\"fr-FR\",\"potentialAction\":[{\"@type\":\"ReadAction\",\"target\":[\"https:\/\/atypique.brunotarhan.fr\/index.php\/produit\/lalchimiste-pochepaulo-coelhojai-lu\/\"]}]},{\"@type\":\"BreadcrumbList\",\"@id\":\"https:\/\/atypique.brunotarhan.fr\/index.php\/produit\/lalchimiste-pochepaulo-coelhojai-lu\/#breadcrumb\",\"itemListElement\":[{\"@type\":\"ListItem\",\"position\":1,\"name\":\"Accueil\",\"item\":\"https:\/\/atypique.brunotarhan.fr\/\"},{\"@type\":\"ListItem\",\"position\":2,\"name\":\"\"},{\"@type\":\"ListItem\",\"position\":3,\"name\":\"L&#8217;Alchimiste &#8211; Poche Paulo Coelho J&#8217;ai lu\"}]}]}<\/script>\n<!-- \/ Yoast SEO plugin. -->","yoast_head_json":{"title":"L'Alchimiste - Poche Paulo Coelho J'ai lu - Atypique Concept Store","robots":{"index":"index","follow":"follow","max-snippet":"max-snippet:-1","max-image-preview":"max-image-preview:large","max-video-preview":"max-video-preview:-1"},"canonical":"https:\/\/atypique.brunotarhan.fr\/index.php\/produit\/lalchimiste-pochepaulo-coelhojai-lu\/","og_locale":"fr_FR","og_type":"article","og_title":"L'Alchimiste - Poche Paulo Coelho J'ai lu - Atypique Concept Store","og_description":"Santiago, un jeune berger andalou, part \u00e0 la recherche d'un tr\u00e9sor enfoui au pied des Pyramides. Lorsqu'il rencontre l'Alchimiste dans le d\u00e9sert, celui-ci\u2026","og_url":"https:\/\/atypique.brunotarhan.fr\/index.php\/produit\/lalchimiste-pochepaulo-coelhojai-lu\/","og_site_name":"Atypique Concept Store","twitter_card":"summary_large_image","schema":{"@context":"https:\/\/schema.org","@graph":[{"@type":"WebSite","@id":"https:\/\/atypique.brunotarhan.fr\/#website","url":"https:\/\/atypique.brunotarhan.fr\/","name":"Atypique Concept Store","description":"Just another WordPress site","potentialAction":[{"@type":"SearchAction","target":{"@type":"EntryPoint","urlTemplate":"https:\/\/atypique.brunotarhan.fr\/?s={search_term_string}"},"query-input":"required name=search_term_string"}],"inLanguage":"fr-FR"},{"@type":"ImageObject","@id":"https:\/\/atypique.brunotarhan.fr\/index.php\/produit\/lalchimiste-pochepaulo-coelhojai-lu\/#primaryimage","inLanguage":"fr-FR","url":"https:\/\/atypique.brunotarhan.fr\/wp-content\/uploads\/2022\/04\/l-alchimiste.webp","contentUrl":"https:\/\/atypique.brunotarhan.fr\/wp-content\/uploads\/2022\/04\/l-alchimiste.webp","width":309,"height":500},{"@type":"WebPage","@id":"https:\/\/atypique.brunotarhan.fr\/index.php\/produit\/lalchimiste-pochepaulo-coelhojai-lu\/#webpage","url":"https:\/\/atypique.brunotarhan.fr\/index.php\/produit\/lalchimiste-pochepaulo-coelhojai-lu\/","name":"L'Alchimiste - Poche Paulo Coelho J'ai lu - Atypique Concept Store","isPartOf":{"@id":"https:\/\/atypique.brunotarhan.fr\/#website"},"primaryImageOfPage":{"@id":"https:\/\/atypique.brunotarhan.fr\/index.php\/produit\/lalchimiste-pochepaulo-coelhojai-lu\/#primaryimage"},"datePublished":"2022-04-25T22:31:36+00:00","dateModified":"2022-04-25T22:31:36+00:00","breadcrumb":{"@id":"https:\/\/atypique.brunotarhan.fr\/index.php\/produit\/lalchimiste-pochepaulo-coelhojai-lu\/#breadcrumb"},"inLanguage":"fr-FR","potentialAction":[{"@type":"ReadAction","target":["https:\/\/atypique.brunotarhan.fr\/index.php\/produit\/lalchimiste-pochepaulo-coelhojai-lu\/"]}]},{"@type":"BreadcrumbList","@id":"https:\/\/atypique.brunotarhan.fr\/index.php\/produit\/lalchimiste-pochepaulo-coelhojai-lu\/#breadcrumb","itemListElement":[{"@type":"ListItem","position":1,"name":"Accueil","item":"https:\/\/atypique.brunotarhan.fr\/"},{"@type":"ListItem","position":2,"name":""},{"@type":"ListItem","position":3,"name":"L&#8217;Alchimiste &#8211; Poche Paulo Coelho J&#8217;ai lu"}]}]}},"_links":{"self":[{"href":"https:\/\/atypique.brunotarhan.fr\/index.php\/wp-json\/wp\/v2\/product\/16053","targetHints":{"allow":["GET"]}}],"collection":[{"href":"https:\/\/atypique.brunotarhan.fr\/index.php\/wp-json\/wp\/v2\/product"}],"about":[{"href":"https:\/\/atypique.brunotarhan.fr\/index.php\/wp-json\/wp\/v2\/types\/product"}],"replies":[{"embeddable":true,"href":"https:\/\/atypique.brunotarhan.fr\/index.php\/wp-json\/wp\/v2\/comments?post=16053"}],"wp:featuredmedia":[{"embeddable":true,"href":"https:\/\/atypique.brunotarhan.fr\/index.php\/wp-json\/wp\/v2\/media\/15801"}],"wp:attachment":[{"href":"https:\/\/atypique.brunotarhan.fr\/index.php\/wp-json\/wp\/v2\/media?parent=16053"}],"wp:term":[{"taxonomy":"product_cat","embeddable":true,"href":"https:\/\/atypique.brunotarhan.fr\/index.php\/wp-json\/wp\/v2\/product_cat?post=16053"},{"taxonomy":"product_tag","embeddable":true,"href":"https:\/\/atypique.brunotarhan.fr\/index.php\/wp-json\/wp\/v2\/product_tag?post=16053"}],"curies":[{"name":"wp","href":"https:\/\/api.w.org\/{rel}","templated":true}]}}