{"id":16052,"date":"2022-04-25T22:31:35","date_gmt":"2022-04-25T22:31:35","guid":{"rendered":"https:\/\/atypique.brunotarhan.fr\/index.php\/produit\/la-guerre-des-clans-cycle-1-tome-1-pocheretour-a-letat-sauvageerin-hunterpocket-jeunesse\/"},"modified":"2022-04-25T22:31:35","modified_gmt":"2022-04-25T22:31:35","slug":"la-guerre-des-clans-cycle-1-tome-1-pocheretour-a-letat-sauvageerin-hunterpocket-jeunesse","status":"publish","type":"product","link":"https:\/\/atypique.brunotarhan.fr\/index.php\/produit\/la-guerre-des-clans-cycle-1-tome-1-pocheretour-a-letat-sauvageerin-hunterpocket-jeunesse\/","title":{"rendered":"La Guerre des Clans (Cycle 1) Tome 1 &#8211; Poche\nRetour \u00e0 l&#8217;\u00e9tat sauvage\nErin Hunter\nPocket jeunesse"},"content":{"rendered":"<p>Depuis des g\u00e9n\u00e9rations, fid\u00e8les aux lois de leurs anc\u00eatres, quatre clans de chats sauvages se partagent la for\u00eat. Mais le Clan du Tonnerre court un grave danger, et les sinistres guerriers de l&#8217;Ombre sont de plus en plus puissants. En s&#8217;aventurant un jour dans les bois, Rusty, petit chat domestique, est loin de se douter qu&#8217;il deviendra bient\u00f4t le plus valeureux des guerriers&#8230;<\/p>\n","protected":false},"excerpt":{"rendered":"<p>Depuis des g\u00e9n\u00e9rations, fid\u00e8les aux lois de leurs anc\u00eatres, quatre clans de chats sauvages se partagent la for\u00eat. Mais le Clan du Tonnerre court\u2026<\/p>\n","protected":false},"featured_media":15800,"comment_status":"open","ping_status":"closed","template":"","meta":[],"product_cat":[93,327],"product_tag":[398,396,183,330,397,331],"class_list":["post-16052","product","type-product","status-publish","has-post-thumbnail","hentry","product_cat-librairie","product_cat-livres-adolescents","product_tag-erin-hunter","product_tag-la-guerre-des-clans-cycle-1-tome-1","product_tag-poche","product_tag-pocket-jeunesse","product_tag-retour-a-letat-sauvage","product_tag-roman-ado"],"yoast_head":"<!-- This site is optimized with the Yoast SEO plugin v18.0 - https:\/\/yoast.com\/wordpress\/plugins\/seo\/ -->\n<title>La Guerre des Clans (Cycle 1) Tome 1 - Poche Retour \u00e0 l&#039;\u00e9tat sauvage Erin Hunter Pocket jeunesse - Atypique Concept Store<\/title>\n<meta name=\"robots\" content=\"index, follow, max-snippet:-1, max-image-preview:large, max-video-preview:-1\" \/>\n<link rel=\"canonical\" href=\"https:\/\/atypique.brunotarhan.fr\/index.php\/produit\/la-guerre-des-clans-cycle-1-tome-1-pocheretour-a-letat-sauvageerin-hunterpocket-jeunesse\/\" \/>\n<meta property=\"og:locale\" content=\"fr_FR\" \/>\n<meta property=\"og:type\" content=\"article\" \/>\n<meta property=\"og:title\" content=\"La Guerre des Clans (Cycle 1) Tome 1 - Poche Retour \u00e0 l&#039;\u00e9tat sauvage Erin Hunter Pocket jeunesse - Atypique Concept Store\" \/>\n<meta property=\"og:description\" content=\"Depuis des g\u00e9n\u00e9rations, fid\u00e8les aux lois de leurs anc\u00eatres, quatre clans de chats sauvages se partagent la for\u00eat. Mais le Clan du Tonnerre court\u2026\" \/>\n<meta property=\"og:url\" content=\"https:\/\/atypique.brunotarhan.fr\/index.php\/produit\/la-guerre-des-clans-cycle-1-tome-1-pocheretour-a-letat-sauvageerin-hunterpocket-jeunesse\/\" \/>\n<meta property=\"og:site_name\" content=\"Atypique Concept Store\" \/>\n<meta name=\"twitter:card\" content=\"summary_large_image\" \/>\n<script type=\"application\/ld+json\" class=\"yoast-schema-graph\">{\"@context\":\"https:\/\/schema.org\",\"@graph\":[{\"@type\":\"WebSite\",\"@id\":\"https:\/\/atypique.brunotarhan.fr\/#website\",\"url\":\"https:\/\/atypique.brunotarhan.fr\/\",\"name\":\"Atypique Concept Store\",\"description\":\"Just another WordPress site\",\"potentialAction\":[{\"@type\":\"SearchAction\",\"target\":{\"@type\":\"EntryPoint\",\"urlTemplate\":\"https:\/\/atypique.brunotarhan.fr\/?s={search_term_string}\"},\"query-input\":\"required name=search_term_string\"}],\"inLanguage\":\"fr-FR\"},{\"@type\":\"ImageObject\",\"@id\":\"https:\/\/atypique.brunotarhan.fr\/index.php\/produit\/la-guerre-des-clans-cycle-1-tome-1-pocheretour-a-letat-sauvageerin-hunterpocket-jeunesse\/#primaryimage\",\"inLanguage\":\"fr-FR\",\"url\":\"https:\/\/atypique.brunotarhan.fr\/wp-content\/uploads\/2022\/04\/la-guerre-des-clans-cycle1-livre1.webp\",\"contentUrl\":\"https:\/\/atypique.brunotarhan.fr\/wp-content\/uploads\/2022\/04\/la-guerre-des-clans-cycle1-livre1.webp\",\"width\":305,\"height\":500},{\"@type\":\"WebPage\",\"@id\":\"https:\/\/atypique.brunotarhan.fr\/index.php\/produit\/la-guerre-des-clans-cycle-1-tome-1-pocheretour-a-letat-sauvageerin-hunterpocket-jeunesse\/#webpage\",\"url\":\"https:\/\/atypique.brunotarhan.fr\/index.php\/produit\/la-guerre-des-clans-cycle-1-tome-1-pocheretour-a-letat-sauvageerin-hunterpocket-jeunesse\/\",\"name\":\"La Guerre des Clans (Cycle 1) Tome 1 - Poche Retour \u00e0 l'\u00e9tat sauvage Erin Hunter Pocket jeunesse - Atypique Concept Store\",\"isPartOf\":{\"@id\":\"https:\/\/atypique.brunotarhan.fr\/#website\"},\"primaryImageOfPage\":{\"@id\":\"https:\/\/atypique.brunotarhan.fr\/index.php\/produit\/la-guerre-des-clans-cycle-1-tome-1-pocheretour-a-letat-sauvageerin-hunterpocket-jeunesse\/#primaryimage\"},\"datePublished\":\"2022-04-25T22:31:35+00:00\",\"dateModified\":\"2022-04-25T22:31:35+00:00\",\"breadcrumb\":{\"@id\":\"https:\/\/atypique.brunotarhan.fr\/index.php\/produit\/la-guerre-des-clans-cycle-1-tome-1-pocheretour-a-letat-sauvageerin-hunterpocket-jeunesse\/#breadcrumb\"},\"inLanguage\":\"fr-FR\",\"potentialAction\":[{\"@type\":\"ReadAction\",\"target\":[\"https:\/\/atypique.brunotarhan.fr\/index.php\/produit\/la-guerre-des-clans-cycle-1-tome-1-pocheretour-a-letat-sauvageerin-hunterpocket-jeunesse\/\"]}]},{\"@type\":\"BreadcrumbList\",\"@id\":\"https:\/\/atypique.brunotarhan.fr\/index.php\/produit\/la-guerre-des-clans-cycle-1-tome-1-pocheretour-a-letat-sauvageerin-hunterpocket-jeunesse\/#breadcrumb\",\"itemListElement\":[{\"@type\":\"ListItem\",\"position\":1,\"name\":\"Accueil\",\"item\":\"https:\/\/atypique.brunotarhan.fr\/\"},{\"@type\":\"ListItem\",\"position\":2,\"name\":\"\"},{\"@type\":\"ListItem\",\"position\":3,\"name\":\"La Guerre des Clans (Cycle 1) Tome 1 &#8211; Poche Retour \u00e0 l&#8217;\u00e9tat sauvage Erin Hunter Pocket jeunesse\"}]}]}<\/script>\n<!-- \/ Yoast SEO plugin. -->","yoast_head_json":{"title":"La Guerre des Clans (Cycle 1) Tome 1 - Poche Retour \u00e0 l'\u00e9tat sauvage Erin Hunter Pocket jeunesse - Atypique Concept Store","robots":{"index":"index","follow":"follow","max-snippet":"max-snippet:-1","max-image-preview":"max-image-preview:large","max-video-preview":"max-video-preview:-1"},"canonical":"https:\/\/atypique.brunotarhan.fr\/index.php\/produit\/la-guerre-des-clans-cycle-1-tome-1-pocheretour-a-letat-sauvageerin-hunterpocket-jeunesse\/","og_locale":"fr_FR","og_type":"article","og_title":"La Guerre des Clans (Cycle 1) Tome 1 - Poche Retour \u00e0 l'\u00e9tat sauvage Erin Hunter Pocket jeunesse - Atypique Concept Store","og_description":"Depuis des g\u00e9n\u00e9rations, fid\u00e8les aux lois de leurs anc\u00eatres, quatre clans de chats sauvages se partagent la for\u00eat. Mais le Clan du Tonnerre court\u2026","og_url":"https:\/\/atypique.brunotarhan.fr\/index.php\/produit\/la-guerre-des-clans-cycle-1-tome-1-pocheretour-a-letat-sauvageerin-hunterpocket-jeunesse\/","og_site_name":"Atypique Concept Store","twitter_card":"summary_large_image","schema":{"@context":"https:\/\/schema.org","@graph":[{"@type":"WebSite","@id":"https:\/\/atypique.brunotarhan.fr\/#website","url":"https:\/\/atypique.brunotarhan.fr\/","name":"Atypique Concept Store","description":"Just another WordPress site","potentialAction":[{"@type":"SearchAction","target":{"@type":"EntryPoint","urlTemplate":"https:\/\/atypique.brunotarhan.fr\/?s={search_term_string}"},"query-input":"required name=search_term_string"}],"inLanguage":"fr-FR"},{"@type":"ImageObject","@id":"https:\/\/atypique.brunotarhan.fr\/index.php\/produit\/la-guerre-des-clans-cycle-1-tome-1-pocheretour-a-letat-sauvageerin-hunterpocket-jeunesse\/#primaryimage","inLanguage":"fr-FR","url":"https:\/\/atypique.brunotarhan.fr\/wp-content\/uploads\/2022\/04\/la-guerre-des-clans-cycle1-livre1.webp","contentUrl":"https:\/\/atypique.brunotarhan.fr\/wp-content\/uploads\/2022\/04\/la-guerre-des-clans-cycle1-livre1.webp","width":305,"height":500},{"@type":"WebPage","@id":"https:\/\/atypique.brunotarhan.fr\/index.php\/produit\/la-guerre-des-clans-cycle-1-tome-1-pocheretour-a-letat-sauvageerin-hunterpocket-jeunesse\/#webpage","url":"https:\/\/atypique.brunotarhan.fr\/index.php\/produit\/la-guerre-des-clans-cycle-1-tome-1-pocheretour-a-letat-sauvageerin-hunterpocket-jeunesse\/","name":"La Guerre des Clans (Cycle 1) Tome 1 - Poche Retour \u00e0 l'\u00e9tat sauvage Erin Hunter Pocket jeunesse - Atypique Concept Store","isPartOf":{"@id":"https:\/\/atypique.brunotarhan.fr\/#website"},"primaryImageOfPage":{"@id":"https:\/\/atypique.brunotarhan.fr\/index.php\/produit\/la-guerre-des-clans-cycle-1-tome-1-pocheretour-a-letat-sauvageerin-hunterpocket-jeunesse\/#primaryimage"},"datePublished":"2022-04-25T22:31:35+00:00","dateModified":"2022-04-25T22:31:35+00:00","breadcrumb":{"@id":"https:\/\/atypique.brunotarhan.fr\/index.php\/produit\/la-guerre-des-clans-cycle-1-tome-1-pocheretour-a-letat-sauvageerin-hunterpocket-jeunesse\/#breadcrumb"},"inLanguage":"fr-FR","potentialAction":[{"@type":"ReadAction","target":["https:\/\/atypique.brunotarhan.fr\/index.php\/produit\/la-guerre-des-clans-cycle-1-tome-1-pocheretour-a-letat-sauvageerin-hunterpocket-jeunesse\/"]}]},{"@type":"BreadcrumbList","@id":"https:\/\/atypique.brunotarhan.fr\/index.php\/produit\/la-guerre-des-clans-cycle-1-tome-1-pocheretour-a-letat-sauvageerin-hunterpocket-jeunesse\/#breadcrumb","itemListElement":[{"@type":"ListItem","position":1,"name":"Accueil","item":"https:\/\/atypique.brunotarhan.fr\/"},{"@type":"ListItem","position":2,"name":""},{"@type":"ListItem","position":3,"name":"La Guerre des Clans (Cycle 1) Tome 1 &#8211; Poche Retour \u00e0 l&#8217;\u00e9tat sauvage Erin Hunter Pocket jeunesse"}]}]}},"_links":{"self":[{"href":"https:\/\/atypique.brunotarhan.fr\/index.php\/wp-json\/wp\/v2\/product\/16052","targetHints":{"allow":["GET"]}}],"collection":[{"href":"https:\/\/atypique.brunotarhan.fr\/index.php\/wp-json\/wp\/v2\/product"}],"about":[{"href":"https:\/\/atypique.brunotarhan.fr\/index.php\/wp-json\/wp\/v2\/types\/product"}],"replies":[{"embeddable":true,"href":"https:\/\/atypique.brunotarhan.fr\/index.php\/wp-json\/wp\/v2\/comments?post=16052"}],"wp:featuredmedia":[{"embeddable":true,"href":"https:\/\/atypique.brunotarhan.fr\/index.php\/wp-json\/wp\/v2\/media\/15800"}],"wp:attachment":[{"href":"https:\/\/atypique.brunotarhan.fr\/index.php\/wp-json\/wp\/v2\/media?parent=16052"}],"wp:term":[{"taxonomy":"product_cat","embeddable":true,"href":"https:\/\/atypique.brunotarhan.fr\/index.php\/wp-json\/wp\/v2\/product_cat?post=16052"},{"taxonomy":"product_tag","embeddable":true,"href":"https:\/\/atypique.brunotarhan.fr\/index.php\/wp-json\/wp\/v2\/product_tag?post=16052"}],"curies":[{"name":"wp","href":"https:\/\/api.w.org\/{rel}","templated":true}]}}