{"id":16051,"date":"2022-04-25T22:31:35","date_gmt":"2022-04-25T22:31:35","guid":{"rendered":"https:\/\/atypique.brunotarhan.fr\/index.php\/produit\/la-graceprix-de-florethibault-de-montaigujai-lu\/"},"modified":"2022-04-25T22:31:35","modified_gmt":"2022-04-25T22:31:35","slug":"la-graceprix-de-florethibault-de-montaigujai-lu","status":"publish","type":"product","link":"https:\/\/atypique.brunotarhan.fr\/index.php\/produit\/la-graceprix-de-florethibault-de-montaigujai-lu\/","title":{"rendered":"La gr\u00e2ce\nPRIX DE FLORE\nThibault de Montaigu\nJ&#8217;ai lu"},"content":{"rendered":"<p>Parfaitement ath\u00e9e, Thibault de Montaigu fait un jour l&#8217;exp\u00e9rience intime, fulgurante, de la foi. Un myst\u00e8re aussi bouleversant que douloureux, qui le conduit sur les traces de son oncle, noceur inv\u00e9t\u00e9r\u00e9 devenu pr\u00eatre franciscain. La gr\u00e2ce est le r\u00e9cit de cette qu\u00eate spirituelle.<\/p>\n","protected":false},"excerpt":{"rendered":"<p>Parfaitement ath\u00e9e, Thibault de Montaigu fait un jour l&#8217;exp\u00e9rience intime, fulgurante, de la foi. Un myst\u00e8re aussi bouleversant que douloureux, qui\u2026<\/p>\n","protected":false},"featured_media":15799,"comment_status":"open","ping_status":"closed","template":"","meta":[],"product_cat":[93,186],"product_tag":[249,393,183,394,189,395],"class_list":["post-16051","product","type-product","status-publish","has-post-thumbnail","hentry","product_cat-librairie","product_cat-romans","product_tag-jai-lu","product_tag-la-grace","product_tag-poche","product_tag-prix-de-flore","product_tag-roman","product_tag-thibault-de-montaigu"],"yoast_head":"<!-- This site is optimized with the Yoast SEO plugin v18.0 - https:\/\/yoast.com\/wordpress\/plugins\/seo\/ -->\n<title>La gr\u00e2ce PRIX DE FLORE Thibault de Montaigu J&#039;ai lu - Atypique Concept Store<\/title>\n<meta name=\"robots\" content=\"index, follow, max-snippet:-1, max-image-preview:large, max-video-preview:-1\" \/>\n<link rel=\"canonical\" href=\"https:\/\/atypique.brunotarhan.fr\/index.php\/produit\/la-graceprix-de-florethibault-de-montaigujai-lu\/\" \/>\n<meta property=\"og:locale\" content=\"fr_FR\" \/>\n<meta property=\"og:type\" content=\"article\" \/>\n<meta property=\"og:title\" content=\"La gr\u00e2ce PRIX DE FLORE Thibault de Montaigu J&#039;ai lu - Atypique Concept Store\" \/>\n<meta property=\"og:description\" content=\"Parfaitement ath\u00e9e, Thibault de Montaigu fait un jour l&#039;exp\u00e9rience intime, fulgurante, de la foi. Un myst\u00e8re aussi bouleversant que douloureux, qui\u2026\" \/>\n<meta property=\"og:url\" content=\"https:\/\/atypique.brunotarhan.fr\/index.php\/produit\/la-graceprix-de-florethibault-de-montaigujai-lu\/\" \/>\n<meta property=\"og:site_name\" content=\"Atypique Concept Store\" \/>\n<meta name=\"twitter:card\" content=\"summary_large_image\" \/>\n<script type=\"application\/ld+json\" class=\"yoast-schema-graph\">{\"@context\":\"https:\/\/schema.org\",\"@graph\":[{\"@type\":\"WebSite\",\"@id\":\"https:\/\/atypique.brunotarhan.fr\/#website\",\"url\":\"https:\/\/atypique.brunotarhan.fr\/\",\"name\":\"Atypique Concept Store\",\"description\":\"Just another WordPress site\",\"potentialAction\":[{\"@type\":\"SearchAction\",\"target\":{\"@type\":\"EntryPoint\",\"urlTemplate\":\"https:\/\/atypique.brunotarhan.fr\/?s={search_term_string}\"},\"query-input\":\"required name=search_term_string\"}],\"inLanguage\":\"fr-FR\"},{\"@type\":\"ImageObject\",\"@id\":\"https:\/\/atypique.brunotarhan.fr\/index.php\/produit\/la-graceprix-de-florethibault-de-montaigujai-lu\/#primaryimage\",\"inLanguage\":\"fr-FR\",\"url\":\"https:\/\/atypique.brunotarhan.fr\/wp-content\/uploads\/2022\/04\/la-grace.webp\",\"contentUrl\":\"https:\/\/atypique.brunotarhan.fr\/wp-content\/uploads\/2022\/04\/la-grace.webp\",\"width\":309,\"height\":500},{\"@type\":\"WebPage\",\"@id\":\"https:\/\/atypique.brunotarhan.fr\/index.php\/produit\/la-graceprix-de-florethibault-de-montaigujai-lu\/#webpage\",\"url\":\"https:\/\/atypique.brunotarhan.fr\/index.php\/produit\/la-graceprix-de-florethibault-de-montaigujai-lu\/\",\"name\":\"La gr\u00e2ce PRIX DE FLORE Thibault de Montaigu J'ai lu - Atypique Concept Store\",\"isPartOf\":{\"@id\":\"https:\/\/atypique.brunotarhan.fr\/#website\"},\"primaryImageOfPage\":{\"@id\":\"https:\/\/atypique.brunotarhan.fr\/index.php\/produit\/la-graceprix-de-florethibault-de-montaigujai-lu\/#primaryimage\"},\"datePublished\":\"2022-04-25T22:31:35+00:00\",\"dateModified\":\"2022-04-25T22:31:35+00:00\",\"breadcrumb\":{\"@id\":\"https:\/\/atypique.brunotarhan.fr\/index.php\/produit\/la-graceprix-de-florethibault-de-montaigujai-lu\/#breadcrumb\"},\"inLanguage\":\"fr-FR\",\"potentialAction\":[{\"@type\":\"ReadAction\",\"target\":[\"https:\/\/atypique.brunotarhan.fr\/index.php\/produit\/la-graceprix-de-florethibault-de-montaigujai-lu\/\"]}]},{\"@type\":\"BreadcrumbList\",\"@id\":\"https:\/\/atypique.brunotarhan.fr\/index.php\/produit\/la-graceprix-de-florethibault-de-montaigujai-lu\/#breadcrumb\",\"itemListElement\":[{\"@type\":\"ListItem\",\"position\":1,\"name\":\"Accueil\",\"item\":\"https:\/\/atypique.brunotarhan.fr\/\"},{\"@type\":\"ListItem\",\"position\":2,\"name\":\"\"},{\"@type\":\"ListItem\",\"position\":3,\"name\":\"La gr\u00e2ce PRIX DE FLORE Thibault de Montaigu J&#8217;ai lu\"}]}]}<\/script>\n<!-- \/ Yoast SEO plugin. -->","yoast_head_json":{"title":"La gr\u00e2ce PRIX DE FLORE Thibault de Montaigu J'ai lu - Atypique Concept Store","robots":{"index":"index","follow":"follow","max-snippet":"max-snippet:-1","max-image-preview":"max-image-preview:large","max-video-preview":"max-video-preview:-1"},"canonical":"https:\/\/atypique.brunotarhan.fr\/index.php\/produit\/la-graceprix-de-florethibault-de-montaigujai-lu\/","og_locale":"fr_FR","og_type":"article","og_title":"La gr\u00e2ce PRIX DE FLORE Thibault de Montaigu J'ai lu - Atypique Concept Store","og_description":"Parfaitement ath\u00e9e, Thibault de Montaigu fait un jour l'exp\u00e9rience intime, fulgurante, de la foi. Un myst\u00e8re aussi bouleversant que douloureux, qui\u2026","og_url":"https:\/\/atypique.brunotarhan.fr\/index.php\/produit\/la-graceprix-de-florethibault-de-montaigujai-lu\/","og_site_name":"Atypique Concept Store","twitter_card":"summary_large_image","schema":{"@context":"https:\/\/schema.org","@graph":[{"@type":"WebSite","@id":"https:\/\/atypique.brunotarhan.fr\/#website","url":"https:\/\/atypique.brunotarhan.fr\/","name":"Atypique Concept Store","description":"Just another WordPress site","potentialAction":[{"@type":"SearchAction","target":{"@type":"EntryPoint","urlTemplate":"https:\/\/atypique.brunotarhan.fr\/?s={search_term_string}"},"query-input":"required name=search_term_string"}],"inLanguage":"fr-FR"},{"@type":"ImageObject","@id":"https:\/\/atypique.brunotarhan.fr\/index.php\/produit\/la-graceprix-de-florethibault-de-montaigujai-lu\/#primaryimage","inLanguage":"fr-FR","url":"https:\/\/atypique.brunotarhan.fr\/wp-content\/uploads\/2022\/04\/la-grace.webp","contentUrl":"https:\/\/atypique.brunotarhan.fr\/wp-content\/uploads\/2022\/04\/la-grace.webp","width":309,"height":500},{"@type":"WebPage","@id":"https:\/\/atypique.brunotarhan.fr\/index.php\/produit\/la-graceprix-de-florethibault-de-montaigujai-lu\/#webpage","url":"https:\/\/atypique.brunotarhan.fr\/index.php\/produit\/la-graceprix-de-florethibault-de-montaigujai-lu\/","name":"La gr\u00e2ce PRIX DE FLORE Thibault de Montaigu J'ai lu - Atypique Concept Store","isPartOf":{"@id":"https:\/\/atypique.brunotarhan.fr\/#website"},"primaryImageOfPage":{"@id":"https:\/\/atypique.brunotarhan.fr\/index.php\/produit\/la-graceprix-de-florethibault-de-montaigujai-lu\/#primaryimage"},"datePublished":"2022-04-25T22:31:35+00:00","dateModified":"2022-04-25T22:31:35+00:00","breadcrumb":{"@id":"https:\/\/atypique.brunotarhan.fr\/index.php\/produit\/la-graceprix-de-florethibault-de-montaigujai-lu\/#breadcrumb"},"inLanguage":"fr-FR","potentialAction":[{"@type":"ReadAction","target":["https:\/\/atypique.brunotarhan.fr\/index.php\/produit\/la-graceprix-de-florethibault-de-montaigujai-lu\/"]}]},{"@type":"BreadcrumbList","@id":"https:\/\/atypique.brunotarhan.fr\/index.php\/produit\/la-graceprix-de-florethibault-de-montaigujai-lu\/#breadcrumb","itemListElement":[{"@type":"ListItem","position":1,"name":"Accueil","item":"https:\/\/atypique.brunotarhan.fr\/"},{"@type":"ListItem","position":2,"name":""},{"@type":"ListItem","position":3,"name":"La gr\u00e2ce PRIX DE FLORE Thibault de Montaigu J&#8217;ai lu"}]}]}},"_links":{"self":[{"href":"https:\/\/atypique.brunotarhan.fr\/index.php\/wp-json\/wp\/v2\/product\/16051","targetHints":{"allow":["GET"]}}],"collection":[{"href":"https:\/\/atypique.brunotarhan.fr\/index.php\/wp-json\/wp\/v2\/product"}],"about":[{"href":"https:\/\/atypique.brunotarhan.fr\/index.php\/wp-json\/wp\/v2\/types\/product"}],"replies":[{"embeddable":true,"href":"https:\/\/atypique.brunotarhan.fr\/index.php\/wp-json\/wp\/v2\/comments?post=16051"}],"wp:featuredmedia":[{"embeddable":true,"href":"https:\/\/atypique.brunotarhan.fr\/index.php\/wp-json\/wp\/v2\/media\/15799"}],"wp:attachment":[{"href":"https:\/\/atypique.brunotarhan.fr\/index.php\/wp-json\/wp\/v2\/media?parent=16051"}],"wp:term":[{"taxonomy":"product_cat","embeddable":true,"href":"https:\/\/atypique.brunotarhan.fr\/index.php\/wp-json\/wp\/v2\/product_cat?post=16051"},{"taxonomy":"product_tag","embeddable":true,"href":"https:\/\/atypique.brunotarhan.fr\/index.php\/wp-json\/wp\/v2\/product_tag?post=16051"}],"curies":[{"name":"wp","href":"https:\/\/api.w.org\/{rel}","templated":true}]}}