{"id":16050,"date":"2022-04-25T22:31:35","date_gmt":"2022-04-25T22:31:35","guid":{"rendered":"https:\/\/atypique.brunotarhan.fr\/index.php\/produit\/laffaire-clara-millerolivier-balpocket\/"},"modified":"2022-04-25T22:31:35","modified_gmt":"2022-04-25T22:31:35","slug":"laffaire-clara-millerolivier-balpocket","status":"publish","type":"product","link":"https:\/\/atypique.brunotarhan.fr\/index.php\/produit\/laffaire-clara-millerolivier-balpocket\/","title":{"rendered":"L&#8217;Affaire Clara Miller\nOlivier Bal\nPocket"},"content":{"rendered":"<p>Son cadavre est remont\u00e9, comme celui d&#8217;autres femmes, \u00e0 la surface de l&#8217;eau. Six au total&#8230; L\u00e0-bas, dans les for\u00eats du New Hampshire, ce lieu maudit porte un nom : le lac aux Suicid\u00e9es. Clara Miller \u00e9tait journaliste. Comme Paul Green, le reporter qui d\u00e9barque sur l&#8217;affaire. Il avait connu Clara \u00e9tudiante, et ne croit pas un instant \u00e0 la th\u00e8se du suicide. Un homme l&#8217;intrigue : Mike Stilth, l&#8217;immense rock star qui vit retranch\u00e9e \u00e0 quelques kilom\u00e8tres de l\u00e0, entour\u00e9e d&#8217;une poign\u00e9e de fid\u00e8les pr\u00eats \u00e0 tout pour d\u00e9fendre son intimit\u00e9, dans un manoir transform\u00e9 en forteresse.<br \/>\nMais Paul, lui, a tout son temps. Dans sa vieille Ford d\u00e9glingu\u00e9e, il tourne inlassablement autour du domaine. Avec cette question : et si, du manoir, la route menait directement au lac ?<\/p>\n","protected":false},"excerpt":{"rendered":"<p>Son cadavre est remont\u00e9, comme celui d&#8217;autres femmes, \u00e0 la surface de l&#8217;eau. Six au total&#8230; L\u00e0-bas, dans les for\u00eats du New Hampshire, ce lieu maudit\u2026<\/p>\n","protected":false},"featured_media":15798,"comment_status":"open","ping_status":"closed","template":"","meta":[],"product_cat":[93,204],"product_tag":[391,392,183,239,263,264,208],"class_list":["post-16050","product","type-product","status-publish","has-post-thumbnail","hentry","product_cat-librairie","product_cat-polars-thrillers","product_tag-laffaire-clara-miller","product_tag-olivier-bal","product_tag-poche","product_tag-pocket","product_tag-polar","product_tag-policier","product_tag-thriller"],"yoast_head":"<!-- This site is optimized with the Yoast SEO plugin v18.0 - https:\/\/yoast.com\/wordpress\/plugins\/seo\/ -->\n<title>L&#039;Affaire Clara Miller Olivier Bal Pocket - Atypique Concept Store<\/title>\n<meta name=\"robots\" content=\"index, follow, max-snippet:-1, max-image-preview:large, max-video-preview:-1\" \/>\n<link rel=\"canonical\" href=\"https:\/\/atypique.brunotarhan.fr\/index.php\/produit\/laffaire-clara-millerolivier-balpocket\/\" \/>\n<meta property=\"og:locale\" content=\"fr_FR\" \/>\n<meta property=\"og:type\" content=\"article\" \/>\n<meta property=\"og:title\" content=\"L&#039;Affaire Clara Miller Olivier Bal Pocket - Atypique Concept Store\" \/>\n<meta property=\"og:description\" content=\"Son cadavre est remont\u00e9, comme celui d&#039;autres femmes, \u00e0 la surface de l&#039;eau. Six au total... L\u00e0-bas, dans les for\u00eats du New Hampshire, ce lieu maudit\u2026\" \/>\n<meta property=\"og:url\" content=\"https:\/\/atypique.brunotarhan.fr\/index.php\/produit\/laffaire-clara-millerolivier-balpocket\/\" \/>\n<meta property=\"og:site_name\" content=\"Atypique Concept Store\" \/>\n<meta name=\"twitter:card\" content=\"summary_large_image\" \/>\n<meta name=\"twitter:label1\" content=\"Dur\u00e9e de lecture estim\u00e9e\" \/>\n\t<meta name=\"twitter:data1\" content=\"1 minute\" \/>\n<script type=\"application\/ld+json\" class=\"yoast-schema-graph\">{\"@context\":\"https:\/\/schema.org\",\"@graph\":[{\"@type\":\"WebSite\",\"@id\":\"https:\/\/atypique.brunotarhan.fr\/#website\",\"url\":\"https:\/\/atypique.brunotarhan.fr\/\",\"name\":\"Atypique Concept Store\",\"description\":\"Just another WordPress site\",\"potentialAction\":[{\"@type\":\"SearchAction\",\"target\":{\"@type\":\"EntryPoint\",\"urlTemplate\":\"https:\/\/atypique.brunotarhan.fr\/?s={search_term_string}\"},\"query-input\":\"required name=search_term_string\"}],\"inLanguage\":\"fr-FR\"},{\"@type\":\"ImageObject\",\"@id\":\"https:\/\/atypique.brunotarhan.fr\/index.php\/produit\/laffaire-clara-millerolivier-balpocket\/#primaryimage\",\"inLanguage\":\"fr-FR\",\"url\":\"https:\/\/atypique.brunotarhan.fr\/wp-content\/uploads\/2022\/04\/l-affaire-clara-miller.webp\",\"contentUrl\":\"https:\/\/atypique.brunotarhan.fr\/wp-content\/uploads\/2022\/04\/l-affaire-clara-miller.webp\",\"width\":305,\"height\":500},{\"@type\":\"WebPage\",\"@id\":\"https:\/\/atypique.brunotarhan.fr\/index.php\/produit\/laffaire-clara-millerolivier-balpocket\/#webpage\",\"url\":\"https:\/\/atypique.brunotarhan.fr\/index.php\/produit\/laffaire-clara-millerolivier-balpocket\/\",\"name\":\"L'Affaire Clara Miller Olivier Bal Pocket - Atypique Concept Store\",\"isPartOf\":{\"@id\":\"https:\/\/atypique.brunotarhan.fr\/#website\"},\"primaryImageOfPage\":{\"@id\":\"https:\/\/atypique.brunotarhan.fr\/index.php\/produit\/laffaire-clara-millerolivier-balpocket\/#primaryimage\"},\"datePublished\":\"2022-04-25T22:31:35+00:00\",\"dateModified\":\"2022-04-25T22:31:35+00:00\",\"breadcrumb\":{\"@id\":\"https:\/\/atypique.brunotarhan.fr\/index.php\/produit\/laffaire-clara-millerolivier-balpocket\/#breadcrumb\"},\"inLanguage\":\"fr-FR\",\"potentialAction\":[{\"@type\":\"ReadAction\",\"target\":[\"https:\/\/atypique.brunotarhan.fr\/index.php\/produit\/laffaire-clara-millerolivier-balpocket\/\"]}]},{\"@type\":\"BreadcrumbList\",\"@id\":\"https:\/\/atypique.brunotarhan.fr\/index.php\/produit\/laffaire-clara-millerolivier-balpocket\/#breadcrumb\",\"itemListElement\":[{\"@type\":\"ListItem\",\"position\":1,\"name\":\"Accueil\",\"item\":\"https:\/\/atypique.brunotarhan.fr\/\"},{\"@type\":\"ListItem\",\"position\":2,\"name\":\"\"},{\"@type\":\"ListItem\",\"position\":3,\"name\":\"L&#8217;Affaire Clara Miller Olivier Bal Pocket\"}]}]}<\/script>\n<!-- \/ Yoast SEO plugin. -->","yoast_head_json":{"title":"L'Affaire Clara Miller Olivier Bal Pocket - Atypique Concept Store","robots":{"index":"index","follow":"follow","max-snippet":"max-snippet:-1","max-image-preview":"max-image-preview:large","max-video-preview":"max-video-preview:-1"},"canonical":"https:\/\/atypique.brunotarhan.fr\/index.php\/produit\/laffaire-clara-millerolivier-balpocket\/","og_locale":"fr_FR","og_type":"article","og_title":"L'Affaire Clara Miller Olivier Bal Pocket - Atypique Concept Store","og_description":"Son cadavre est remont\u00e9, comme celui d'autres femmes, \u00e0 la surface de l'eau. Six au total... L\u00e0-bas, dans les for\u00eats du New Hampshire, ce lieu maudit\u2026","og_url":"https:\/\/atypique.brunotarhan.fr\/index.php\/produit\/laffaire-clara-millerolivier-balpocket\/","og_site_name":"Atypique Concept Store","twitter_card":"summary_large_image","twitter_misc":{"Dur\u00e9e de lecture estim\u00e9e":"1 minute"},"schema":{"@context":"https:\/\/schema.org","@graph":[{"@type":"WebSite","@id":"https:\/\/atypique.brunotarhan.fr\/#website","url":"https:\/\/atypique.brunotarhan.fr\/","name":"Atypique Concept Store","description":"Just another WordPress site","potentialAction":[{"@type":"SearchAction","target":{"@type":"EntryPoint","urlTemplate":"https:\/\/atypique.brunotarhan.fr\/?s={search_term_string}"},"query-input":"required name=search_term_string"}],"inLanguage":"fr-FR"},{"@type":"ImageObject","@id":"https:\/\/atypique.brunotarhan.fr\/index.php\/produit\/laffaire-clara-millerolivier-balpocket\/#primaryimage","inLanguage":"fr-FR","url":"https:\/\/atypique.brunotarhan.fr\/wp-content\/uploads\/2022\/04\/l-affaire-clara-miller.webp","contentUrl":"https:\/\/atypique.brunotarhan.fr\/wp-content\/uploads\/2022\/04\/l-affaire-clara-miller.webp","width":305,"height":500},{"@type":"WebPage","@id":"https:\/\/atypique.brunotarhan.fr\/index.php\/produit\/laffaire-clara-millerolivier-balpocket\/#webpage","url":"https:\/\/atypique.brunotarhan.fr\/index.php\/produit\/laffaire-clara-millerolivier-balpocket\/","name":"L'Affaire Clara Miller Olivier Bal Pocket - Atypique Concept Store","isPartOf":{"@id":"https:\/\/atypique.brunotarhan.fr\/#website"},"primaryImageOfPage":{"@id":"https:\/\/atypique.brunotarhan.fr\/index.php\/produit\/laffaire-clara-millerolivier-balpocket\/#primaryimage"},"datePublished":"2022-04-25T22:31:35+00:00","dateModified":"2022-04-25T22:31:35+00:00","breadcrumb":{"@id":"https:\/\/atypique.brunotarhan.fr\/index.php\/produit\/laffaire-clara-millerolivier-balpocket\/#breadcrumb"},"inLanguage":"fr-FR","potentialAction":[{"@type":"ReadAction","target":["https:\/\/atypique.brunotarhan.fr\/index.php\/produit\/laffaire-clara-millerolivier-balpocket\/"]}]},{"@type":"BreadcrumbList","@id":"https:\/\/atypique.brunotarhan.fr\/index.php\/produit\/laffaire-clara-millerolivier-balpocket\/#breadcrumb","itemListElement":[{"@type":"ListItem","position":1,"name":"Accueil","item":"https:\/\/atypique.brunotarhan.fr\/"},{"@type":"ListItem","position":2,"name":""},{"@type":"ListItem","position":3,"name":"L&#8217;Affaire Clara Miller Olivier Bal Pocket"}]}]}},"_links":{"self":[{"href":"https:\/\/atypique.brunotarhan.fr\/index.php\/wp-json\/wp\/v2\/product\/16050","targetHints":{"allow":["GET"]}}],"collection":[{"href":"https:\/\/atypique.brunotarhan.fr\/index.php\/wp-json\/wp\/v2\/product"}],"about":[{"href":"https:\/\/atypique.brunotarhan.fr\/index.php\/wp-json\/wp\/v2\/types\/product"}],"replies":[{"embeddable":true,"href":"https:\/\/atypique.brunotarhan.fr\/index.php\/wp-json\/wp\/v2\/comments?post=16050"}],"wp:featuredmedia":[{"embeddable":true,"href":"https:\/\/atypique.brunotarhan.fr\/index.php\/wp-json\/wp\/v2\/media\/15798"}],"wp:attachment":[{"href":"https:\/\/atypique.brunotarhan.fr\/index.php\/wp-json\/wp\/v2\/media?parent=16050"}],"wp:term":[{"taxonomy":"product_cat","embeddable":true,"href":"https:\/\/atypique.brunotarhan.fr\/index.php\/wp-json\/wp\/v2\/product_cat?post=16050"},{"taxonomy":"product_tag","embeddable":true,"href":"https:\/\/atypique.brunotarhan.fr\/index.php\/wp-json\/wp\/v2\/product_tag?post=16050"}],"curies":[{"name":"wp","href":"https:\/\/api.w.org\/{rel}","templated":true}]}}