{"id":16045,"date":"2022-04-25T22:31:33","date_gmt":"2022-04-25T22:31:33","guid":{"rendered":"https:\/\/atypique.brunotarhan.fr\/index.php\/produit\/la-chronique-des-bridgerton-tome-9des-annees-plus-tard-les-chroniques-de-lady-whistledown-a-la-saint-valentin-et-il-a-suffi-dun-baiserjulia-quinnjai-lu\/"},"modified":"2022-04-25T22:31:33","modified_gmt":"2022-04-25T22:31:33","slug":"la-chronique-des-bridgerton-tome-9des-annees-plus-tard-les-chroniques-de-lady-whistledown-a-la-saint-valentin-et-il-a-suffi-dun-baiserjulia-quinnjai-lu","status":"publish","type":"product","link":"https:\/\/atypique.brunotarhan.fr\/index.php\/produit\/la-chronique-des-bridgerton-tome-9des-annees-plus-tard-les-chroniques-de-lady-whistledown-a-la-saint-valentin-et-il-a-suffi-dun-baiserjulia-quinnjai-lu\/","title":{"rendered":"La chronique des Bridgerton Tome 9\nDes ann\u00e9es plus tard ; Les chroniques de lady Whistledown, A la saint-valentin et Il a suffi d&#8217;un baiser\nJulia Quinn\nJ&#8217;ai lu"},"content":{"rendered":"<p>Du mariage d&#8217;Edmund Bridgerton et de Violet Ledger sont n\u00e9s huit enfants, h\u00e9ros de la Chronique des Bridgerton. Mais que sont devenus Daphn\u00e9, Anthony, Benedict, Colin, Elo\u00efse, Francesca, Gregory et Hyacinthe ? Des ann\u00e9es plus tard, les mariages et les naissances ont apport\u00e9 leurs lots de doutes et de bonheurs. La famille s&#8217;est agrandie et, sous le regard serein et bienveillant de lady Violet, la dynastie Bridgerton se retrouve pour une derni\u00e8re fois.<br \/>\nVous souvenez-vous de lady Whistledown, dont les chroniques alimentaient les ragots du Tout-Londres ? Pour notre plus grand plaisir, elle a repris sa plume acerbe et dr\u00f4le, et nous narre la saison de deux d\u00e9licieuses d\u00e9butantes.<\/p>\n","protected":false},"excerpt":{"rendered":"<p>Du mariage d&#8217;Edmund Bridgerton et de Violet Ledger sont n\u00e9s huit enfants, h\u00e9ros de la Chronique des Bridgerton. Mais que sont devenus Daphn\u00e9, Anthony,&#8230; <\/p>\n","protected":false},"featured_media":15792,"comment_status":"open","ping_status":"closed","template":"","meta":[],"product_cat":[93,186],"product_tag":[375,373,249,370,371,374,189,190,372],"class_list":["post-16045","product","type-product","status-publish","has-post-thumbnail","hentry","product_cat-librairie","product_cat-romans","product_tag-a-la-saint-valentin-et-il-a-suffi-dun-baiser","product_tag-des-annees-plus-tard","product_tag-jai-lu","product_tag-julia-quinn","product_tag-la-chronique-des-bridgerton","product_tag-les-chroniques-de-lady-whistledown","product_tag-roman","product_tag-saga","product_tag-tome-9"],"yoast_head":"<!-- This site is optimized with the Yoast SEO plugin v18.0 - https:\/\/yoast.com\/wordpress\/plugins\/seo\/ -->\n<title>La chronique des Bridgerton Tome 9 Des ann\u00e9es plus tard ; Les chroniques de lady Whistledown, A la saint-valentin et Il a suffi d&#039;un baiser Julia Quinn J&#039;ai lu - Atypique Concept Store<\/title>\n<meta name=\"robots\" content=\"index, follow, max-snippet:-1, max-image-preview:large, max-video-preview:-1\" \/>\n<link rel=\"canonical\" href=\"https:\/\/atypique.brunotarhan.fr\/index.php\/produit\/la-chronique-des-bridgerton-tome-9des-annees-plus-tard-les-chroniques-de-lady-whistledown-a-la-saint-valentin-et-il-a-suffi-dun-baiserjulia-quinnjai-lu\/\" \/>\n<meta property=\"og:locale\" content=\"fr_FR\" \/>\n<meta property=\"og:type\" content=\"article\" \/>\n<meta property=\"og:title\" content=\"La chronique des Bridgerton Tome 9 Des ann\u00e9es plus tard ; Les chroniques de lady Whistledown, A la saint-valentin et Il a suffi d&#039;un baiser Julia Quinn J&#039;ai lu - Atypique Concept Store\" \/>\n<meta property=\"og:description\" content=\"Du mariage d&#039;Edmund Bridgerton et de Violet Ledger sont n\u00e9s huit enfants, h\u00e9ros de la Chronique des Bridgerton. Mais que sont devenus Daphn\u00e9, Anthony,...\" \/>\n<meta property=\"og:url\" content=\"https:\/\/atypique.brunotarhan.fr\/index.php\/produit\/la-chronique-des-bridgerton-tome-9des-annees-plus-tard-les-chroniques-de-lady-whistledown-a-la-saint-valentin-et-il-a-suffi-dun-baiserjulia-quinnjai-lu\/\" \/>\n<meta property=\"og:site_name\" content=\"Atypique Concept Store\" \/>\n<meta name=\"twitter:card\" content=\"summary_large_image\" \/>\n<meta name=\"twitter:label1\" content=\"Dur\u00e9e de lecture estim\u00e9e\" \/>\n\t<meta name=\"twitter:data1\" content=\"1 minute\" \/>\n<script type=\"application\/ld+json\" class=\"yoast-schema-graph\">{\"@context\":\"https:\/\/schema.org\",\"@graph\":[{\"@type\":\"WebSite\",\"@id\":\"https:\/\/atypique.brunotarhan.fr\/#website\",\"url\":\"https:\/\/atypique.brunotarhan.fr\/\",\"name\":\"Atypique Concept Store\",\"description\":\"Just another WordPress site\",\"potentialAction\":[{\"@type\":\"SearchAction\",\"target\":{\"@type\":\"EntryPoint\",\"urlTemplate\":\"https:\/\/atypique.brunotarhan.fr\/?s={search_term_string}\"},\"query-input\":\"required name=search_term_string\"}],\"inLanguage\":\"fr-FR\"},{\"@type\":\"ImageObject\",\"@id\":\"https:\/\/atypique.brunotarhan.fr\/index.php\/produit\/la-chronique-des-bridgerton-tome-9des-annees-plus-tard-les-chroniques-de-lady-whistledown-a-la-saint-valentin-et-il-a-suffi-dun-baiserjulia-quinnjai-lu\/#primaryimage\",\"inLanguage\":\"fr-FR\",\"url\":\"https:\/\/atypique.brunotarhan.fr\/wp-content\/uploads\/2022\/04\/la-chronique-des-bridgerton-tome-9.webp\",\"contentUrl\":\"https:\/\/atypique.brunotarhan.fr\/wp-content\/uploads\/2022\/04\/la-chronique-des-bridgerton-tome-9.webp\",\"width\":342,\"height\":500},{\"@type\":\"WebPage\",\"@id\":\"https:\/\/atypique.brunotarhan.fr\/index.php\/produit\/la-chronique-des-bridgerton-tome-9des-annees-plus-tard-les-chroniques-de-lady-whistledown-a-la-saint-valentin-et-il-a-suffi-dun-baiserjulia-quinnjai-lu\/#webpage\",\"url\":\"https:\/\/atypique.brunotarhan.fr\/index.php\/produit\/la-chronique-des-bridgerton-tome-9des-annees-plus-tard-les-chroniques-de-lady-whistledown-a-la-saint-valentin-et-il-a-suffi-dun-baiserjulia-quinnjai-lu\/\",\"name\":\"La chronique des Bridgerton Tome 9 Des ann\u00e9es plus tard ; Les chroniques de lady Whistledown, A la saint-valentin et Il a suffi d'un baiser Julia Quinn J'ai lu - Atypique Concept Store\",\"isPartOf\":{\"@id\":\"https:\/\/atypique.brunotarhan.fr\/#website\"},\"primaryImageOfPage\":{\"@id\":\"https:\/\/atypique.brunotarhan.fr\/index.php\/produit\/la-chronique-des-bridgerton-tome-9des-annees-plus-tard-les-chroniques-de-lady-whistledown-a-la-saint-valentin-et-il-a-suffi-dun-baiserjulia-quinnjai-lu\/#primaryimage\"},\"datePublished\":\"2022-04-25T22:31:33+00:00\",\"dateModified\":\"2022-04-25T22:31:33+00:00\",\"breadcrumb\":{\"@id\":\"https:\/\/atypique.brunotarhan.fr\/index.php\/produit\/la-chronique-des-bridgerton-tome-9des-annees-plus-tard-les-chroniques-de-lady-whistledown-a-la-saint-valentin-et-il-a-suffi-dun-baiserjulia-quinnjai-lu\/#breadcrumb\"},\"inLanguage\":\"fr-FR\",\"potentialAction\":[{\"@type\":\"ReadAction\",\"target\":[\"https:\/\/atypique.brunotarhan.fr\/index.php\/produit\/la-chronique-des-bridgerton-tome-9des-annees-plus-tard-les-chroniques-de-lady-whistledown-a-la-saint-valentin-et-il-a-suffi-dun-baiserjulia-quinnjai-lu\/\"]}]},{\"@type\":\"BreadcrumbList\",\"@id\":\"https:\/\/atypique.brunotarhan.fr\/index.php\/produit\/la-chronique-des-bridgerton-tome-9des-annees-plus-tard-les-chroniques-de-lady-whistledown-a-la-saint-valentin-et-il-a-suffi-dun-baiserjulia-quinnjai-lu\/#breadcrumb\",\"itemListElement\":[{\"@type\":\"ListItem\",\"position\":1,\"name\":\"Accueil\",\"item\":\"https:\/\/atypique.brunotarhan.fr\/\"},{\"@type\":\"ListItem\",\"position\":2,\"name\":\"\"},{\"@type\":\"ListItem\",\"position\":3,\"name\":\"La chronique des Bridgerton Tome 9 Des ann\u00e9es plus tard ; Les chroniques de lady Whistledown, A la saint-valentin et Il a suffi d&#8217;un baiser Julia Quinn J&#8217;ai lu\"}]}]}<\/script>\n<!-- \/ Yoast SEO plugin. -->","yoast_head_json":{"title":"La chronique des Bridgerton Tome 9 Des ann\u00e9es plus tard ; Les chroniques de lady Whistledown, A la saint-valentin et Il a suffi d'un baiser Julia Quinn J'ai lu - Atypique Concept Store","robots":{"index":"index","follow":"follow","max-snippet":"max-snippet:-1","max-image-preview":"max-image-preview:large","max-video-preview":"max-video-preview:-1"},"canonical":"https:\/\/atypique.brunotarhan.fr\/index.php\/produit\/la-chronique-des-bridgerton-tome-9des-annees-plus-tard-les-chroniques-de-lady-whistledown-a-la-saint-valentin-et-il-a-suffi-dun-baiserjulia-quinnjai-lu\/","og_locale":"fr_FR","og_type":"article","og_title":"La chronique des Bridgerton Tome 9 Des ann\u00e9es plus tard ; Les chroniques de lady Whistledown, A la saint-valentin et Il a suffi d'un baiser Julia Quinn J'ai lu - Atypique Concept Store","og_description":"Du mariage d'Edmund Bridgerton et de Violet Ledger sont n\u00e9s huit enfants, h\u00e9ros de la Chronique des Bridgerton. Mais que sont devenus Daphn\u00e9, Anthony,...","og_url":"https:\/\/atypique.brunotarhan.fr\/index.php\/produit\/la-chronique-des-bridgerton-tome-9des-annees-plus-tard-les-chroniques-de-lady-whistledown-a-la-saint-valentin-et-il-a-suffi-dun-baiserjulia-quinnjai-lu\/","og_site_name":"Atypique Concept Store","twitter_card":"summary_large_image","twitter_misc":{"Dur\u00e9e de lecture estim\u00e9e":"1 minute"},"schema":{"@context":"https:\/\/schema.org","@graph":[{"@type":"WebSite","@id":"https:\/\/atypique.brunotarhan.fr\/#website","url":"https:\/\/atypique.brunotarhan.fr\/","name":"Atypique Concept Store","description":"Just another WordPress site","potentialAction":[{"@type":"SearchAction","target":{"@type":"EntryPoint","urlTemplate":"https:\/\/atypique.brunotarhan.fr\/?s={search_term_string}"},"query-input":"required name=search_term_string"}],"inLanguage":"fr-FR"},{"@type":"ImageObject","@id":"https:\/\/atypique.brunotarhan.fr\/index.php\/produit\/la-chronique-des-bridgerton-tome-9des-annees-plus-tard-les-chroniques-de-lady-whistledown-a-la-saint-valentin-et-il-a-suffi-dun-baiserjulia-quinnjai-lu\/#primaryimage","inLanguage":"fr-FR","url":"https:\/\/atypique.brunotarhan.fr\/wp-content\/uploads\/2022\/04\/la-chronique-des-bridgerton-tome-9.webp","contentUrl":"https:\/\/atypique.brunotarhan.fr\/wp-content\/uploads\/2022\/04\/la-chronique-des-bridgerton-tome-9.webp","width":342,"height":500},{"@type":"WebPage","@id":"https:\/\/atypique.brunotarhan.fr\/index.php\/produit\/la-chronique-des-bridgerton-tome-9des-annees-plus-tard-les-chroniques-de-lady-whistledown-a-la-saint-valentin-et-il-a-suffi-dun-baiserjulia-quinnjai-lu\/#webpage","url":"https:\/\/atypique.brunotarhan.fr\/index.php\/produit\/la-chronique-des-bridgerton-tome-9des-annees-plus-tard-les-chroniques-de-lady-whistledown-a-la-saint-valentin-et-il-a-suffi-dun-baiserjulia-quinnjai-lu\/","name":"La chronique des Bridgerton Tome 9 Des ann\u00e9es plus tard ; Les chroniques de lady Whistledown, A la saint-valentin et Il a suffi d'un baiser Julia Quinn J'ai lu - Atypique Concept Store","isPartOf":{"@id":"https:\/\/atypique.brunotarhan.fr\/#website"},"primaryImageOfPage":{"@id":"https:\/\/atypique.brunotarhan.fr\/index.php\/produit\/la-chronique-des-bridgerton-tome-9des-annees-plus-tard-les-chroniques-de-lady-whistledown-a-la-saint-valentin-et-il-a-suffi-dun-baiserjulia-quinnjai-lu\/#primaryimage"},"datePublished":"2022-04-25T22:31:33+00:00","dateModified":"2022-04-25T22:31:33+00:00","breadcrumb":{"@id":"https:\/\/atypique.brunotarhan.fr\/index.php\/produit\/la-chronique-des-bridgerton-tome-9des-annees-plus-tard-les-chroniques-de-lady-whistledown-a-la-saint-valentin-et-il-a-suffi-dun-baiserjulia-quinnjai-lu\/#breadcrumb"},"inLanguage":"fr-FR","potentialAction":[{"@type":"ReadAction","target":["https:\/\/atypique.brunotarhan.fr\/index.php\/produit\/la-chronique-des-bridgerton-tome-9des-annees-plus-tard-les-chroniques-de-lady-whistledown-a-la-saint-valentin-et-il-a-suffi-dun-baiserjulia-quinnjai-lu\/"]}]},{"@type":"BreadcrumbList","@id":"https:\/\/atypique.brunotarhan.fr\/index.php\/produit\/la-chronique-des-bridgerton-tome-9des-annees-plus-tard-les-chroniques-de-lady-whistledown-a-la-saint-valentin-et-il-a-suffi-dun-baiserjulia-quinnjai-lu\/#breadcrumb","itemListElement":[{"@type":"ListItem","position":1,"name":"Accueil","item":"https:\/\/atypique.brunotarhan.fr\/"},{"@type":"ListItem","position":2,"name":""},{"@type":"ListItem","position":3,"name":"La chronique des Bridgerton Tome 9 Des ann\u00e9es plus tard ; Les chroniques de lady Whistledown, A la saint-valentin et Il a suffi d&#8217;un baiser Julia Quinn J&#8217;ai lu"}]}]}},"_links":{"self":[{"href":"https:\/\/atypique.brunotarhan.fr\/index.php\/wp-json\/wp\/v2\/product\/16045","targetHints":{"allow":["GET"]}}],"collection":[{"href":"https:\/\/atypique.brunotarhan.fr\/index.php\/wp-json\/wp\/v2\/product"}],"about":[{"href":"https:\/\/atypique.brunotarhan.fr\/index.php\/wp-json\/wp\/v2\/types\/product"}],"replies":[{"embeddable":true,"href":"https:\/\/atypique.brunotarhan.fr\/index.php\/wp-json\/wp\/v2\/comments?post=16045"}],"wp:featuredmedia":[{"embeddable":true,"href":"https:\/\/atypique.brunotarhan.fr\/index.php\/wp-json\/wp\/v2\/media\/15792"}],"wp:attachment":[{"href":"https:\/\/atypique.brunotarhan.fr\/index.php\/wp-json\/wp\/v2\/media?parent=16045"}],"wp:term":[{"taxonomy":"product_cat","embeddable":true,"href":"https:\/\/atypique.brunotarhan.fr\/index.php\/wp-json\/wp\/v2\/product_cat?post=16045"},{"taxonomy":"product_tag","embeddable":true,"href":"https:\/\/atypique.brunotarhan.fr\/index.php\/wp-json\/wp\/v2\/product_tag?post=16045"}],"curies":[{"name":"wp","href":"https:\/\/api.w.org\/{rel}","templated":true}]}}