{"id":16044,"date":"2022-04-25T22:31:33","date_gmt":"2022-04-25T22:31:33","guid":{"rendered":"https:\/\/atypique.brunotarhan.fr\/index.php\/produit\/la-chronique-des-bridgerton-tomes-1-et-2daphne-et-le-duc-anthonyjulia-quinnjai-lu\/"},"modified":"2022-04-25T22:31:33","modified_gmt":"2022-04-25T22:31:33","slug":"la-chronique-des-bridgerton-tomes-1-et-2daphne-et-le-duc-anthonyjulia-quinnjai-lu","status":"publish","type":"product","link":"https:\/\/atypique.brunotarhan.fr\/index.php\/produit\/la-chronique-des-bridgerton-tomes-1-et-2daphne-et-le-duc-anthonyjulia-quinnjai-lu\/","title":{"rendered":"La chronique des Bridgerton Tomes 1 et 2\nDaphn\u00e9 et le duc ; Anthony\nJulia Quinn\nJ&#8217;ai lu"},"content":{"rendered":"<p>Tr\u00e8s chers lecteurs, quelle saison ! Au rythme des bals et des r\u00e9ceptions, je vous ai narr\u00e9 le feuilleton haletant de la folle romance entre Mlle Daphn\u00e9 Bridgerton et Simon, le t\u00e9n\u00e9breux duc de Hastings. Valses langoureuses, rebondissements cocasses et bagarres m\u00e9morables nous auront tenus en haleine jusqu&#8217;\u00e0 l&#8217;\u00e9pilogue d&#8217;un romantisme \u00e9chevel\u00e9. Aurons-nous le temps de reprendre notre souffle ? Il est \u00e0 craindre que non, car il se chuchote d\u00e9j\u00e0 dans Londres qu&#8217;Anthony, le fr\u00e8re de Daphn\u00e9, serait d\u00e9cid\u00e9 \u00e0 convoler lui aussi.<br \/>\nH\u00e9las, l&#8217;\u00e9lue a une soeur odieuse qui s&#8217;oppose cat\u00e9goriquement \u00e0 cette union en raison du pass\u00e9 libertin du vicomte. Cela nous promet bien des p\u00e9rip\u00e9ties. Et comme il reste six Bridgerton \u00e0 marier, votre d\u00e9vou\u00e9e chroniqueuse a de beaux jours devant elle. Ne perdez pas le fil, chers lecteurs, la saga ne fait que commencer !<\/p>\n","protected":false},"excerpt":{"rendered":"<p>Tr\u00e8s chers lecteurs, quelle saison ! Au rythme des bals et des r\u00e9ceptions, je vous ai narr\u00e9 le feuilleton haletant de la folle romance entre Mlle Daphn\u00e9\u2026<\/p>\n","protected":false},"featured_media":15791,"comment_status":"open","ping_status":"closed","template":"","meta":[],"product_cat":[93,186],"product_tag":[369,249,370,368,189],"class_list":["post-16044","product","type-product","status-publish","has-post-thumbnail","hentry","product_cat-librairie","product_cat-romans","product_tag-daphne-et-le-duc-anthony","product_tag-jai-lu","product_tag-julia-quinn","product_tag-la-chronique-des-bridgerton-tomes-1-et-2","product_tag-roman"],"yoast_head":"<!-- This site is optimized with the Yoast SEO plugin v18.0 - https:\/\/yoast.com\/wordpress\/plugins\/seo\/ -->\n<title>La chronique des Bridgerton Tomes 1 et 2 Daphn\u00e9 et le duc ; Anthony Julia Quinn J&#039;ai lu - Atypique Concept Store<\/title>\n<meta name=\"robots\" content=\"index, follow, max-snippet:-1, max-image-preview:large, max-video-preview:-1\" \/>\n<link rel=\"canonical\" href=\"https:\/\/atypique.brunotarhan.fr\/index.php\/produit\/la-chronique-des-bridgerton-tomes-1-et-2daphne-et-le-duc-anthonyjulia-quinnjai-lu\/\" \/>\n<meta property=\"og:locale\" content=\"fr_FR\" \/>\n<meta property=\"og:type\" content=\"article\" \/>\n<meta property=\"og:title\" content=\"La chronique des Bridgerton Tomes 1 et 2 Daphn\u00e9 et le duc ; Anthony Julia Quinn J&#039;ai lu - Atypique Concept Store\" \/>\n<meta property=\"og:description\" content=\"Tr\u00e8s chers lecteurs, quelle saison ! Au rythme des bals et des r\u00e9ceptions, je vous ai narr\u00e9 le feuilleton haletant de la folle romance entre Mlle Daphn\u00e9\u2026\" \/>\n<meta property=\"og:url\" content=\"https:\/\/atypique.brunotarhan.fr\/index.php\/produit\/la-chronique-des-bridgerton-tomes-1-et-2daphne-et-le-duc-anthonyjulia-quinnjai-lu\/\" \/>\n<meta property=\"og:site_name\" content=\"Atypique Concept Store\" \/>\n<meta name=\"twitter:card\" content=\"summary_large_image\" \/>\n<meta name=\"twitter:label1\" content=\"Dur\u00e9e de lecture estim\u00e9e\" \/>\n\t<meta name=\"twitter:data1\" content=\"1 minute\" \/>\n<script type=\"application\/ld+json\" class=\"yoast-schema-graph\">{\"@context\":\"https:\/\/schema.org\",\"@graph\":[{\"@type\":\"WebSite\",\"@id\":\"https:\/\/atypique.brunotarhan.fr\/#website\",\"url\":\"https:\/\/atypique.brunotarhan.fr\/\",\"name\":\"Atypique Concept Store\",\"description\":\"Just another WordPress site\",\"potentialAction\":[{\"@type\":\"SearchAction\",\"target\":{\"@type\":\"EntryPoint\",\"urlTemplate\":\"https:\/\/atypique.brunotarhan.fr\/?s={search_term_string}\"},\"query-input\":\"required name=search_term_string\"}],\"inLanguage\":\"fr-FR\"},{\"@type\":\"ImageObject\",\"@id\":\"https:\/\/atypique.brunotarhan.fr\/index.php\/produit\/la-chronique-des-bridgerton-tomes-1-et-2daphne-et-le-duc-anthonyjulia-quinnjai-lu\/#primaryimage\",\"inLanguage\":\"fr-FR\",\"url\":\"https:\/\/atypique.brunotarhan.fr\/wp-content\/uploads\/2022\/04\/la-chronique-des-bridgerton.webp\",\"contentUrl\":\"https:\/\/atypique.brunotarhan.fr\/wp-content\/uploads\/2022\/04\/la-chronique-des-bridgerton.webp\",\"width\":342,\"height\":500},{\"@type\":\"WebPage\",\"@id\":\"https:\/\/atypique.brunotarhan.fr\/index.php\/produit\/la-chronique-des-bridgerton-tomes-1-et-2daphne-et-le-duc-anthonyjulia-quinnjai-lu\/#webpage\",\"url\":\"https:\/\/atypique.brunotarhan.fr\/index.php\/produit\/la-chronique-des-bridgerton-tomes-1-et-2daphne-et-le-duc-anthonyjulia-quinnjai-lu\/\",\"name\":\"La chronique des Bridgerton Tomes 1 et 2 Daphn\u00e9 et le duc ; Anthony Julia Quinn J'ai lu - Atypique Concept Store\",\"isPartOf\":{\"@id\":\"https:\/\/atypique.brunotarhan.fr\/#website\"},\"primaryImageOfPage\":{\"@id\":\"https:\/\/atypique.brunotarhan.fr\/index.php\/produit\/la-chronique-des-bridgerton-tomes-1-et-2daphne-et-le-duc-anthonyjulia-quinnjai-lu\/#primaryimage\"},\"datePublished\":\"2022-04-25T22:31:33+00:00\",\"dateModified\":\"2022-04-25T22:31:33+00:00\",\"breadcrumb\":{\"@id\":\"https:\/\/atypique.brunotarhan.fr\/index.php\/produit\/la-chronique-des-bridgerton-tomes-1-et-2daphne-et-le-duc-anthonyjulia-quinnjai-lu\/#breadcrumb\"},\"inLanguage\":\"fr-FR\",\"potentialAction\":[{\"@type\":\"ReadAction\",\"target\":[\"https:\/\/atypique.brunotarhan.fr\/index.php\/produit\/la-chronique-des-bridgerton-tomes-1-et-2daphne-et-le-duc-anthonyjulia-quinnjai-lu\/\"]}]},{\"@type\":\"BreadcrumbList\",\"@id\":\"https:\/\/atypique.brunotarhan.fr\/index.php\/produit\/la-chronique-des-bridgerton-tomes-1-et-2daphne-et-le-duc-anthonyjulia-quinnjai-lu\/#breadcrumb\",\"itemListElement\":[{\"@type\":\"ListItem\",\"position\":1,\"name\":\"Accueil\",\"item\":\"https:\/\/atypique.brunotarhan.fr\/\"},{\"@type\":\"ListItem\",\"position\":2,\"name\":\"\"},{\"@type\":\"ListItem\",\"position\":3,\"name\":\"La chronique des Bridgerton Tomes 1 et 2 Daphn\u00e9 et le duc ; Anthony Julia Quinn J&#8217;ai lu\"}]}]}<\/script>\n<!-- \/ Yoast SEO plugin. -->","yoast_head_json":{"title":"La chronique des Bridgerton Tomes 1 et 2 Daphn\u00e9 et le duc ; Anthony Julia Quinn J'ai lu - Atypique Concept Store","robots":{"index":"index","follow":"follow","max-snippet":"max-snippet:-1","max-image-preview":"max-image-preview:large","max-video-preview":"max-video-preview:-1"},"canonical":"https:\/\/atypique.brunotarhan.fr\/index.php\/produit\/la-chronique-des-bridgerton-tomes-1-et-2daphne-et-le-duc-anthonyjulia-quinnjai-lu\/","og_locale":"fr_FR","og_type":"article","og_title":"La chronique des Bridgerton Tomes 1 et 2 Daphn\u00e9 et le duc ; Anthony Julia Quinn J'ai lu - Atypique Concept Store","og_description":"Tr\u00e8s chers lecteurs, quelle saison ! Au rythme des bals et des r\u00e9ceptions, je vous ai narr\u00e9 le feuilleton haletant de la folle romance entre Mlle Daphn\u00e9\u2026","og_url":"https:\/\/atypique.brunotarhan.fr\/index.php\/produit\/la-chronique-des-bridgerton-tomes-1-et-2daphne-et-le-duc-anthonyjulia-quinnjai-lu\/","og_site_name":"Atypique Concept Store","twitter_card":"summary_large_image","twitter_misc":{"Dur\u00e9e de lecture estim\u00e9e":"1 minute"},"schema":{"@context":"https:\/\/schema.org","@graph":[{"@type":"WebSite","@id":"https:\/\/atypique.brunotarhan.fr\/#website","url":"https:\/\/atypique.brunotarhan.fr\/","name":"Atypique Concept Store","description":"Just another WordPress site","potentialAction":[{"@type":"SearchAction","target":{"@type":"EntryPoint","urlTemplate":"https:\/\/atypique.brunotarhan.fr\/?s={search_term_string}"},"query-input":"required name=search_term_string"}],"inLanguage":"fr-FR"},{"@type":"ImageObject","@id":"https:\/\/atypique.brunotarhan.fr\/index.php\/produit\/la-chronique-des-bridgerton-tomes-1-et-2daphne-et-le-duc-anthonyjulia-quinnjai-lu\/#primaryimage","inLanguage":"fr-FR","url":"https:\/\/atypique.brunotarhan.fr\/wp-content\/uploads\/2022\/04\/la-chronique-des-bridgerton.webp","contentUrl":"https:\/\/atypique.brunotarhan.fr\/wp-content\/uploads\/2022\/04\/la-chronique-des-bridgerton.webp","width":342,"height":500},{"@type":"WebPage","@id":"https:\/\/atypique.brunotarhan.fr\/index.php\/produit\/la-chronique-des-bridgerton-tomes-1-et-2daphne-et-le-duc-anthonyjulia-quinnjai-lu\/#webpage","url":"https:\/\/atypique.brunotarhan.fr\/index.php\/produit\/la-chronique-des-bridgerton-tomes-1-et-2daphne-et-le-duc-anthonyjulia-quinnjai-lu\/","name":"La chronique des Bridgerton Tomes 1 et 2 Daphn\u00e9 et le duc ; Anthony Julia Quinn J'ai lu - Atypique Concept Store","isPartOf":{"@id":"https:\/\/atypique.brunotarhan.fr\/#website"},"primaryImageOfPage":{"@id":"https:\/\/atypique.brunotarhan.fr\/index.php\/produit\/la-chronique-des-bridgerton-tomes-1-et-2daphne-et-le-duc-anthonyjulia-quinnjai-lu\/#primaryimage"},"datePublished":"2022-04-25T22:31:33+00:00","dateModified":"2022-04-25T22:31:33+00:00","breadcrumb":{"@id":"https:\/\/atypique.brunotarhan.fr\/index.php\/produit\/la-chronique-des-bridgerton-tomes-1-et-2daphne-et-le-duc-anthonyjulia-quinnjai-lu\/#breadcrumb"},"inLanguage":"fr-FR","potentialAction":[{"@type":"ReadAction","target":["https:\/\/atypique.brunotarhan.fr\/index.php\/produit\/la-chronique-des-bridgerton-tomes-1-et-2daphne-et-le-duc-anthonyjulia-quinnjai-lu\/"]}]},{"@type":"BreadcrumbList","@id":"https:\/\/atypique.brunotarhan.fr\/index.php\/produit\/la-chronique-des-bridgerton-tomes-1-et-2daphne-et-le-duc-anthonyjulia-quinnjai-lu\/#breadcrumb","itemListElement":[{"@type":"ListItem","position":1,"name":"Accueil","item":"https:\/\/atypique.brunotarhan.fr\/"},{"@type":"ListItem","position":2,"name":""},{"@type":"ListItem","position":3,"name":"La chronique des Bridgerton Tomes 1 et 2 Daphn\u00e9 et le duc ; Anthony Julia Quinn J&#8217;ai lu"}]}]}},"_links":{"self":[{"href":"https:\/\/atypique.brunotarhan.fr\/index.php\/wp-json\/wp\/v2\/product\/16044","targetHints":{"allow":["GET"]}}],"collection":[{"href":"https:\/\/atypique.brunotarhan.fr\/index.php\/wp-json\/wp\/v2\/product"}],"about":[{"href":"https:\/\/atypique.brunotarhan.fr\/index.php\/wp-json\/wp\/v2\/types\/product"}],"replies":[{"embeddable":true,"href":"https:\/\/atypique.brunotarhan.fr\/index.php\/wp-json\/wp\/v2\/comments?post=16044"}],"wp:featuredmedia":[{"embeddable":true,"href":"https:\/\/atypique.brunotarhan.fr\/index.php\/wp-json\/wp\/v2\/media\/15791"}],"wp:attachment":[{"href":"https:\/\/atypique.brunotarhan.fr\/index.php\/wp-json\/wp\/v2\/media?parent=16044"}],"wp:term":[{"taxonomy":"product_cat","embeddable":true,"href":"https:\/\/atypique.brunotarhan.fr\/index.php\/wp-json\/wp\/v2\/product_cat?post=16044"},{"taxonomy":"product_tag","embeddable":true,"href":"https:\/\/atypique.brunotarhan.fr\/index.php\/wp-json\/wp\/v2\/product_tag?post=16044"}],"curies":[{"name":"wp","href":"https:\/\/api.w.org\/{rel}","templated":true}]}}