{"id":16042,"date":"2022-04-25T22:31:33","date_gmt":"2022-04-25T22:31:33","guid":{"rendered":"https:\/\/atypique.brunotarhan.fr\/index.php\/produit\/la-chambre-des-merveillesjulien-sandrellivre-de-poche\/"},"modified":"2022-04-25T22:31:33","modified_gmt":"2022-04-25T22:31:33","slug":"la-chambre-des-merveillesjulien-sandrellivre-de-poche","status":"publish","type":"product","link":"https:\/\/atypique.brunotarhan.fr\/index.php\/produit\/la-chambre-des-merveillesjulien-sandrellivre-de-poche\/","title":{"rendered":"La chambre des merveilles\nJulien Sandrel\nLivre de poche"},"content":{"rendered":"<p>Louis a douze ans. Ce matin, alors qu&#8217;il veut confier \u00e0 sa m\u00e8re, Thelma, qu&#8217;il est amoureux pour la premi\u00e8re fois, il voit bien qu&#8217;elle pense \u00e0 autre chose, s\u00fbrement encore \u00e0 son travail. Alors il part avec son skate, f\u00e2ch\u00e9 et d\u00e9\u00e7u, et traverse la rue \u00e0 toute vitesse. Un camion le percute de plein fouet. Le pronostic est sombre. Dans quatre semaines, s&#8217;il n&#8217;y a pas d&#8217;am\u00e9lioration, il faudra d\u00e9brancher le respirateur de Louis.<br \/>\nEn rentrant de l&#8217;h\u00f4pital, d\u00e9sesp\u00e9r\u00e9e, Thelma trouve un carnet sous le matelas de son fils. A l&#8217;int\u00e9rieur, il a r\u00e9pertori\u00e9 toutes les exp\u00e9riences qu&#8217;il aimerait vivre un jour : la liste de ses &#8220;merveilles&#8221; . Thelma prend une d\u00e9cision : une par une, ces merveilles, elle va les accomplir \u00e0 sa place. Et les lui raconter. Si Louis entend ses aventures, il verra combien la vie est belle. Peut-\u00eatre que \u00e7a l&#8217;aidera \u00e0 revenir.<br \/>\nMais il n&#8217;est pas si facile de vivre les r\u00eaves d&#8217;un ado, quand on a presque quarante ans&#8230; C&#8217;est absolument formidable, vous allez pleurer et vous allez rire ! T\u00e9l\u00e9matin. Un petit bijou. Femme actuelle.<\/p>\n","protected":false},"excerpt":{"rendered":"<p>Louis a douze ans. Ce matin, alors qu&#8217;il veut confier \u00e0 sa m\u00e8re, Thelma, qu&#8217;il est amoureux pour la premi\u00e8re fois, il voit bien qu&#8217;elle pense \u00e0 autre\u2026<\/p>\n","protected":false},"featured_media":15789,"comment_status":"open","ping_status":"closed","template":"","meta":[],"product_cat":[93,186],"product_tag":[365,364,242,189],"class_list":["post-16042","product","type-product","status-publish","has-post-thumbnail","hentry","product_cat-librairie","product_cat-romans","product_tag-julien-sandrel","product_tag-la-chambre-des-merveilles","product_tag-livre-de-poche","product_tag-roman"],"yoast_head":"<!-- This site is optimized with the Yoast SEO plugin v18.0 - https:\/\/yoast.com\/wordpress\/plugins\/seo\/ -->\n<title>La chambre des merveilles Julien Sandrel Livre de poche - Atypique Concept Store<\/title>\n<meta name=\"robots\" content=\"index, follow, max-snippet:-1, max-image-preview:large, max-video-preview:-1\" \/>\n<link rel=\"canonical\" href=\"https:\/\/atypique.brunotarhan.fr\/index.php\/produit\/la-chambre-des-merveillesjulien-sandrellivre-de-poche\/\" \/>\n<meta property=\"og:locale\" content=\"fr_FR\" \/>\n<meta property=\"og:type\" content=\"article\" \/>\n<meta property=\"og:title\" content=\"La chambre des merveilles Julien Sandrel Livre de poche - Atypique Concept Store\" \/>\n<meta property=\"og:description\" content=\"Louis a douze ans. Ce matin, alors qu&#039;il veut confier \u00e0 sa m\u00e8re, Thelma, qu&#039;il est amoureux pour la premi\u00e8re fois, il voit bien qu&#039;elle pense \u00e0 autre\u2026\" \/>\n<meta property=\"og:url\" content=\"https:\/\/atypique.brunotarhan.fr\/index.php\/produit\/la-chambre-des-merveillesjulien-sandrellivre-de-poche\/\" \/>\n<meta property=\"og:site_name\" content=\"Atypique Concept Store\" \/>\n<meta name=\"twitter:card\" content=\"summary_large_image\" \/>\n<meta name=\"twitter:label1\" content=\"Dur\u00e9e de lecture estim\u00e9e\" \/>\n\t<meta name=\"twitter:data1\" content=\"1 minute\" \/>\n<script type=\"application\/ld+json\" class=\"yoast-schema-graph\">{\"@context\":\"https:\/\/schema.org\",\"@graph\":[{\"@type\":\"WebSite\",\"@id\":\"https:\/\/atypique.brunotarhan.fr\/#website\",\"url\":\"https:\/\/atypique.brunotarhan.fr\/\",\"name\":\"Atypique Concept Store\",\"description\":\"Just another WordPress site\",\"potentialAction\":[{\"@type\":\"SearchAction\",\"target\":{\"@type\":\"EntryPoint\",\"urlTemplate\":\"https:\/\/atypique.brunotarhan.fr\/?s={search_term_string}\"},\"query-input\":\"required name=search_term_string\"}],\"inLanguage\":\"fr-FR\"},{\"@type\":\"ImageObject\",\"@id\":\"https:\/\/atypique.brunotarhan.fr\/index.php\/produit\/la-chambre-des-merveillesjulien-sandrellivre-de-poche\/#primaryimage\",\"inLanguage\":\"fr-FR\",\"url\":\"https:\/\/atypique.brunotarhan.fr\/wp-content\/uploads\/2022\/04\/la-chambre-des-merveilles.webp\",\"contentUrl\":\"https:\/\/atypique.brunotarhan.fr\/wp-content\/uploads\/2022\/04\/la-chambre-des-merveilles.webp\",\"width\":309,\"height\":500},{\"@type\":\"WebPage\",\"@id\":\"https:\/\/atypique.brunotarhan.fr\/index.php\/produit\/la-chambre-des-merveillesjulien-sandrellivre-de-poche\/#webpage\",\"url\":\"https:\/\/atypique.brunotarhan.fr\/index.php\/produit\/la-chambre-des-merveillesjulien-sandrellivre-de-poche\/\",\"name\":\"La chambre des merveilles Julien Sandrel Livre de poche - Atypique Concept Store\",\"isPartOf\":{\"@id\":\"https:\/\/atypique.brunotarhan.fr\/#website\"},\"primaryImageOfPage\":{\"@id\":\"https:\/\/atypique.brunotarhan.fr\/index.php\/produit\/la-chambre-des-merveillesjulien-sandrellivre-de-poche\/#primaryimage\"},\"datePublished\":\"2022-04-25T22:31:33+00:00\",\"dateModified\":\"2022-04-25T22:31:33+00:00\",\"breadcrumb\":{\"@id\":\"https:\/\/atypique.brunotarhan.fr\/index.php\/produit\/la-chambre-des-merveillesjulien-sandrellivre-de-poche\/#breadcrumb\"},\"inLanguage\":\"fr-FR\",\"potentialAction\":[{\"@type\":\"ReadAction\",\"target\":[\"https:\/\/atypique.brunotarhan.fr\/index.php\/produit\/la-chambre-des-merveillesjulien-sandrellivre-de-poche\/\"]}]},{\"@type\":\"BreadcrumbList\",\"@id\":\"https:\/\/atypique.brunotarhan.fr\/index.php\/produit\/la-chambre-des-merveillesjulien-sandrellivre-de-poche\/#breadcrumb\",\"itemListElement\":[{\"@type\":\"ListItem\",\"position\":1,\"name\":\"Accueil\",\"item\":\"https:\/\/atypique.brunotarhan.fr\/\"},{\"@type\":\"ListItem\",\"position\":2,\"name\":\"\"},{\"@type\":\"ListItem\",\"position\":3,\"name\":\"La chambre des merveilles Julien Sandrel Livre de poche\"}]}]}<\/script>\n<!-- \/ Yoast SEO plugin. -->","yoast_head_json":{"title":"La chambre des merveilles Julien Sandrel Livre de poche - Atypique Concept Store","robots":{"index":"index","follow":"follow","max-snippet":"max-snippet:-1","max-image-preview":"max-image-preview:large","max-video-preview":"max-video-preview:-1"},"canonical":"https:\/\/atypique.brunotarhan.fr\/index.php\/produit\/la-chambre-des-merveillesjulien-sandrellivre-de-poche\/","og_locale":"fr_FR","og_type":"article","og_title":"La chambre des merveilles Julien Sandrel Livre de poche - Atypique Concept Store","og_description":"Louis a douze ans. Ce matin, alors qu'il veut confier \u00e0 sa m\u00e8re, Thelma, qu'il est amoureux pour la premi\u00e8re fois, il voit bien qu'elle pense \u00e0 autre\u2026","og_url":"https:\/\/atypique.brunotarhan.fr\/index.php\/produit\/la-chambre-des-merveillesjulien-sandrellivre-de-poche\/","og_site_name":"Atypique Concept Store","twitter_card":"summary_large_image","twitter_misc":{"Dur\u00e9e de lecture estim\u00e9e":"1 minute"},"schema":{"@context":"https:\/\/schema.org","@graph":[{"@type":"WebSite","@id":"https:\/\/atypique.brunotarhan.fr\/#website","url":"https:\/\/atypique.brunotarhan.fr\/","name":"Atypique Concept Store","description":"Just another WordPress site","potentialAction":[{"@type":"SearchAction","target":{"@type":"EntryPoint","urlTemplate":"https:\/\/atypique.brunotarhan.fr\/?s={search_term_string}"},"query-input":"required name=search_term_string"}],"inLanguage":"fr-FR"},{"@type":"ImageObject","@id":"https:\/\/atypique.brunotarhan.fr\/index.php\/produit\/la-chambre-des-merveillesjulien-sandrellivre-de-poche\/#primaryimage","inLanguage":"fr-FR","url":"https:\/\/atypique.brunotarhan.fr\/wp-content\/uploads\/2022\/04\/la-chambre-des-merveilles.webp","contentUrl":"https:\/\/atypique.brunotarhan.fr\/wp-content\/uploads\/2022\/04\/la-chambre-des-merveilles.webp","width":309,"height":500},{"@type":"WebPage","@id":"https:\/\/atypique.brunotarhan.fr\/index.php\/produit\/la-chambre-des-merveillesjulien-sandrellivre-de-poche\/#webpage","url":"https:\/\/atypique.brunotarhan.fr\/index.php\/produit\/la-chambre-des-merveillesjulien-sandrellivre-de-poche\/","name":"La chambre des merveilles Julien Sandrel Livre de poche - Atypique Concept Store","isPartOf":{"@id":"https:\/\/atypique.brunotarhan.fr\/#website"},"primaryImageOfPage":{"@id":"https:\/\/atypique.brunotarhan.fr\/index.php\/produit\/la-chambre-des-merveillesjulien-sandrellivre-de-poche\/#primaryimage"},"datePublished":"2022-04-25T22:31:33+00:00","dateModified":"2022-04-25T22:31:33+00:00","breadcrumb":{"@id":"https:\/\/atypique.brunotarhan.fr\/index.php\/produit\/la-chambre-des-merveillesjulien-sandrellivre-de-poche\/#breadcrumb"},"inLanguage":"fr-FR","potentialAction":[{"@type":"ReadAction","target":["https:\/\/atypique.brunotarhan.fr\/index.php\/produit\/la-chambre-des-merveillesjulien-sandrellivre-de-poche\/"]}]},{"@type":"BreadcrumbList","@id":"https:\/\/atypique.brunotarhan.fr\/index.php\/produit\/la-chambre-des-merveillesjulien-sandrellivre-de-poche\/#breadcrumb","itemListElement":[{"@type":"ListItem","position":1,"name":"Accueil","item":"https:\/\/atypique.brunotarhan.fr\/"},{"@type":"ListItem","position":2,"name":""},{"@type":"ListItem","position":3,"name":"La chambre des merveilles Julien Sandrel Livre de poche"}]}]}},"_links":{"self":[{"href":"https:\/\/atypique.brunotarhan.fr\/index.php\/wp-json\/wp\/v2\/product\/16042","targetHints":{"allow":["GET"]}}],"collection":[{"href":"https:\/\/atypique.brunotarhan.fr\/index.php\/wp-json\/wp\/v2\/product"}],"about":[{"href":"https:\/\/atypique.brunotarhan.fr\/index.php\/wp-json\/wp\/v2\/types\/product"}],"replies":[{"embeddable":true,"href":"https:\/\/atypique.brunotarhan.fr\/index.php\/wp-json\/wp\/v2\/comments?post=16042"}],"wp:featuredmedia":[{"embeddable":true,"href":"https:\/\/atypique.brunotarhan.fr\/index.php\/wp-json\/wp\/v2\/media\/15789"}],"wp:attachment":[{"href":"https:\/\/atypique.brunotarhan.fr\/index.php\/wp-json\/wp\/v2\/media?parent=16042"}],"wp:term":[{"taxonomy":"product_cat","embeddable":true,"href":"https:\/\/atypique.brunotarhan.fr\/index.php\/wp-json\/wp\/v2\/product_cat?post=16042"},{"taxonomy":"product_tag","embeddable":true,"href":"https:\/\/atypique.brunotarhan.fr\/index.php\/wp-json\/wp\/v2\/product_tag?post=16042"}],"curies":[{"name":"wp","href":"https:\/\/api.w.org\/{rel}","templated":true}]}}