{"id":16041,"date":"2022-04-25T22:31:32","date_gmt":"2022-04-25T22:31:32","guid":{"rendered":"https:\/\/atypique.brunotarhan.fr\/index.php\/produit\/la-chambre-aux-papillonslucinda-rileycharleston\/"},"modified":"2022-04-25T22:31:32","modified_gmt":"2022-04-25T22:31:32","slug":"la-chambre-aux-papillonslucinda-rileycharleston","status":"publish","type":"product","link":"https:\/\/atypique.brunotarhan.fr\/index.php\/produit\/la-chambre-aux-papillonslucinda-rileycharleston\/","title":{"rendered":"La chambre aux papillons\nLucinda Riley\nCharleston"},"content":{"rendered":"<p>Dans la campagne du Suffolk, Admiral House tr\u00f4ne. C&#8217;est la maison de famille de Posy Montague, l&#8217;endroit o\u00f9 elle a pass\u00e9 son enfance \u00e0 courir apr\u00e8s les papillons avec son p\u00e8re, avant d&#8217;y \u00e9lever ses propres enfants. A pr\u00e8s de 70 ans, elle doit pourtant se r\u00e9soudre \u00e0 se s\u00e9parer de cette demeure qui a abrit\u00e9 ses plus grandes joies et ses plus grandes peines. Mais la r\u00e9apparition soudaine de Freddie, son amour de jeunesse qui lui a bris\u00e9 le coeur cinquante ans auparavant, va tout bouleverser.<br \/>\nCar il se pourrait bien qu&#8217;Admiral House n&#8217;ait pas encore r\u00e9v\u00e9l\u00e9 tous ses secrets&#8230; Une captivante fresque multig\u00e9n\u00e9rationnelle, combinant personnages inoubliables et secrets d\u00e9chirants, comme Lucinda Riley en a fait sa sp\u00e9cialit\u00e9. &#8221; Absolument enchanteur. Pr\u00e9parez-vous \u00e0 \u00eatre intrigu\u00e9, \u00e9mu aux larmes et transport\u00e9. &#8221; lancashire evening post<\/p>\n","protected":false},"excerpt":{"rendered":"<p>Dans la campagne du Suffolk, Admiral House tr\u00f4ne. C&#8217;est la maison de famille de Posy Montague, l&#8217;endroit o\u00f9 elle a pass\u00e9 son enfance \u00e0 courir apr\u00e8s&#8230; <\/p>\n","protected":false},"featured_media":15788,"comment_status":"open","ping_status":"closed","template":"","meta":[],"product_cat":[93,186],"product_tag":[285,362,363,189],"class_list":["post-16041","product","type-product","status-publish","has-post-thumbnail","hentry","product_cat-librairie","product_cat-romans","product_tag-charleston","product_tag-la-chambre-aux-papillons","product_tag-lucinda-riley","product_tag-roman"],"yoast_head":"<!-- This site is optimized with the Yoast SEO plugin v18.0 - https:\/\/yoast.com\/wordpress\/plugins\/seo\/ -->\n<title>La chambre aux papillons Lucinda Riley Charleston - Atypique Concept Store<\/title>\n<meta name=\"robots\" content=\"index, follow, max-snippet:-1, max-image-preview:large, max-video-preview:-1\" \/>\n<link rel=\"canonical\" href=\"https:\/\/atypique.brunotarhan.fr\/index.php\/produit\/la-chambre-aux-papillonslucinda-rileycharleston\/\" \/>\n<meta property=\"og:locale\" content=\"fr_FR\" \/>\n<meta property=\"og:type\" content=\"article\" \/>\n<meta property=\"og:title\" content=\"La chambre aux papillons Lucinda Riley Charleston - Atypique Concept Store\" \/>\n<meta property=\"og:description\" content=\"Dans la campagne du Suffolk, Admiral House tr\u00f4ne. C&#039;est la maison de famille de Posy Montague, l&#039;endroit o\u00f9 elle a pass\u00e9 son enfance \u00e0 courir apr\u00e8s...\" \/>\n<meta property=\"og:url\" content=\"https:\/\/atypique.brunotarhan.fr\/index.php\/produit\/la-chambre-aux-papillonslucinda-rileycharleston\/\" \/>\n<meta property=\"og:site_name\" content=\"Atypique Concept Store\" \/>\n<meta name=\"twitter:card\" content=\"summary_large_image\" \/>\n<meta name=\"twitter:label1\" content=\"Dur\u00e9e de lecture estim\u00e9e\" \/>\n\t<meta name=\"twitter:data1\" content=\"1 minute\" \/>\n<script type=\"application\/ld+json\" class=\"yoast-schema-graph\">{\"@context\":\"https:\/\/schema.org\",\"@graph\":[{\"@type\":\"WebSite\",\"@id\":\"https:\/\/atypique.brunotarhan.fr\/#website\",\"url\":\"https:\/\/atypique.brunotarhan.fr\/\",\"name\":\"Atypique Concept Store\",\"description\":\"Just another WordPress site\",\"potentialAction\":[{\"@type\":\"SearchAction\",\"target\":{\"@type\":\"EntryPoint\",\"urlTemplate\":\"https:\/\/atypique.brunotarhan.fr\/?s={search_term_string}\"},\"query-input\":\"required name=search_term_string\"}],\"inLanguage\":\"fr-FR\"},{\"@type\":\"ImageObject\",\"@id\":\"https:\/\/atypique.brunotarhan.fr\/index.php\/produit\/la-chambre-aux-papillonslucinda-rileycharleston\/#primaryimage\",\"inLanguage\":\"fr-FR\",\"url\":\"https:\/\/atypique.brunotarhan.fr\/wp-content\/uploads\/2022\/04\/la-chambre-aux-papillons.webp\",\"contentUrl\":\"https:\/\/atypique.brunotarhan.fr\/wp-content\/uploads\/2022\/04\/la-chambre-aux-papillons.webp\",\"width\":308,\"height\":500},{\"@type\":\"WebPage\",\"@id\":\"https:\/\/atypique.brunotarhan.fr\/index.php\/produit\/la-chambre-aux-papillonslucinda-rileycharleston\/#webpage\",\"url\":\"https:\/\/atypique.brunotarhan.fr\/index.php\/produit\/la-chambre-aux-papillonslucinda-rileycharleston\/\",\"name\":\"La chambre aux papillons Lucinda Riley Charleston - Atypique Concept Store\",\"isPartOf\":{\"@id\":\"https:\/\/atypique.brunotarhan.fr\/#website\"},\"primaryImageOfPage\":{\"@id\":\"https:\/\/atypique.brunotarhan.fr\/index.php\/produit\/la-chambre-aux-papillonslucinda-rileycharleston\/#primaryimage\"},\"datePublished\":\"2022-04-25T22:31:32+00:00\",\"dateModified\":\"2022-04-25T22:31:32+00:00\",\"breadcrumb\":{\"@id\":\"https:\/\/atypique.brunotarhan.fr\/index.php\/produit\/la-chambre-aux-papillonslucinda-rileycharleston\/#breadcrumb\"},\"inLanguage\":\"fr-FR\",\"potentialAction\":[{\"@type\":\"ReadAction\",\"target\":[\"https:\/\/atypique.brunotarhan.fr\/index.php\/produit\/la-chambre-aux-papillonslucinda-rileycharleston\/\"]}]},{\"@type\":\"BreadcrumbList\",\"@id\":\"https:\/\/atypique.brunotarhan.fr\/index.php\/produit\/la-chambre-aux-papillonslucinda-rileycharleston\/#breadcrumb\",\"itemListElement\":[{\"@type\":\"ListItem\",\"position\":1,\"name\":\"Accueil\",\"item\":\"https:\/\/atypique.brunotarhan.fr\/\"},{\"@type\":\"ListItem\",\"position\":2,\"name\":\"\"},{\"@type\":\"ListItem\",\"position\":3,\"name\":\"La chambre aux papillons Lucinda Riley Charleston\"}]}]}<\/script>\n<!-- \/ Yoast SEO plugin. -->","yoast_head_json":{"title":"La chambre aux papillons Lucinda Riley Charleston - Atypique Concept Store","robots":{"index":"index","follow":"follow","max-snippet":"max-snippet:-1","max-image-preview":"max-image-preview:large","max-video-preview":"max-video-preview:-1"},"canonical":"https:\/\/atypique.brunotarhan.fr\/index.php\/produit\/la-chambre-aux-papillonslucinda-rileycharleston\/","og_locale":"fr_FR","og_type":"article","og_title":"La chambre aux papillons Lucinda Riley Charleston - Atypique Concept Store","og_description":"Dans la campagne du Suffolk, Admiral House tr\u00f4ne. C'est la maison de famille de Posy Montague, l'endroit o\u00f9 elle a pass\u00e9 son enfance \u00e0 courir apr\u00e8s...","og_url":"https:\/\/atypique.brunotarhan.fr\/index.php\/produit\/la-chambre-aux-papillonslucinda-rileycharleston\/","og_site_name":"Atypique Concept Store","twitter_card":"summary_large_image","twitter_misc":{"Dur\u00e9e de lecture estim\u00e9e":"1 minute"},"schema":{"@context":"https:\/\/schema.org","@graph":[{"@type":"WebSite","@id":"https:\/\/atypique.brunotarhan.fr\/#website","url":"https:\/\/atypique.brunotarhan.fr\/","name":"Atypique Concept Store","description":"Just another WordPress site","potentialAction":[{"@type":"SearchAction","target":{"@type":"EntryPoint","urlTemplate":"https:\/\/atypique.brunotarhan.fr\/?s={search_term_string}"},"query-input":"required name=search_term_string"}],"inLanguage":"fr-FR"},{"@type":"ImageObject","@id":"https:\/\/atypique.brunotarhan.fr\/index.php\/produit\/la-chambre-aux-papillonslucinda-rileycharleston\/#primaryimage","inLanguage":"fr-FR","url":"https:\/\/atypique.brunotarhan.fr\/wp-content\/uploads\/2022\/04\/la-chambre-aux-papillons.webp","contentUrl":"https:\/\/atypique.brunotarhan.fr\/wp-content\/uploads\/2022\/04\/la-chambre-aux-papillons.webp","width":308,"height":500},{"@type":"WebPage","@id":"https:\/\/atypique.brunotarhan.fr\/index.php\/produit\/la-chambre-aux-papillonslucinda-rileycharleston\/#webpage","url":"https:\/\/atypique.brunotarhan.fr\/index.php\/produit\/la-chambre-aux-papillonslucinda-rileycharleston\/","name":"La chambre aux papillons Lucinda Riley Charleston - Atypique Concept Store","isPartOf":{"@id":"https:\/\/atypique.brunotarhan.fr\/#website"},"primaryImageOfPage":{"@id":"https:\/\/atypique.brunotarhan.fr\/index.php\/produit\/la-chambre-aux-papillonslucinda-rileycharleston\/#primaryimage"},"datePublished":"2022-04-25T22:31:32+00:00","dateModified":"2022-04-25T22:31:32+00:00","breadcrumb":{"@id":"https:\/\/atypique.brunotarhan.fr\/index.php\/produit\/la-chambre-aux-papillonslucinda-rileycharleston\/#breadcrumb"},"inLanguage":"fr-FR","potentialAction":[{"@type":"ReadAction","target":["https:\/\/atypique.brunotarhan.fr\/index.php\/produit\/la-chambre-aux-papillonslucinda-rileycharleston\/"]}]},{"@type":"BreadcrumbList","@id":"https:\/\/atypique.brunotarhan.fr\/index.php\/produit\/la-chambre-aux-papillonslucinda-rileycharleston\/#breadcrumb","itemListElement":[{"@type":"ListItem","position":1,"name":"Accueil","item":"https:\/\/atypique.brunotarhan.fr\/"},{"@type":"ListItem","position":2,"name":""},{"@type":"ListItem","position":3,"name":"La chambre aux papillons Lucinda Riley Charleston"}]}]}},"_links":{"self":[{"href":"https:\/\/atypique.brunotarhan.fr\/index.php\/wp-json\/wp\/v2\/product\/16041","targetHints":{"allow":["GET"]}}],"collection":[{"href":"https:\/\/atypique.brunotarhan.fr\/index.php\/wp-json\/wp\/v2\/product"}],"about":[{"href":"https:\/\/atypique.brunotarhan.fr\/index.php\/wp-json\/wp\/v2\/types\/product"}],"replies":[{"embeddable":true,"href":"https:\/\/atypique.brunotarhan.fr\/index.php\/wp-json\/wp\/v2\/comments?post=16041"}],"wp:featuredmedia":[{"embeddable":true,"href":"https:\/\/atypique.brunotarhan.fr\/index.php\/wp-json\/wp\/v2\/media\/15788"}],"wp:attachment":[{"href":"https:\/\/atypique.brunotarhan.fr\/index.php\/wp-json\/wp\/v2\/media?parent=16041"}],"wp:term":[{"taxonomy":"product_cat","embeddable":true,"href":"https:\/\/atypique.brunotarhan.fr\/index.php\/wp-json\/wp\/v2\/product_cat?post=16041"},{"taxonomy":"product_tag","embeddable":true,"href":"https:\/\/atypique.brunotarhan.fr\/index.php\/wp-json\/wp\/v2\/product_tag?post=16041"}],"curies":[{"name":"wp","href":"https:\/\/api.w.org\/{rel}","templated":true}]}}