{"id":16040,"date":"2022-04-25T22:31:28","date_gmt":"2022-04-25T22:31:28","guid":{"rendered":"https:\/\/atypique.brunotarhan.fr\/index.php\/produit\/la-brodeuse-de-winchester-pochetracy-chevaliergallimard\/"},"modified":"2022-04-25T22:31:28","modified_gmt":"2022-04-25T22:31:28","slug":"la-brodeuse-de-winchester-pochetracy-chevaliergallimard","status":"publish","type":"product","link":"https:\/\/atypique.brunotarhan.fr\/index.php\/produit\/la-brodeuse-de-winchester-pochetracy-chevaliergallimard\/","title":{"rendered":"La brodeuse de Winchester &#8211; Poche\nTracy Chevalier\nGallimard"},"content":{"rendered":"<p>Jane Austen \u00e9tait morte \u00e0 l&#8217;\u00e2ge de quarante et un ans sans mari ni enfants, seulement une soeur d\u00e9vou\u00e9e. Violet n&#8217;avait m\u00eame pas cela, et elle n&#8217;avait certes pas plusieurs romans \u00e0 son actif. Il ne lui restait que trois ans pour rattraper Miss Austen en termes de cr\u00e9ativit\u00e9&#8221;. Winchester, 1932. Violet Speedwell, trente-huit ans, fait partie de ces millions de femmes rest\u00e9es c\u00e9libataires depuis la p\u00e9nurie d&#8217;hommes d&#8217;apr\u00e8s-guerre.<br \/>\nPour \u00e9chapper \u00e0 une m\u00e8re acari\u00e2tre, elle d\u00e9cide de prendre son envol. Mais son c\u00e9libat lui attire plus de m\u00e9pris que d&#8217;amiti\u00e9. C&#8217;est au sein du cercle des brodeuses de la cath\u00e9drale qu&#8217;elle trouvera le soutien qui lui manque pour affronter les pr\u00e9jug\u00e9s de son \u00e9poque. Gr\u00e2ce \u00e0 Arthur, le sonneur de cloches, elle d\u00e9couvre aussi un tout autre cercle, masculin cette fois. Au m\u00eame moment, la radio annonce l&#8217;arriv\u00e9e d&#8217;un certain Hitler \u00e0 la t\u00eate de l&#8217;Allemagne.<\/p>\n","protected":false},"excerpt":{"rendered":"<p>Jane Austen \u00e9tait morte \u00e0 l&#8217;\u00e2ge de quarante et un ans sans mari ni enfants, seulement une soeur d\u00e9vou\u00e9e. Violet n&#8217;avait m\u00eame pas cela, et elle&#8230; <\/p>\n","protected":false},"featured_media":15786,"comment_status":"open","ping_status":"closed","template":"","meta":[],"product_cat":[93,186],"product_tag":[313,236,357,189,358],"class_list":["post-16040","product","type-product","status-publish","has-post-thumbnail","hentry","product_cat-librairie","product_cat-romans","product_tag-folio","product_tag-gallimard","product_tag-la-brodeuse-de-winchester","product_tag-roman","product_tag-tracy-chevalier"],"yoast_head":"<!-- This site is optimized with the Yoast SEO plugin v18.0 - https:\/\/yoast.com\/wordpress\/plugins\/seo\/ -->\n<title>La brodeuse de Winchester - Poche Tracy Chevalier Gallimard - Atypique Concept Store<\/title>\n<meta name=\"robots\" content=\"index, follow, max-snippet:-1, max-image-preview:large, max-video-preview:-1\" \/>\n<link rel=\"canonical\" href=\"https:\/\/atypique.brunotarhan.fr\/index.php\/produit\/la-brodeuse-de-winchester-pochetracy-chevaliergallimard\/\" \/>\n<meta property=\"og:locale\" content=\"fr_FR\" \/>\n<meta property=\"og:type\" content=\"article\" \/>\n<meta property=\"og:title\" content=\"La brodeuse de Winchester - Poche Tracy Chevalier Gallimard - Atypique Concept Store\" \/>\n<meta property=\"og:description\" content=\"Jane Austen \u00e9tait morte \u00e0 l&#039;\u00e2ge de quarante et un ans sans mari ni enfants, seulement une soeur d\u00e9vou\u00e9e. Violet n&#039;avait m\u00eame pas cela, et elle...\" \/>\n<meta property=\"og:url\" content=\"https:\/\/atypique.brunotarhan.fr\/index.php\/produit\/la-brodeuse-de-winchester-pochetracy-chevaliergallimard\/\" \/>\n<meta property=\"og:site_name\" content=\"Atypique Concept Store\" \/>\n<meta name=\"twitter:card\" content=\"summary_large_image\" \/>\n<meta name=\"twitter:label1\" content=\"Dur\u00e9e de lecture estim\u00e9e\" \/>\n\t<meta name=\"twitter:data1\" content=\"1 minute\" \/>\n<script type=\"application\/ld+json\" class=\"yoast-schema-graph\">{\"@context\":\"https:\/\/schema.org\",\"@graph\":[{\"@type\":\"WebSite\",\"@id\":\"https:\/\/atypique.brunotarhan.fr\/#website\",\"url\":\"https:\/\/atypique.brunotarhan.fr\/\",\"name\":\"Atypique Concept Store\",\"description\":\"Just another WordPress site\",\"potentialAction\":[{\"@type\":\"SearchAction\",\"target\":{\"@type\":\"EntryPoint\",\"urlTemplate\":\"https:\/\/atypique.brunotarhan.fr\/?s={search_term_string}\"},\"query-input\":\"required name=search_term_string\"}],\"inLanguage\":\"fr-FR\"},{\"@type\":\"ImageObject\",\"@id\":\"https:\/\/atypique.brunotarhan.fr\/index.php\/produit\/la-brodeuse-de-winchester-pochetracy-chevaliergallimard\/#primaryimage\",\"inLanguage\":\"fr-FR\",\"url\":\"https:\/\/atypique.brunotarhan.fr\/wp-content\/uploads\/2022\/04\/la-brodeuse-de-winchester.webp\",\"contentUrl\":\"https:\/\/atypique.brunotarhan.fr\/wp-content\/uploads\/2022\/04\/la-brodeuse-de-winchester.webp\",\"width\":304,\"height\":500},{\"@type\":\"WebPage\",\"@id\":\"https:\/\/atypique.brunotarhan.fr\/index.php\/produit\/la-brodeuse-de-winchester-pochetracy-chevaliergallimard\/#webpage\",\"url\":\"https:\/\/atypique.brunotarhan.fr\/index.php\/produit\/la-brodeuse-de-winchester-pochetracy-chevaliergallimard\/\",\"name\":\"La brodeuse de Winchester - Poche Tracy Chevalier Gallimard - Atypique Concept Store\",\"isPartOf\":{\"@id\":\"https:\/\/atypique.brunotarhan.fr\/#website\"},\"primaryImageOfPage\":{\"@id\":\"https:\/\/atypique.brunotarhan.fr\/index.php\/produit\/la-brodeuse-de-winchester-pochetracy-chevaliergallimard\/#primaryimage\"},\"datePublished\":\"2022-04-25T22:31:28+00:00\",\"dateModified\":\"2022-04-25T22:31:28+00:00\",\"breadcrumb\":{\"@id\":\"https:\/\/atypique.brunotarhan.fr\/index.php\/produit\/la-brodeuse-de-winchester-pochetracy-chevaliergallimard\/#breadcrumb\"},\"inLanguage\":\"fr-FR\",\"potentialAction\":[{\"@type\":\"ReadAction\",\"target\":[\"https:\/\/atypique.brunotarhan.fr\/index.php\/produit\/la-brodeuse-de-winchester-pochetracy-chevaliergallimard\/\"]}]},{\"@type\":\"BreadcrumbList\",\"@id\":\"https:\/\/atypique.brunotarhan.fr\/index.php\/produit\/la-brodeuse-de-winchester-pochetracy-chevaliergallimard\/#breadcrumb\",\"itemListElement\":[{\"@type\":\"ListItem\",\"position\":1,\"name\":\"Accueil\",\"item\":\"https:\/\/atypique.brunotarhan.fr\/\"},{\"@type\":\"ListItem\",\"position\":2,\"name\":\"\"},{\"@type\":\"ListItem\",\"position\":3,\"name\":\"La brodeuse de Winchester &#8211; Poche Tracy Chevalier Gallimard\"}]}]}<\/script>\n<!-- \/ Yoast SEO plugin. -->","yoast_head_json":{"title":"La brodeuse de Winchester - Poche Tracy Chevalier Gallimard - Atypique Concept Store","robots":{"index":"index","follow":"follow","max-snippet":"max-snippet:-1","max-image-preview":"max-image-preview:large","max-video-preview":"max-video-preview:-1"},"canonical":"https:\/\/atypique.brunotarhan.fr\/index.php\/produit\/la-brodeuse-de-winchester-pochetracy-chevaliergallimard\/","og_locale":"fr_FR","og_type":"article","og_title":"La brodeuse de Winchester - Poche Tracy Chevalier Gallimard - Atypique Concept Store","og_description":"Jane Austen \u00e9tait morte \u00e0 l'\u00e2ge de quarante et un ans sans mari ni enfants, seulement une soeur d\u00e9vou\u00e9e. Violet n'avait m\u00eame pas cela, et elle...","og_url":"https:\/\/atypique.brunotarhan.fr\/index.php\/produit\/la-brodeuse-de-winchester-pochetracy-chevaliergallimard\/","og_site_name":"Atypique Concept Store","twitter_card":"summary_large_image","twitter_misc":{"Dur\u00e9e de lecture estim\u00e9e":"1 minute"},"schema":{"@context":"https:\/\/schema.org","@graph":[{"@type":"WebSite","@id":"https:\/\/atypique.brunotarhan.fr\/#website","url":"https:\/\/atypique.brunotarhan.fr\/","name":"Atypique Concept Store","description":"Just another WordPress site","potentialAction":[{"@type":"SearchAction","target":{"@type":"EntryPoint","urlTemplate":"https:\/\/atypique.brunotarhan.fr\/?s={search_term_string}"},"query-input":"required name=search_term_string"}],"inLanguage":"fr-FR"},{"@type":"ImageObject","@id":"https:\/\/atypique.brunotarhan.fr\/index.php\/produit\/la-brodeuse-de-winchester-pochetracy-chevaliergallimard\/#primaryimage","inLanguage":"fr-FR","url":"https:\/\/atypique.brunotarhan.fr\/wp-content\/uploads\/2022\/04\/la-brodeuse-de-winchester.webp","contentUrl":"https:\/\/atypique.brunotarhan.fr\/wp-content\/uploads\/2022\/04\/la-brodeuse-de-winchester.webp","width":304,"height":500},{"@type":"WebPage","@id":"https:\/\/atypique.brunotarhan.fr\/index.php\/produit\/la-brodeuse-de-winchester-pochetracy-chevaliergallimard\/#webpage","url":"https:\/\/atypique.brunotarhan.fr\/index.php\/produit\/la-brodeuse-de-winchester-pochetracy-chevaliergallimard\/","name":"La brodeuse de Winchester - Poche Tracy Chevalier Gallimard - Atypique Concept Store","isPartOf":{"@id":"https:\/\/atypique.brunotarhan.fr\/#website"},"primaryImageOfPage":{"@id":"https:\/\/atypique.brunotarhan.fr\/index.php\/produit\/la-brodeuse-de-winchester-pochetracy-chevaliergallimard\/#primaryimage"},"datePublished":"2022-04-25T22:31:28+00:00","dateModified":"2022-04-25T22:31:28+00:00","breadcrumb":{"@id":"https:\/\/atypique.brunotarhan.fr\/index.php\/produit\/la-brodeuse-de-winchester-pochetracy-chevaliergallimard\/#breadcrumb"},"inLanguage":"fr-FR","potentialAction":[{"@type":"ReadAction","target":["https:\/\/atypique.brunotarhan.fr\/index.php\/produit\/la-brodeuse-de-winchester-pochetracy-chevaliergallimard\/"]}]},{"@type":"BreadcrumbList","@id":"https:\/\/atypique.brunotarhan.fr\/index.php\/produit\/la-brodeuse-de-winchester-pochetracy-chevaliergallimard\/#breadcrumb","itemListElement":[{"@type":"ListItem","position":1,"name":"Accueil","item":"https:\/\/atypique.brunotarhan.fr\/"},{"@type":"ListItem","position":2,"name":""},{"@type":"ListItem","position":3,"name":"La brodeuse de Winchester &#8211; Poche Tracy Chevalier Gallimard"}]}]}},"_links":{"self":[{"href":"https:\/\/atypique.brunotarhan.fr\/index.php\/wp-json\/wp\/v2\/product\/16040","targetHints":{"allow":["GET"]}}],"collection":[{"href":"https:\/\/atypique.brunotarhan.fr\/index.php\/wp-json\/wp\/v2\/product"}],"about":[{"href":"https:\/\/atypique.brunotarhan.fr\/index.php\/wp-json\/wp\/v2\/types\/product"}],"replies":[{"embeddable":true,"href":"https:\/\/atypique.brunotarhan.fr\/index.php\/wp-json\/wp\/v2\/comments?post=16040"}],"wp:featuredmedia":[{"embeddable":true,"href":"https:\/\/atypique.brunotarhan.fr\/index.php\/wp-json\/wp\/v2\/media\/15786"}],"wp:attachment":[{"href":"https:\/\/atypique.brunotarhan.fr\/index.php\/wp-json\/wp\/v2\/media?parent=16040"}],"wp:term":[{"taxonomy":"product_cat","embeddable":true,"href":"https:\/\/atypique.brunotarhan.fr\/index.php\/wp-json\/wp\/v2\/product_cat?post=16040"},{"taxonomy":"product_tag","embeddable":true,"href":"https:\/\/atypique.brunotarhan.fr\/index.php\/wp-json\/wp\/v2\/product_tag?post=16040"}],"curies":[{"name":"wp","href":"https:\/\/api.w.org\/{rel}","templated":true}]}}