{"id":16039,"date":"2022-04-25T22:31:28","date_gmt":"2022-04-25T22:31:28","guid":{"rendered":"https:\/\/atypique.brunotarhan.fr\/index.php\/produit\/la-belle-lisse-poire-du-prince-de-motordupefgallimard-jeunesse\/"},"modified":"2022-04-25T22:31:28","modified_gmt":"2022-04-25T22:31:28","slug":"la-belle-lisse-poire-du-prince-de-motordupefgallimard-jeunesse","status":"publish","type":"product","link":"https:\/\/atypique.brunotarhan.fr\/index.php\/produit\/la-belle-lisse-poire-du-prince-de-motordupefgallimard-jeunesse\/","title":{"rendered":"La belle lisse poire du prince de Motordu\nPef\nGallimard jeunesse"},"content":{"rendered":"<p>Le prince de Motordu habite un magnifique chapeau. Un jour, il rencontre la princesse D\u00e9z\u00e9colle qui l&#8217;invite dans sa classe pour remettre le langage \u00e0 l&#8217;endroit. Pour se tordre de rire avec Pef au royaume des jeux de mots et d&#8217;images.<\/p>\n","protected":false},"excerpt":{"rendered":"<p>Le prince de Motordu habite un magnifique chapeau. Un jour, il rencontre la princesse D\u00e9z\u00e9colle qui l&#8217;invite dans sa classe pour remettre le langage\u2026<\/p>\n","protected":false},"featured_media":15785,"comment_status":"open","ping_status":"closed","template":"","meta":[],"product_cat":[93,220],"product_tag":[302,355,353,356],"class_list":["post-16039","product","type-product","status-publish","has-post-thumbnail","hentry","product_cat-librairie","product_cat-livres-enfants","product_tag-gallimard-jeunesse","product_tag-la-belle-lisse-poire-du-prince-de-motordu","product_tag-livre-enfant","product_tag-pef"],"yoast_head":"<!-- This site is optimized with the Yoast SEO plugin v18.0 - https:\/\/yoast.com\/wordpress\/plugins\/seo\/ -->\n<title>La belle lisse poire du prince de Motordu Pef Gallimard jeunesse - Atypique Concept Store<\/title>\n<meta name=\"robots\" content=\"index, follow, max-snippet:-1, max-image-preview:large, max-video-preview:-1\" \/>\n<link rel=\"canonical\" href=\"https:\/\/atypique.brunotarhan.fr\/index.php\/produit\/la-belle-lisse-poire-du-prince-de-motordupefgallimard-jeunesse\/\" \/>\n<meta property=\"og:locale\" content=\"fr_FR\" \/>\n<meta property=\"og:type\" content=\"article\" \/>\n<meta property=\"og:title\" content=\"La belle lisse poire du prince de Motordu Pef Gallimard jeunesse - Atypique Concept Store\" \/>\n<meta property=\"og:description\" content=\"Le prince de Motordu habite un magnifique chapeau. Un jour, il rencontre la princesse D\u00e9z\u00e9colle qui l&#039;invite dans sa classe pour remettre le langage\u2026\" \/>\n<meta property=\"og:url\" content=\"https:\/\/atypique.brunotarhan.fr\/index.php\/produit\/la-belle-lisse-poire-du-prince-de-motordupefgallimard-jeunesse\/\" \/>\n<meta property=\"og:site_name\" content=\"Atypique Concept Store\" \/>\n<meta name=\"twitter:card\" content=\"summary_large_image\" \/>\n<script type=\"application\/ld+json\" class=\"yoast-schema-graph\">{\"@context\":\"https:\/\/schema.org\",\"@graph\":[{\"@type\":\"WebSite\",\"@id\":\"https:\/\/atypique.brunotarhan.fr\/#website\",\"url\":\"https:\/\/atypique.brunotarhan.fr\/\",\"name\":\"Atypique Concept Store\",\"description\":\"Just another WordPress site\",\"potentialAction\":[{\"@type\":\"SearchAction\",\"target\":{\"@type\":\"EntryPoint\",\"urlTemplate\":\"https:\/\/atypique.brunotarhan.fr\/?s={search_term_string}\"},\"query-input\":\"required name=search_term_string\"}],\"inLanguage\":\"fr-FR\"},{\"@type\":\"ImageObject\",\"@id\":\"https:\/\/atypique.brunotarhan.fr\/index.php\/produit\/la-belle-lisse-poire-du-prince-de-motordupefgallimard-jeunesse\/#primaryimage\",\"inLanguage\":\"fr-FR\",\"url\":\"https:\/\/atypique.brunotarhan.fr\/wp-content\/uploads\/2022\/04\/la-belle-lisse-poire.webp\",\"contentUrl\":\"https:\/\/atypique.brunotarhan.fr\/wp-content\/uploads\/2022\/04\/la-belle-lisse-poire.webp\",\"width\":388,\"height\":500},{\"@type\":\"WebPage\",\"@id\":\"https:\/\/atypique.brunotarhan.fr\/index.php\/produit\/la-belle-lisse-poire-du-prince-de-motordupefgallimard-jeunesse\/#webpage\",\"url\":\"https:\/\/atypique.brunotarhan.fr\/index.php\/produit\/la-belle-lisse-poire-du-prince-de-motordupefgallimard-jeunesse\/\",\"name\":\"La belle lisse poire du prince de Motordu Pef Gallimard jeunesse - Atypique Concept Store\",\"isPartOf\":{\"@id\":\"https:\/\/atypique.brunotarhan.fr\/#website\"},\"primaryImageOfPage\":{\"@id\":\"https:\/\/atypique.brunotarhan.fr\/index.php\/produit\/la-belle-lisse-poire-du-prince-de-motordupefgallimard-jeunesse\/#primaryimage\"},\"datePublished\":\"2022-04-25T22:31:28+00:00\",\"dateModified\":\"2022-04-25T22:31:28+00:00\",\"breadcrumb\":{\"@id\":\"https:\/\/atypique.brunotarhan.fr\/index.php\/produit\/la-belle-lisse-poire-du-prince-de-motordupefgallimard-jeunesse\/#breadcrumb\"},\"inLanguage\":\"fr-FR\",\"potentialAction\":[{\"@type\":\"ReadAction\",\"target\":[\"https:\/\/atypique.brunotarhan.fr\/index.php\/produit\/la-belle-lisse-poire-du-prince-de-motordupefgallimard-jeunesse\/\"]}]},{\"@type\":\"BreadcrumbList\",\"@id\":\"https:\/\/atypique.brunotarhan.fr\/index.php\/produit\/la-belle-lisse-poire-du-prince-de-motordupefgallimard-jeunesse\/#breadcrumb\",\"itemListElement\":[{\"@type\":\"ListItem\",\"position\":1,\"name\":\"Accueil\",\"item\":\"https:\/\/atypique.brunotarhan.fr\/\"},{\"@type\":\"ListItem\",\"position\":2,\"name\":\"\"},{\"@type\":\"ListItem\",\"position\":3,\"name\":\"La belle lisse poire du prince de Motordu Pef Gallimard jeunesse\"}]}]}<\/script>\n<!-- \/ Yoast SEO plugin. -->","yoast_head_json":{"title":"La belle lisse poire du prince de Motordu Pef Gallimard jeunesse - Atypique Concept Store","robots":{"index":"index","follow":"follow","max-snippet":"max-snippet:-1","max-image-preview":"max-image-preview:large","max-video-preview":"max-video-preview:-1"},"canonical":"https:\/\/atypique.brunotarhan.fr\/index.php\/produit\/la-belle-lisse-poire-du-prince-de-motordupefgallimard-jeunesse\/","og_locale":"fr_FR","og_type":"article","og_title":"La belle lisse poire du prince de Motordu Pef Gallimard jeunesse - Atypique Concept Store","og_description":"Le prince de Motordu habite un magnifique chapeau. Un jour, il rencontre la princesse D\u00e9z\u00e9colle qui l'invite dans sa classe pour remettre le langage\u2026","og_url":"https:\/\/atypique.brunotarhan.fr\/index.php\/produit\/la-belle-lisse-poire-du-prince-de-motordupefgallimard-jeunesse\/","og_site_name":"Atypique Concept Store","twitter_card":"summary_large_image","schema":{"@context":"https:\/\/schema.org","@graph":[{"@type":"WebSite","@id":"https:\/\/atypique.brunotarhan.fr\/#website","url":"https:\/\/atypique.brunotarhan.fr\/","name":"Atypique Concept Store","description":"Just another WordPress site","potentialAction":[{"@type":"SearchAction","target":{"@type":"EntryPoint","urlTemplate":"https:\/\/atypique.brunotarhan.fr\/?s={search_term_string}"},"query-input":"required name=search_term_string"}],"inLanguage":"fr-FR"},{"@type":"ImageObject","@id":"https:\/\/atypique.brunotarhan.fr\/index.php\/produit\/la-belle-lisse-poire-du-prince-de-motordupefgallimard-jeunesse\/#primaryimage","inLanguage":"fr-FR","url":"https:\/\/atypique.brunotarhan.fr\/wp-content\/uploads\/2022\/04\/la-belle-lisse-poire.webp","contentUrl":"https:\/\/atypique.brunotarhan.fr\/wp-content\/uploads\/2022\/04\/la-belle-lisse-poire.webp","width":388,"height":500},{"@type":"WebPage","@id":"https:\/\/atypique.brunotarhan.fr\/index.php\/produit\/la-belle-lisse-poire-du-prince-de-motordupefgallimard-jeunesse\/#webpage","url":"https:\/\/atypique.brunotarhan.fr\/index.php\/produit\/la-belle-lisse-poire-du-prince-de-motordupefgallimard-jeunesse\/","name":"La belle lisse poire du prince de Motordu Pef Gallimard jeunesse - Atypique Concept Store","isPartOf":{"@id":"https:\/\/atypique.brunotarhan.fr\/#website"},"primaryImageOfPage":{"@id":"https:\/\/atypique.brunotarhan.fr\/index.php\/produit\/la-belle-lisse-poire-du-prince-de-motordupefgallimard-jeunesse\/#primaryimage"},"datePublished":"2022-04-25T22:31:28+00:00","dateModified":"2022-04-25T22:31:28+00:00","breadcrumb":{"@id":"https:\/\/atypique.brunotarhan.fr\/index.php\/produit\/la-belle-lisse-poire-du-prince-de-motordupefgallimard-jeunesse\/#breadcrumb"},"inLanguage":"fr-FR","potentialAction":[{"@type":"ReadAction","target":["https:\/\/atypique.brunotarhan.fr\/index.php\/produit\/la-belle-lisse-poire-du-prince-de-motordupefgallimard-jeunesse\/"]}]},{"@type":"BreadcrumbList","@id":"https:\/\/atypique.brunotarhan.fr\/index.php\/produit\/la-belle-lisse-poire-du-prince-de-motordupefgallimard-jeunesse\/#breadcrumb","itemListElement":[{"@type":"ListItem","position":1,"name":"Accueil","item":"https:\/\/atypique.brunotarhan.fr\/"},{"@type":"ListItem","position":2,"name":""},{"@type":"ListItem","position":3,"name":"La belle lisse poire du prince de Motordu Pef Gallimard jeunesse"}]}]}},"_links":{"self":[{"href":"https:\/\/atypique.brunotarhan.fr\/index.php\/wp-json\/wp\/v2\/product\/16039","targetHints":{"allow":["GET"]}}],"collection":[{"href":"https:\/\/atypique.brunotarhan.fr\/index.php\/wp-json\/wp\/v2\/product"}],"about":[{"href":"https:\/\/atypique.brunotarhan.fr\/index.php\/wp-json\/wp\/v2\/types\/product"}],"replies":[{"embeddable":true,"href":"https:\/\/atypique.brunotarhan.fr\/index.php\/wp-json\/wp\/v2\/comments?post=16039"}],"wp:featuredmedia":[{"embeddable":true,"href":"https:\/\/atypique.brunotarhan.fr\/index.php\/wp-json\/wp\/v2\/media\/15785"}],"wp:attachment":[{"href":"https:\/\/atypique.brunotarhan.fr\/index.php\/wp-json\/wp\/v2\/media?parent=16039"}],"wp:term":[{"taxonomy":"product_cat","embeddable":true,"href":"https:\/\/atypique.brunotarhan.fr\/index.php\/wp-json\/wp\/v2\/product_cat?post=16039"},{"taxonomy":"product_tag","embeddable":true,"href":"https:\/\/atypique.brunotarhan.fr\/index.php\/wp-json\/wp\/v2\/product_tag?post=16039"}],"curies":[{"name":"wp","href":"https:\/\/api.w.org\/{rel}","templated":true}]}}