{"id":16036,"date":"2022-04-25T22:31:27","date_gmt":"2022-04-25T22:31:27","guid":{"rendered":"https:\/\/atypique.brunotarhan.fr\/index.php\/produit\/juste-derriere-moilisa-gardnerlivre-de-poche\/"},"modified":"2022-04-25T22:31:27","modified_gmt":"2022-04-25T22:31:27","slug":"juste-derriere-moilisa-gardnerlivre-de-poche","status":"publish","type":"product","link":"https:\/\/atypique.brunotarhan.fr\/index.php\/produit\/juste-derriere-moilisa-gardnerlivre-de-poche\/","title":{"rendered":"Juste derri\u00e8re moi\nLisa Gardner\nLivre de poche"},"content":{"rendered":"<p>Cela fait longtemps que Sharlah, treize ans, vit s\u00e9par\u00e9e de son fr\u00e8re Telly, depuis le jour fatal o\u00f9, pour la prot\u00e9ger, celui-ci a tu\u00e9 leur p\u00e8re. Sa famille d&#8217;accueil &#8211; Pierce Quincy, profileur du FBI \u00e0 la retraite, et sa femme Rainie Conner, ancienne polici\u00e8re &#8211; a su lui offrir un cadre s\u00e9curisant et aimant. Mais lorsque Pierce est appel\u00e9 par le sh\u00e9rif de la ville pour un double meurtre commis dans une station-service, le pass\u00e9 de Sharlah resurgit, tel un cauchemar : les cam\u00e9ras de surveillance accusent en effet Telly.<br \/>\nBoulevers\u00e9e, ne pouvant croire \u00e0 sa culpabilit\u00e9, Sharlah part \u00e0 la recherche de son fr\u00e8re, traqu\u00e9 par la police&#8230;<\/p>\n","protected":false},"excerpt":{"rendered":"<p>Cela fait longtemps que Sharlah, treize ans, vit s\u00e9par\u00e9e de son fr\u00e8re Telly, depuis le jour fatal o\u00f9, pour la prot\u00e9ger, celui-ci a tu\u00e9 leur p\u00e8re\u2026<\/p>\n","protected":false},"featured_media":15782,"comment_status":"open","ping_status":"closed","template":"","meta":[],"product_cat":[93,204],"product_tag":[348,349,242,263,208],"class_list":["post-16036","product","type-product","status-publish","has-post-thumbnail","hentry","product_cat-librairie","product_cat-polars-thrillers","product_tag-juste-derriere-moi","product_tag-lisa-gardner","product_tag-livre-de-poche","product_tag-polar","product_tag-thriller"],"yoast_head":"<!-- This site is optimized with the Yoast SEO plugin v18.0 - https:\/\/yoast.com\/wordpress\/plugins\/seo\/ -->\n<title>Juste derri\u00e8re moi Lisa Gardner Livre de poche - Atypique Concept Store<\/title>\n<meta name=\"robots\" content=\"index, follow, max-snippet:-1, max-image-preview:large, max-video-preview:-1\" \/>\n<link rel=\"canonical\" href=\"https:\/\/atypique.brunotarhan.fr\/index.php\/produit\/juste-derriere-moilisa-gardnerlivre-de-poche\/\" \/>\n<meta property=\"og:locale\" content=\"fr_FR\" \/>\n<meta property=\"og:type\" content=\"article\" \/>\n<meta property=\"og:title\" content=\"Juste derri\u00e8re moi Lisa Gardner Livre de poche - Atypique Concept Store\" \/>\n<meta property=\"og:description\" content=\"Cela fait longtemps que Sharlah, treize ans, vit s\u00e9par\u00e9e de son fr\u00e8re Telly, depuis le jour fatal o\u00f9, pour la prot\u00e9ger, celui-ci a tu\u00e9 leur p\u00e8re\u2026\" \/>\n<meta property=\"og:url\" content=\"https:\/\/atypique.brunotarhan.fr\/index.php\/produit\/juste-derriere-moilisa-gardnerlivre-de-poche\/\" \/>\n<meta property=\"og:site_name\" content=\"Atypique Concept Store\" \/>\n<meta name=\"twitter:card\" content=\"summary_large_image\" \/>\n<meta name=\"twitter:label1\" content=\"Dur\u00e9e de lecture estim\u00e9e\" \/>\n\t<meta name=\"twitter:data1\" content=\"1 minute\" \/>\n<script type=\"application\/ld+json\" class=\"yoast-schema-graph\">{\"@context\":\"https:\/\/schema.org\",\"@graph\":[{\"@type\":\"WebSite\",\"@id\":\"https:\/\/atypique.brunotarhan.fr\/#website\",\"url\":\"https:\/\/atypique.brunotarhan.fr\/\",\"name\":\"Atypique Concept Store\",\"description\":\"Just another WordPress site\",\"potentialAction\":[{\"@type\":\"SearchAction\",\"target\":{\"@type\":\"EntryPoint\",\"urlTemplate\":\"https:\/\/atypique.brunotarhan.fr\/?s={search_term_string}\"},\"query-input\":\"required name=search_term_string\"}],\"inLanguage\":\"fr-FR\"},{\"@type\":\"ImageObject\",\"@id\":\"https:\/\/atypique.brunotarhan.fr\/index.php\/produit\/juste-derriere-moilisa-gardnerlivre-de-poche\/#primaryimage\",\"inLanguage\":\"fr-FR\",\"url\":\"https:\/\/atypique.brunotarhan.fr\/wp-content\/uploads\/2022\/04\/juste-derriere-moi.webp\",\"contentUrl\":\"https:\/\/atypique.brunotarhan.fr\/wp-content\/uploads\/2022\/04\/juste-derriere-moi.webp\",\"width\":309,\"height\":500},{\"@type\":\"WebPage\",\"@id\":\"https:\/\/atypique.brunotarhan.fr\/index.php\/produit\/juste-derriere-moilisa-gardnerlivre-de-poche\/#webpage\",\"url\":\"https:\/\/atypique.brunotarhan.fr\/index.php\/produit\/juste-derriere-moilisa-gardnerlivre-de-poche\/\",\"name\":\"Juste derri\u00e8re moi Lisa Gardner Livre de poche - Atypique Concept Store\",\"isPartOf\":{\"@id\":\"https:\/\/atypique.brunotarhan.fr\/#website\"},\"primaryImageOfPage\":{\"@id\":\"https:\/\/atypique.brunotarhan.fr\/index.php\/produit\/juste-derriere-moilisa-gardnerlivre-de-poche\/#primaryimage\"},\"datePublished\":\"2022-04-25T22:31:27+00:00\",\"dateModified\":\"2022-04-25T22:31:27+00:00\",\"breadcrumb\":{\"@id\":\"https:\/\/atypique.brunotarhan.fr\/index.php\/produit\/juste-derriere-moilisa-gardnerlivre-de-poche\/#breadcrumb\"},\"inLanguage\":\"fr-FR\",\"potentialAction\":[{\"@type\":\"ReadAction\",\"target\":[\"https:\/\/atypique.brunotarhan.fr\/index.php\/produit\/juste-derriere-moilisa-gardnerlivre-de-poche\/\"]}]},{\"@type\":\"BreadcrumbList\",\"@id\":\"https:\/\/atypique.brunotarhan.fr\/index.php\/produit\/juste-derriere-moilisa-gardnerlivre-de-poche\/#breadcrumb\",\"itemListElement\":[{\"@type\":\"ListItem\",\"position\":1,\"name\":\"Accueil\",\"item\":\"https:\/\/atypique.brunotarhan.fr\/\"},{\"@type\":\"ListItem\",\"position\":2,\"name\":\"\"},{\"@type\":\"ListItem\",\"position\":3,\"name\":\"Juste derri\u00e8re moi Lisa Gardner Livre de poche\"}]}]}<\/script>\n<!-- \/ Yoast SEO plugin. -->","yoast_head_json":{"title":"Juste derri\u00e8re moi Lisa Gardner Livre de poche - Atypique Concept Store","robots":{"index":"index","follow":"follow","max-snippet":"max-snippet:-1","max-image-preview":"max-image-preview:large","max-video-preview":"max-video-preview:-1"},"canonical":"https:\/\/atypique.brunotarhan.fr\/index.php\/produit\/juste-derriere-moilisa-gardnerlivre-de-poche\/","og_locale":"fr_FR","og_type":"article","og_title":"Juste derri\u00e8re moi Lisa Gardner Livre de poche - Atypique Concept Store","og_description":"Cela fait longtemps que Sharlah, treize ans, vit s\u00e9par\u00e9e de son fr\u00e8re Telly, depuis le jour fatal o\u00f9, pour la prot\u00e9ger, celui-ci a tu\u00e9 leur p\u00e8re\u2026","og_url":"https:\/\/atypique.brunotarhan.fr\/index.php\/produit\/juste-derriere-moilisa-gardnerlivre-de-poche\/","og_site_name":"Atypique Concept Store","twitter_card":"summary_large_image","twitter_misc":{"Dur\u00e9e de lecture estim\u00e9e":"1 minute"},"schema":{"@context":"https:\/\/schema.org","@graph":[{"@type":"WebSite","@id":"https:\/\/atypique.brunotarhan.fr\/#website","url":"https:\/\/atypique.brunotarhan.fr\/","name":"Atypique Concept Store","description":"Just another WordPress site","potentialAction":[{"@type":"SearchAction","target":{"@type":"EntryPoint","urlTemplate":"https:\/\/atypique.brunotarhan.fr\/?s={search_term_string}"},"query-input":"required name=search_term_string"}],"inLanguage":"fr-FR"},{"@type":"ImageObject","@id":"https:\/\/atypique.brunotarhan.fr\/index.php\/produit\/juste-derriere-moilisa-gardnerlivre-de-poche\/#primaryimage","inLanguage":"fr-FR","url":"https:\/\/atypique.brunotarhan.fr\/wp-content\/uploads\/2022\/04\/juste-derriere-moi.webp","contentUrl":"https:\/\/atypique.brunotarhan.fr\/wp-content\/uploads\/2022\/04\/juste-derriere-moi.webp","width":309,"height":500},{"@type":"WebPage","@id":"https:\/\/atypique.brunotarhan.fr\/index.php\/produit\/juste-derriere-moilisa-gardnerlivre-de-poche\/#webpage","url":"https:\/\/atypique.brunotarhan.fr\/index.php\/produit\/juste-derriere-moilisa-gardnerlivre-de-poche\/","name":"Juste derri\u00e8re moi Lisa Gardner Livre de poche - Atypique Concept Store","isPartOf":{"@id":"https:\/\/atypique.brunotarhan.fr\/#website"},"primaryImageOfPage":{"@id":"https:\/\/atypique.brunotarhan.fr\/index.php\/produit\/juste-derriere-moilisa-gardnerlivre-de-poche\/#primaryimage"},"datePublished":"2022-04-25T22:31:27+00:00","dateModified":"2022-04-25T22:31:27+00:00","breadcrumb":{"@id":"https:\/\/atypique.brunotarhan.fr\/index.php\/produit\/juste-derriere-moilisa-gardnerlivre-de-poche\/#breadcrumb"},"inLanguage":"fr-FR","potentialAction":[{"@type":"ReadAction","target":["https:\/\/atypique.brunotarhan.fr\/index.php\/produit\/juste-derriere-moilisa-gardnerlivre-de-poche\/"]}]},{"@type":"BreadcrumbList","@id":"https:\/\/atypique.brunotarhan.fr\/index.php\/produit\/juste-derriere-moilisa-gardnerlivre-de-poche\/#breadcrumb","itemListElement":[{"@type":"ListItem","position":1,"name":"Accueil","item":"https:\/\/atypique.brunotarhan.fr\/"},{"@type":"ListItem","position":2,"name":""},{"@type":"ListItem","position":3,"name":"Juste derri\u00e8re moi Lisa Gardner Livre de poche"}]}]}},"_links":{"self":[{"href":"https:\/\/atypique.brunotarhan.fr\/index.php\/wp-json\/wp\/v2\/product\/16036","targetHints":{"allow":["GET"]}}],"collection":[{"href":"https:\/\/atypique.brunotarhan.fr\/index.php\/wp-json\/wp\/v2\/product"}],"about":[{"href":"https:\/\/atypique.brunotarhan.fr\/index.php\/wp-json\/wp\/v2\/types\/product"}],"replies":[{"embeddable":true,"href":"https:\/\/atypique.brunotarhan.fr\/index.php\/wp-json\/wp\/v2\/comments?post=16036"}],"wp:featuredmedia":[{"embeddable":true,"href":"https:\/\/atypique.brunotarhan.fr\/index.php\/wp-json\/wp\/v2\/media\/15782"}],"wp:attachment":[{"href":"https:\/\/atypique.brunotarhan.fr\/index.php\/wp-json\/wp\/v2\/media?parent=16036"}],"wp:term":[{"taxonomy":"product_cat","embeddable":true,"href":"https:\/\/atypique.brunotarhan.fr\/index.php\/wp-json\/wp\/v2\/product_cat?post=16036"},{"taxonomy":"product_tag","embeddable":true,"href":"https:\/\/atypique.brunotarhan.fr\/index.php\/wp-json\/wp\/v2\/product_tag?post=16036"}],"curies":[{"name":"wp","href":"https:\/\/api.w.org\/{rel}","templated":true}]}}