{"id":16033,"date":"2022-04-25T22:31:26","date_gmt":"2022-04-25T22:31:26","guid":{"rendered":"https:\/\/atypique.brunotarhan.fr\/index.php\/produit\/je-ne-dors-pas-aurelie-callet-clemence-prompsyraphaelle-garnier-illustrateurde-boeck-superieur\/"},"modified":"2022-04-25T22:31:26","modified_gmt":"2022-04-25T22:31:26","slug":"je-ne-dors-pas-aurelie-callet-clemence-prompsyraphaelle-garnier-illustrateurde-boeck-superieur","status":"publish","type":"product","link":"https:\/\/atypique.brunotarhan.fr\/index.php\/produit\/je-ne-dors-pas-aurelie-callet-clemence-prompsyraphaelle-garnier-illustrateurde-boeck-superieur\/","title":{"rendered":"Je ne dors pas !\nAur\u00e9lie Callet, Cl\u00e9mence Prompsy\nRapha\u00eblle Garnier (Illustrateur)\nDe Boeck sup\u00e9rieur"},"content":{"rendered":"<p>Vous \u00eates fatigu\u00e9s d&#8217;\u00eatre r\u00e9veill\u00e9s par votre enfant ? Vous r\u00eavez de profiter de vos soir\u00e9es et de dormir des nuits compl\u00e8tes ? Aur\u00e9lie et Cl\u00e9mence vous donnent les solutions qui conviendront \u00e0 votre famille : elles sont psychologues et le sommeil des b\u00e9b\u00e9s et des enfants n&#8217;a aucun secret pour elles. Avec elles, pas de m\u00e9thode toute faite mais du sur-mesure en 3 \u00e9tapes : D&#8217;abord, comprendre pourquoi votre enfant ne dort pas ; Puis Aur\u00e9lie et Cl\u00e9mence vous aident \u00e0 adopter les conditions indispensables pour r\u00e9soudre les probl\u00e8mes de sommeil propres \u00e0 votre enfant ; Enfin, \u00e0 vous de jouer, laissez-vous guider en choisissant le rythme qui vous convient&#8230;<br \/>\nalors croyez en vous, et donnez-vous les moyens de bien dormir !<\/p>\n","protected":false},"excerpt":{"rendered":"<p>Vous \u00eates fatigu\u00e9s d&#8217;\u00eatre r\u00e9veill\u00e9s par votre enfant ? Vous r\u00eavez de profiter de vos soir\u00e9es et de dormir des nuits compl\u00e8tes ? Aur\u00e9lie et Cl\u00e9mence\u2026<\/p>\n","protected":false},"featured_media":15779,"comment_status":"open","ping_status":"closed","template":"","meta":[],"product_cat":[93,294],"product_tag":[340,341,343,339,342],"class_list":["post-16033","product","type-product","status-publish","has-post-thumbnail","hentry","product_cat-librairie","product_cat-vie-pratique","product_tag-aurelie-callet","product_tag-clemence-prompsy","product_tag-de-boeck-superieur","product_tag-je-ne-dors-pas","product_tag-vie-pratique"],"yoast_head":"<!-- This site is optimized with the Yoast SEO plugin v18.0 - https:\/\/yoast.com\/wordpress\/plugins\/seo\/ -->\n<title>Je ne dors pas ! Aur\u00e9lie Callet, Cl\u00e9mence Prompsy Rapha\u00eblle Garnier (Illustrateur) De Boeck sup\u00e9rieur - Atypique Concept Store<\/title>\n<meta name=\"robots\" content=\"index, follow, max-snippet:-1, max-image-preview:large, max-video-preview:-1\" \/>\n<link rel=\"canonical\" href=\"https:\/\/atypique.brunotarhan.fr\/index.php\/produit\/je-ne-dors-pas-aurelie-callet-clemence-prompsyraphaelle-garnier-illustrateurde-boeck-superieur\/\" \/>\n<meta property=\"og:locale\" content=\"fr_FR\" \/>\n<meta property=\"og:type\" content=\"article\" \/>\n<meta property=\"og:title\" content=\"Je ne dors pas ! Aur\u00e9lie Callet, Cl\u00e9mence Prompsy Rapha\u00eblle Garnier (Illustrateur) De Boeck sup\u00e9rieur - Atypique Concept Store\" \/>\n<meta property=\"og:description\" content=\"Vous \u00eates fatigu\u00e9s d&#039;\u00eatre r\u00e9veill\u00e9s par votre enfant ? Vous r\u00eavez de profiter de vos soir\u00e9es et de dormir des nuits compl\u00e8tes ? Aur\u00e9lie et Cl\u00e9mence\u2026\" \/>\n<meta property=\"og:url\" content=\"https:\/\/atypique.brunotarhan.fr\/index.php\/produit\/je-ne-dors-pas-aurelie-callet-clemence-prompsyraphaelle-garnier-illustrateurde-boeck-superieur\/\" \/>\n<meta property=\"og:site_name\" content=\"Atypique Concept Store\" \/>\n<meta name=\"twitter:card\" content=\"summary_large_image\" \/>\n<meta name=\"twitter:label1\" content=\"Dur\u00e9e de lecture estim\u00e9e\" \/>\n\t<meta name=\"twitter:data1\" content=\"1 minute\" \/>\n<script type=\"application\/ld+json\" class=\"yoast-schema-graph\">{\"@context\":\"https:\/\/schema.org\",\"@graph\":[{\"@type\":\"WebSite\",\"@id\":\"https:\/\/atypique.brunotarhan.fr\/#website\",\"url\":\"https:\/\/atypique.brunotarhan.fr\/\",\"name\":\"Atypique Concept Store\",\"description\":\"Just another WordPress site\",\"potentialAction\":[{\"@type\":\"SearchAction\",\"target\":{\"@type\":\"EntryPoint\",\"urlTemplate\":\"https:\/\/atypique.brunotarhan.fr\/?s={search_term_string}\"},\"query-input\":\"required name=search_term_string\"}],\"inLanguage\":\"fr-FR\"},{\"@type\":\"ImageObject\",\"@id\":\"https:\/\/atypique.brunotarhan.fr\/index.php\/produit\/je-ne-dors-pas-aurelie-callet-clemence-prompsyraphaelle-garnier-illustrateurde-boeck-superieur\/#primaryimage\",\"inLanguage\":\"fr-FR\",\"url\":\"https:\/\/atypique.brunotarhan.fr\/wp-content\/uploads\/2022\/04\/je-ne-dors-pas.webp\",\"contentUrl\":\"https:\/\/atypique.brunotarhan.fr\/wp-content\/uploads\/2022\/04\/je-ne-dors-pas.webp\",\"width\":354,\"height\":500},{\"@type\":\"WebPage\",\"@id\":\"https:\/\/atypique.brunotarhan.fr\/index.php\/produit\/je-ne-dors-pas-aurelie-callet-clemence-prompsyraphaelle-garnier-illustrateurde-boeck-superieur\/#webpage\",\"url\":\"https:\/\/atypique.brunotarhan.fr\/index.php\/produit\/je-ne-dors-pas-aurelie-callet-clemence-prompsyraphaelle-garnier-illustrateurde-boeck-superieur\/\",\"name\":\"Je ne dors pas ! Aur\u00e9lie Callet, Cl\u00e9mence Prompsy Rapha\u00eblle Garnier (Illustrateur) De Boeck sup\u00e9rieur - Atypique Concept Store\",\"isPartOf\":{\"@id\":\"https:\/\/atypique.brunotarhan.fr\/#website\"},\"primaryImageOfPage\":{\"@id\":\"https:\/\/atypique.brunotarhan.fr\/index.php\/produit\/je-ne-dors-pas-aurelie-callet-clemence-prompsyraphaelle-garnier-illustrateurde-boeck-superieur\/#primaryimage\"},\"datePublished\":\"2022-04-25T22:31:26+00:00\",\"dateModified\":\"2022-04-25T22:31:26+00:00\",\"breadcrumb\":{\"@id\":\"https:\/\/atypique.brunotarhan.fr\/index.php\/produit\/je-ne-dors-pas-aurelie-callet-clemence-prompsyraphaelle-garnier-illustrateurde-boeck-superieur\/#breadcrumb\"},\"inLanguage\":\"fr-FR\",\"potentialAction\":[{\"@type\":\"ReadAction\",\"target\":[\"https:\/\/atypique.brunotarhan.fr\/index.php\/produit\/je-ne-dors-pas-aurelie-callet-clemence-prompsyraphaelle-garnier-illustrateurde-boeck-superieur\/\"]}]},{\"@type\":\"BreadcrumbList\",\"@id\":\"https:\/\/atypique.brunotarhan.fr\/index.php\/produit\/je-ne-dors-pas-aurelie-callet-clemence-prompsyraphaelle-garnier-illustrateurde-boeck-superieur\/#breadcrumb\",\"itemListElement\":[{\"@type\":\"ListItem\",\"position\":1,\"name\":\"Accueil\",\"item\":\"https:\/\/atypique.brunotarhan.fr\/\"},{\"@type\":\"ListItem\",\"position\":2,\"name\":\"\"},{\"@type\":\"ListItem\",\"position\":3,\"name\":\"Je ne dors pas ! Aur\u00e9lie Callet, Cl\u00e9mence Prompsy Rapha\u00eblle Garnier (Illustrateur) De Boeck sup\u00e9rieur\"}]}]}<\/script>\n<!-- \/ Yoast SEO plugin. -->","yoast_head_json":{"title":"Je ne dors pas ! Aur\u00e9lie Callet, Cl\u00e9mence Prompsy Rapha\u00eblle Garnier (Illustrateur) De Boeck sup\u00e9rieur - Atypique Concept Store","robots":{"index":"index","follow":"follow","max-snippet":"max-snippet:-1","max-image-preview":"max-image-preview:large","max-video-preview":"max-video-preview:-1"},"canonical":"https:\/\/atypique.brunotarhan.fr\/index.php\/produit\/je-ne-dors-pas-aurelie-callet-clemence-prompsyraphaelle-garnier-illustrateurde-boeck-superieur\/","og_locale":"fr_FR","og_type":"article","og_title":"Je ne dors pas ! Aur\u00e9lie Callet, Cl\u00e9mence Prompsy Rapha\u00eblle Garnier (Illustrateur) De Boeck sup\u00e9rieur - Atypique Concept Store","og_description":"Vous \u00eates fatigu\u00e9s d'\u00eatre r\u00e9veill\u00e9s par votre enfant ? Vous r\u00eavez de profiter de vos soir\u00e9es et de dormir des nuits compl\u00e8tes ? Aur\u00e9lie et Cl\u00e9mence\u2026","og_url":"https:\/\/atypique.brunotarhan.fr\/index.php\/produit\/je-ne-dors-pas-aurelie-callet-clemence-prompsyraphaelle-garnier-illustrateurde-boeck-superieur\/","og_site_name":"Atypique Concept Store","twitter_card":"summary_large_image","twitter_misc":{"Dur\u00e9e de lecture estim\u00e9e":"1 minute"},"schema":{"@context":"https:\/\/schema.org","@graph":[{"@type":"WebSite","@id":"https:\/\/atypique.brunotarhan.fr\/#website","url":"https:\/\/atypique.brunotarhan.fr\/","name":"Atypique Concept Store","description":"Just another WordPress site","potentialAction":[{"@type":"SearchAction","target":{"@type":"EntryPoint","urlTemplate":"https:\/\/atypique.brunotarhan.fr\/?s={search_term_string}"},"query-input":"required name=search_term_string"}],"inLanguage":"fr-FR"},{"@type":"ImageObject","@id":"https:\/\/atypique.brunotarhan.fr\/index.php\/produit\/je-ne-dors-pas-aurelie-callet-clemence-prompsyraphaelle-garnier-illustrateurde-boeck-superieur\/#primaryimage","inLanguage":"fr-FR","url":"https:\/\/atypique.brunotarhan.fr\/wp-content\/uploads\/2022\/04\/je-ne-dors-pas.webp","contentUrl":"https:\/\/atypique.brunotarhan.fr\/wp-content\/uploads\/2022\/04\/je-ne-dors-pas.webp","width":354,"height":500},{"@type":"WebPage","@id":"https:\/\/atypique.brunotarhan.fr\/index.php\/produit\/je-ne-dors-pas-aurelie-callet-clemence-prompsyraphaelle-garnier-illustrateurde-boeck-superieur\/#webpage","url":"https:\/\/atypique.brunotarhan.fr\/index.php\/produit\/je-ne-dors-pas-aurelie-callet-clemence-prompsyraphaelle-garnier-illustrateurde-boeck-superieur\/","name":"Je ne dors pas ! Aur\u00e9lie Callet, Cl\u00e9mence Prompsy Rapha\u00eblle Garnier (Illustrateur) De Boeck sup\u00e9rieur - Atypique Concept Store","isPartOf":{"@id":"https:\/\/atypique.brunotarhan.fr\/#website"},"primaryImageOfPage":{"@id":"https:\/\/atypique.brunotarhan.fr\/index.php\/produit\/je-ne-dors-pas-aurelie-callet-clemence-prompsyraphaelle-garnier-illustrateurde-boeck-superieur\/#primaryimage"},"datePublished":"2022-04-25T22:31:26+00:00","dateModified":"2022-04-25T22:31:26+00:00","breadcrumb":{"@id":"https:\/\/atypique.brunotarhan.fr\/index.php\/produit\/je-ne-dors-pas-aurelie-callet-clemence-prompsyraphaelle-garnier-illustrateurde-boeck-superieur\/#breadcrumb"},"inLanguage":"fr-FR","potentialAction":[{"@type":"ReadAction","target":["https:\/\/atypique.brunotarhan.fr\/index.php\/produit\/je-ne-dors-pas-aurelie-callet-clemence-prompsyraphaelle-garnier-illustrateurde-boeck-superieur\/"]}]},{"@type":"BreadcrumbList","@id":"https:\/\/atypique.brunotarhan.fr\/index.php\/produit\/je-ne-dors-pas-aurelie-callet-clemence-prompsyraphaelle-garnier-illustrateurde-boeck-superieur\/#breadcrumb","itemListElement":[{"@type":"ListItem","position":1,"name":"Accueil","item":"https:\/\/atypique.brunotarhan.fr\/"},{"@type":"ListItem","position":2,"name":""},{"@type":"ListItem","position":3,"name":"Je ne dors pas ! Aur\u00e9lie Callet, Cl\u00e9mence Prompsy Rapha\u00eblle Garnier (Illustrateur) De Boeck sup\u00e9rieur"}]}]}},"_links":{"self":[{"href":"https:\/\/atypique.brunotarhan.fr\/index.php\/wp-json\/wp\/v2\/product\/16033","targetHints":{"allow":["GET"]}}],"collection":[{"href":"https:\/\/atypique.brunotarhan.fr\/index.php\/wp-json\/wp\/v2\/product"}],"about":[{"href":"https:\/\/atypique.brunotarhan.fr\/index.php\/wp-json\/wp\/v2\/types\/product"}],"replies":[{"embeddable":true,"href":"https:\/\/atypique.brunotarhan.fr\/index.php\/wp-json\/wp\/v2\/comments?post=16033"}],"wp:featuredmedia":[{"embeddable":true,"href":"https:\/\/atypique.brunotarhan.fr\/index.php\/wp-json\/wp\/v2\/media\/15779"}],"wp:attachment":[{"href":"https:\/\/atypique.brunotarhan.fr\/index.php\/wp-json\/wp\/v2\/media?parent=16033"}],"wp:term":[{"taxonomy":"product_cat","embeddable":true,"href":"https:\/\/atypique.brunotarhan.fr\/index.php\/wp-json\/wp\/v2\/product_cat?post=16033"},{"taxonomy":"product_tag","embeddable":true,"href":"https:\/\/atypique.brunotarhan.fr\/index.php\/wp-json\/wp\/v2\/product_tag?post=16033"}],"curies":[{"name":"wp","href":"https:\/\/api.w.org\/{rel}","templated":true}]}}