{"id":16032,"date":"2022-04-25T22:31:26","date_gmt":"2022-04-25T22:31:26","guid":{"rendered":"https:\/\/atypique.brunotarhan.fr\/index.php\/produit\/je-ne-cours-plus-quapres-mes-revesbruno-combesjai-lu\/"},"modified":"2022-04-25T22:31:26","modified_gmt":"2022-04-25T22:31:26","slug":"je-ne-cours-plus-quapres-mes-revesbruno-combesjai-lu","status":"publish","type":"product","link":"https:\/\/atypique.brunotarhan.fr\/index.php\/produit\/je-ne-cours-plus-quapres-mes-revesbruno-combesjai-lu\/","title":{"rendered":"Je ne cours plus qu&#8217;apr\u00e8s mes r\u00eaves\nBruno Combes\nJ&#8217;ai lu"},"content":{"rendered":"<p>A dix-huit ans, Louane r\u00eave de prendre le large. Mais lorsqu&#8217;elle \u00e9choue au bac, ses espoirs s&#8217;envolent. Jusqu&#8217;au jour o\u00f9&#8230; Laurene, trente-neuf ans, m\u00e8ne une carri\u00e8re brillante. Elle cherche le bonheur mais prend la fuite d\u00e8s qu&#8217;il approche. Jusqu&#8217;au jour o\u00f9&#8230; Louise, \u00e0 la retraite, se retrouve veuve et seule pour la premi\u00e8re fois de sa vie. Elle se dit que l&#8217;avenir n&#8217;a plus de cadeau \u00e0 lui faire.<br \/>\nJusqu&#8217;au jour o\u00f9&#8230; Trois femmes, trois g\u00e9n\u00e9rations, un point commun : elles ne veulent plus renoncer \u00e0 leurs r\u00eaves. Et l&#8217;aventure qu&#8217;elles s&#8217;appr\u00eatent \u00e0 partager va les changer \u00e0 jamais.<\/p>\n","protected":false},"excerpt":{"rendered":"<p>A dix-huit ans, Louane r\u00eave de prendre le large. Mais lorsqu&#8217;elle \u00e9choue au bac, ses espoirs s&#8217;envolent. Jusqu&#8217;au jour o\u00f9&#8230; Laurene, trente-neuf ans,\u2026<\/p>\n","protected":false},"featured_media":15778,"comment_status":"open","ping_status":"closed","template":"","meta":[],"product_cat":[93,186],"product_tag":[338,249,337,189],"class_list":["post-16032","product","type-product","status-publish","has-post-thumbnail","hentry","product_cat-librairie","product_cat-romans","product_tag-bruno-combes","product_tag-jai-lu","product_tag-je-ne-cours-plus-quapres-mes-reves","product_tag-roman"],"yoast_head":"<!-- This site is optimized with the Yoast SEO plugin v18.0 - https:\/\/yoast.com\/wordpress\/plugins\/seo\/ -->\n<title>Je ne cours plus qu&#039;apr\u00e8s mes r\u00eaves Bruno Combes J&#039;ai lu - Atypique Concept Store<\/title>\n<meta name=\"robots\" content=\"index, follow, max-snippet:-1, max-image-preview:large, max-video-preview:-1\" \/>\n<link rel=\"canonical\" href=\"https:\/\/atypique.brunotarhan.fr\/index.php\/produit\/je-ne-cours-plus-quapres-mes-revesbruno-combesjai-lu\/\" \/>\n<meta property=\"og:locale\" content=\"fr_FR\" \/>\n<meta property=\"og:type\" content=\"article\" \/>\n<meta property=\"og:title\" content=\"Je ne cours plus qu&#039;apr\u00e8s mes r\u00eaves Bruno Combes J&#039;ai lu - Atypique Concept Store\" \/>\n<meta property=\"og:description\" content=\"A dix-huit ans, Louane r\u00eave de prendre le large. Mais lorsqu&#039;elle \u00e9choue au bac, ses espoirs s&#039;envolent. Jusqu&#039;au jour o\u00f9... Laurene, trente-neuf ans,\u2026\" \/>\n<meta property=\"og:url\" content=\"https:\/\/atypique.brunotarhan.fr\/index.php\/produit\/je-ne-cours-plus-quapres-mes-revesbruno-combesjai-lu\/\" \/>\n<meta property=\"og:site_name\" content=\"Atypique Concept Store\" \/>\n<meta name=\"twitter:card\" content=\"summary_large_image\" \/>\n<meta name=\"twitter:label1\" content=\"Dur\u00e9e de lecture estim\u00e9e\" \/>\n\t<meta name=\"twitter:data1\" content=\"1 minute\" \/>\n<script type=\"application\/ld+json\" class=\"yoast-schema-graph\">{\"@context\":\"https:\/\/schema.org\",\"@graph\":[{\"@type\":\"WebSite\",\"@id\":\"https:\/\/atypique.brunotarhan.fr\/#website\",\"url\":\"https:\/\/atypique.brunotarhan.fr\/\",\"name\":\"Atypique Concept Store\",\"description\":\"Just another WordPress site\",\"potentialAction\":[{\"@type\":\"SearchAction\",\"target\":{\"@type\":\"EntryPoint\",\"urlTemplate\":\"https:\/\/atypique.brunotarhan.fr\/?s={search_term_string}\"},\"query-input\":\"required name=search_term_string\"}],\"inLanguage\":\"fr-FR\"},{\"@type\":\"ImageObject\",\"@id\":\"https:\/\/atypique.brunotarhan.fr\/index.php\/produit\/je-ne-cours-plus-quapres-mes-revesbruno-combesjai-lu\/#primaryimage\",\"inLanguage\":\"fr-FR\",\"url\":\"https:\/\/atypique.brunotarhan.fr\/wp-content\/uploads\/2022\/04\/je-ne-cours-plus.webp\",\"contentUrl\":\"https:\/\/atypique.brunotarhan.fr\/wp-content\/uploads\/2022\/04\/je-ne-cours-plus.webp\",\"width\":309,\"height\":500},{\"@type\":\"WebPage\",\"@id\":\"https:\/\/atypique.brunotarhan.fr\/index.php\/produit\/je-ne-cours-plus-quapres-mes-revesbruno-combesjai-lu\/#webpage\",\"url\":\"https:\/\/atypique.brunotarhan.fr\/index.php\/produit\/je-ne-cours-plus-quapres-mes-revesbruno-combesjai-lu\/\",\"name\":\"Je ne cours plus qu'apr\u00e8s mes r\u00eaves Bruno Combes J'ai lu - Atypique Concept Store\",\"isPartOf\":{\"@id\":\"https:\/\/atypique.brunotarhan.fr\/#website\"},\"primaryImageOfPage\":{\"@id\":\"https:\/\/atypique.brunotarhan.fr\/index.php\/produit\/je-ne-cours-plus-quapres-mes-revesbruno-combesjai-lu\/#primaryimage\"},\"datePublished\":\"2022-04-25T22:31:26+00:00\",\"dateModified\":\"2022-04-25T22:31:26+00:00\",\"breadcrumb\":{\"@id\":\"https:\/\/atypique.brunotarhan.fr\/index.php\/produit\/je-ne-cours-plus-quapres-mes-revesbruno-combesjai-lu\/#breadcrumb\"},\"inLanguage\":\"fr-FR\",\"potentialAction\":[{\"@type\":\"ReadAction\",\"target\":[\"https:\/\/atypique.brunotarhan.fr\/index.php\/produit\/je-ne-cours-plus-quapres-mes-revesbruno-combesjai-lu\/\"]}]},{\"@type\":\"BreadcrumbList\",\"@id\":\"https:\/\/atypique.brunotarhan.fr\/index.php\/produit\/je-ne-cours-plus-quapres-mes-revesbruno-combesjai-lu\/#breadcrumb\",\"itemListElement\":[{\"@type\":\"ListItem\",\"position\":1,\"name\":\"Accueil\",\"item\":\"https:\/\/atypique.brunotarhan.fr\/\"},{\"@type\":\"ListItem\",\"position\":2,\"name\":\"\"},{\"@type\":\"ListItem\",\"position\":3,\"name\":\"Je ne cours plus qu&#8217;apr\u00e8s mes r\u00eaves Bruno Combes J&#8217;ai lu\"}]}]}<\/script>\n<!-- \/ Yoast SEO plugin. -->","yoast_head_json":{"title":"Je ne cours plus qu'apr\u00e8s mes r\u00eaves Bruno Combes J'ai lu - Atypique Concept Store","robots":{"index":"index","follow":"follow","max-snippet":"max-snippet:-1","max-image-preview":"max-image-preview:large","max-video-preview":"max-video-preview:-1"},"canonical":"https:\/\/atypique.brunotarhan.fr\/index.php\/produit\/je-ne-cours-plus-quapres-mes-revesbruno-combesjai-lu\/","og_locale":"fr_FR","og_type":"article","og_title":"Je ne cours plus qu'apr\u00e8s mes r\u00eaves Bruno Combes J'ai lu - Atypique Concept Store","og_description":"A dix-huit ans, Louane r\u00eave de prendre le large. Mais lorsqu'elle \u00e9choue au bac, ses espoirs s'envolent. Jusqu'au jour o\u00f9... Laurene, trente-neuf ans,\u2026","og_url":"https:\/\/atypique.brunotarhan.fr\/index.php\/produit\/je-ne-cours-plus-quapres-mes-revesbruno-combesjai-lu\/","og_site_name":"Atypique Concept Store","twitter_card":"summary_large_image","twitter_misc":{"Dur\u00e9e de lecture estim\u00e9e":"1 minute"},"schema":{"@context":"https:\/\/schema.org","@graph":[{"@type":"WebSite","@id":"https:\/\/atypique.brunotarhan.fr\/#website","url":"https:\/\/atypique.brunotarhan.fr\/","name":"Atypique Concept Store","description":"Just another WordPress site","potentialAction":[{"@type":"SearchAction","target":{"@type":"EntryPoint","urlTemplate":"https:\/\/atypique.brunotarhan.fr\/?s={search_term_string}"},"query-input":"required name=search_term_string"}],"inLanguage":"fr-FR"},{"@type":"ImageObject","@id":"https:\/\/atypique.brunotarhan.fr\/index.php\/produit\/je-ne-cours-plus-quapres-mes-revesbruno-combesjai-lu\/#primaryimage","inLanguage":"fr-FR","url":"https:\/\/atypique.brunotarhan.fr\/wp-content\/uploads\/2022\/04\/je-ne-cours-plus.webp","contentUrl":"https:\/\/atypique.brunotarhan.fr\/wp-content\/uploads\/2022\/04\/je-ne-cours-plus.webp","width":309,"height":500},{"@type":"WebPage","@id":"https:\/\/atypique.brunotarhan.fr\/index.php\/produit\/je-ne-cours-plus-quapres-mes-revesbruno-combesjai-lu\/#webpage","url":"https:\/\/atypique.brunotarhan.fr\/index.php\/produit\/je-ne-cours-plus-quapres-mes-revesbruno-combesjai-lu\/","name":"Je ne cours plus qu'apr\u00e8s mes r\u00eaves Bruno Combes J'ai lu - Atypique Concept Store","isPartOf":{"@id":"https:\/\/atypique.brunotarhan.fr\/#website"},"primaryImageOfPage":{"@id":"https:\/\/atypique.brunotarhan.fr\/index.php\/produit\/je-ne-cours-plus-quapres-mes-revesbruno-combesjai-lu\/#primaryimage"},"datePublished":"2022-04-25T22:31:26+00:00","dateModified":"2022-04-25T22:31:26+00:00","breadcrumb":{"@id":"https:\/\/atypique.brunotarhan.fr\/index.php\/produit\/je-ne-cours-plus-quapres-mes-revesbruno-combesjai-lu\/#breadcrumb"},"inLanguage":"fr-FR","potentialAction":[{"@type":"ReadAction","target":["https:\/\/atypique.brunotarhan.fr\/index.php\/produit\/je-ne-cours-plus-quapres-mes-revesbruno-combesjai-lu\/"]}]},{"@type":"BreadcrumbList","@id":"https:\/\/atypique.brunotarhan.fr\/index.php\/produit\/je-ne-cours-plus-quapres-mes-revesbruno-combesjai-lu\/#breadcrumb","itemListElement":[{"@type":"ListItem","position":1,"name":"Accueil","item":"https:\/\/atypique.brunotarhan.fr\/"},{"@type":"ListItem","position":2,"name":""},{"@type":"ListItem","position":3,"name":"Je ne cours plus qu&#8217;apr\u00e8s mes r\u00eaves Bruno Combes J&#8217;ai lu"}]}]}},"_links":{"self":[{"href":"https:\/\/atypique.brunotarhan.fr\/index.php\/wp-json\/wp\/v2\/product\/16032","targetHints":{"allow":["GET"]}}],"collection":[{"href":"https:\/\/atypique.brunotarhan.fr\/index.php\/wp-json\/wp\/v2\/product"}],"about":[{"href":"https:\/\/atypique.brunotarhan.fr\/index.php\/wp-json\/wp\/v2\/types\/product"}],"replies":[{"embeddable":true,"href":"https:\/\/atypique.brunotarhan.fr\/index.php\/wp-json\/wp\/v2\/comments?post=16032"}],"wp:featuredmedia":[{"embeddable":true,"href":"https:\/\/atypique.brunotarhan.fr\/index.php\/wp-json\/wp\/v2\/media\/15778"}],"wp:attachment":[{"href":"https:\/\/atypique.brunotarhan.fr\/index.php\/wp-json\/wp\/v2\/media?parent=16032"}],"wp:term":[{"taxonomy":"product_cat","embeddable":true,"href":"https:\/\/atypique.brunotarhan.fr\/index.php\/wp-json\/wp\/v2\/product_cat?post=16032"},{"taxonomy":"product_tag","embeddable":true,"href":"https:\/\/atypique.brunotarhan.fr\/index.php\/wp-json\/wp\/v2\/product_tag?post=16032"}],"curies":[{"name":"wp","href":"https:\/\/api.w.org\/{rel}","templated":true}]}}