{"id":16031,"date":"2022-04-25T22:31:26","date_gmt":"2022-04-25T22:31:26","guid":{"rendered":"https:\/\/atypique.brunotarhan.fr\/index.php\/produit\/intimidationharlan-cobenpocket\/"},"modified":"2022-04-25T22:31:26","modified_gmt":"2022-04-25T22:31:26","slug":"intimidationharlan-cobenpocket","status":"publish","type":"product","link":"https:\/\/atypique.brunotarhan.fr\/index.php\/produit\/intimidationharlan-cobenpocket\/","title":{"rendered":"Intimidation\nHarlan Coben\nPocket"},"content":{"rendered":"<p>Dans un bar d&#8217;une banlieue hupp\u00e9e du New Jersey, Adam Price, un avocat sans histoires, est abord\u00e9 par un inconnu qui lui souffle que Corinne, sa femme depuis dix-huit ans lui a menti sur sa grossesse. Cette r\u00e9v\u00e9lation contient des d\u00e9tails suffisamment pr\u00e9cis pour instiller le doute comme un poison dans la vie d&#8217;Adam. Sa tranquillit\u00e9, son bonheur et son sentiment de s\u00e9curit\u00e9 se dissolvent soudainement dans l&#8217;air printanier.<br \/>\nPartag\u00e9 entre inqui\u00e9tude et sentiment de trahison, Adam d\u00e9cide de d\u00e9couvrir la v\u00e9rit\u00e9. Mais jusqu&#8217;o\u00f9 peut-on aller lorsqu&#8217;on a \u00e9t\u00e9 trahi par les siens ?<\/p>\n","protected":false},"excerpt":{"rendered":"<p>Dans un bar d&#8217;une banlieue hupp\u00e9e du New Jersey, Adam Price, un avocat sans histoires, est abord\u00e9 par un inconnu qui lui souffle que Corinne, sa femme\u2026<\/p>\n","protected":false},"featured_media":15777,"comment_status":"open","ping_status":"closed","template":"","meta":[],"product_cat":[93,204],"product_tag":[317,336,239,263,208],"class_list":["post-16031","product","type-product","status-publish","has-post-thumbnail","hentry","product_cat-librairie","product_cat-polars-thrillers","product_tag-harlan-coben","product_tag-intimidation","product_tag-pocket","product_tag-polar","product_tag-thriller"],"yoast_head":"<!-- This site is optimized with the Yoast SEO plugin v18.0 - https:\/\/yoast.com\/wordpress\/plugins\/seo\/ -->\n<title>Intimidation Harlan Coben Pocket - Atypique Concept Store<\/title>\n<meta name=\"robots\" content=\"index, follow, max-snippet:-1, max-image-preview:large, max-video-preview:-1\" \/>\n<link rel=\"canonical\" href=\"https:\/\/atypique.brunotarhan.fr\/index.php\/produit\/intimidationharlan-cobenpocket\/\" \/>\n<meta property=\"og:locale\" content=\"fr_FR\" \/>\n<meta property=\"og:type\" content=\"article\" \/>\n<meta property=\"og:title\" content=\"Intimidation Harlan Coben Pocket - Atypique Concept Store\" \/>\n<meta property=\"og:description\" content=\"Dans un bar d&#039;une banlieue hupp\u00e9e du New Jersey, Adam Price, un avocat sans histoires, est abord\u00e9 par un inconnu qui lui souffle que Corinne, sa femme\u2026\" \/>\n<meta property=\"og:url\" content=\"https:\/\/atypique.brunotarhan.fr\/index.php\/produit\/intimidationharlan-cobenpocket\/\" \/>\n<meta property=\"og:site_name\" content=\"Atypique Concept Store\" \/>\n<meta name=\"twitter:card\" content=\"summary_large_image\" \/>\n<meta name=\"twitter:label1\" content=\"Dur\u00e9e de lecture estim\u00e9e\" \/>\n\t<meta name=\"twitter:data1\" content=\"1 minute\" \/>\n<script type=\"application\/ld+json\" class=\"yoast-schema-graph\">{\"@context\":\"https:\/\/schema.org\",\"@graph\":[{\"@type\":\"WebSite\",\"@id\":\"https:\/\/atypique.brunotarhan.fr\/#website\",\"url\":\"https:\/\/atypique.brunotarhan.fr\/\",\"name\":\"Atypique Concept Store\",\"description\":\"Just another WordPress site\",\"potentialAction\":[{\"@type\":\"SearchAction\",\"target\":{\"@type\":\"EntryPoint\",\"urlTemplate\":\"https:\/\/atypique.brunotarhan.fr\/?s={search_term_string}\"},\"query-input\":\"required name=search_term_string\"}],\"inLanguage\":\"fr-FR\"},{\"@type\":\"ImageObject\",\"@id\":\"https:\/\/atypique.brunotarhan.fr\/index.php\/produit\/intimidationharlan-cobenpocket\/#primaryimage\",\"inLanguage\":\"fr-FR\",\"url\":\"https:\/\/atypique.brunotarhan.fr\/wp-content\/uploads\/2022\/04\/intimidation.webp\",\"contentUrl\":\"https:\/\/atypique.brunotarhan.fr\/wp-content\/uploads\/2022\/04\/intimidation.webp\",\"width\":305,\"height\":500},{\"@type\":\"WebPage\",\"@id\":\"https:\/\/atypique.brunotarhan.fr\/index.php\/produit\/intimidationharlan-cobenpocket\/#webpage\",\"url\":\"https:\/\/atypique.brunotarhan.fr\/index.php\/produit\/intimidationharlan-cobenpocket\/\",\"name\":\"Intimidation Harlan Coben Pocket - Atypique Concept Store\",\"isPartOf\":{\"@id\":\"https:\/\/atypique.brunotarhan.fr\/#website\"},\"primaryImageOfPage\":{\"@id\":\"https:\/\/atypique.brunotarhan.fr\/index.php\/produit\/intimidationharlan-cobenpocket\/#primaryimage\"},\"datePublished\":\"2022-04-25T22:31:26+00:00\",\"dateModified\":\"2022-04-25T22:31:26+00:00\",\"breadcrumb\":{\"@id\":\"https:\/\/atypique.brunotarhan.fr\/index.php\/produit\/intimidationharlan-cobenpocket\/#breadcrumb\"},\"inLanguage\":\"fr-FR\",\"potentialAction\":[{\"@type\":\"ReadAction\",\"target\":[\"https:\/\/atypique.brunotarhan.fr\/index.php\/produit\/intimidationharlan-cobenpocket\/\"]}]},{\"@type\":\"BreadcrumbList\",\"@id\":\"https:\/\/atypique.brunotarhan.fr\/index.php\/produit\/intimidationharlan-cobenpocket\/#breadcrumb\",\"itemListElement\":[{\"@type\":\"ListItem\",\"position\":1,\"name\":\"Accueil\",\"item\":\"https:\/\/atypique.brunotarhan.fr\/\"},{\"@type\":\"ListItem\",\"position\":2,\"name\":\"\"},{\"@type\":\"ListItem\",\"position\":3,\"name\":\"Intimidation Harlan Coben Pocket\"}]}]}<\/script>\n<!-- \/ Yoast SEO plugin. -->","yoast_head_json":{"title":"Intimidation Harlan Coben Pocket - Atypique Concept Store","robots":{"index":"index","follow":"follow","max-snippet":"max-snippet:-1","max-image-preview":"max-image-preview:large","max-video-preview":"max-video-preview:-1"},"canonical":"https:\/\/atypique.brunotarhan.fr\/index.php\/produit\/intimidationharlan-cobenpocket\/","og_locale":"fr_FR","og_type":"article","og_title":"Intimidation Harlan Coben Pocket - Atypique Concept Store","og_description":"Dans un bar d'une banlieue hupp\u00e9e du New Jersey, Adam Price, un avocat sans histoires, est abord\u00e9 par un inconnu qui lui souffle que Corinne, sa femme\u2026","og_url":"https:\/\/atypique.brunotarhan.fr\/index.php\/produit\/intimidationharlan-cobenpocket\/","og_site_name":"Atypique Concept Store","twitter_card":"summary_large_image","twitter_misc":{"Dur\u00e9e de lecture estim\u00e9e":"1 minute"},"schema":{"@context":"https:\/\/schema.org","@graph":[{"@type":"WebSite","@id":"https:\/\/atypique.brunotarhan.fr\/#website","url":"https:\/\/atypique.brunotarhan.fr\/","name":"Atypique Concept Store","description":"Just another WordPress site","potentialAction":[{"@type":"SearchAction","target":{"@type":"EntryPoint","urlTemplate":"https:\/\/atypique.brunotarhan.fr\/?s={search_term_string}"},"query-input":"required name=search_term_string"}],"inLanguage":"fr-FR"},{"@type":"ImageObject","@id":"https:\/\/atypique.brunotarhan.fr\/index.php\/produit\/intimidationharlan-cobenpocket\/#primaryimage","inLanguage":"fr-FR","url":"https:\/\/atypique.brunotarhan.fr\/wp-content\/uploads\/2022\/04\/intimidation.webp","contentUrl":"https:\/\/atypique.brunotarhan.fr\/wp-content\/uploads\/2022\/04\/intimidation.webp","width":305,"height":500},{"@type":"WebPage","@id":"https:\/\/atypique.brunotarhan.fr\/index.php\/produit\/intimidationharlan-cobenpocket\/#webpage","url":"https:\/\/atypique.brunotarhan.fr\/index.php\/produit\/intimidationharlan-cobenpocket\/","name":"Intimidation Harlan Coben Pocket - Atypique Concept Store","isPartOf":{"@id":"https:\/\/atypique.brunotarhan.fr\/#website"},"primaryImageOfPage":{"@id":"https:\/\/atypique.brunotarhan.fr\/index.php\/produit\/intimidationharlan-cobenpocket\/#primaryimage"},"datePublished":"2022-04-25T22:31:26+00:00","dateModified":"2022-04-25T22:31:26+00:00","breadcrumb":{"@id":"https:\/\/atypique.brunotarhan.fr\/index.php\/produit\/intimidationharlan-cobenpocket\/#breadcrumb"},"inLanguage":"fr-FR","potentialAction":[{"@type":"ReadAction","target":["https:\/\/atypique.brunotarhan.fr\/index.php\/produit\/intimidationharlan-cobenpocket\/"]}]},{"@type":"BreadcrumbList","@id":"https:\/\/atypique.brunotarhan.fr\/index.php\/produit\/intimidationharlan-cobenpocket\/#breadcrumb","itemListElement":[{"@type":"ListItem","position":1,"name":"Accueil","item":"https:\/\/atypique.brunotarhan.fr\/"},{"@type":"ListItem","position":2,"name":""},{"@type":"ListItem","position":3,"name":"Intimidation Harlan Coben Pocket"}]}]}},"_links":{"self":[{"href":"https:\/\/atypique.brunotarhan.fr\/index.php\/wp-json\/wp\/v2\/product\/16031","targetHints":{"allow":["GET"]}}],"collection":[{"href":"https:\/\/atypique.brunotarhan.fr\/index.php\/wp-json\/wp\/v2\/product"}],"about":[{"href":"https:\/\/atypique.brunotarhan.fr\/index.php\/wp-json\/wp\/v2\/types\/product"}],"replies":[{"embeddable":true,"href":"https:\/\/atypique.brunotarhan.fr\/index.php\/wp-json\/wp\/v2\/comments?post=16031"}],"wp:featuredmedia":[{"embeddable":true,"href":"https:\/\/atypique.brunotarhan.fr\/index.php\/wp-json\/wp\/v2\/media\/15777"}],"wp:attachment":[{"href":"https:\/\/atypique.brunotarhan.fr\/index.php\/wp-json\/wp\/v2\/media?parent=16031"}],"wp:term":[{"taxonomy":"product_cat","embeddable":true,"href":"https:\/\/atypique.brunotarhan.fr\/index.php\/wp-json\/wp\/v2\/product_cat?post=16031"},{"taxonomy":"product_tag","embeddable":true,"href":"https:\/\/atypique.brunotarhan.fr\/index.php\/wp-json\/wp\/v2\/product_tag?post=16031"}],"curies":[{"name":"wp","href":"https:\/\/api.w.org\/{rel}","templated":true}]}}