{"id":16030,"date":"2022-04-25T22:31:26","date_gmt":"2022-04-25T22:31:26","guid":{"rendered":"https:\/\/atypique.brunotarhan.fr\/index.php\/produit\/impact-olivier-norekpocket\/"},"modified":"2022-04-25T22:31:26","modified_gmt":"2022-04-25T22:31:26","slug":"impact-olivier-norekpocket","status":"publish","type":"product","link":"https:\/\/atypique.brunotarhan.fr\/index.php\/produit\/impact-olivier-norekpocket\/","title":{"rendered":"Impact \nOlivier Norek\nPocket"},"content":{"rendered":"<p>Face au mal qui se propage et qui a tu\u00e9 sa fille. Pour les millions de victimes pass\u00e9es et les millions de victimes \u00e0 venir. Virgil Solal entre en guerre, seul, contre des g\u00e9ants. Virgil Solal, soldat des forces sp\u00e9ciales, sait \u00e0 quel point notre monde (pr\u00e9) apocalyptique peut \u00eatre dangereux. Sa fille est mort-n\u00e9e \u00e0 cause de la pollution atmosph\u00e9rique. Il d\u00e9cide donc de faire payer ceux qu&#8217;il tient pour responsables : les grands patrons, les financiers, les politiques.<br \/>\nIl devient alors un \u00e9co-terroriste \u00e0 la t\u00eate de Greenwar (sorte de branche arm\u00e9e de Greenpeace) dont la population soutient l&#8217;action. Il kidnappe le patron de Total et annonce que d&#8217;autres dirigeants de grandes entreprises suivront. Si la multinationale ne paie pas la ran\u00e7on, l&#8217;otage mourra. La firme est-elle pr\u00eate \u00e0 d\u00e9bourser 5 milliards de dollars pour sauver un homme responsable de milliers de crimes ? D&#8217;autant que cette somme sera restitu\u00e9e si l&#8217;entreprise s&#8217;engage \u00e0 financer les \u00e9nergies renouvelables au d\u00e9triment des \u00e9nergies fossiles.<br \/>\nUn capitaine de police aussi calme qu&#8217;empathique et une psycho-criminologue terrass\u00e9e par des crises de panique sont charg\u00e9s de n\u00e9gocier avec le ravisseur. Radical, d\u00e9termin\u00e9, il n&#8217;a rien \u00e0 perdre. Bien trop intelligent pour \u00eatre musel\u00e9 et pi\u00e9g\u00e9 par les vieilles ficelles du profilage et de la tactique polici\u00e8re, son combat rencontre un \u00e9cho et un soutien plan\u00e9taires. L&#8217;\u00e9quilibre des forces se grippe quand celui qui tient le r\u00f4le du m\u00e9chant se r\u00e9v\u00e8le justicier.<br \/>\nQui est le criminel ? Le preneur d&#8217;otage qui veut sauver la plan\u00e8te et l&#8217;humanit\u00e9, ou le dirigeant d&#8217;entreprise dont le cynisme, la cupidit\u00e9 et la vision \u00e0 court terme condamnent des milliers d&#8217;innocents ?<\/p>\n","protected":false},"excerpt":{"rendered":"<p>Face au mal qui se propage et qui a tu\u00e9 sa fille. Pour les millions de victimes pass\u00e9es et les millions de victimes \u00e0 venir. Virgil Solal entre en\u2026<\/p>\n","protected":false},"featured_media":15776,"comment_status":"open","ping_status":"closed","template":"","meta":[],"product_cat":[93,204],"product_tag":[334,335,239,263,208],"class_list":["post-16030","product","type-product","status-publish","has-post-thumbnail","hentry","product_cat-librairie","product_cat-polars-thrillers","product_tag-impact","product_tag-olivier-norek","product_tag-pocket","product_tag-polar","product_tag-thriller"],"yoast_head":"<!-- This site is optimized with the Yoast SEO plugin v18.0 - https:\/\/yoast.com\/wordpress\/plugins\/seo\/ -->\n<title>Impact Olivier Norek Pocket - Atypique Concept Store<\/title>\n<meta name=\"robots\" content=\"index, follow, max-snippet:-1, max-image-preview:large, max-video-preview:-1\" \/>\n<link rel=\"canonical\" href=\"https:\/\/atypique.brunotarhan.fr\/index.php\/produit\/impact-olivier-norekpocket\/\" \/>\n<meta property=\"og:locale\" content=\"fr_FR\" \/>\n<meta property=\"og:type\" content=\"article\" \/>\n<meta property=\"og:title\" content=\"Impact Olivier Norek Pocket - Atypique Concept Store\" \/>\n<meta property=\"og:description\" content=\"Face au mal qui se propage et qui a tu\u00e9 sa fille. Pour les millions de victimes pass\u00e9es et les millions de victimes \u00e0 venir. Virgil Solal entre en\u2026\" \/>\n<meta property=\"og:url\" content=\"https:\/\/atypique.brunotarhan.fr\/index.php\/produit\/impact-olivier-norekpocket\/\" \/>\n<meta property=\"og:site_name\" content=\"Atypique Concept Store\" \/>\n<meta name=\"twitter:card\" content=\"summary_large_image\" \/>\n<meta name=\"twitter:label1\" content=\"Dur\u00e9e de lecture estim\u00e9e\" \/>\n\t<meta name=\"twitter:data1\" content=\"1 minute\" \/>\n<script type=\"application\/ld+json\" class=\"yoast-schema-graph\">{\"@context\":\"https:\/\/schema.org\",\"@graph\":[{\"@type\":\"WebSite\",\"@id\":\"https:\/\/atypique.brunotarhan.fr\/#website\",\"url\":\"https:\/\/atypique.brunotarhan.fr\/\",\"name\":\"Atypique Concept Store\",\"description\":\"Just another WordPress site\",\"potentialAction\":[{\"@type\":\"SearchAction\",\"target\":{\"@type\":\"EntryPoint\",\"urlTemplate\":\"https:\/\/atypique.brunotarhan.fr\/?s={search_term_string}\"},\"query-input\":\"required name=search_term_string\"}],\"inLanguage\":\"fr-FR\"},{\"@type\":\"ImageObject\",\"@id\":\"https:\/\/atypique.brunotarhan.fr\/index.php\/produit\/impact-olivier-norekpocket\/#primaryimage\",\"inLanguage\":\"fr-FR\",\"url\":\"https:\/\/atypique.brunotarhan.fr\/wp-content\/uploads\/2022\/04\/impact.webp\",\"contentUrl\":\"https:\/\/atypique.brunotarhan.fr\/wp-content\/uploads\/2022\/04\/impact.webp\",\"width\":305,\"height\":500},{\"@type\":\"WebPage\",\"@id\":\"https:\/\/atypique.brunotarhan.fr\/index.php\/produit\/impact-olivier-norekpocket\/#webpage\",\"url\":\"https:\/\/atypique.brunotarhan.fr\/index.php\/produit\/impact-olivier-norekpocket\/\",\"name\":\"Impact Olivier Norek Pocket - Atypique Concept Store\",\"isPartOf\":{\"@id\":\"https:\/\/atypique.brunotarhan.fr\/#website\"},\"primaryImageOfPage\":{\"@id\":\"https:\/\/atypique.brunotarhan.fr\/index.php\/produit\/impact-olivier-norekpocket\/#primaryimage\"},\"datePublished\":\"2022-04-25T22:31:26+00:00\",\"dateModified\":\"2022-04-25T22:31:26+00:00\",\"breadcrumb\":{\"@id\":\"https:\/\/atypique.brunotarhan.fr\/index.php\/produit\/impact-olivier-norekpocket\/#breadcrumb\"},\"inLanguage\":\"fr-FR\",\"potentialAction\":[{\"@type\":\"ReadAction\",\"target\":[\"https:\/\/atypique.brunotarhan.fr\/index.php\/produit\/impact-olivier-norekpocket\/\"]}]},{\"@type\":\"BreadcrumbList\",\"@id\":\"https:\/\/atypique.brunotarhan.fr\/index.php\/produit\/impact-olivier-norekpocket\/#breadcrumb\",\"itemListElement\":[{\"@type\":\"ListItem\",\"position\":1,\"name\":\"Accueil\",\"item\":\"https:\/\/atypique.brunotarhan.fr\/\"},{\"@type\":\"ListItem\",\"position\":2,\"name\":\"\"},{\"@type\":\"ListItem\",\"position\":3,\"name\":\"Impact Olivier Norek Pocket\"}]}]}<\/script>\n<!-- \/ Yoast SEO plugin. -->","yoast_head_json":{"title":"Impact Olivier Norek Pocket - Atypique Concept Store","robots":{"index":"index","follow":"follow","max-snippet":"max-snippet:-1","max-image-preview":"max-image-preview:large","max-video-preview":"max-video-preview:-1"},"canonical":"https:\/\/atypique.brunotarhan.fr\/index.php\/produit\/impact-olivier-norekpocket\/","og_locale":"fr_FR","og_type":"article","og_title":"Impact Olivier Norek Pocket - Atypique Concept Store","og_description":"Face au mal qui se propage et qui a tu\u00e9 sa fille. Pour les millions de victimes pass\u00e9es et les millions de victimes \u00e0 venir. Virgil Solal entre en\u2026","og_url":"https:\/\/atypique.brunotarhan.fr\/index.php\/produit\/impact-olivier-norekpocket\/","og_site_name":"Atypique Concept Store","twitter_card":"summary_large_image","twitter_misc":{"Dur\u00e9e de lecture estim\u00e9e":"1 minute"},"schema":{"@context":"https:\/\/schema.org","@graph":[{"@type":"WebSite","@id":"https:\/\/atypique.brunotarhan.fr\/#website","url":"https:\/\/atypique.brunotarhan.fr\/","name":"Atypique Concept Store","description":"Just another WordPress site","potentialAction":[{"@type":"SearchAction","target":{"@type":"EntryPoint","urlTemplate":"https:\/\/atypique.brunotarhan.fr\/?s={search_term_string}"},"query-input":"required name=search_term_string"}],"inLanguage":"fr-FR"},{"@type":"ImageObject","@id":"https:\/\/atypique.brunotarhan.fr\/index.php\/produit\/impact-olivier-norekpocket\/#primaryimage","inLanguage":"fr-FR","url":"https:\/\/atypique.brunotarhan.fr\/wp-content\/uploads\/2022\/04\/impact.webp","contentUrl":"https:\/\/atypique.brunotarhan.fr\/wp-content\/uploads\/2022\/04\/impact.webp","width":305,"height":500},{"@type":"WebPage","@id":"https:\/\/atypique.brunotarhan.fr\/index.php\/produit\/impact-olivier-norekpocket\/#webpage","url":"https:\/\/atypique.brunotarhan.fr\/index.php\/produit\/impact-olivier-norekpocket\/","name":"Impact Olivier Norek Pocket - Atypique Concept Store","isPartOf":{"@id":"https:\/\/atypique.brunotarhan.fr\/#website"},"primaryImageOfPage":{"@id":"https:\/\/atypique.brunotarhan.fr\/index.php\/produit\/impact-olivier-norekpocket\/#primaryimage"},"datePublished":"2022-04-25T22:31:26+00:00","dateModified":"2022-04-25T22:31:26+00:00","breadcrumb":{"@id":"https:\/\/atypique.brunotarhan.fr\/index.php\/produit\/impact-olivier-norekpocket\/#breadcrumb"},"inLanguage":"fr-FR","potentialAction":[{"@type":"ReadAction","target":["https:\/\/atypique.brunotarhan.fr\/index.php\/produit\/impact-olivier-norekpocket\/"]}]},{"@type":"BreadcrumbList","@id":"https:\/\/atypique.brunotarhan.fr\/index.php\/produit\/impact-olivier-norekpocket\/#breadcrumb","itemListElement":[{"@type":"ListItem","position":1,"name":"Accueil","item":"https:\/\/atypique.brunotarhan.fr\/"},{"@type":"ListItem","position":2,"name":""},{"@type":"ListItem","position":3,"name":"Impact Olivier Norek Pocket"}]}]}},"_links":{"self":[{"href":"https:\/\/atypique.brunotarhan.fr\/index.php\/wp-json\/wp\/v2\/product\/16030","targetHints":{"allow":["GET"]}}],"collection":[{"href":"https:\/\/atypique.brunotarhan.fr\/index.php\/wp-json\/wp\/v2\/product"}],"about":[{"href":"https:\/\/atypique.brunotarhan.fr\/index.php\/wp-json\/wp\/v2\/types\/product"}],"replies":[{"embeddable":true,"href":"https:\/\/atypique.brunotarhan.fr\/index.php\/wp-json\/wp\/v2\/comments?post=16030"}],"wp:featuredmedia":[{"embeddable":true,"href":"https:\/\/atypique.brunotarhan.fr\/index.php\/wp-json\/wp\/v2\/media\/15776"}],"wp:attachment":[{"href":"https:\/\/atypique.brunotarhan.fr\/index.php\/wp-json\/wp\/v2\/media?parent=16030"}],"wp:term":[{"taxonomy":"product_cat","embeddable":true,"href":"https:\/\/atypique.brunotarhan.fr\/index.php\/wp-json\/wp\/v2\/product_cat?post=16030"},{"taxonomy":"product_tag","embeddable":true,"href":"https:\/\/atypique.brunotarhan.fr\/index.php\/wp-json\/wp\/v2\/product_tag?post=16030"}],"curies":[{"name":"wp","href":"https:\/\/api.w.org\/{rel}","templated":true}]}}