{"id":16029,"date":"2022-04-25T22:31:25","date_gmt":"2022-04-25T22:31:25","guid":{"rendered":"https:\/\/atypique.brunotarhan.fr\/index.php\/produit\/il-etait-deux-foisfranck-thilliezpocket\/"},"modified":"2022-04-25T22:31:25","modified_gmt":"2022-04-25T22:31:25","slug":"il-etait-deux-foisfranck-thilliezpocket","status":"publish","type":"product","link":"https:\/\/atypique.brunotarhan.fr\/index.php\/produit\/il-etait-deux-foisfranck-thilliezpocket\/","title":{"rendered":"Il \u00e9tait deux fois\nFranck Thilliez\nPocket"},"content":{"rendered":"<p>En 2008, Julie, dix-sept ans, dispara\u00eet en ne laissant comme trace que son v\u00e9lo pos\u00e9 contre un arbre. Le drame agite Sagas, petite ville au coeur des montagnes, et percute de plein fouet le p\u00e8re de la jeune fille, le lieutenant de gendarmerie Gabriel Moscato. Ce dernier se lance alors dans une enqu\u00eate aussi d\u00e9sesp\u00e9r\u00e9e qu&#8217;effr\u00e9n\u00e9e. Jusqu&#8217;\u00e0 ce jour o\u00f9 ses pas le m\u00e8nent \u00e0 l&#8217;h\u00f4tel de la Falaise&#8230; L\u00e0, le propri\u00e9taire lui donne acc\u00e8s \u00e0 son registre et lui propose de le consulter dans la chambre 29, au deuxi\u00e8me \u00e9tage.<br \/>\nMais ext\u00e9nu\u00e9 par un mois de vaines recherches, il finit par s&#8217;endormir avant d&#8217;\u00eatre brusquement r\u00e9veill\u00e9 en pleine nuit par des impacts sourds contre sa fen\u00eatre&#8230; Dehors, il pleut des oiseaux morts. Et cette sc\u00e8ne a d&#8217;autant moins de sens que Gabriel se trouve \u00e0 pr\u00e9sent au rez-de-chauss\u00e9e, dans la chambre 7. D\u00e9sorient\u00e9, il se rend \u00e0 la r\u00e9ception o\u00f9 il apprend qu&#8217;on est en r\u00e9alit\u00e9 en 2020 et que \u00e7a fait plus de douze ans que sa fille a disparu&#8230;<\/p>\n","protected":false},"excerpt":{"rendered":"<p>En 2008, Julie, dix-sept ans, dispara\u00eet en ne laissant comme trace que son v\u00e9lo pos\u00e9 contre un arbre. Le drame agite Sagas, petite ville au coeur des\u2026<\/p>\n","protected":false},"featured_media":15775,"comment_status":"open","ping_status":"closed","template":"","meta":[],"product_cat":[93,204],"product_tag":[333,332,239,263,208],"class_list":["post-16029","product","type-product","status-publish","has-post-thumbnail","hentry","product_cat-librairie","product_cat-polars-thrillers","product_tag-franck-thilliez","product_tag-il-etait-deux-fois","product_tag-pocket","product_tag-polar","product_tag-thriller"],"yoast_head":"<!-- This site is optimized with the Yoast SEO plugin v18.0 - https:\/\/yoast.com\/wordpress\/plugins\/seo\/ -->\n<title>Il \u00e9tait deux fois Franck Thilliez Pocket - Atypique Concept Store<\/title>\n<meta name=\"robots\" content=\"index, follow, max-snippet:-1, max-image-preview:large, max-video-preview:-1\" \/>\n<link rel=\"canonical\" href=\"https:\/\/atypique.brunotarhan.fr\/index.php\/produit\/il-etait-deux-foisfranck-thilliezpocket\/\" \/>\n<meta property=\"og:locale\" content=\"fr_FR\" \/>\n<meta property=\"og:type\" content=\"article\" \/>\n<meta property=\"og:title\" content=\"Il \u00e9tait deux fois Franck Thilliez Pocket - Atypique Concept Store\" \/>\n<meta property=\"og:description\" content=\"En 2008, Julie, dix-sept ans, dispara\u00eet en ne laissant comme trace que son v\u00e9lo pos\u00e9 contre un arbre. Le drame agite Sagas, petite ville au coeur des\u2026\" \/>\n<meta property=\"og:url\" content=\"https:\/\/atypique.brunotarhan.fr\/index.php\/produit\/il-etait-deux-foisfranck-thilliezpocket\/\" \/>\n<meta property=\"og:site_name\" content=\"Atypique Concept Store\" \/>\n<meta name=\"twitter:card\" content=\"summary_large_image\" \/>\n<meta name=\"twitter:label1\" content=\"Dur\u00e9e de lecture estim\u00e9e\" \/>\n\t<meta name=\"twitter:data1\" content=\"1 minute\" \/>\n<script type=\"application\/ld+json\" class=\"yoast-schema-graph\">{\"@context\":\"https:\/\/schema.org\",\"@graph\":[{\"@type\":\"WebSite\",\"@id\":\"https:\/\/atypique.brunotarhan.fr\/#website\",\"url\":\"https:\/\/atypique.brunotarhan.fr\/\",\"name\":\"Atypique Concept Store\",\"description\":\"Just another WordPress site\",\"potentialAction\":[{\"@type\":\"SearchAction\",\"target\":{\"@type\":\"EntryPoint\",\"urlTemplate\":\"https:\/\/atypique.brunotarhan.fr\/?s={search_term_string}\"},\"query-input\":\"required name=search_term_string\"}],\"inLanguage\":\"fr-FR\"},{\"@type\":\"ImageObject\",\"@id\":\"https:\/\/atypique.brunotarhan.fr\/index.php\/produit\/il-etait-deux-foisfranck-thilliezpocket\/#primaryimage\",\"inLanguage\":\"fr-FR\",\"url\":\"https:\/\/atypique.brunotarhan.fr\/wp-content\/uploads\/2022\/04\/il-etait-deux-fois.webp\",\"contentUrl\":\"https:\/\/atypique.brunotarhan.fr\/wp-content\/uploads\/2022\/04\/il-etait-deux-fois.webp\",\"width\":305,\"height\":500},{\"@type\":\"WebPage\",\"@id\":\"https:\/\/atypique.brunotarhan.fr\/index.php\/produit\/il-etait-deux-foisfranck-thilliezpocket\/#webpage\",\"url\":\"https:\/\/atypique.brunotarhan.fr\/index.php\/produit\/il-etait-deux-foisfranck-thilliezpocket\/\",\"name\":\"Il \u00e9tait deux fois Franck Thilliez Pocket - Atypique Concept Store\",\"isPartOf\":{\"@id\":\"https:\/\/atypique.brunotarhan.fr\/#website\"},\"primaryImageOfPage\":{\"@id\":\"https:\/\/atypique.brunotarhan.fr\/index.php\/produit\/il-etait-deux-foisfranck-thilliezpocket\/#primaryimage\"},\"datePublished\":\"2022-04-25T22:31:25+00:00\",\"dateModified\":\"2022-04-25T22:31:25+00:00\",\"breadcrumb\":{\"@id\":\"https:\/\/atypique.brunotarhan.fr\/index.php\/produit\/il-etait-deux-foisfranck-thilliezpocket\/#breadcrumb\"},\"inLanguage\":\"fr-FR\",\"potentialAction\":[{\"@type\":\"ReadAction\",\"target\":[\"https:\/\/atypique.brunotarhan.fr\/index.php\/produit\/il-etait-deux-foisfranck-thilliezpocket\/\"]}]},{\"@type\":\"BreadcrumbList\",\"@id\":\"https:\/\/atypique.brunotarhan.fr\/index.php\/produit\/il-etait-deux-foisfranck-thilliezpocket\/#breadcrumb\",\"itemListElement\":[{\"@type\":\"ListItem\",\"position\":1,\"name\":\"Accueil\",\"item\":\"https:\/\/atypique.brunotarhan.fr\/\"},{\"@type\":\"ListItem\",\"position\":2,\"name\":\"\"},{\"@type\":\"ListItem\",\"position\":3,\"name\":\"Il \u00e9tait deux fois Franck Thilliez Pocket\"}]}]}<\/script>\n<!-- \/ Yoast SEO plugin. -->","yoast_head_json":{"title":"Il \u00e9tait deux fois Franck Thilliez Pocket - Atypique Concept Store","robots":{"index":"index","follow":"follow","max-snippet":"max-snippet:-1","max-image-preview":"max-image-preview:large","max-video-preview":"max-video-preview:-1"},"canonical":"https:\/\/atypique.brunotarhan.fr\/index.php\/produit\/il-etait-deux-foisfranck-thilliezpocket\/","og_locale":"fr_FR","og_type":"article","og_title":"Il \u00e9tait deux fois Franck Thilliez Pocket - Atypique Concept Store","og_description":"En 2008, Julie, dix-sept ans, dispara\u00eet en ne laissant comme trace que son v\u00e9lo pos\u00e9 contre un arbre. Le drame agite Sagas, petite ville au coeur des\u2026","og_url":"https:\/\/atypique.brunotarhan.fr\/index.php\/produit\/il-etait-deux-foisfranck-thilliezpocket\/","og_site_name":"Atypique Concept Store","twitter_card":"summary_large_image","twitter_misc":{"Dur\u00e9e de lecture estim\u00e9e":"1 minute"},"schema":{"@context":"https:\/\/schema.org","@graph":[{"@type":"WebSite","@id":"https:\/\/atypique.brunotarhan.fr\/#website","url":"https:\/\/atypique.brunotarhan.fr\/","name":"Atypique Concept Store","description":"Just another WordPress site","potentialAction":[{"@type":"SearchAction","target":{"@type":"EntryPoint","urlTemplate":"https:\/\/atypique.brunotarhan.fr\/?s={search_term_string}"},"query-input":"required name=search_term_string"}],"inLanguage":"fr-FR"},{"@type":"ImageObject","@id":"https:\/\/atypique.brunotarhan.fr\/index.php\/produit\/il-etait-deux-foisfranck-thilliezpocket\/#primaryimage","inLanguage":"fr-FR","url":"https:\/\/atypique.brunotarhan.fr\/wp-content\/uploads\/2022\/04\/il-etait-deux-fois.webp","contentUrl":"https:\/\/atypique.brunotarhan.fr\/wp-content\/uploads\/2022\/04\/il-etait-deux-fois.webp","width":305,"height":500},{"@type":"WebPage","@id":"https:\/\/atypique.brunotarhan.fr\/index.php\/produit\/il-etait-deux-foisfranck-thilliezpocket\/#webpage","url":"https:\/\/atypique.brunotarhan.fr\/index.php\/produit\/il-etait-deux-foisfranck-thilliezpocket\/","name":"Il \u00e9tait deux fois Franck Thilliez Pocket - Atypique Concept Store","isPartOf":{"@id":"https:\/\/atypique.brunotarhan.fr\/#website"},"primaryImageOfPage":{"@id":"https:\/\/atypique.brunotarhan.fr\/index.php\/produit\/il-etait-deux-foisfranck-thilliezpocket\/#primaryimage"},"datePublished":"2022-04-25T22:31:25+00:00","dateModified":"2022-04-25T22:31:25+00:00","breadcrumb":{"@id":"https:\/\/atypique.brunotarhan.fr\/index.php\/produit\/il-etait-deux-foisfranck-thilliezpocket\/#breadcrumb"},"inLanguage":"fr-FR","potentialAction":[{"@type":"ReadAction","target":["https:\/\/atypique.brunotarhan.fr\/index.php\/produit\/il-etait-deux-foisfranck-thilliezpocket\/"]}]},{"@type":"BreadcrumbList","@id":"https:\/\/atypique.brunotarhan.fr\/index.php\/produit\/il-etait-deux-foisfranck-thilliezpocket\/#breadcrumb","itemListElement":[{"@type":"ListItem","position":1,"name":"Accueil","item":"https:\/\/atypique.brunotarhan.fr\/"},{"@type":"ListItem","position":2,"name":""},{"@type":"ListItem","position":3,"name":"Il \u00e9tait deux fois Franck Thilliez Pocket"}]}]}},"_links":{"self":[{"href":"https:\/\/atypique.brunotarhan.fr\/index.php\/wp-json\/wp\/v2\/product\/16029","targetHints":{"allow":["GET"]}}],"collection":[{"href":"https:\/\/atypique.brunotarhan.fr\/index.php\/wp-json\/wp\/v2\/product"}],"about":[{"href":"https:\/\/atypique.brunotarhan.fr\/index.php\/wp-json\/wp\/v2\/types\/product"}],"replies":[{"embeddable":true,"href":"https:\/\/atypique.brunotarhan.fr\/index.php\/wp-json\/wp\/v2\/comments?post=16029"}],"wp:featuredmedia":[{"embeddable":true,"href":"https:\/\/atypique.brunotarhan.fr\/index.php\/wp-json\/wp\/v2\/media\/15775"}],"wp:attachment":[{"href":"https:\/\/atypique.brunotarhan.fr\/index.php\/wp-json\/wp\/v2\/media?parent=16029"}],"wp:term":[{"taxonomy":"product_cat","embeddable":true,"href":"https:\/\/atypique.brunotarhan.fr\/index.php\/wp-json\/wp\/v2\/product_cat?post=16029"},{"taxonomy":"product_tag","embeddable":true,"href":"https:\/\/atypique.brunotarhan.fr\/index.php\/wp-json\/wp\/v2\/product_tag?post=16029"}],"curies":[{"name":"wp","href":"https:\/\/api.w.org\/{rel}","templated":true}]}}