{"id":16028,"date":"2022-04-25T22:31:25","date_gmt":"2022-04-25T22:31:25","guid":{"rendered":"https:\/\/atypique.brunotarhan.fr\/index.php\/produit\/hunger-games-tome-1suzanne-collinspocket-jeunesse\/"},"modified":"2022-04-25T22:31:25","modified_gmt":"2022-04-25T22:31:25","slug":"hunger-games-tome-1suzanne-collinspocket-jeunesse","status":"publish","type":"product","link":"https:\/\/atypique.brunotarhan.fr\/index.php\/produit\/hunger-games-tome-1suzanne-collinspocket-jeunesse\/","title":{"rendered":"Hunger Games Tome 1\nSuzanne Collins\nPocket Jeunesse"},"content":{"rendered":"<p>Dans un futur sombre, sur les ruines des Etats-Unis, un jeu t\u00e9l\u00e9vis\u00e9 est cr\u00e9\u00e9 pour contr\u00f4ler le peuple par la terreur. Douze gar\u00e7ons et douze filles tir\u00e9s au sort participent \u00e0 cette sinistre t\u00e9l\u00e9r\u00e9alit\u00e9, que tout le monde est forc\u00e9 de regarder en direct. Une seule r\u00e8gle dans l&#8217;ar\u00e8ne : survivre, \u00e0 tout prix. Quand sa petite soeur est appel\u00e9e pour participer aux Hunger Games, Katniss n&#8217;h\u00e9site pas une seconde.<br \/>\nElle prend sa place, consciente du danger. A seize ans, Katniss a d\u00e9j\u00e0 \u00e9t\u00e9 confront\u00e9e plusieurs fois \u00e0 la mort. Chez elle, survivre est comme une seconde nature.<\/p>\n","protected":false},"excerpt":{"rendered":"<p>Dans un futur sombre, sur les ruines des Etats-Unis, un jeu t\u00e9l\u00e9vis\u00e9 est cr\u00e9\u00e9 pour contr\u00f4ler le peuple par la terreur. Douze gar\u00e7ons et douze filles\u2026<\/p>\n","protected":false},"featured_media":15774,"comment_status":"open","ping_status":"closed","template":"","meta":[],"product_cat":[93,327],"product_tag":[328,330,331,329],"class_list":["post-16028","product","type-product","status-publish","has-post-thumbnail","hentry","product_cat-librairie","product_cat-livres-adolescents","product_tag-hunger-games","product_tag-pocket-jeunesse","product_tag-roman-ado","product_tag-suzanne-collins"],"yoast_head":"<!-- This site is optimized with the Yoast SEO plugin v18.0 - https:\/\/yoast.com\/wordpress\/plugins\/seo\/ -->\n<title>Hunger Games Tome 1 Suzanne Collins Pocket Jeunesse - Atypique Concept Store<\/title>\n<meta name=\"robots\" content=\"index, follow, max-snippet:-1, max-image-preview:large, max-video-preview:-1\" \/>\n<link rel=\"canonical\" href=\"https:\/\/atypique.brunotarhan.fr\/index.php\/produit\/hunger-games-tome-1suzanne-collinspocket-jeunesse\/\" \/>\n<meta property=\"og:locale\" content=\"fr_FR\" \/>\n<meta property=\"og:type\" content=\"article\" \/>\n<meta property=\"og:title\" content=\"Hunger Games Tome 1 Suzanne Collins Pocket Jeunesse - Atypique Concept Store\" \/>\n<meta property=\"og:description\" content=\"Dans un futur sombre, sur les ruines des Etats-Unis, un jeu t\u00e9l\u00e9vis\u00e9 est cr\u00e9\u00e9 pour contr\u00f4ler le peuple par la terreur. Douze gar\u00e7ons et douze filles\u2026\" \/>\n<meta property=\"og:url\" content=\"https:\/\/atypique.brunotarhan.fr\/index.php\/produit\/hunger-games-tome-1suzanne-collinspocket-jeunesse\/\" \/>\n<meta property=\"og:site_name\" content=\"Atypique Concept Store\" \/>\n<meta name=\"twitter:card\" content=\"summary_large_image\" \/>\n<meta name=\"twitter:label1\" content=\"Dur\u00e9e de lecture estim\u00e9e\" \/>\n\t<meta name=\"twitter:data1\" content=\"1 minute\" \/>\n<script type=\"application\/ld+json\" class=\"yoast-schema-graph\">{\"@context\":\"https:\/\/schema.org\",\"@graph\":[{\"@type\":\"WebSite\",\"@id\":\"https:\/\/atypique.brunotarhan.fr\/#website\",\"url\":\"https:\/\/atypique.brunotarhan.fr\/\",\"name\":\"Atypique Concept Store\",\"description\":\"Just another WordPress site\",\"potentialAction\":[{\"@type\":\"SearchAction\",\"target\":{\"@type\":\"EntryPoint\",\"urlTemplate\":\"https:\/\/atypique.brunotarhan.fr\/?s={search_term_string}\"},\"query-input\":\"required name=search_term_string\"}],\"inLanguage\":\"fr-FR\"},{\"@type\":\"ImageObject\",\"@id\":\"https:\/\/atypique.brunotarhan.fr\/index.php\/produit\/hunger-games-tome-1suzanne-collinspocket-jeunesse\/#primaryimage\",\"inLanguage\":\"fr-FR\",\"url\":\"https:\/\/atypique.brunotarhan.fr\/wp-content\/uploads\/2022\/04\/Hunger-games-T1.webp\",\"contentUrl\":\"https:\/\/atypique.brunotarhan.fr\/wp-content\/uploads\/2022\/04\/Hunger-games-T1.webp\",\"width\":304,\"height\":500},{\"@type\":\"WebPage\",\"@id\":\"https:\/\/atypique.brunotarhan.fr\/index.php\/produit\/hunger-games-tome-1suzanne-collinspocket-jeunesse\/#webpage\",\"url\":\"https:\/\/atypique.brunotarhan.fr\/index.php\/produit\/hunger-games-tome-1suzanne-collinspocket-jeunesse\/\",\"name\":\"Hunger Games Tome 1 Suzanne Collins Pocket Jeunesse - Atypique Concept Store\",\"isPartOf\":{\"@id\":\"https:\/\/atypique.brunotarhan.fr\/#website\"},\"primaryImageOfPage\":{\"@id\":\"https:\/\/atypique.brunotarhan.fr\/index.php\/produit\/hunger-games-tome-1suzanne-collinspocket-jeunesse\/#primaryimage\"},\"datePublished\":\"2022-04-25T22:31:25+00:00\",\"dateModified\":\"2022-04-25T22:31:25+00:00\",\"breadcrumb\":{\"@id\":\"https:\/\/atypique.brunotarhan.fr\/index.php\/produit\/hunger-games-tome-1suzanne-collinspocket-jeunesse\/#breadcrumb\"},\"inLanguage\":\"fr-FR\",\"potentialAction\":[{\"@type\":\"ReadAction\",\"target\":[\"https:\/\/atypique.brunotarhan.fr\/index.php\/produit\/hunger-games-tome-1suzanne-collinspocket-jeunesse\/\"]}]},{\"@type\":\"BreadcrumbList\",\"@id\":\"https:\/\/atypique.brunotarhan.fr\/index.php\/produit\/hunger-games-tome-1suzanne-collinspocket-jeunesse\/#breadcrumb\",\"itemListElement\":[{\"@type\":\"ListItem\",\"position\":1,\"name\":\"Accueil\",\"item\":\"https:\/\/atypique.brunotarhan.fr\/\"},{\"@type\":\"ListItem\",\"position\":2,\"name\":\"\"},{\"@type\":\"ListItem\",\"position\":3,\"name\":\"Hunger Games Tome 1 Suzanne Collins Pocket Jeunesse\"}]}]}<\/script>\n<!-- \/ Yoast SEO plugin. -->","yoast_head_json":{"title":"Hunger Games Tome 1 Suzanne Collins Pocket Jeunesse - Atypique Concept Store","robots":{"index":"index","follow":"follow","max-snippet":"max-snippet:-1","max-image-preview":"max-image-preview:large","max-video-preview":"max-video-preview:-1"},"canonical":"https:\/\/atypique.brunotarhan.fr\/index.php\/produit\/hunger-games-tome-1suzanne-collinspocket-jeunesse\/","og_locale":"fr_FR","og_type":"article","og_title":"Hunger Games Tome 1 Suzanne Collins Pocket Jeunesse - Atypique Concept Store","og_description":"Dans un futur sombre, sur les ruines des Etats-Unis, un jeu t\u00e9l\u00e9vis\u00e9 est cr\u00e9\u00e9 pour contr\u00f4ler le peuple par la terreur. Douze gar\u00e7ons et douze filles\u2026","og_url":"https:\/\/atypique.brunotarhan.fr\/index.php\/produit\/hunger-games-tome-1suzanne-collinspocket-jeunesse\/","og_site_name":"Atypique Concept Store","twitter_card":"summary_large_image","twitter_misc":{"Dur\u00e9e de lecture estim\u00e9e":"1 minute"},"schema":{"@context":"https:\/\/schema.org","@graph":[{"@type":"WebSite","@id":"https:\/\/atypique.brunotarhan.fr\/#website","url":"https:\/\/atypique.brunotarhan.fr\/","name":"Atypique Concept Store","description":"Just another WordPress site","potentialAction":[{"@type":"SearchAction","target":{"@type":"EntryPoint","urlTemplate":"https:\/\/atypique.brunotarhan.fr\/?s={search_term_string}"},"query-input":"required name=search_term_string"}],"inLanguage":"fr-FR"},{"@type":"ImageObject","@id":"https:\/\/atypique.brunotarhan.fr\/index.php\/produit\/hunger-games-tome-1suzanne-collinspocket-jeunesse\/#primaryimage","inLanguage":"fr-FR","url":"https:\/\/atypique.brunotarhan.fr\/wp-content\/uploads\/2022\/04\/Hunger-games-T1.webp","contentUrl":"https:\/\/atypique.brunotarhan.fr\/wp-content\/uploads\/2022\/04\/Hunger-games-T1.webp","width":304,"height":500},{"@type":"WebPage","@id":"https:\/\/atypique.brunotarhan.fr\/index.php\/produit\/hunger-games-tome-1suzanne-collinspocket-jeunesse\/#webpage","url":"https:\/\/atypique.brunotarhan.fr\/index.php\/produit\/hunger-games-tome-1suzanne-collinspocket-jeunesse\/","name":"Hunger Games Tome 1 Suzanne Collins Pocket Jeunesse - Atypique Concept Store","isPartOf":{"@id":"https:\/\/atypique.brunotarhan.fr\/#website"},"primaryImageOfPage":{"@id":"https:\/\/atypique.brunotarhan.fr\/index.php\/produit\/hunger-games-tome-1suzanne-collinspocket-jeunesse\/#primaryimage"},"datePublished":"2022-04-25T22:31:25+00:00","dateModified":"2022-04-25T22:31:25+00:00","breadcrumb":{"@id":"https:\/\/atypique.brunotarhan.fr\/index.php\/produit\/hunger-games-tome-1suzanne-collinspocket-jeunesse\/#breadcrumb"},"inLanguage":"fr-FR","potentialAction":[{"@type":"ReadAction","target":["https:\/\/atypique.brunotarhan.fr\/index.php\/produit\/hunger-games-tome-1suzanne-collinspocket-jeunesse\/"]}]},{"@type":"BreadcrumbList","@id":"https:\/\/atypique.brunotarhan.fr\/index.php\/produit\/hunger-games-tome-1suzanne-collinspocket-jeunesse\/#breadcrumb","itemListElement":[{"@type":"ListItem","position":1,"name":"Accueil","item":"https:\/\/atypique.brunotarhan.fr\/"},{"@type":"ListItem","position":2,"name":""},{"@type":"ListItem","position":3,"name":"Hunger Games Tome 1 Suzanne Collins Pocket Jeunesse"}]}]}},"_links":{"self":[{"href":"https:\/\/atypique.brunotarhan.fr\/index.php\/wp-json\/wp\/v2\/product\/16028","targetHints":{"allow":["GET"]}}],"collection":[{"href":"https:\/\/atypique.brunotarhan.fr\/index.php\/wp-json\/wp\/v2\/product"}],"about":[{"href":"https:\/\/atypique.brunotarhan.fr\/index.php\/wp-json\/wp\/v2\/types\/product"}],"replies":[{"embeddable":true,"href":"https:\/\/atypique.brunotarhan.fr\/index.php\/wp-json\/wp\/v2\/comments?post=16028"}],"wp:featuredmedia":[{"embeddable":true,"href":"https:\/\/atypique.brunotarhan.fr\/index.php\/wp-json\/wp\/v2\/media\/15774"}],"wp:attachment":[{"href":"https:\/\/atypique.brunotarhan.fr\/index.php\/wp-json\/wp\/v2\/media?parent=16028"}],"wp:term":[{"taxonomy":"product_cat","embeddable":true,"href":"https:\/\/atypique.brunotarhan.fr\/index.php\/wp-json\/wp\/v2\/product_cat?post=16028"},{"taxonomy":"product_tag","embeddable":true,"href":"https:\/\/atypique.brunotarhan.fr\/index.php\/wp-json\/wp\/v2\/product_tag?post=16028"}],"curies":[{"name":"wp","href":"https:\/\/api.w.org\/{rel}","templated":true}]}}