{"id":16027,"date":"2022-04-25T22:31:25","date_gmt":"2022-04-25T22:31:25","guid":{"rendered":"https:\/\/atypique.brunotarhan.fr\/index.php\/produit\/histoire-du-filsprix-renaudotmarie-helene-lafongallimard\/"},"modified":"2022-04-25T22:31:25","modified_gmt":"2022-04-25T22:31:25","slug":"histoire-du-filsprix-renaudotmarie-helene-lafongallimard","status":"publish","type":"product","link":"https:\/\/atypique.brunotarhan.fr\/index.php\/produit\/histoire-du-filsprix-renaudotmarie-helene-lafongallimard\/","title":{"rendered":"Histoire du fils\nPRIX RENAUDOT\nMarie-H\u00e9l\u00e8ne Lafon\nGallimard"},"content":{"rendered":"<p>&#8220;Tr\u00e8s vite, tous se demanderaient sans se l&#8217;avouer comment on avait pu jusqu&#8217;alors vivre sans Andr\u00e9, son babillage, ses rires, sa vitalit\u00e9 tendre et sa douceur. Il avait \u00e9t\u00e9 dans la maison comme une chanson vive, en d\u00e9pit des ragots et de ce trou que creusait dans sa vie l&#8217;absence d&#8217;un p\u00e8re&#8221;. Andr\u00e9 grandit heureux dans la famille de sa tante, aupr\u00e8s de ses cousines. Mais au fond de lui reste tapie la douleur d&#8217;\u00eatre le fils d&#8217;un p\u00e8re inconnu et d&#8217;une m\u00e8re distante.<br \/>\nAlors qu&#8217;Andr\u00e9 est sur le point de se marier, sa m\u00e8re lui livre un nom&#8230; Dans la France rurale du KK ? si\u00e8cle, l&#8217;Histoire du fils est aussi celle de trois g\u00e9n\u00e9rations qui se d\u00e9battent avec le poids des silences familiaux.<\/p>\n","protected":false},"excerpt":{"rendered":"<p>&#8220;Tr\u00e8s vite, tous se demanderaient sans se l&#8217;avouer comment on avait pu jusqu&#8217;alors vivre sans Andr\u00e9, son babillage, ses rires, sa vitalit\u00e9 tendre et\u2026<\/p>\n","protected":false},"featured_media":15773,"comment_status":"open","ping_status":"closed","template":"","meta":[],"product_cat":[93,186],"product_tag":[326,324,325,189],"class_list":["post-16027","product","type-product","status-publish","has-post-thumbnail","hentry","product_cat-librairie","product_cat-romans","product_tag-foliio-gallimard","product_tag-histoire-du-fils","product_tag-marie_helene-lafon","product_tag-roman"],"yoast_head":"<!-- This site is optimized with the Yoast SEO plugin v18.0 - https:\/\/yoast.com\/wordpress\/plugins\/seo\/ -->\n<title>Histoire du fils PRIX RENAUDOT Marie-H\u00e9l\u00e8ne Lafon Gallimard - Atypique Concept Store<\/title>\n<meta name=\"robots\" content=\"index, follow, max-snippet:-1, max-image-preview:large, max-video-preview:-1\" \/>\n<link rel=\"canonical\" href=\"https:\/\/atypique.brunotarhan.fr\/index.php\/produit\/histoire-du-filsprix-renaudotmarie-helene-lafongallimard\/\" \/>\n<meta property=\"og:locale\" content=\"fr_FR\" \/>\n<meta property=\"og:type\" content=\"article\" \/>\n<meta property=\"og:title\" content=\"Histoire du fils PRIX RENAUDOT Marie-H\u00e9l\u00e8ne Lafon Gallimard - Atypique Concept Store\" \/>\n<meta property=\"og:description\" content=\"&quot;Tr\u00e8s vite, tous se demanderaient sans se l&#039;avouer comment on avait pu jusqu&#039;alors vivre sans Andr\u00e9, son babillage, ses rires, sa vitalit\u00e9 tendre et\u2026\" \/>\n<meta property=\"og:url\" content=\"https:\/\/atypique.brunotarhan.fr\/index.php\/produit\/histoire-du-filsprix-renaudotmarie-helene-lafongallimard\/\" \/>\n<meta property=\"og:site_name\" content=\"Atypique Concept Store\" \/>\n<meta name=\"twitter:card\" content=\"summary_large_image\" \/>\n<meta name=\"twitter:label1\" content=\"Dur\u00e9e de lecture estim\u00e9e\" \/>\n\t<meta name=\"twitter:data1\" content=\"1 minute\" \/>\n<script type=\"application\/ld+json\" class=\"yoast-schema-graph\">{\"@context\":\"https:\/\/schema.org\",\"@graph\":[{\"@type\":\"WebSite\",\"@id\":\"https:\/\/atypique.brunotarhan.fr\/#website\",\"url\":\"https:\/\/atypique.brunotarhan.fr\/\",\"name\":\"Atypique Concept Store\",\"description\":\"Just another WordPress site\",\"potentialAction\":[{\"@type\":\"SearchAction\",\"target\":{\"@type\":\"EntryPoint\",\"urlTemplate\":\"https:\/\/atypique.brunotarhan.fr\/?s={search_term_string}\"},\"query-input\":\"required name=search_term_string\"}],\"inLanguage\":\"fr-FR\"},{\"@type\":\"ImageObject\",\"@id\":\"https:\/\/atypique.brunotarhan.fr\/index.php\/produit\/histoire-du-filsprix-renaudotmarie-helene-lafongallimard\/#primaryimage\",\"inLanguage\":\"fr-FR\",\"url\":\"https:\/\/atypique.brunotarhan.fr\/wp-content\/uploads\/2022\/04\/histoire-du-fils.webp\",\"contentUrl\":\"https:\/\/atypique.brunotarhan.fr\/wp-content\/uploads\/2022\/04\/histoire-du-fils.webp\",\"width\":304,\"height\":500},{\"@type\":\"WebPage\",\"@id\":\"https:\/\/atypique.brunotarhan.fr\/index.php\/produit\/histoire-du-filsprix-renaudotmarie-helene-lafongallimard\/#webpage\",\"url\":\"https:\/\/atypique.brunotarhan.fr\/index.php\/produit\/histoire-du-filsprix-renaudotmarie-helene-lafongallimard\/\",\"name\":\"Histoire du fils PRIX RENAUDOT Marie-H\u00e9l\u00e8ne Lafon Gallimard - Atypique Concept Store\",\"isPartOf\":{\"@id\":\"https:\/\/atypique.brunotarhan.fr\/#website\"},\"primaryImageOfPage\":{\"@id\":\"https:\/\/atypique.brunotarhan.fr\/index.php\/produit\/histoire-du-filsprix-renaudotmarie-helene-lafongallimard\/#primaryimage\"},\"datePublished\":\"2022-04-25T22:31:25+00:00\",\"dateModified\":\"2022-04-25T22:31:25+00:00\",\"breadcrumb\":{\"@id\":\"https:\/\/atypique.brunotarhan.fr\/index.php\/produit\/histoire-du-filsprix-renaudotmarie-helene-lafongallimard\/#breadcrumb\"},\"inLanguage\":\"fr-FR\",\"potentialAction\":[{\"@type\":\"ReadAction\",\"target\":[\"https:\/\/atypique.brunotarhan.fr\/index.php\/produit\/histoire-du-filsprix-renaudotmarie-helene-lafongallimard\/\"]}]},{\"@type\":\"BreadcrumbList\",\"@id\":\"https:\/\/atypique.brunotarhan.fr\/index.php\/produit\/histoire-du-filsprix-renaudotmarie-helene-lafongallimard\/#breadcrumb\",\"itemListElement\":[{\"@type\":\"ListItem\",\"position\":1,\"name\":\"Accueil\",\"item\":\"https:\/\/atypique.brunotarhan.fr\/\"},{\"@type\":\"ListItem\",\"position\":2,\"name\":\"\"},{\"@type\":\"ListItem\",\"position\":3,\"name\":\"Histoire du fils PRIX RENAUDOT Marie-H\u00e9l\u00e8ne Lafon Gallimard\"}]}]}<\/script>\n<!-- \/ Yoast SEO plugin. -->","yoast_head_json":{"title":"Histoire du fils PRIX RENAUDOT Marie-H\u00e9l\u00e8ne Lafon Gallimard - Atypique Concept Store","robots":{"index":"index","follow":"follow","max-snippet":"max-snippet:-1","max-image-preview":"max-image-preview:large","max-video-preview":"max-video-preview:-1"},"canonical":"https:\/\/atypique.brunotarhan.fr\/index.php\/produit\/histoire-du-filsprix-renaudotmarie-helene-lafongallimard\/","og_locale":"fr_FR","og_type":"article","og_title":"Histoire du fils PRIX RENAUDOT Marie-H\u00e9l\u00e8ne Lafon Gallimard - Atypique Concept Store","og_description":"\"Tr\u00e8s vite, tous se demanderaient sans se l'avouer comment on avait pu jusqu'alors vivre sans Andr\u00e9, son babillage, ses rires, sa vitalit\u00e9 tendre et\u2026","og_url":"https:\/\/atypique.brunotarhan.fr\/index.php\/produit\/histoire-du-filsprix-renaudotmarie-helene-lafongallimard\/","og_site_name":"Atypique Concept Store","twitter_card":"summary_large_image","twitter_misc":{"Dur\u00e9e de lecture estim\u00e9e":"1 minute"},"schema":{"@context":"https:\/\/schema.org","@graph":[{"@type":"WebSite","@id":"https:\/\/atypique.brunotarhan.fr\/#website","url":"https:\/\/atypique.brunotarhan.fr\/","name":"Atypique Concept Store","description":"Just another WordPress site","potentialAction":[{"@type":"SearchAction","target":{"@type":"EntryPoint","urlTemplate":"https:\/\/atypique.brunotarhan.fr\/?s={search_term_string}"},"query-input":"required name=search_term_string"}],"inLanguage":"fr-FR"},{"@type":"ImageObject","@id":"https:\/\/atypique.brunotarhan.fr\/index.php\/produit\/histoire-du-filsprix-renaudotmarie-helene-lafongallimard\/#primaryimage","inLanguage":"fr-FR","url":"https:\/\/atypique.brunotarhan.fr\/wp-content\/uploads\/2022\/04\/histoire-du-fils.webp","contentUrl":"https:\/\/atypique.brunotarhan.fr\/wp-content\/uploads\/2022\/04\/histoire-du-fils.webp","width":304,"height":500},{"@type":"WebPage","@id":"https:\/\/atypique.brunotarhan.fr\/index.php\/produit\/histoire-du-filsprix-renaudotmarie-helene-lafongallimard\/#webpage","url":"https:\/\/atypique.brunotarhan.fr\/index.php\/produit\/histoire-du-filsprix-renaudotmarie-helene-lafongallimard\/","name":"Histoire du fils PRIX RENAUDOT Marie-H\u00e9l\u00e8ne Lafon Gallimard - Atypique Concept Store","isPartOf":{"@id":"https:\/\/atypique.brunotarhan.fr\/#website"},"primaryImageOfPage":{"@id":"https:\/\/atypique.brunotarhan.fr\/index.php\/produit\/histoire-du-filsprix-renaudotmarie-helene-lafongallimard\/#primaryimage"},"datePublished":"2022-04-25T22:31:25+00:00","dateModified":"2022-04-25T22:31:25+00:00","breadcrumb":{"@id":"https:\/\/atypique.brunotarhan.fr\/index.php\/produit\/histoire-du-filsprix-renaudotmarie-helene-lafongallimard\/#breadcrumb"},"inLanguage":"fr-FR","potentialAction":[{"@type":"ReadAction","target":["https:\/\/atypique.brunotarhan.fr\/index.php\/produit\/histoire-du-filsprix-renaudotmarie-helene-lafongallimard\/"]}]},{"@type":"BreadcrumbList","@id":"https:\/\/atypique.brunotarhan.fr\/index.php\/produit\/histoire-du-filsprix-renaudotmarie-helene-lafongallimard\/#breadcrumb","itemListElement":[{"@type":"ListItem","position":1,"name":"Accueil","item":"https:\/\/atypique.brunotarhan.fr\/"},{"@type":"ListItem","position":2,"name":""},{"@type":"ListItem","position":3,"name":"Histoire du fils PRIX RENAUDOT Marie-H\u00e9l\u00e8ne Lafon Gallimard"}]}]}},"_links":{"self":[{"href":"https:\/\/atypique.brunotarhan.fr\/index.php\/wp-json\/wp\/v2\/product\/16027","targetHints":{"allow":["GET"]}}],"collection":[{"href":"https:\/\/atypique.brunotarhan.fr\/index.php\/wp-json\/wp\/v2\/product"}],"about":[{"href":"https:\/\/atypique.brunotarhan.fr\/index.php\/wp-json\/wp\/v2\/types\/product"}],"replies":[{"embeddable":true,"href":"https:\/\/atypique.brunotarhan.fr\/index.php\/wp-json\/wp\/v2\/comments?post=16027"}],"wp:featuredmedia":[{"embeddable":true,"href":"https:\/\/atypique.brunotarhan.fr\/index.php\/wp-json\/wp\/v2\/media\/15773"}],"wp:attachment":[{"href":"https:\/\/atypique.brunotarhan.fr\/index.php\/wp-json\/wp\/v2\/media?parent=16027"}],"wp:term":[{"taxonomy":"product_cat","embeddable":true,"href":"https:\/\/atypique.brunotarhan.fr\/index.php\/wp-json\/wp\/v2\/product_cat?post=16027"},{"taxonomy":"product_tag","embeddable":true,"href":"https:\/\/atypique.brunotarhan.fr\/index.php\/wp-json\/wp\/v2\/product_tag?post=16027"}],"curies":[{"name":"wp","href":"https:\/\/api.w.org\/{rel}","templated":true}]}}