{"id":16026,"date":"2022-04-25T22:31:25","date_gmt":"2022-04-25T22:31:25","guid":{"rendered":"https:\/\/atypique.brunotarhan.fr\/index.php\/produit\/heros-dun-jour-danielle-steelpocket\/"},"modified":"2022-04-25T22:31:25","modified_gmt":"2022-04-25T22:31:25","slug":"heros-dun-jour-danielle-steelpocket","status":"publish","type":"product","link":"https:\/\/atypique.brunotarhan.fr\/index.php\/produit\/heros-dun-jour-danielle-steelpocket\/","title":{"rendered":"H\u00e9ros d&#8217;un jour \nDanielle Steel\nPocket"},"content":{"rendered":"<p>En chacun de nous sommeille un h\u00e9ros. Par une belle matin\u00e9e de mai, deux avions d\u00e9collent de New York \u00e0 destination de San Francisco. Quelques heures plus t\u00f4t, Bernice Adams, agent de s\u00fbret\u00e9 \u00e0 JFK, a trouv\u00e9 une carte postale du pont du Golden G\u00e2te portant un message \u00e9nigmatique. Inqui\u00e8te, la jeune femme alerte la S\u00e9curit\u00e9 int\u00e9rieure, qui confie le dossier \u00e0 Ben Waterman. Persuad\u00e9 que l&#8217;auteur de l&#8217;\u00e9trange missive pr\u00e9voit de commettre un acte terrible, Ben va tout faire pour d\u00e9couvrir son identit\u00e9 et sur quel vol il a embarqu\u00e9.<br \/>\nMais les suspects potentiels sont nombreux et le temps presse&#8230; Dans cette angoissante course contre la montre, passagers, \u00e9quipage et experts en gestion de crise vont devoir faire preuve de sang-froid, de solidarit\u00e9 et de courage pour \u00e9viter le pire.<\/p>\n","protected":false},"excerpt":{"rendered":"<p>En chacun de nous sommeille un h\u00e9ros. Par une belle matin\u00e9e de mai, deux avions d\u00e9collent de New York \u00e0 destination de San Francisco. Quelques heures\u2026<\/p>\n","protected":false},"featured_media":15772,"comment_status":"open","ping_status":"closed","template":"","meta":[],"product_cat":[93,186],"product_tag":[323,322,239,189],"class_list":["post-16026","product","type-product","status-publish","has-post-thumbnail","hentry","product_cat-librairie","product_cat-romans","product_tag-danielle-steel","product_tag-heros-dun-jour","product_tag-pocket","product_tag-roman"],"yoast_head":"<!-- This site is optimized with the Yoast SEO plugin v18.0 - https:\/\/yoast.com\/wordpress\/plugins\/seo\/ -->\n<title>H\u00e9ros d&#039;un jour Danielle Steel Pocket - Atypique Concept Store<\/title>\n<meta name=\"robots\" content=\"index, follow, max-snippet:-1, max-image-preview:large, max-video-preview:-1\" \/>\n<link rel=\"canonical\" href=\"https:\/\/atypique.brunotarhan.fr\/index.php\/produit\/heros-dun-jour-danielle-steelpocket\/\" \/>\n<meta property=\"og:locale\" content=\"fr_FR\" \/>\n<meta property=\"og:type\" content=\"article\" \/>\n<meta property=\"og:title\" content=\"H\u00e9ros d&#039;un jour Danielle Steel Pocket - Atypique Concept Store\" \/>\n<meta property=\"og:description\" content=\"En chacun de nous sommeille un h\u00e9ros. Par une belle matin\u00e9e de mai, deux avions d\u00e9collent de New York \u00e0 destination de San Francisco. Quelques heures\u2026\" \/>\n<meta property=\"og:url\" content=\"https:\/\/atypique.brunotarhan.fr\/index.php\/produit\/heros-dun-jour-danielle-steelpocket\/\" \/>\n<meta property=\"og:site_name\" content=\"Atypique Concept Store\" \/>\n<meta name=\"twitter:card\" content=\"summary_large_image\" \/>\n<meta name=\"twitter:label1\" content=\"Dur\u00e9e de lecture estim\u00e9e\" \/>\n\t<meta name=\"twitter:data1\" content=\"1 minute\" \/>\n<script type=\"application\/ld+json\" class=\"yoast-schema-graph\">{\"@context\":\"https:\/\/schema.org\",\"@graph\":[{\"@type\":\"WebSite\",\"@id\":\"https:\/\/atypique.brunotarhan.fr\/#website\",\"url\":\"https:\/\/atypique.brunotarhan.fr\/\",\"name\":\"Atypique Concept Store\",\"description\":\"Just another WordPress site\",\"potentialAction\":[{\"@type\":\"SearchAction\",\"target\":{\"@type\":\"EntryPoint\",\"urlTemplate\":\"https:\/\/atypique.brunotarhan.fr\/?s={search_term_string}\"},\"query-input\":\"required name=search_term_string\"}],\"inLanguage\":\"fr-FR\"},{\"@type\":\"ImageObject\",\"@id\":\"https:\/\/atypique.brunotarhan.fr\/index.php\/produit\/heros-dun-jour-danielle-steelpocket\/#primaryimage\",\"inLanguage\":\"fr-FR\",\"url\":\"https:\/\/atypique.brunotarhan.fr\/wp-content\/uploads\/2022\/04\/heros-d-un-jour.webp\",\"contentUrl\":\"https:\/\/atypique.brunotarhan.fr\/wp-content\/uploads\/2022\/04\/heros-d-un-jour.webp\",\"width\":305,\"height\":500},{\"@type\":\"WebPage\",\"@id\":\"https:\/\/atypique.brunotarhan.fr\/index.php\/produit\/heros-dun-jour-danielle-steelpocket\/#webpage\",\"url\":\"https:\/\/atypique.brunotarhan.fr\/index.php\/produit\/heros-dun-jour-danielle-steelpocket\/\",\"name\":\"H\u00e9ros d'un jour Danielle Steel Pocket - Atypique Concept Store\",\"isPartOf\":{\"@id\":\"https:\/\/atypique.brunotarhan.fr\/#website\"},\"primaryImageOfPage\":{\"@id\":\"https:\/\/atypique.brunotarhan.fr\/index.php\/produit\/heros-dun-jour-danielle-steelpocket\/#primaryimage\"},\"datePublished\":\"2022-04-25T22:31:25+00:00\",\"dateModified\":\"2022-04-25T22:31:25+00:00\",\"breadcrumb\":{\"@id\":\"https:\/\/atypique.brunotarhan.fr\/index.php\/produit\/heros-dun-jour-danielle-steelpocket\/#breadcrumb\"},\"inLanguage\":\"fr-FR\",\"potentialAction\":[{\"@type\":\"ReadAction\",\"target\":[\"https:\/\/atypique.brunotarhan.fr\/index.php\/produit\/heros-dun-jour-danielle-steelpocket\/\"]}]},{\"@type\":\"BreadcrumbList\",\"@id\":\"https:\/\/atypique.brunotarhan.fr\/index.php\/produit\/heros-dun-jour-danielle-steelpocket\/#breadcrumb\",\"itemListElement\":[{\"@type\":\"ListItem\",\"position\":1,\"name\":\"Accueil\",\"item\":\"https:\/\/atypique.brunotarhan.fr\/\"},{\"@type\":\"ListItem\",\"position\":2,\"name\":\"\"},{\"@type\":\"ListItem\",\"position\":3,\"name\":\"H\u00e9ros d&#8217;un jour Danielle Steel Pocket\"}]}]}<\/script>\n<!-- \/ Yoast SEO plugin. -->","yoast_head_json":{"title":"H\u00e9ros d'un jour Danielle Steel Pocket - Atypique Concept Store","robots":{"index":"index","follow":"follow","max-snippet":"max-snippet:-1","max-image-preview":"max-image-preview:large","max-video-preview":"max-video-preview:-1"},"canonical":"https:\/\/atypique.brunotarhan.fr\/index.php\/produit\/heros-dun-jour-danielle-steelpocket\/","og_locale":"fr_FR","og_type":"article","og_title":"H\u00e9ros d'un jour Danielle Steel Pocket - Atypique Concept Store","og_description":"En chacun de nous sommeille un h\u00e9ros. Par une belle matin\u00e9e de mai, deux avions d\u00e9collent de New York \u00e0 destination de San Francisco. Quelques heures\u2026","og_url":"https:\/\/atypique.brunotarhan.fr\/index.php\/produit\/heros-dun-jour-danielle-steelpocket\/","og_site_name":"Atypique Concept Store","twitter_card":"summary_large_image","twitter_misc":{"Dur\u00e9e de lecture estim\u00e9e":"1 minute"},"schema":{"@context":"https:\/\/schema.org","@graph":[{"@type":"WebSite","@id":"https:\/\/atypique.brunotarhan.fr\/#website","url":"https:\/\/atypique.brunotarhan.fr\/","name":"Atypique Concept Store","description":"Just another WordPress site","potentialAction":[{"@type":"SearchAction","target":{"@type":"EntryPoint","urlTemplate":"https:\/\/atypique.brunotarhan.fr\/?s={search_term_string}"},"query-input":"required name=search_term_string"}],"inLanguage":"fr-FR"},{"@type":"ImageObject","@id":"https:\/\/atypique.brunotarhan.fr\/index.php\/produit\/heros-dun-jour-danielle-steelpocket\/#primaryimage","inLanguage":"fr-FR","url":"https:\/\/atypique.brunotarhan.fr\/wp-content\/uploads\/2022\/04\/heros-d-un-jour.webp","contentUrl":"https:\/\/atypique.brunotarhan.fr\/wp-content\/uploads\/2022\/04\/heros-d-un-jour.webp","width":305,"height":500},{"@type":"WebPage","@id":"https:\/\/atypique.brunotarhan.fr\/index.php\/produit\/heros-dun-jour-danielle-steelpocket\/#webpage","url":"https:\/\/atypique.brunotarhan.fr\/index.php\/produit\/heros-dun-jour-danielle-steelpocket\/","name":"H\u00e9ros d'un jour Danielle Steel Pocket - Atypique Concept Store","isPartOf":{"@id":"https:\/\/atypique.brunotarhan.fr\/#website"},"primaryImageOfPage":{"@id":"https:\/\/atypique.brunotarhan.fr\/index.php\/produit\/heros-dun-jour-danielle-steelpocket\/#primaryimage"},"datePublished":"2022-04-25T22:31:25+00:00","dateModified":"2022-04-25T22:31:25+00:00","breadcrumb":{"@id":"https:\/\/atypique.brunotarhan.fr\/index.php\/produit\/heros-dun-jour-danielle-steelpocket\/#breadcrumb"},"inLanguage":"fr-FR","potentialAction":[{"@type":"ReadAction","target":["https:\/\/atypique.brunotarhan.fr\/index.php\/produit\/heros-dun-jour-danielle-steelpocket\/"]}]},{"@type":"BreadcrumbList","@id":"https:\/\/atypique.brunotarhan.fr\/index.php\/produit\/heros-dun-jour-danielle-steelpocket\/#breadcrumb","itemListElement":[{"@type":"ListItem","position":1,"name":"Accueil","item":"https:\/\/atypique.brunotarhan.fr\/"},{"@type":"ListItem","position":2,"name":""},{"@type":"ListItem","position":3,"name":"H\u00e9ros d&#8217;un jour Danielle Steel Pocket"}]}]}},"_links":{"self":[{"href":"https:\/\/atypique.brunotarhan.fr\/index.php\/wp-json\/wp\/v2\/product\/16026","targetHints":{"allow":["GET"]}}],"collection":[{"href":"https:\/\/atypique.brunotarhan.fr\/index.php\/wp-json\/wp\/v2\/product"}],"about":[{"href":"https:\/\/atypique.brunotarhan.fr\/index.php\/wp-json\/wp\/v2\/types\/product"}],"replies":[{"embeddable":true,"href":"https:\/\/atypique.brunotarhan.fr\/index.php\/wp-json\/wp\/v2\/comments?post=16026"}],"wp:featuredmedia":[{"embeddable":true,"href":"https:\/\/atypique.brunotarhan.fr\/index.php\/wp-json\/wp\/v2\/media\/15772"}],"wp:attachment":[{"href":"https:\/\/atypique.brunotarhan.fr\/index.php\/wp-json\/wp\/v2\/media?parent=16026"}],"wp:term":[{"taxonomy":"product_cat","embeddable":true,"href":"https:\/\/atypique.brunotarhan.fr\/index.php\/wp-json\/wp\/v2\/product_cat?post=16026"},{"taxonomy":"product_tag","embeddable":true,"href":"https:\/\/atypique.brunotarhan.fr\/index.php\/wp-json\/wp\/v2\/product_tag?post=16026"}],"curies":[{"name":"wp","href":"https:\/\/api.w.org\/{rel}","templated":true}]}}