{"id":16024,"date":"2022-04-25T22:31:24","date_gmt":"2022-04-25T22:31:24","guid":{"rendered":"https:\/\/atypique.brunotarhan.fr\/index.php\/produit\/gagner-nest-pas-jouerharlan-cobenbelfond\/"},"modified":"2022-04-25T22:31:24","modified_gmt":"2022-04-25T22:31:24","slug":"gagner-nest-pas-jouerharlan-cobenbelfond","status":"publish","type":"product","link":"https:\/\/atypique.brunotarhan.fr\/index.php\/produit\/gagner-nest-pas-jouerharlan-cobenbelfond\/","title":{"rendered":"Gagner n&#8217;est pas jouer\nHarlan Coben\nBelfond"},"content":{"rendered":"<p>La mort est un jeu dangereux&#8230; Le ma\u00eetre incontest\u00e9 du thriller vous plonge dans les m\u00e9andres d&#8217;un labyrinthe fatal, \u00e0 la d\u00e9couverte des profondeurs infiniment noires de l&#8217;\u00e2me humaine. La police new-yorkaise d\u00e9couvre dans un pent-house des beaux quartiers le corps mutil\u00e9 d&#8217;un vieil homme \u00e0 moiti\u00e9 ermite, ainsi que plusieurs objets de valeur vol\u00e9s aux Lockwood des ann\u00e9es plus t\u00f4t. Appel\u00e9 \u00e0 venir les identifier, Win Lockwood voit soudain ressurgir un pass\u00e9 familial englouti&#8230;<br \/>\nVingt ans plus t\u00f4t, sa cousine Patricia avait \u00e9t\u00e9 enlev\u00e9e et s\u00e9questr\u00e9e pendant des semaines dans une cabane perdue dans les bois. Si elle avait pu en r\u00e9chapper, ses ravisseurs, eux, n&#8217;avaient jamais \u00e9t\u00e9 retrouv\u00e9s. Jusqu&#8217;\u00e0 ce jour. Alors qu&#8217;il r\u00e9alise que le second tortionnaire court toujours, Win se trouve bient\u00f4t m\u00eal\u00e9e \u00e0 une autre affaire class\u00e9e sans suite, un acte terroriste mortel commis dans les ann\u00e9es 70 par une bande de hippies d\u00e9cha\u00een\u00e9s, dont l&#8217;ermite assassin\u00e9 \u00e9tait l&#8217;\u00e9minence grise.<br \/>\nEt auquel les Lockwood n&#8217;\u00e9taient pas totalement \u00e9trangers&#8230; Qu&#8217;est-ce qui relie ces actes criminels \u00e0 sa prestigieuse famille ? Et pourquoi tous ces myst\u00e8res autour de &#8221; La Cabane de la terreur &#8221; ? Pour Win, l&#8217;heure est venue de faire sa propre justice. Pour gagner, tous les coups sont permis.<\/p>\n","protected":false},"excerpt":{"rendered":"<p>La mort est un jeu dangereux&#8230; Le ma\u00eetre incontest\u00e9 du thriller vous plonge dans les m\u00e9andres d&#8217;un labyrinthe fatal, \u00e0 la d\u00e9couverte des profondeurs&#8230; <\/p>\n","protected":false},"featured_media":15770,"comment_status":"open","ping_status":"closed","template":"","meta":[],"product_cat":[93,204],"product_tag":[318,316,317,263,208],"class_list":["post-16024","product","type-product","status-publish","has-post-thumbnail","hentry","product_cat-librairie","product_cat-polars-thrillers","product_tag-belfond","product_tag-gagner-nest-pas-jouer","product_tag-harlan-coben","product_tag-polar","product_tag-thriller"],"yoast_head":"<!-- This site is optimized with the Yoast SEO plugin v18.0 - https:\/\/yoast.com\/wordpress\/plugins\/seo\/ -->\n<title>Gagner n&#039;est pas jouer Harlan Coben Belfond - Atypique Concept Store<\/title>\n<meta name=\"robots\" content=\"index, follow, max-snippet:-1, max-image-preview:large, max-video-preview:-1\" \/>\n<link rel=\"canonical\" href=\"https:\/\/atypique.brunotarhan.fr\/index.php\/produit\/gagner-nest-pas-jouerharlan-cobenbelfond\/\" \/>\n<meta property=\"og:locale\" content=\"fr_FR\" \/>\n<meta property=\"og:type\" content=\"article\" \/>\n<meta property=\"og:title\" content=\"Gagner n&#039;est pas jouer Harlan Coben Belfond - Atypique Concept Store\" \/>\n<meta property=\"og:description\" content=\"La mort est un jeu dangereux... Le ma\u00eetre incontest\u00e9 du thriller vous plonge dans les m\u00e9andres d&#039;un labyrinthe fatal, \u00e0 la d\u00e9couverte des profondeurs...\" \/>\n<meta property=\"og:url\" content=\"https:\/\/atypique.brunotarhan.fr\/index.php\/produit\/gagner-nest-pas-jouerharlan-cobenbelfond\/\" \/>\n<meta property=\"og:site_name\" content=\"Atypique Concept Store\" \/>\n<meta name=\"twitter:card\" content=\"summary_large_image\" \/>\n<meta name=\"twitter:label1\" content=\"Dur\u00e9e de lecture estim\u00e9e\" \/>\n\t<meta name=\"twitter:data1\" content=\"1 minute\" \/>\n<script type=\"application\/ld+json\" class=\"yoast-schema-graph\">{\"@context\":\"https:\/\/schema.org\",\"@graph\":[{\"@type\":\"WebSite\",\"@id\":\"https:\/\/atypique.brunotarhan.fr\/#website\",\"url\":\"https:\/\/atypique.brunotarhan.fr\/\",\"name\":\"Atypique Concept Store\",\"description\":\"Just another WordPress site\",\"potentialAction\":[{\"@type\":\"SearchAction\",\"target\":{\"@type\":\"EntryPoint\",\"urlTemplate\":\"https:\/\/atypique.brunotarhan.fr\/?s={search_term_string}\"},\"query-input\":\"required name=search_term_string\"}],\"inLanguage\":\"fr-FR\"},{\"@type\":\"ImageObject\",\"@id\":\"https:\/\/atypique.brunotarhan.fr\/index.php\/produit\/gagner-nest-pas-jouerharlan-cobenbelfond\/#primaryimage\",\"inLanguage\":\"fr-FR\",\"url\":\"https:\/\/atypique.brunotarhan.fr\/wp-content\/uploads\/2022\/04\/gagner-n-est-pas-jouer.webp\",\"contentUrl\":\"https:\/\/atypique.brunotarhan.fr\/wp-content\/uploads\/2022\/04\/gagner-n-est-pas-jouer.webp\",\"width\":311,\"height\":500},{\"@type\":\"WebPage\",\"@id\":\"https:\/\/atypique.brunotarhan.fr\/index.php\/produit\/gagner-nest-pas-jouerharlan-cobenbelfond\/#webpage\",\"url\":\"https:\/\/atypique.brunotarhan.fr\/index.php\/produit\/gagner-nest-pas-jouerharlan-cobenbelfond\/\",\"name\":\"Gagner n'est pas jouer Harlan Coben Belfond - Atypique Concept Store\",\"isPartOf\":{\"@id\":\"https:\/\/atypique.brunotarhan.fr\/#website\"},\"primaryImageOfPage\":{\"@id\":\"https:\/\/atypique.brunotarhan.fr\/index.php\/produit\/gagner-nest-pas-jouerharlan-cobenbelfond\/#primaryimage\"},\"datePublished\":\"2022-04-25T22:31:24+00:00\",\"dateModified\":\"2022-04-25T22:31:24+00:00\",\"breadcrumb\":{\"@id\":\"https:\/\/atypique.brunotarhan.fr\/index.php\/produit\/gagner-nest-pas-jouerharlan-cobenbelfond\/#breadcrumb\"},\"inLanguage\":\"fr-FR\",\"potentialAction\":[{\"@type\":\"ReadAction\",\"target\":[\"https:\/\/atypique.brunotarhan.fr\/index.php\/produit\/gagner-nest-pas-jouerharlan-cobenbelfond\/\"]}]},{\"@type\":\"BreadcrumbList\",\"@id\":\"https:\/\/atypique.brunotarhan.fr\/index.php\/produit\/gagner-nest-pas-jouerharlan-cobenbelfond\/#breadcrumb\",\"itemListElement\":[{\"@type\":\"ListItem\",\"position\":1,\"name\":\"Accueil\",\"item\":\"https:\/\/atypique.brunotarhan.fr\/\"},{\"@type\":\"ListItem\",\"position\":2,\"name\":\"\"},{\"@type\":\"ListItem\",\"position\":3,\"name\":\"Gagner n&#8217;est pas jouer Harlan Coben Belfond\"}]}]}<\/script>\n<!-- \/ Yoast SEO plugin. -->","yoast_head_json":{"title":"Gagner n'est pas jouer Harlan Coben Belfond - Atypique Concept Store","robots":{"index":"index","follow":"follow","max-snippet":"max-snippet:-1","max-image-preview":"max-image-preview:large","max-video-preview":"max-video-preview:-1"},"canonical":"https:\/\/atypique.brunotarhan.fr\/index.php\/produit\/gagner-nest-pas-jouerharlan-cobenbelfond\/","og_locale":"fr_FR","og_type":"article","og_title":"Gagner n'est pas jouer Harlan Coben Belfond - Atypique Concept Store","og_description":"La mort est un jeu dangereux... Le ma\u00eetre incontest\u00e9 du thriller vous plonge dans les m\u00e9andres d'un labyrinthe fatal, \u00e0 la d\u00e9couverte des profondeurs...","og_url":"https:\/\/atypique.brunotarhan.fr\/index.php\/produit\/gagner-nest-pas-jouerharlan-cobenbelfond\/","og_site_name":"Atypique Concept Store","twitter_card":"summary_large_image","twitter_misc":{"Dur\u00e9e de lecture estim\u00e9e":"1 minute"},"schema":{"@context":"https:\/\/schema.org","@graph":[{"@type":"WebSite","@id":"https:\/\/atypique.brunotarhan.fr\/#website","url":"https:\/\/atypique.brunotarhan.fr\/","name":"Atypique Concept Store","description":"Just another WordPress site","potentialAction":[{"@type":"SearchAction","target":{"@type":"EntryPoint","urlTemplate":"https:\/\/atypique.brunotarhan.fr\/?s={search_term_string}"},"query-input":"required name=search_term_string"}],"inLanguage":"fr-FR"},{"@type":"ImageObject","@id":"https:\/\/atypique.brunotarhan.fr\/index.php\/produit\/gagner-nest-pas-jouerharlan-cobenbelfond\/#primaryimage","inLanguage":"fr-FR","url":"https:\/\/atypique.brunotarhan.fr\/wp-content\/uploads\/2022\/04\/gagner-n-est-pas-jouer.webp","contentUrl":"https:\/\/atypique.brunotarhan.fr\/wp-content\/uploads\/2022\/04\/gagner-n-est-pas-jouer.webp","width":311,"height":500},{"@type":"WebPage","@id":"https:\/\/atypique.brunotarhan.fr\/index.php\/produit\/gagner-nest-pas-jouerharlan-cobenbelfond\/#webpage","url":"https:\/\/atypique.brunotarhan.fr\/index.php\/produit\/gagner-nest-pas-jouerharlan-cobenbelfond\/","name":"Gagner n'est pas jouer Harlan Coben Belfond - Atypique Concept Store","isPartOf":{"@id":"https:\/\/atypique.brunotarhan.fr\/#website"},"primaryImageOfPage":{"@id":"https:\/\/atypique.brunotarhan.fr\/index.php\/produit\/gagner-nest-pas-jouerharlan-cobenbelfond\/#primaryimage"},"datePublished":"2022-04-25T22:31:24+00:00","dateModified":"2022-04-25T22:31:24+00:00","breadcrumb":{"@id":"https:\/\/atypique.brunotarhan.fr\/index.php\/produit\/gagner-nest-pas-jouerharlan-cobenbelfond\/#breadcrumb"},"inLanguage":"fr-FR","potentialAction":[{"@type":"ReadAction","target":["https:\/\/atypique.brunotarhan.fr\/index.php\/produit\/gagner-nest-pas-jouerharlan-cobenbelfond\/"]}]},{"@type":"BreadcrumbList","@id":"https:\/\/atypique.brunotarhan.fr\/index.php\/produit\/gagner-nest-pas-jouerharlan-cobenbelfond\/#breadcrumb","itemListElement":[{"@type":"ListItem","position":1,"name":"Accueil","item":"https:\/\/atypique.brunotarhan.fr\/"},{"@type":"ListItem","position":2,"name":""},{"@type":"ListItem","position":3,"name":"Gagner n&#8217;est pas jouer Harlan Coben Belfond"}]}]}},"_links":{"self":[{"href":"https:\/\/atypique.brunotarhan.fr\/index.php\/wp-json\/wp\/v2\/product\/16024","targetHints":{"allow":["GET"]}}],"collection":[{"href":"https:\/\/atypique.brunotarhan.fr\/index.php\/wp-json\/wp\/v2\/product"}],"about":[{"href":"https:\/\/atypique.brunotarhan.fr\/index.php\/wp-json\/wp\/v2\/types\/product"}],"replies":[{"embeddable":true,"href":"https:\/\/atypique.brunotarhan.fr\/index.php\/wp-json\/wp\/v2\/comments?post=16024"}],"wp:featuredmedia":[{"embeddable":true,"href":"https:\/\/atypique.brunotarhan.fr\/index.php\/wp-json\/wp\/v2\/media\/15770"}],"wp:attachment":[{"href":"https:\/\/atypique.brunotarhan.fr\/index.php\/wp-json\/wp\/v2\/media?parent=16024"}],"wp:term":[{"taxonomy":"product_cat","embeddable":true,"href":"https:\/\/atypique.brunotarhan.fr\/index.php\/wp-json\/wp\/v2\/product_cat?post=16024"},{"taxonomy":"product_tag","embeddable":true,"href":"https:\/\/atypique.brunotarhan.fr\/index.php\/wp-json\/wp\/v2\/product_tag?post=16024"}],"curies":[{"name":"wp","href":"https:\/\/api.w.org\/{rel}","templated":true}]}}