{"id":16023,"date":"2022-04-25T22:31:24","date_gmt":"2022-04-25T22:31:24","guid":{"rendered":"https:\/\/atypique.brunotarhan.fr\/index.php\/produit\/furious-rush-tome-1s-c-stephenshugo-poche\/"},"modified":"2022-04-25T22:31:24","modified_gmt":"2022-04-25T22:31:24","slug":"furious-rush-tome-1s-c-stephenshugo-poche","status":"publish","type":"product","link":"https:\/\/atypique.brunotarhan.fr\/index.php\/produit\/furious-rush-tome-1s-c-stephenshugo-poche\/","title":{"rendered":"Furious Rush Tome 1\nS-C Stephens\nHugo poche"},"content":{"rendered":"<p>Mackenzie Cox a beaucoup de choses \u00e0 prouver. Fille d&#8217;un pilote de moto de l\u00e9gende, elle veut montrer \u00e0 ce milieu sportif domin\u00e9 par des hommes qu&#8217;elle a h\u00e9rit\u00e9 du talent de son p\u00e8re. La derni\u00e8re chose dont Kenzie a besoin est que ces projets soient contrari\u00e9s par le tout nouveau pilote de son \u00e9quipe rivale, Hayden Hayes. Issu du monde des courses de rue ill\u00e9gales, Hayden trouble imm\u00e9diatement Kenzie.<br \/>\nLe fait qu&#8217;il la traite de princesse trop g\u00e2t\u00e9e qui a r\u00e9ussi gr\u00e2ce \u00e0 son p\u00e8re attise son d\u00e9sir de victoire, et \u00e0 sa grande surprise elle s&#8217;aper\u00e7oit qu&#8217;elle pilote mieux lorsqu&#8217;elle concoure contre Hayden. Kenzie et Hayden se challenge mutuellement sur le circuit et cette \u00e9nergie \u00e9lectrique se transformera bient\u00f4t en une intense, et absolument interdite, attirance&#8230;<\/p>\n","protected":false},"excerpt":{"rendered":"<p>Mackenzie Cox a beaucoup de choses \u00e0 prouver. Fille d&#8217;un pilote de moto de l\u00e9gende, elle veut montrer \u00e0 ce milieu sportif domin\u00e9 par des hommes qu&#8217;elle\u2026<\/p>\n","protected":false},"featured_media":15769,"comment_status":"open","ping_status":"closed","template":"","meta":[],"product_cat":[93,186],"product_tag":[314,193,194,315],"class_list":["post-16023","product","type-product","status-publish","has-post-thumbnail","hentry","product_cat-librairie","product_cat-romans","product_tag-furious-rush","product_tag-hugo-poche","product_tag-new-romance","product_tag-s-c-stephens"],"yoast_head":"<!-- This site is optimized with the Yoast SEO plugin v18.0 - https:\/\/yoast.com\/wordpress\/plugins\/seo\/ -->\n<title>Furious Rush Tome 1 S-C Stephens Hugo poche - Atypique Concept Store<\/title>\n<meta name=\"robots\" content=\"index, follow, max-snippet:-1, max-image-preview:large, max-video-preview:-1\" \/>\n<link rel=\"canonical\" href=\"https:\/\/atypique.brunotarhan.fr\/index.php\/produit\/furious-rush-tome-1s-c-stephenshugo-poche\/\" \/>\n<meta property=\"og:locale\" content=\"fr_FR\" \/>\n<meta property=\"og:type\" content=\"article\" \/>\n<meta property=\"og:title\" content=\"Furious Rush Tome 1 S-C Stephens Hugo poche - Atypique Concept Store\" \/>\n<meta property=\"og:description\" content=\"Mackenzie Cox a beaucoup de choses \u00e0 prouver. Fille d&#039;un pilote de moto de l\u00e9gende, elle veut montrer \u00e0 ce milieu sportif domin\u00e9 par des hommes qu&#039;elle\u2026\" \/>\n<meta property=\"og:url\" content=\"https:\/\/atypique.brunotarhan.fr\/index.php\/produit\/furious-rush-tome-1s-c-stephenshugo-poche\/\" \/>\n<meta property=\"og:site_name\" content=\"Atypique Concept Store\" \/>\n<meta name=\"twitter:card\" content=\"summary_large_image\" \/>\n<meta name=\"twitter:label1\" content=\"Dur\u00e9e de lecture estim\u00e9e\" \/>\n\t<meta name=\"twitter:data1\" content=\"1 minute\" \/>\n<script type=\"application\/ld+json\" class=\"yoast-schema-graph\">{\"@context\":\"https:\/\/schema.org\",\"@graph\":[{\"@type\":\"WebSite\",\"@id\":\"https:\/\/atypique.brunotarhan.fr\/#website\",\"url\":\"https:\/\/atypique.brunotarhan.fr\/\",\"name\":\"Atypique Concept Store\",\"description\":\"Just another WordPress site\",\"potentialAction\":[{\"@type\":\"SearchAction\",\"target\":{\"@type\":\"EntryPoint\",\"urlTemplate\":\"https:\/\/atypique.brunotarhan.fr\/?s={search_term_string}\"},\"query-input\":\"required name=search_term_string\"}],\"inLanguage\":\"fr-FR\"},{\"@type\":\"ImageObject\",\"@id\":\"https:\/\/atypique.brunotarhan.fr\/index.php\/produit\/furious-rush-tome-1s-c-stephenshugo-poche\/#primaryimage\",\"inLanguage\":\"fr-FR\",\"url\":\"https:\/\/atypique.brunotarhan.fr\/wp-content\/uploads\/2022\/04\/Furious-rush.webp\",\"contentUrl\":\"https:\/\/atypique.brunotarhan.fr\/wp-content\/uploads\/2022\/04\/Furious-rush.webp\",\"width\":305,\"height\":500},{\"@type\":\"WebPage\",\"@id\":\"https:\/\/atypique.brunotarhan.fr\/index.php\/produit\/furious-rush-tome-1s-c-stephenshugo-poche\/#webpage\",\"url\":\"https:\/\/atypique.brunotarhan.fr\/index.php\/produit\/furious-rush-tome-1s-c-stephenshugo-poche\/\",\"name\":\"Furious Rush Tome 1 S-C Stephens Hugo poche - Atypique Concept Store\",\"isPartOf\":{\"@id\":\"https:\/\/atypique.brunotarhan.fr\/#website\"},\"primaryImageOfPage\":{\"@id\":\"https:\/\/atypique.brunotarhan.fr\/index.php\/produit\/furious-rush-tome-1s-c-stephenshugo-poche\/#primaryimage\"},\"datePublished\":\"2022-04-25T22:31:24+00:00\",\"dateModified\":\"2022-04-25T22:31:24+00:00\",\"breadcrumb\":{\"@id\":\"https:\/\/atypique.brunotarhan.fr\/index.php\/produit\/furious-rush-tome-1s-c-stephenshugo-poche\/#breadcrumb\"},\"inLanguage\":\"fr-FR\",\"potentialAction\":[{\"@type\":\"ReadAction\",\"target\":[\"https:\/\/atypique.brunotarhan.fr\/index.php\/produit\/furious-rush-tome-1s-c-stephenshugo-poche\/\"]}]},{\"@type\":\"BreadcrumbList\",\"@id\":\"https:\/\/atypique.brunotarhan.fr\/index.php\/produit\/furious-rush-tome-1s-c-stephenshugo-poche\/#breadcrumb\",\"itemListElement\":[{\"@type\":\"ListItem\",\"position\":1,\"name\":\"Accueil\",\"item\":\"https:\/\/atypique.brunotarhan.fr\/\"},{\"@type\":\"ListItem\",\"position\":2,\"name\":\"\"},{\"@type\":\"ListItem\",\"position\":3,\"name\":\"Furious Rush Tome 1 S-C Stephens Hugo poche\"}]}]}<\/script>\n<!-- \/ Yoast SEO plugin. -->","yoast_head_json":{"title":"Furious Rush Tome 1 S-C Stephens Hugo poche - Atypique Concept Store","robots":{"index":"index","follow":"follow","max-snippet":"max-snippet:-1","max-image-preview":"max-image-preview:large","max-video-preview":"max-video-preview:-1"},"canonical":"https:\/\/atypique.brunotarhan.fr\/index.php\/produit\/furious-rush-tome-1s-c-stephenshugo-poche\/","og_locale":"fr_FR","og_type":"article","og_title":"Furious Rush Tome 1 S-C Stephens Hugo poche - Atypique Concept Store","og_description":"Mackenzie Cox a beaucoup de choses \u00e0 prouver. Fille d'un pilote de moto de l\u00e9gende, elle veut montrer \u00e0 ce milieu sportif domin\u00e9 par des hommes qu'elle\u2026","og_url":"https:\/\/atypique.brunotarhan.fr\/index.php\/produit\/furious-rush-tome-1s-c-stephenshugo-poche\/","og_site_name":"Atypique Concept Store","twitter_card":"summary_large_image","twitter_misc":{"Dur\u00e9e de lecture estim\u00e9e":"1 minute"},"schema":{"@context":"https:\/\/schema.org","@graph":[{"@type":"WebSite","@id":"https:\/\/atypique.brunotarhan.fr\/#website","url":"https:\/\/atypique.brunotarhan.fr\/","name":"Atypique Concept Store","description":"Just another WordPress site","potentialAction":[{"@type":"SearchAction","target":{"@type":"EntryPoint","urlTemplate":"https:\/\/atypique.brunotarhan.fr\/?s={search_term_string}"},"query-input":"required name=search_term_string"}],"inLanguage":"fr-FR"},{"@type":"ImageObject","@id":"https:\/\/atypique.brunotarhan.fr\/index.php\/produit\/furious-rush-tome-1s-c-stephenshugo-poche\/#primaryimage","inLanguage":"fr-FR","url":"https:\/\/atypique.brunotarhan.fr\/wp-content\/uploads\/2022\/04\/Furious-rush.webp","contentUrl":"https:\/\/atypique.brunotarhan.fr\/wp-content\/uploads\/2022\/04\/Furious-rush.webp","width":305,"height":500},{"@type":"WebPage","@id":"https:\/\/atypique.brunotarhan.fr\/index.php\/produit\/furious-rush-tome-1s-c-stephenshugo-poche\/#webpage","url":"https:\/\/atypique.brunotarhan.fr\/index.php\/produit\/furious-rush-tome-1s-c-stephenshugo-poche\/","name":"Furious Rush Tome 1 S-C Stephens Hugo poche - Atypique Concept Store","isPartOf":{"@id":"https:\/\/atypique.brunotarhan.fr\/#website"},"primaryImageOfPage":{"@id":"https:\/\/atypique.brunotarhan.fr\/index.php\/produit\/furious-rush-tome-1s-c-stephenshugo-poche\/#primaryimage"},"datePublished":"2022-04-25T22:31:24+00:00","dateModified":"2022-04-25T22:31:24+00:00","breadcrumb":{"@id":"https:\/\/atypique.brunotarhan.fr\/index.php\/produit\/furious-rush-tome-1s-c-stephenshugo-poche\/#breadcrumb"},"inLanguage":"fr-FR","potentialAction":[{"@type":"ReadAction","target":["https:\/\/atypique.brunotarhan.fr\/index.php\/produit\/furious-rush-tome-1s-c-stephenshugo-poche\/"]}]},{"@type":"BreadcrumbList","@id":"https:\/\/atypique.brunotarhan.fr\/index.php\/produit\/furious-rush-tome-1s-c-stephenshugo-poche\/#breadcrumb","itemListElement":[{"@type":"ListItem","position":1,"name":"Accueil","item":"https:\/\/atypique.brunotarhan.fr\/"},{"@type":"ListItem","position":2,"name":""},{"@type":"ListItem","position":3,"name":"Furious Rush Tome 1 S-C Stephens Hugo poche"}]}]}},"_links":{"self":[{"href":"https:\/\/atypique.brunotarhan.fr\/index.php\/wp-json\/wp\/v2\/product\/16023","targetHints":{"allow":["GET"]}}],"collection":[{"href":"https:\/\/atypique.brunotarhan.fr\/index.php\/wp-json\/wp\/v2\/product"}],"about":[{"href":"https:\/\/atypique.brunotarhan.fr\/index.php\/wp-json\/wp\/v2\/types\/product"}],"replies":[{"embeddable":true,"href":"https:\/\/atypique.brunotarhan.fr\/index.php\/wp-json\/wp\/v2\/comments?post=16023"}],"wp:featuredmedia":[{"embeddable":true,"href":"https:\/\/atypique.brunotarhan.fr\/index.php\/wp-json\/wp\/v2\/media\/15769"}],"wp:attachment":[{"href":"https:\/\/atypique.brunotarhan.fr\/index.php\/wp-json\/wp\/v2\/media?parent=16023"}],"wp:term":[{"taxonomy":"product_cat","embeddable":true,"href":"https:\/\/atypique.brunotarhan.fr\/index.php\/wp-json\/wp\/v2\/product_cat?post=16023"},{"taxonomy":"product_tag","embeddable":true,"href":"https:\/\/atypique.brunotarhan.fr\/index.php\/wp-json\/wp\/v2\/product_tag?post=16023"}],"curies":[{"name":"wp","href":"https:\/\/api.w.org\/{rel}","templated":true}]}}