{"id":16020,"date":"2022-04-25T22:31:23","date_gmt":"2022-04-25T22:31:23","guid":{"rendered":"https:\/\/atypique.brunotarhan.fr\/index.php\/produit\/faux-amislinwood-barclayjai-lu\/"},"modified":"2022-04-25T22:31:23","modified_gmt":"2022-04-25T22:31:23","slug":"faux-amislinwood-barclayjai-lu","status":"publish","type":"product","link":"https:\/\/atypique.brunotarhan.fr\/index.php\/produit\/faux-amislinwood-barclayjai-lu\/","title":{"rendered":"Faux amis\nLinwood Barclay\nJ&#8217;ai lu"},"content":{"rendered":"<p>Un drame est survenu \u00e0 Promise Falls. Lors de la derni\u00e8re projection, l&#8217;\u00e9cran du drive-in s&#8217;est effondr\u00e9 sur les spectateurs dans une terrifiante explosion. Bilan : quatre morts. Attentat ? Acte de malveillance ? L&#8217;inspecteur Barry Duckworth enqu\u00eate. Et un d\u00e9tail le chiffonne : l&#8217;heure de l&#8217;explosion, vingt-trois heures et vingt-trois minutes. Un indice qui rappelle \u00e9trangement d&#8217;autres affaires que l&#8217;inspecteur cherche encore \u00e0 r\u00e9soudre&#8230;<br \/>\nPh\u00e9nom\u00e8nes \u00e9tranges autour de la grande roue, agressions sur le campus, meurtres inexplicables. Un vent de panique souffle sur Promise Falls et l&#8217;heure est venue pour Barry Duckworth et le priv\u00e9 Cal Weaver d&#8217;unir leurs forces.<\/p>\n","protected":false},"excerpt":{"rendered":"<p>Un drame est survenu \u00e0 Promise Falls. Lors de la derni\u00e8re projection, l&#8217;\u00e9cran du drive-in s&#8217;est effondr\u00e9 sur les spectateurs dans une terrifiante\u2026<\/p>\n","protected":false},"featured_media":15766,"comment_status":"open","ping_status":"closed","template":"","meta":[],"product_cat":[93,204],"product_tag":[305,249,306,307,308],"class_list":["post-16020","product","type-product","status-publish","has-post-thumbnail","hentry","product_cat-librairie","product_cat-polars-thrillers","product_tag-faux-amis","product_tag-jai-lu","product_tag-linwood-barclay","product_tag-polars","product_tag-policiers"],"yoast_head":"<!-- This site is optimized with the Yoast SEO plugin v18.0 - https:\/\/yoast.com\/wordpress\/plugins\/seo\/ -->\n<title>Faux amis Linwood Barclay J&#039;ai lu - Atypique Concept Store<\/title>\n<meta name=\"robots\" content=\"index, follow, max-snippet:-1, max-image-preview:large, max-video-preview:-1\" \/>\n<link rel=\"canonical\" href=\"https:\/\/atypique.brunotarhan.fr\/index.php\/produit\/faux-amislinwood-barclayjai-lu\/\" \/>\n<meta property=\"og:locale\" content=\"fr_FR\" \/>\n<meta property=\"og:type\" content=\"article\" \/>\n<meta property=\"og:title\" content=\"Faux amis Linwood Barclay J&#039;ai lu - Atypique Concept Store\" \/>\n<meta property=\"og:description\" content=\"Un drame est survenu \u00e0 Promise Falls. Lors de la derni\u00e8re projection, l&#039;\u00e9cran du drive-in s&#039;est effondr\u00e9 sur les spectateurs dans une terrifiante\u2026\" \/>\n<meta property=\"og:url\" content=\"https:\/\/atypique.brunotarhan.fr\/index.php\/produit\/faux-amislinwood-barclayjai-lu\/\" \/>\n<meta property=\"og:site_name\" content=\"Atypique Concept Store\" \/>\n<meta name=\"twitter:card\" content=\"summary_large_image\" \/>\n<meta name=\"twitter:label1\" content=\"Dur\u00e9e de lecture estim\u00e9e\" \/>\n\t<meta name=\"twitter:data1\" content=\"1 minute\" \/>\n<script type=\"application\/ld+json\" class=\"yoast-schema-graph\">{\"@context\":\"https:\/\/schema.org\",\"@graph\":[{\"@type\":\"WebSite\",\"@id\":\"https:\/\/atypique.brunotarhan.fr\/#website\",\"url\":\"https:\/\/atypique.brunotarhan.fr\/\",\"name\":\"Atypique Concept Store\",\"description\":\"Just another WordPress site\",\"potentialAction\":[{\"@type\":\"SearchAction\",\"target\":{\"@type\":\"EntryPoint\",\"urlTemplate\":\"https:\/\/atypique.brunotarhan.fr\/?s={search_term_string}\"},\"query-input\":\"required name=search_term_string\"}],\"inLanguage\":\"fr-FR\"},{\"@type\":\"ImageObject\",\"@id\":\"https:\/\/atypique.brunotarhan.fr\/index.php\/produit\/faux-amislinwood-barclayjai-lu\/#primaryimage\",\"inLanguage\":\"fr-FR\",\"url\":\"https:\/\/atypique.brunotarhan.fr\/wp-content\/uploads\/2022\/04\/faux-amis.webp\",\"contentUrl\":\"https:\/\/atypique.brunotarhan.fr\/wp-content\/uploads\/2022\/04\/faux-amis.webp\",\"width\":309,\"height\":500},{\"@type\":\"WebPage\",\"@id\":\"https:\/\/atypique.brunotarhan.fr\/index.php\/produit\/faux-amislinwood-barclayjai-lu\/#webpage\",\"url\":\"https:\/\/atypique.brunotarhan.fr\/index.php\/produit\/faux-amislinwood-barclayjai-lu\/\",\"name\":\"Faux amis Linwood Barclay J'ai lu - Atypique Concept Store\",\"isPartOf\":{\"@id\":\"https:\/\/atypique.brunotarhan.fr\/#website\"},\"primaryImageOfPage\":{\"@id\":\"https:\/\/atypique.brunotarhan.fr\/index.php\/produit\/faux-amislinwood-barclayjai-lu\/#primaryimage\"},\"datePublished\":\"2022-04-25T22:31:23+00:00\",\"dateModified\":\"2022-04-25T22:31:23+00:00\",\"breadcrumb\":{\"@id\":\"https:\/\/atypique.brunotarhan.fr\/index.php\/produit\/faux-amislinwood-barclayjai-lu\/#breadcrumb\"},\"inLanguage\":\"fr-FR\",\"potentialAction\":[{\"@type\":\"ReadAction\",\"target\":[\"https:\/\/atypique.brunotarhan.fr\/index.php\/produit\/faux-amislinwood-barclayjai-lu\/\"]}]},{\"@type\":\"BreadcrumbList\",\"@id\":\"https:\/\/atypique.brunotarhan.fr\/index.php\/produit\/faux-amislinwood-barclayjai-lu\/#breadcrumb\",\"itemListElement\":[{\"@type\":\"ListItem\",\"position\":1,\"name\":\"Accueil\",\"item\":\"https:\/\/atypique.brunotarhan.fr\/\"},{\"@type\":\"ListItem\",\"position\":2,\"name\":\"\"},{\"@type\":\"ListItem\",\"position\":3,\"name\":\"Faux amis Linwood Barclay J&#8217;ai lu\"}]}]}<\/script>\n<!-- \/ Yoast SEO plugin. -->","yoast_head_json":{"title":"Faux amis Linwood Barclay J'ai lu - Atypique Concept Store","robots":{"index":"index","follow":"follow","max-snippet":"max-snippet:-1","max-image-preview":"max-image-preview:large","max-video-preview":"max-video-preview:-1"},"canonical":"https:\/\/atypique.brunotarhan.fr\/index.php\/produit\/faux-amislinwood-barclayjai-lu\/","og_locale":"fr_FR","og_type":"article","og_title":"Faux amis Linwood Barclay J'ai lu - Atypique Concept Store","og_description":"Un drame est survenu \u00e0 Promise Falls. Lors de la derni\u00e8re projection, l'\u00e9cran du drive-in s'est effondr\u00e9 sur les spectateurs dans une terrifiante\u2026","og_url":"https:\/\/atypique.brunotarhan.fr\/index.php\/produit\/faux-amislinwood-barclayjai-lu\/","og_site_name":"Atypique Concept Store","twitter_card":"summary_large_image","twitter_misc":{"Dur\u00e9e de lecture estim\u00e9e":"1 minute"},"schema":{"@context":"https:\/\/schema.org","@graph":[{"@type":"WebSite","@id":"https:\/\/atypique.brunotarhan.fr\/#website","url":"https:\/\/atypique.brunotarhan.fr\/","name":"Atypique Concept Store","description":"Just another WordPress site","potentialAction":[{"@type":"SearchAction","target":{"@type":"EntryPoint","urlTemplate":"https:\/\/atypique.brunotarhan.fr\/?s={search_term_string}"},"query-input":"required name=search_term_string"}],"inLanguage":"fr-FR"},{"@type":"ImageObject","@id":"https:\/\/atypique.brunotarhan.fr\/index.php\/produit\/faux-amislinwood-barclayjai-lu\/#primaryimage","inLanguage":"fr-FR","url":"https:\/\/atypique.brunotarhan.fr\/wp-content\/uploads\/2022\/04\/faux-amis.webp","contentUrl":"https:\/\/atypique.brunotarhan.fr\/wp-content\/uploads\/2022\/04\/faux-amis.webp","width":309,"height":500},{"@type":"WebPage","@id":"https:\/\/atypique.brunotarhan.fr\/index.php\/produit\/faux-amislinwood-barclayjai-lu\/#webpage","url":"https:\/\/atypique.brunotarhan.fr\/index.php\/produit\/faux-amislinwood-barclayjai-lu\/","name":"Faux amis Linwood Barclay J'ai lu - Atypique Concept Store","isPartOf":{"@id":"https:\/\/atypique.brunotarhan.fr\/#website"},"primaryImageOfPage":{"@id":"https:\/\/atypique.brunotarhan.fr\/index.php\/produit\/faux-amislinwood-barclayjai-lu\/#primaryimage"},"datePublished":"2022-04-25T22:31:23+00:00","dateModified":"2022-04-25T22:31:23+00:00","breadcrumb":{"@id":"https:\/\/atypique.brunotarhan.fr\/index.php\/produit\/faux-amislinwood-barclayjai-lu\/#breadcrumb"},"inLanguage":"fr-FR","potentialAction":[{"@type":"ReadAction","target":["https:\/\/atypique.brunotarhan.fr\/index.php\/produit\/faux-amislinwood-barclayjai-lu\/"]}]},{"@type":"BreadcrumbList","@id":"https:\/\/atypique.brunotarhan.fr\/index.php\/produit\/faux-amislinwood-barclayjai-lu\/#breadcrumb","itemListElement":[{"@type":"ListItem","position":1,"name":"Accueil","item":"https:\/\/atypique.brunotarhan.fr\/"},{"@type":"ListItem","position":2,"name":""},{"@type":"ListItem","position":3,"name":"Faux amis Linwood Barclay J&#8217;ai lu"}]}]}},"_links":{"self":[{"href":"https:\/\/atypique.brunotarhan.fr\/index.php\/wp-json\/wp\/v2\/product\/16020","targetHints":{"allow":["GET"]}}],"collection":[{"href":"https:\/\/atypique.brunotarhan.fr\/index.php\/wp-json\/wp\/v2\/product"}],"about":[{"href":"https:\/\/atypique.brunotarhan.fr\/index.php\/wp-json\/wp\/v2\/types\/product"}],"replies":[{"embeddable":true,"href":"https:\/\/atypique.brunotarhan.fr\/index.php\/wp-json\/wp\/v2\/comments?post=16020"}],"wp:featuredmedia":[{"embeddable":true,"href":"https:\/\/atypique.brunotarhan.fr\/index.php\/wp-json\/wp\/v2\/media\/15766"}],"wp:attachment":[{"href":"https:\/\/atypique.brunotarhan.fr\/index.php\/wp-json\/wp\/v2\/media?parent=16020"}],"wp:term":[{"taxonomy":"product_cat","embeddable":true,"href":"https:\/\/atypique.brunotarhan.fr\/index.php\/wp-json\/wp\/v2\/product_cat?post=16020"},{"taxonomy":"product_tag","embeddable":true,"href":"https:\/\/atypique.brunotarhan.fr\/index.php\/wp-json\/wp\/v2\/product_tag?post=16020"}],"curies":[{"name":"wp","href":"https:\/\/api.w.org\/{rel}","templated":true}]}}